{"id":12058,"date":"2018-04-27T13:07:51","date_gmt":"2018-04-27T20:07:51","guid":{"rendered":"http:\/\/lfhw.site\/?page_id=12058"},"modified":"2022-05-06T10:18:27","modified_gmt":"2022-05-06T17:18:27","slug":"le-gaspillage-alimentaire-au-canada","status":"publish","type":"page","link":"https:\/\/lovefoodhatewaste.ca\/fr\/a-propos\/le-gaspillage-alimentaire-au-canada\/","title":{"rendered":"Le gaspillage alimentaire \u00e0 la maison"},"content":{"rendered":"<div class=\"wpb-content-wrapper\"><p>[vc_row css=\u00a0\u00bb.vc_custom_1488536699571{padding-top: 70px !important;padding-bottom: 6px !important;}\u00a0\u00bb][vc_column][vc_empty_space height=\u00a0\u00bb20px\u00a0\u00bb][vc_row_inner row_content_width=\u00a0\u00bbgrid\u00a0\u00bb][vc_column_inner]<div class=\"edgtf-elements-holder edgtf-one-column edgtf-responsive-mode-768\" ><div class=\"edgtf-eh-item \"  data-item-class=\"edgtf-eh-custom-685538\" data-1280-1600=\"35px 12% 70px 0%\" data-1024-1280=\"44px 12% 70px 0%\" data-768-1024=\"33px 12% 131px 0%\" data-480-600=\"45px 0% 140px 0%\" data-480=\"45px 0% 140px 0%\">\n\t<div class=\"edgtf-eh-item-inner\">\n\t\t<div class=\"edgtf-eh-item-content edgtf-eh-custom-685538\" style=\"padding: 44px 12% 50px 0%\">\n\t\t\t[vc_column_text]<\/p>\n<h4>Les Canadiens jettent plus de nourriture qu\u2019ils ne le r\u00e9alisent \u2013 de la nourriture qui aurait pu, \u00e0 un moment donn\u00e9, \u00eatre consomm\u00e9e.<\/h4>\n<p>[\/vc_column_text]\t\t<\/div>\n\t<\/div>\n<\/div><\/div>[\/vc_column_inner][\/vc_row_inner][vc_empty_space height=\u00a0\u00bb30px\u00a0\u00bb][\/vc_column][\/vc_row][vc_row css=\u00a0\u00bb.vc_custom_1547761321424{padding-top: 16px !important;padding-right: 0px !important;padding-bottom: 30px !important;padding-left: 0px !important;background-color: #f7f7f7 !important;}\u00a0\u00bb][vc_column css=\u00a0\u00bb.vc_custom_1547761308743{background-color: #f7f7f7 !important;}\u00a0\u00bb][vc_row_inner row_content_width=\u00a0\u00bbgrid\u00a0\u00bb][vc_column_inner offset=\u00a0\u00bbvc_col-lg-6 vc_col-md-1&Prime;]<div class=\"edgtf-elements-holder edgtf-one-column edgtf-responsive-mode-768\" ><div class=\"edgtf-eh-item \"  data-item-class=\"edgtf-eh-custom-965986\" data-1024-1280=\"34px 8% 50px 0%\" data-768-1024=\"0 25% 74px 0%\" data-600-768=\"0 12% 74px 0%\" data-480-600=\"1px 0% 72px 0%\" data-480=\"1px 0% 72px 0%\">\n\t<div class=\"edgtf-eh-item-inner\">\n\t\t<div class=\"edgtf-eh-item-content edgtf-eh-custom-965986\" style=\"padding: 34px 10% 50px 0%\">\n\t\t\t[vc_column_text]Une part des aliments qu\u2019on jette est inevitable \u2013 il s\u2019agit de la nourriture qui ne peut g\u00e9n\u00e9ralement pas \u00eatre vendue ou consomm\u00e9e, comme les os, les \u00e9pluchures de l\u00e9gumes, les coquilles d\u2019\u0153ufs, les sachets de th\u00e9 et le marc de caf\u00e9.<\/p>\n<p>Le gaspillage alimentaire vise les aliments qui auraient pu \u00eatre consomm\u00e9s, mais qui se retrouvent au compostage ou \u00e0 la poubelle. Malheureusement, nous gaspillons souvent de bons aliments parce que nous en achetons trop, en cuisinons trop, ou ne les conservons pas correctement.[\/vc_column_text][vc_empty_space height=\u00a0\u00bb31px\u00a0\u00bb]\t\t<\/div>\n\t<\/div>\n<\/div><\/div>[\/vc_column_inner][vc_column_inner offset=\u00a0\u00bbvc_col-lg-6 vc_col-md-1&Prime;]<div class=\"edgtf-elements-holder edgtf-one-column edgtf-responsive-mode-768\" ><div class=\"edgtf-eh-item edgtf-horizontal-alignment-center\"  data-item-class=\"edgtf-eh-custom-108374\" data-768-1024=\"51px 0 74px 0\" data-480-600=\"51px 0 75px 0\" data-480=\"51px 0 75px 0\">\n\t<div class=\"edgtf-eh-item-inner\">\n\t\t<div class=\"edgtf-eh-item-content edgtf-eh-custom-108374\" style=\"padding: 44px 0 25px 0\">\n\t\t\t[vc_video link=\u00a0\u00bbhttps:\/\/vimeo.com\/277162131&Prime;][vc_column_text]<\/p>\n<p style=\"font-size: 13px;\"><em>Les donn\u00e9es pr\u00e9sent\u00e9es dans ce clip vid\u00e9o sont tir\u00e9es de notre \u00e9tude de 2017 sur le gaspillage alimentaire dans les m\u00e9nages, qui a \u00e9t\u00e9 mise \u00e0 jour en f\u00e9vrier 2022 pour prendre en compte les co\u00fbts actuels des aliments, les nouvelles donn\u00e9es de recensement de la population, ainsi que les nouvelles approches d&rsquo;estimation des \u00e9missions de gaz \u00e0 effet de serre.<\/em><\/p>\n<p>[\/vc_column_text]\t\t<\/div>\n\t<\/div>\n<\/div><\/div>[\/vc_column_inner][\/vc_row_inner][\/vc_column][\/vc_row][vc_row css=\u00a0\u00bb.vc_custom_1530813046918{padding-top: 16px !important;padding-right: 0px !important;padding-bottom: 30px !important;padding-left: 0px !important;}\u00a0\u00bb][vc_column][vc_row_inner row_content_width=\u00a0\u00bbgrid\u00a0\u00bb][vc_column_inner offset=\u00a0\u00bbvc_col-lg-6 vc_col-md-12&Prime;]<div class=\"edgtf-elements-holder edgtf-one-column edgtf-responsive-mode-768\" ><div class=\"edgtf-eh-item \"  data-item-class=\"edgtf-eh-custom-632726\" data-1024-1280=\"34px 8% 50px 0%\" data-768-1024=\"0 25% 74px 0%\" data-600-768=\"0 12% 74px 0%\" data-480-600=\"1px 0% 72px 0%\" data-480=\"1px 0% 72px 0%\">\n\t<div class=\"edgtf-eh-item-inner\">\n\t\t<div class=\"edgtf-eh-item-content edgtf-eh-custom-632726\" style=\"padding: 34px 10% 50px 0%\">\n\t\t\t[vc_column_text]En 2022, le Conseil National Z\u00e9ro D\u00e9chet a men\u00e9 des recherches sur les ordures m\u00e9nag\u00e8res au Canada et les r\u00e9sultats ont \u00e9t\u00e9 \u00e9tonnants.<\/p>\n<ul>\n<li>63\u00a0% de la nourriture que les canadiens jettent aurait pu \u00eatre consomm\u00e9e.<\/li>\n<li>Pour le m\u00e9nage canadien moyen, cela repr\u00e9sente 140 kilogrammes de nourriture jet\u00e9e par ann\u00e9e \u2013 au co\u00fbt de plus de 1 300 $ par ann\u00e9e!<\/li>\n<li>Pour l\u2019ensemble du Canada, cela repr\u00e9sente pr\u00e8s de 2,3 millions de tonnes d\u2019aliments comestibles jet\u00e9s chaque ann\u00e9e, ce qui co\u00fbte plus de 20 milliards de dollars aux Canadiens!<\/li>\n<li>Tous les types d\u2019aliments sont jet\u00e9s, mais les aliments les plus jet\u00e9s en termes de\u00a0poids sont:\n<ul>\n<li>Les l\u00e9gumes : 30 %,<\/li>\n<li>Les fruits : 15 %,<\/li>\n<li>Les restes de table : 13 %,<\/li>\n<li>Le pain et la p\u00e2tisserie : 9 %,<\/li>\n<li>Les produits laitiers et les \u0153ufs : 7 %.<\/li>\n<\/ul>\n<\/li>\n<\/ul>\n<p>Pour mettre cela en perspective, tous les jours au Canada nous gaspillons :<\/p>\n<ul>\n<li><strong>130 000<\/strong> laitues,<\/li>\n<li><strong>1 300 000<\/strong> tomates,<\/li>\n<li><strong>2 600 000<\/strong> pommes de terre,<\/li>\n<li><strong>650 000<\/strong> pains,<\/li>\n<li><strong>1 300 000<\/strong> pommes,<\/li>\n<li><strong>640 000<\/strong> bananes,<\/li>\n<li><strong>1 000 000<\/strong> de tasses de lait<\/li>\n<li>et <strong>470 000<\/strong> oeufs<\/li>\n<\/ul>\n<p style=\"font-size: 13px;\"><em>Notre \u00e9tude de 2017 sur le gaspillage alimentaire dans les m\u00e9nages a \u00e9t\u00e9 mise \u00e0 jour en f\u00e9vrier 2022 pour prendre en compte les co\u00fbts actuels des aliments, les nouvelles donn\u00e9es de recensement de la population, ainsi que les nouvelles approches d&rsquo;estimation des \u00e9missions de gaz \u00e0 effet de serre.<\/em><\/p>\n<p>[\/vc_column_text][vc_empty_space height=\u00a0\u00bb31px\u00a0\u00bb]\t\t<\/div>\n\t<\/div>\n<\/div><\/div>[\/vc_column_inner][vc_column_inner offset=\u00a0\u00bbvc_col-lg-6 vc_col-md-12 vc_col-xs-12&Prime;]<div class=\"edgtf-elements-holder edgtf-one-column edgtf-responsive-mode-768\" ><div class=\"edgtf-eh-item edgtf-horizontal-alignment-center\"  data-item-class=\"edgtf-eh-custom-123599\" data-768-1024=\"51px 0 74px 0\" data-480-600=\"51px 0 75px 0\" data-480=\"51px 0 75px 0\">\n\t<div class=\"edgtf-eh-item-inner\">\n\t\t<div class=\"edgtf-eh-item-content edgtf-eh-custom-123599\" style=\"padding: 44px 0 25px 0\">\n\t\t\t[vc_empty_space height=\u00a0\u00bb25px\u00a0\u00bb][vc_single_image image=\u00a0\u00bb16077&Prime; img_size=\u00a0\u00bblarge\u00a0\u00bb]\t\t<\/div>\n\t<\/div>\n<\/div><\/div>[\/vc_column_inner][\/vc_row_inner][\/vc_column][\/vc_row][vc_row css=\u00a0\u00bb.vc_custom_1530811679331{padding-top: 16px !important;padding-right: 0px !important;padding-bottom: 30px !important;padding-left: 0px !important;background-color: #f05562 !important;}\u00a0\u00bb][vc_column css=\u00a0\u00bb.vc_custom_1530811689685{background-color: #f05562 !important;}\u00a0\u00bb][vc_row_inner row_content_width=\u00a0\u00bbgrid\u00a0\u00bb][vc_column_inner]<div class=\"edgtf-elements-holder edgtf-one-column edgtf-responsive-mode-768\" ><div class=\"edgtf-eh-item \"  data-item-class=\"edgtf-eh-custom-941765\">\n\t<div class=\"edgtf-eh-item-inner\">\n\t\t<div class=\"edgtf-eh-item-content edgtf-eh-custom-941765\" >\n\t\t\t[vc_single_image image=\u00a0\u00bb14848&Prime; img_size=\u00a0\u00bblarge\u00a0\u00bb alignment=\u00a0\u00bbcenter\u00a0\u00bb][vc_empty_space height=\u00a0\u00bb42px\u00a0\u00bb]\t\t<\/div>\n\t<\/div>\n<\/div><\/div>[\/vc_column_inner][\/vc_row_inner][\/vc_column][\/vc_row][vc_row row_content_width=\u00a0\u00bbgrid\u00a0\u00bb css=\u00a0\u00bb.vc_custom_1530813277536{padding-top: 16px !important;padding-right: 0px !important;padding-bottom: 30px !important;padding-left: 0px !important;}\u00a0\u00bb][vc_column][vc_row_inner row_content_width=\u00a0\u00bbgrid\u00a0\u00bb][vc_column_inner offset=\u00a0\u00bbvc_col-lg-6 vc_col-md-12&Prime;]<div class=\"edgtf-elements-holder edgtf-one-column edgtf-responsive-mode-768\" ><div class=\"edgtf-eh-item \"  data-item-class=\"edgtf-eh-custom-653017\" data-1024-1280=\"34px 8% 50px 0%\" data-768-1024=\"0 25% 74px 0%\" data-600-768=\"0 12% 74px 0%\" data-480-600=\"1px 0% 72px 0%\" data-480=\"1px 0% 72px 0%\">\n\t<div class=\"edgtf-eh-item-inner\">\n\t\t<div class=\"edgtf-eh-item-content edgtf-eh-custom-653017\" style=\"padding: 34px 10% 50px 0%\">\n\t\t\t[vc_column_text]<\/p>\n<h3>Les impacts environnementaux<\/h3>\n<p>Gaspiller des aliments signifie que nous gaspillons les ressources utilis\u00e9es pour cultiver, produire et distribuer cette nourriture aux consommateurs. Transporter des aliments de la ferme \u00e0 la table, puis g\u00e9rer ou \u00e9liminer ces aliments comme d\u00e9chets cause \u00e9galement une empreinte carbone importante \u2013 contribuant ainsi aux \u00e9missions de gaz \u00e0 effet de serre du Canada. Les 2,3 millions de tonnes d\u2019ordures m\u00e9nag\u00e8res \u00e9vitables \u00e9quivalent \u00e0 6,9 millions de tonnes de CO<sub>2<\/sub> et 2,1 millions de voitures sur la route!<\/p>\n<p>Il vaut mieux d\u00e9tourner les r\u00e9sidus alimentaires vers le compostage que de les envoyer vers les d\u00e9charges. Toutefois, la pr\u00e9vention du gaspillage alimentaire demeure la meilleure solution pour r\u00e9duire notre impact sur l\u2019environnement. Chaque tonne d\u2019ordures m\u00e9nag\u00e8res \u00e9quivaut \u00e0 retirer une voiture de la route chaque ann\u00e9e.[\/vc_column_text][vc_empty_space height=\u00a0\u00bb31px\u00a0\u00bb]\t\t<\/div>\n\t<\/div>\n<\/div><\/div>[\/vc_column_inner][vc_column_inner offset=\u00a0\u00bbvc_col-lg-6 vc_col-md-12 vc_col-xs-12&Prime;]<div class=\"edgtf-elements-holder edgtf-one-column edgtf-responsive-mode-768\" ><div class=\"edgtf-eh-item edgtf-horizontal-alignment-center\"  data-item-class=\"edgtf-eh-custom-326680\" data-768-1024=\"51px 0 74px 0\" data-480-600=\"51px 0 75px 0\" data-480=\"51px 0 75px 0\">\n\t<div class=\"edgtf-eh-item-inner\">\n\t\t<div class=\"edgtf-eh-item-content edgtf-eh-custom-326680\" style=\"padding: 44px 0 25px 0\">\n\t\t\t[vc_empty_space height=\u00a0\u00bb20px\u00a0\u00bb][vc_single_image image=\u00a0\u00bb14549&Prime; img_size=\u00a0\u00bblarge\u00a0\u00bb]\t\t<\/div>\n\t<\/div>\n<\/div><\/div>[\/vc_column_inner][\/vc_row_inner][\/vc_column][\/vc_row][vc_row css=\u00a0\u00bb.vc_custom_1530813324062{padding-top: 16px !important;padding-right: 0px !important;padding-bottom: 30px !important;padding-left: 0px !important;background-color: #f7f7f7 !important;}\u00a0\u00bb][vc_column css=\u00a0\u00bb.vc_custom_1530813334711{background-color: #f7f7f7 !important;}\u00a0\u00bb][vc_row_inner row_content_width=\u00a0\u00bbgrid\u00a0\u00bb][vc_column_inner]<div class=\"edgtf-elements-holder edgtf-one-column edgtf-responsive-mode-768\" ><div class=\"edgtf-eh-item \"  data-item-class=\"edgtf-eh-custom-170137\">\n\t<div class=\"edgtf-eh-item-inner\">\n\t\t<div class=\"edgtf-eh-item-content edgtf-eh-custom-170137\" >\n\t\t\t[vc_column_text]<\/p>\n<h3>La bonne nouvelle<\/h3>\n<p>La bonne nouvelle est qu\u2019il y a des solutions. En achetant seulement la nourriture que nous pouvons consommer, ensemble, nous pouvons faire une grande diff\u00e9rence. Il suffit de modifier nos habitudes une \u00e0 la fois. La campagne pancanadienne J\u2019aime manger, pas gaspiller propose des mesures simples pour r\u00e9duire le gaspillage alimentaire; de la conservation des aliments pour les garder frais, \u00e0 l\u2019utilisation des restes de table en passant par la planification des repas.[\/vc_column_text][vc_empty_space height=\u00a0\u00bb16px\u00a0\u00bb][vc_btn title=\u00a0\u00bbPlanifiez\u00a0\u00bb style=\u00a0\u00bbflat\u00a0\u00bb shape=\u00a0\u00bbsquare\u00a0\u00bb color=\u00a0\u00bbsuccess\u00a0\u00bb link=\u00a0\u00bburl:%2Ffr%2Fplanifiez%2F|title:Planifiez%20vos%20repas||\u00a0\u00bb][vc_btn title=\u00a0\u00bbUtilisez tout\u00a0\u00bb style=\u00a0\u00bbflat\u00a0\u00bb shape=\u00a0\u00bbsquare\u00a0\u00bb color=\u00a0\u00bbsuccess\u00a0\u00bb link=\u00a0\u00bburl:%2Ffr%2Futilisez-tout%2F|title:Utilisez%20tout||\u00a0\u00bb][vc_btn title=\u00a0\u00bbConservez\u00a0\u00bb style=\u00a0\u00bbflat\u00a0\u00bb shape=\u00a0\u00bbsquare\u00a0\u00bb color=\u00a0\u00bbsuccess\u00a0\u00bb link=\u00a0\u00bburl:%2Ffr%2Fconservez%2F|title:Gardez-les%20frais||\u00a0\u00bb][vc_empty_space height=\u00a0\u00bb80px\u00a0\u00bb]\t\t<\/div>\n\t<\/div>\n<\/div><\/div>[\/vc_column_inner][\/vc_row_inner][\/vc_column][\/vc_row][vc_row css=\u00a0\u00bb.vc_custom_1585841145913{padding-top: 16px !important;padding-right: 0px !important;padding-bottom: 30px !important;padding-left: 0px !important;background-color: #ffffff !important;}\u00a0\u00bb][vc_column css=\u00a0\u00bb.vc_custom_1585841153716{background-color: #ffffff !important;}\u00a0\u00bb][vc_row_inner row_content_width=\u00a0\u00bbgrid\u00a0\u00bb][vc_column_inner]<div class=\"edgtf-elements-holder edgtf-one-column edgtf-responsive-mode-768\" ><div class=\"edgtf-eh-item \"  data-item-class=\"edgtf-eh-custom-756104\">\n\t<div class=\"edgtf-eh-item-inner\">\n\t\t<div class=\"edgtf-eh-item-content edgtf-eh-custom-756104\" >\n\t\t\t[vc_column_text]<\/p>\n<h3>Pour en savoir plus<\/h3>\n<p>Une \u00e9tude initi\u00e9e en 2017 par le Conseil National Z\u00e9ro D\u00e9chet a permis d\u2019estimer les quantit\u00e9s de nourriture gaspill\u00e9es par un m\u00e9nage canadien moyen. \u00c0 cet effet, des journaux de bord ainsi que des donn\u00e9es issues de caract\u00e9risations des mati\u00e8res r\u00e9siduelles de plusieurs municipalit\u00e9s ont \u00e9t\u00e9 recueillis afin de chiffrer ce gaspillage. L\u2019\u00e9tude, r\u00e9alis\u00e9e par Tetra Tech, avait pour mandat de mettre en lumi\u00e8re les pertes alimentaires \u00e9vitables, c\u2019est-\u00e0-dire la nourriture qui aurait pu, \u00e0 un moment donn\u00e9, \u00eatre consomm\u00e9e si nous l\u2019avions mieux conserv\u00e9e. Pour plus d\u2019information sur la m\u00e9thodologie de l\u2019\u00e9tude, <a class=\"orange-link\" href=\"\/wp-content\/uploads\/2022\/05\/LFHW_Canada_Benchmark_Study_FAQ_2022_FR-May2022.pdf\" target=\"_blank\" rel=\"noopener\">visitez la Foire Aux Questions (FAQ)<\/a>.[\/vc_column_text][vc_empty_space height=\u00a0\u00bb16px\u00a0\u00bb][vc_empty_space height=\u00a0\u00bb80px\u00a0\u00bb]\t\t<\/div>\n\t<\/div>\n<\/div><\/div>[\/vc_column_inner][\/vc_row_inner][\/vc_column][\/vc_row]<\/p>\n<\/div>","protected":false},"excerpt":{"rendered":"<p>[vc_row css=\u00a0\u00bb.vc_custom_1488536699571{padding-top: 70px !important;padding-bottom: 6px !important;}\u00a0\u00bb][vc_column][vc_empty_space height=\u00a0\u00bb20px\u00a0\u00bb][vc_row_inner row_content_width=\u00a0\u00bbgrid\u00a0\u00bb][vc_column_inner][\/vc_column_inner][\/vc_row_inner][vc_empty_space height=\u00a0\u00bb30px\u00a0\u00bb][\/vc_column][\/vc_row][vc_row css=\u00a0\u00bb.vc_custom_1547761321424{padding-top: 16px !important;padding-right: 0px !important;padding-bottom: 30px !important;padding-left: 0px !important;background-color: #f7f7f7 !important;}\u00a0\u00bb][vc_column css=\u00a0\u00bb.vc_custom_1547761308743{background-color: #f7f7f7 !important;}\u00a0\u00bb][vc_row_inner row_content_width=\u00a0\u00bbgrid\u00a0\u00bb][vc_column_inner offset=\u00a0\u00bbvc_col-lg-6 vc_col-md-1&Prime;][\/vc_column_inner][vc_column_inner offset=\u00a0\u00bbvc_col-lg-6 vc_col-md-1&Prime;][\/vc_column_inner][\/vc_row_inner][\/vc_column][\/vc_row][vc_row css=\u00a0\u00bb.vc_custom_1530813046918{padding-top: 16px !important;padding-right: 0px !important;padding-bottom: 30px !important;padding-left: 0px !important;}\u00a0\u00bb][vc_column][vc_row_inner row_content_width=\u00a0\u00bbgrid\u00a0\u00bb][vc_column_inner offset=\u00a0\u00bbvc_col-lg-6 vc_col-md-12&Prime;][\/vc_column_inner][vc_column_inner [&hellip;]<\/p>\n","protected":false},"author":1,"featured_media":17873,"parent":13531,"menu_order":2,"comment_status":"closed","ping_status":"closed","template":"full-width.php","meta":{"_acf_changed":false,"_eb_attr":"","wprm-recipe-roundup-name":"","wprm-recipe-roundup-description":"","footnotes":""},"tags":[270],"class_list":["post-12058","page","type-page","status-publish","has-post-thumbnail","hentry","tag-a-propos"],"acf":[],"_links":{"self":[{"href":"https:\/\/lovefoodhatewaste.ca\/fr\/wp-json\/wp\/v2\/pages\/12058","targetHints":{"allow":["GET"]}}],"collection":[{"href":"https:\/\/lovefoodhatewaste.ca\/fr\/wp-json\/wp\/v2\/pages"}],"about":[{"href":"https:\/\/lovefoodhatewaste.ca\/fr\/wp-json\/wp\/v2\/types\/page"}],"author":[{"embeddable":true,"href":"https:\/\/lovefoodhatewaste.ca\/fr\/wp-json\/wp\/v2\/users\/1"}],"replies":[{"embeddable":true,"href":"https:\/\/lovefoodhatewaste.ca\/fr\/wp-json\/wp\/v2\/comments?post=12058"}],"version-history":[{"count":0,"href":"https:\/\/lovefoodhatewaste.ca\/fr\/wp-json\/wp\/v2\/pages\/12058\/revisions"}],"up":[{"embeddable":true,"href":"https:\/\/lovefoodhatewaste.ca\/fr\/wp-json\/wp\/v2\/pages\/13531"}],"wp:featuredmedia":[{"embeddable":true,"href":"https:\/\/lovefoodhatewaste.ca\/fr\/wp-json\/wp\/v2\/media\/17873"}],"wp:attachment":[{"href":"https:\/\/lovefoodhatewaste.ca\/fr\/wp-json\/wp\/v2\/media?parent=12058"}],"wp:term":[{"taxonomy":"post_tag","embeddable":true,"href":"https:\/\/lovefoodhatewaste.ca\/fr\/wp-json\/wp\/v2\/tags?post=12058"}],"curies":[{"name":"wp","href":"https:\/\/api.w.org\/{rel}","templated":true}]}}