{"id":12062,"date":"2018-04-26T12:11:56","date_gmt":"2018-04-26T19:11:56","guid":{"rendered":"http:\/\/lfhw.site\/?page_id=12062"},"modified":"2025-07-04T23:45:30","modified_gmt":"2025-07-05T06:45:30","slug":"utilisez-tout-old","status":"publish","type":"page","link":"https:\/\/lovefoodhatewaste.ca\/fr\/utilisez-tout-old\/","title":{"rendered":"Utilisez tout (old)"},"content":{"rendered":"<div class=\"wpb-content-wrapper\"><p>[vc_row css=\u00a0\u00bb.vc_custom_1488536699571{padding-top: 70px !important;padding-bottom: 6px !important;}\u00a0\u00bb][vc_column][vc_row_inner row_content_width=\u00a0\u00bbgrid\u00a0\u00bb][vc_column_inner offset=\u00a0\u00bbvc_col-lg-6 vc_col-md-12&Prime;]<div class=\"edgtf-elements-holder edgtf-one-column edgtf-responsive-mode-768\" ><div class=\"edgtf-eh-item \"  data-item-class=\"edgtf-eh-custom-405552\" data-1024-1280=\"34px 8% 50px 0%\" data-768-1024=\"0 25% 74px 0%\" data-600-768=\"0 12% 74px 0%\" data-480-600=\"1px 0% 72px 0%\" data-480=\"1px 0% 72px 0%\">\n\t<div class=\"edgtf-eh-item-inner\">\n\t\t<div class=\"edgtf-eh-item-content edgtf-eh-custom-405552\" style=\"padding: 34px 10% 50px 0%\">\n\t\t\t<div class=\"edgtf-section-title-holder\" style=\"text-align: left\">\n\t\t\t\t\t<h2 class=\"edgtf-st-title\" style=\"color: #303030;font-weight: 600;letter-spacing: 3px\">\n\t\t\t<span>Plus de 60% de la nourriture que nous jetons ou compostons aurait pu \u00eatre consomm\u00e9e.<\/span>\n\t\t<\/h2>\n\t\t\t\t<p class=\"edgtf-st-text\" style=\"font-size: 16px;line-height: 30px;font-weight: 400;margin-top: 22px\">C&#039;est presque 2,2 millions de tonnes par ann\u00e9e au Canada. Apprenez \u00e0 utiliser toute la nourriture que vous achetez \u2013 \u00e0 d\u00e9coder les dates avant de manger des restes et \u00e0 sauver les aliments qui ont d\u00e9pass\u00e9 leur apog\u00e9e.<\/p>\n\t<\/div>[vc_empty_space height=\u00a0\u00bb19px\u00a0\u00bb][vc_column_text][\/vc_column_text][vc_empty_space height=\u00a0\u00bb31px\u00a0\u00bb]\t\t<\/div>\n\t<\/div>\n<\/div><\/div>[\/vc_column_inner][vc_column_inner offset=\u00a0\u00bbvc_col-lg-6 vc_col-md-12 vc_col-xs-12&Prime;]<div class=\"edgtf-elements-holder edgtf-one-column edgtf-responsive-mode-768\" ><div class=\"edgtf-eh-item edgtf-horizontal-alignment-center\"  data-item-class=\"edgtf-eh-custom-149986\" data-768-1024=\"51px 0 74px 0\" data-480-600=\"51px 0 75px 0\" data-480=\"51px 0 75px 0\">\n\t<div class=\"edgtf-eh-item-inner\">\n\t\t<div class=\"edgtf-eh-item-content edgtf-eh-custom-149986\" style=\"padding: 44px 0 25px 0\">\n\t\t\t[vc_basic_grid post_type=\u00a0\u00bbpage\u00a0\u00bb max_items=\u00a0\u00bb-1&Prime; element_width=\u00a0\u00bb6&Prime; orderby=\u00a0\u00bbmenu_order\u00a0\u00bb order=\u00a0\u00bbASC\u00a0\u00bb item=\u00a0\u00bb11737&Prime; grid_id=\u00a0\u00bbvc_gid:1544037238480-b87e0eef-2726-3&Prime; taxonomies=\u00a0\u00bb271&Prime;][vc_empty_space height=\u00a0\u00bb50px\u00a0\u00bb]\t\t<\/div>\n\t<\/div>\n<\/div><\/div>[\/vc_column_inner][\/vc_row_inner][\/vc_column][\/vc_row][vc_row][vc_column][vc_column_text]<\/p>\n<p>[\/vc_column_text][\/vc_column][\/vc_row][vc_row css=\u00a0\u00bb.vc_custom_1544031745651{padding-top: 0px !important;padding-bottom: 0px !important;background-color: #f7f7f7 !important;}\u00a0\u00bb][vc_column][vc_row_inner row_content_width=\u00a0\u00bbgrid\u00a0\u00bb][vc_column_inner offset=\u00a0\u00bbvc_col-lg-12 vc_col-md-12&Prime;]<div class=\"edgtf-elements-holder edgtf-one-column edgtf-responsive-mode-768\" ><div class=\"edgtf-eh-item \"  data-item-class=\"edgtf-eh-custom-391602\" data-1024-1280=\"34px 8% 50px 0%\" data-768-1024=\"0 25% 74px 0%\" data-600-768=\"0 12% 74px 0%\" data-480-600=\"1px 0% 72px 0%\" data-480=\"1px 0% 72px 0%\">\n\t<div class=\"edgtf-eh-item-inner\">\n\t\t<div class=\"edgtf-eh-item-content edgtf-eh-custom-391602\" style=\"padding: 0px 10% 0px 0%\">\n\t\t\t[vc_cta h2=\u00a0\u00bbIl manque quelque chose?\u00a0\u00bb]Dites-le nous sur les m\u00e9dias sociaux ou par courriel au info@jaimemangerpasgaspiller.ca.[\/vc_cta]\t\t<\/div>\n\t<\/div>\n<\/div><\/div>[\/vc_column_inner][\/vc_row_inner][\/vc_column][\/vc_row]<\/p>\n<\/div>","protected":false},"excerpt":{"rendered":"<p>[vc_row css=\u00a0\u00bb.vc_custom_1488536699571{padding-top: 70px !important;padding-bottom: 6px !important;}\u00a0\u00bb][vc_column][vc_row_inner row_content_width=\u00a0\u00bbgrid\u00a0\u00bb][vc_column_inner offset=\u00a0\u00bbvc_col-lg-6 vc_col-md-12&Prime;][\/vc_column_inner][vc_column_inner offset=\u00a0\u00bbvc_col-lg-6 vc_col-md-12 vc_col-xs-12&Prime;][\/vc_column_inner][\/vc_row_inner][\/vc_column][\/vc_row][vc_row][vc_column][vc_column_text] [\/vc_column_text][\/vc_column][\/vc_row][vc_row css=\u00a0\u00bb.vc_custom_1544031745651{padding-top: 0px !important;padding-bottom: 0px !important;background-color: #f7f7f7 !important;}\u00a0\u00bb][vc_column][vc_row_inner row_content_width=\u00a0\u00bbgrid\u00a0\u00bb][vc_column_inner offset=\u00a0\u00bbvc_col-lg-12 vc_col-md-12&Prime;][\/vc_column_inner][\/vc_row_inner][\/vc_column][\/vc_row]<\/p>\n","protected":false},"author":1,"featured_media":13176,"parent":0,"menu_order":1,"comment_status":"closed","ping_status":"closed","template":"full-width.php","meta":{"_acf_changed":false,"_eb_attr":"","wprm-recipe-roundup-name":"","wprm-recipe-roundup-description":"","footnotes":""},"tags":[357],"class_list":["post-12062","page","type-page","status-publish","has-post-thumbnail","hentry","tag-bob-blumer"],"acf":[],"_links":{"self":[{"href":"https:\/\/lovefoodhatewaste.ca\/fr\/wp-json\/wp\/v2\/pages\/12062","targetHints":{"allow":["GET"]}}],"collection":[{"href":"https:\/\/lovefoodhatewaste.ca\/fr\/wp-json\/wp\/v2\/pages"}],"about":[{"href":"https:\/\/lovefoodhatewaste.ca\/fr\/wp-json\/wp\/v2\/types\/page"}],"author":[{"embeddable":true,"href":"https:\/\/lovefoodhatewaste.ca\/fr\/wp-json\/wp\/v2\/users\/1"}],"replies":[{"embeddable":true,"href":"https:\/\/lovefoodhatewaste.ca\/fr\/wp-json\/wp\/v2\/comments?post=12062"}],"version-history":[{"count":0,"href":"https:\/\/lovefoodhatewaste.ca\/fr\/wp-json\/wp\/v2\/pages\/12062\/revisions"}],"wp:featuredmedia":[{"embeddable":true,"href":"https:\/\/lovefoodhatewaste.ca\/fr\/wp-json\/wp\/v2\/media\/13176"}],"wp:attachment":[{"href":"https:\/\/lovefoodhatewaste.ca\/fr\/wp-json\/wp\/v2\/media?parent=12062"}],"wp:term":[{"taxonomy":"post_tag","embeddable":true,"href":"https:\/\/lovefoodhatewaste.ca\/fr\/wp-json\/wp\/v2\/tags?post=12062"}],"curies":[{"name":"wp","href":"https:\/\/api.w.org\/{rel}","templated":true}]}}