{"id":12369,"date":"2018-05-04T12:34:29","date_gmt":"2018-05-04T19:34:29","guid":{"rendered":"http:\/\/lfhw.site\/?page_id=12369"},"modified":"2018-07-03T14:02:02","modified_gmt":"2018-07-03T21:02:02","slug":"bleuets","status":"publish","type":"page","link":"https:\/\/lovefoodhatewaste.ca\/fr\/conservez-old\/guide-pour-les-fruits-et-les-legumes\/bleuets\/","title":{"rendered":"Bleuets"},"content":{"rendered":"<div class=\"wpb-content-wrapper\"><p>[vc_row css=\u00a0\u00bb.vc_custom_1488536699571{padding-top: 70px !important;padding-bottom: 6px !important;}\u00a0\u00bb][vc_column][vc_empty_space][vc_row_inner row_content_width=\u00a0\u00bbgrid\u00a0\u00bb][vc_column_inner]<div class=\"edgtf-elements-holder edgtf-one-column edgtf-responsive-mode-768\" ><div class=\"edgtf-eh-item \"  data-item-class=\"edgtf-eh-custom-462229\">\n\t<div class=\"edgtf-eh-item-inner\">\n\t\t<div class=\"edgtf-eh-item-content edgtf-eh-custom-462229\" >\n\t\t\t[vc_column_text]Les bleuets sont les plus robustes de toutes les baies, mais ces super fruits riches en nutriments doivent tout de m\u00eame \u00eatre trait\u00e9s avec soin.[\/vc_column_text]\t\t<\/div>\n\t<\/div>\n<\/div><\/div>[\/vc_column_inner][\/vc_row_inner][vc_row_inner row_content_width=\u00a0\u00bbgrid\u00a0\u00bb][vc_column_inner offset=\u00a0\u00bbvc_col-lg-6 vc_col-md-12&Prime;]<div class=\"edgtf-elements-holder edgtf-one-column edgtf-responsive-mode-768\" ><div class=\"edgtf-eh-item \"  data-item-class=\"edgtf-eh-custom-531179\" data-1024-1280=\"34px 8% 50px 0%\" data-768-1024=\"0 25% 74px 0%\" data-600-768=\"0 12% 74px 0%\" data-480-600=\"1px 0% 72px 0%\" data-480=\"1px 0% 72px 0%\">\n\t<div class=\"edgtf-eh-item-inner\">\n\t\t<div class=\"edgtf-eh-item-content edgtf-eh-custom-531179\" style=\"padding: 34px 10% 50px 0%\">\n\t\t\t[vc_empty_space height=\u00a0\u00bb19px\u00a0\u00bb][vc_column_text]<\/p>\n<h3>Entreposage optimal<\/h3>\n<div class=\"ExternalClassC724EF60C7564B2DBE1F91FA217DCB3E\">\n<ul>\n<li>Ne les lavez pas avant d&rsquo;\u00eatre pr\u00eat \u00e0 les utiliser.\n<ul>\n<li>L\u2019aspect brillant argent\u00e9 de la peau des bleuets est d\u00fb \u00e0 un compos\u00e9 naturel qui aide \u00e0 prot\u00e9ger le fruit. C&rsquo;est pourquoi vous devriez laver les bleuets juste avant de les manger.<\/li>\n<\/ul>\n<\/li>\n<li>Rangez-les dans leur r\u00e9cipient d&rsquo;origine ou dans un bol ou contenant couvert.<\/li>\n<li>Conservez-les au r\u00e9frig\u00e9rateur.<\/li>\n<\/ul>\n<\/div>\n<h3>Cong\u00e9lation<\/h3>\n<div class=\"ExternalClass2F30E16FF9B84D66BE9AC5165337CCC5\">\n<ol>\n<li>Rincez et ass\u00e9chez les bleuets.<\/li>\n<li>D\u00e9posez-les dans des contenants rigides et herm\u00e9tiques, sans les entasser.<\/li>\n<\/ol>\n<\/div>\n<p>[\/vc_column_text][vc_empty_space height=\u00a0\u00bb60px\u00a0\u00bb]\t\t<\/div>\n\t<\/div>\n<\/div><\/div>[\/vc_column_inner][vc_column_inner offset=\u00a0\u00bbvc_col-lg-6 vc_col-md-12 vc_col-xs-12&Prime;]<div class=\"edgtf-elements-holder edgtf-one-column edgtf-responsive-mode-768\" ><div class=\"edgtf-eh-item edgtf-horizontal-alignment-center\"  data-item-class=\"edgtf-eh-custom-831640\" data-768-1024=\"51px 0 74px 0\" data-480-600=\"51px 0 75px 0\" data-480=\"51px 0 75px 0\">\n\t<div class=\"edgtf-eh-item-inner\">\n\t\t<div class=\"edgtf-eh-item-content edgtf-eh-custom-831640\" style=\"padding: 44px 0 25px 0\">\n\t\t\t[vc_empty_space height=\u00a0\u00bb40px\u00a0\u00bb][vc_single_image image=\u00a0\u00bb11652&Prime; img_size=\u00a0\u00bbfull\u00a0\u00bb]\t\t<\/div>\n\t<\/div>\n<\/div><\/div>[\/vc_column_inner][\/vc_row_inner][\/vc_column][\/vc_row][vc_row css=\u00a0\u00bb.vc_custom_1525730731446{padding-top: 22px !important;padding-bottom: 55px !important;background-color: #ededed !important;}\u00a0\u00bb][vc_column]<div class=\"edgtf-parallax-holder edgtf-vertical-middle-align edgtf-disabled-parallax-on-touch\" data-parallax-speed=\"1\" style=\"min-height: 400px;height: 400px\">\n\t<div class=\"edgtf-parallax-inner\">\n\t\t[vc_row_inner row_content_width=\u00a0\u00bbgrid\u00a0\u00bb][vc_column_inner][vc_empty_space height=\u00a0\u00bb50px\u00a0\u00bb][vc_column_text]<\/p>\n<h3>R\u00e9chappez<\/h3>\n<div class=\"ExternalClassDE622B5D52C144C5AE0B82BF0CDAD0DC\">\n<p><strong>\u200b<\/strong><strong>Moisissure<\/strong><\/p>\n<p>Si une petite quantit\u00e9 de baies est moisie dans un contenant, ne jetez pas tout le contenu. \u00c0 la place, triez les bleuets et ne jetez que ceux en mauvais \u00e9tat (ceux qui sont moisis, \u00e9cras\u00e9s, mous ou ratatin\u00e9s). Faites-le le plus t\u00f4t possible pour \u00e9viter la propagation de la moisissure.<\/p>\n<p><strong>Faire ressortir la saveur<\/strong><\/p>\n<p>Pour faire ressortir la saveur des baies fatigu\u00e9es, d\u00e9posez-les dans un bol, saupoudrez d&rsquo;un peu de sucre et laissez reposer 15 minutes. Le sucre tirera l&rsquo;humidit\u00e9 des baies pour faire un sirop sucr\u00e9 naturel.<\/p>\n<\/div>\n<p>[\/vc_column_text][vc_empty_space height=\u00a0\u00bb50px\u00a0\u00bb][\/vc_column_inner][\/vc_row_inner]\t<\/div>\n<\/div>\n[\/vc_column][\/vc_row][vc_row row_content_width=\u00a0\u00bbgrid\u00a0\u00bb css=\u00a0\u00bb.vc_custom_1490866376814{padding-top: 16px !important;padding-right: 0px !important;padding-bottom: 77px !important;padding-left: 0px !important;}\u00a0\u00bb][vc_column]<div class=\"edgtf-elements-holder edgtf-two-columns edgtf-responsive-mode-1024\" ><div class=\"edgtf-eh-item \"  data-item-class=\"edgtf-eh-custom-570199\" data-1280-1600=\"35px 12% 70px 0%\" data-1024-1280=\"44px 12% 70px 0%\" data-768-1024=\"33px 12% 131px 0%\" data-480-600=\"45px 0% 140px 0%\" data-480=\"45px 0% 140px 0%\">\n\t<div class=\"edgtf-eh-item-inner\">\n\t\t<div class=\"edgtf-eh-item-content edgtf-eh-custom-570199\" style=\"padding: 45px 12% 70px 0%\">\n\t\t\t[vc_empty_space height=\u00a0\u00bb16px\u00a0\u00bb][vc_column_text]<\/p>\n<h3>Sources<\/h3>\n<div class=\"ExternalClass103BC9A8B19B48B8B3668714E2E478E6\">\n<ul>\n<li>\u200b<a href=\"http:\/\/www.danagunders.com\/\" target=\"_blank\" rel=\"noopener\">Waste Free Kitchen Handbook by Dana Gunders<\/a><\/li>\n<li><a href=\"http:\/\/www.bcblueberry.com\/features\/feature-articles\/did-you-know-10-surprising-facts-about-blueberries\" target=\"_blank\" rel=\"noopener\">BC Blueberry Council<\/a><\/li>\n<\/ul>\n<\/div>\n<p>[\/vc_column_text][vc_empty_space height=\u00a0\u00bb16px\u00a0\u00bb]\t\t<\/div>\n\t<\/div>\n<\/div><\/div>[\/vc_column][\/vc_row]<\/p>\n<\/div>","protected":false},"excerpt":{"rendered":"<p>[vc_row css=\u00a0\u00bb.vc_custom_1488536699571{padding-top: 70px !important;padding-bottom: 6px !important;}\u00a0\u00bb][vc_column][vc_empty_space][vc_row_inner row_content_width=\u00a0\u00bbgrid\u00a0\u00bb][vc_column_inner][\/vc_column_inner][\/vc_row_inner][vc_row_inner row_content_width=\u00a0\u00bbgrid\u00a0\u00bb][vc_column_inner offset=\u00a0\u00bbvc_col-lg-6 vc_col-md-12&Prime;][\/vc_column_inner][vc_column_inner offset=\u00a0\u00bbvc_col-lg-6 vc_col-md-12 vc_col-xs-12&Prime;][\/vc_column_inner][\/vc_row_inner][\/vc_column][\/vc_row][vc_row css=\u00a0\u00bb.vc_custom_1525730731446{padding-top: 22px !important;padding-bottom: 55px !important;background-color: #ededed !important;}\u00a0\u00bb][vc_column][\/vc_column][\/vc_row][vc_row row_content_width=\u00a0\u00bbgrid\u00a0\u00bb css=\u00a0\u00bb.vc_custom_1490866376814{padding-top: 16px !important;padding-right: 0px !important;padding-bottom: 77px !important;padding-left: 0px !important;}\u00a0\u00bb][vc_column][\/vc_column][\/vc_row]<\/p>\n","protected":false},"author":1,"featured_media":11652,"parent":12344,"menu_order":0,"comment_status":"closed","ping_status":"closed","template":"full-width.php","meta":{"_acf_changed":false,"_eb_attr":"","wprm-recipe-roundup-name":"","wprm-recipe-roundup-description":"","footnotes":""},"tags":[226],"class_list":["post-12369","page","type-page","status-publish","has-post-thumbnail","hentry","tag-guide-pour-les-produits"],"acf":[],"_links":{"self":[{"href":"https:\/\/lovefoodhatewaste.ca\/fr\/wp-json\/wp\/v2\/pages\/12369","targetHints":{"allow":["GET"]}}],"collection":[{"href":"https:\/\/lovefoodhatewaste.ca\/fr\/wp-json\/wp\/v2\/pages"}],"about":[{"href":"https:\/\/lovefoodhatewaste.ca\/fr\/wp-json\/wp\/v2\/types\/page"}],"author":[{"embeddable":true,"href":"https:\/\/lovefoodhatewaste.ca\/fr\/wp-json\/wp\/v2\/users\/1"}],"replies":[{"embeddable":true,"href":"https:\/\/lovefoodhatewaste.ca\/fr\/wp-json\/wp\/v2\/comments?post=12369"}],"version-history":[{"count":0,"href":"https:\/\/lovefoodhatewaste.ca\/fr\/wp-json\/wp\/v2\/pages\/12369\/revisions"}],"up":[{"embeddable":true,"href":"https:\/\/lovefoodhatewaste.ca\/fr\/wp-json\/wp\/v2\/pages\/12344"}],"wp:featuredmedia":[{"embeddable":true,"href":"https:\/\/lovefoodhatewaste.ca\/fr\/wp-json\/wp\/v2\/media\/11652"}],"wp:attachment":[{"href":"https:\/\/lovefoodhatewaste.ca\/fr\/wp-json\/wp\/v2\/media?parent=12369"}],"wp:term":[{"taxonomy":"post_tag","embeddable":true,"href":"https:\/\/lovefoodhatewaste.ca\/fr\/wp-json\/wp\/v2\/tags?post=12369"}],"curies":[{"name":"wp","href":"https:\/\/api.w.org\/{rel}","templated":true}]}}