{"id":12422,"date":"2018-05-04T12:23:57","date_gmt":"2018-05-04T19:23:57","guid":{"rendered":"http:\/\/lfhw.site\/?page_id=12422"},"modified":"2018-07-03T14:09:36","modified_gmt":"2018-07-03T21:09:36","slug":"framboises-mures","status":"publish","type":"page","link":"https:\/\/lovefoodhatewaste.ca\/fr\/conservez-old\/guide-pour-les-fruits-et-les-legumes\/framboises-mures\/","title":{"rendered":"Framboises &#038; m\u00fbres"},"content":{"rendered":"<div class=\"wpb-content-wrapper\"><p>[vc_row css=\u00a0\u00bb.vc_custom_1488536699571{padding-top: 70px !important;padding-bottom: 6px !important;}\u00a0\u00bb][vc_column][vc_empty_space][vc_row_inner row_content_width=\u00a0\u00bbgrid\u00a0\u00bb][vc_column_inner]<div class=\"edgtf-elements-holder edgtf-one-column edgtf-responsive-mode-768\" ><div class=\"edgtf-eh-item \"  data-item-class=\"edgtf-eh-custom-375837\">\n\t<div class=\"edgtf-eh-item-inner\">\n\t\t<div class=\"edgtf-eh-item-content edgtf-eh-custom-375837\" >\n\t\t\t[vc_column_text]<\/p>\n<div class=\"ExternalClass0D4D9B752108446E9EDB93BEA6E312E6\">\n<p>Ces exquis petits fruits sont cueillis \u00e0 pleine maturit\u00e9 et ne m\u00fbrissent pas apr\u00e8s la r\u00e9colte. Ils sont d\u00e9licats et se d\u00e9gradent rapidement. Il est donc pr\u00e9f\u00e9rable de les cuisiner ou de les congeler le plus rapidement possible lorsque vous revenez du march\u00e9 &#8211; si vous ne les mangez pas tous en premier!<\/p>\n<\/div>\n<p>[\/vc_column_text]\t\t<\/div>\n\t<\/div>\n<\/div><\/div>[\/vc_column_inner][\/vc_row_inner][vc_row_inner row_content_width=\u00a0\u00bbgrid\u00a0\u00bb][vc_column_inner offset=\u00a0\u00bbvc_col-lg-6 vc_col-md-12&Prime;]<div class=\"edgtf-elements-holder edgtf-one-column edgtf-responsive-mode-768\" ><div class=\"edgtf-eh-item \"  data-item-class=\"edgtf-eh-custom-421899\" data-1024-1280=\"34px 8% 50px 0%\" data-768-1024=\"0 25% 74px 0%\" data-600-768=\"0 12% 74px 0%\" data-480-600=\"1px 0% 72px 0%\" data-480=\"1px 0% 72px 0%\">\n\t<div class=\"edgtf-eh-item-inner\">\n\t\t<div class=\"edgtf-eh-item-content edgtf-eh-custom-421899\" style=\"padding: 34px 10% 50px 0%\">\n\t\t\t[vc_empty_space height=\u00a0\u00bb19px\u00a0\u00bb][vc_column_text]<\/p>\n<h3>Entreposage optimal<\/h3>\n<div class=\"ExternalClass14F242B97E9E42D69A173FE93A62C54C\">\n<ul>\n<li>Ne pas les laver avant d&rsquo;\u00eatre pr\u00eat \u00e0 les utiliser. L\u2019humidit\u00e9 risque de les faire moisir.\n<ul>\n<li>Conseil\u00a0: Les baies sont fragiles, surtout lorsqu&rsquo;elles sont ti\u00e8des. R\u00e9frig\u00e9rez-les pendant une heure environ lorsque vous les rapportez du march\u00e9. Elles seront plus faciles \u00e0 rincer quand elles auront eu la chance de se raffermir un peu.<\/li>\n<\/ul>\n<\/li>\n<li>Les framboises et les m\u00fbres se d\u00e9gradent rapidement. Mangez, transformez ou congelez-les le jour m\u00eame pour pr\u00e9server leur saveur et leur qualit\u00e9 au maximum.<\/li>\n<li>Si vous ne pr\u00e9voyez pas manger vos baies le jour o\u00f9 vous les achetez, le meilleur endroit pour les ranger est dans le tiroir \u00e0 l\u00e9gumes du r\u00e9frig\u00e9rateur (humidit\u00e9 \u00e9lev\u00e9e). Il aide \u00e0 maintenir l&rsquo;humidit\u00e9 et emp\u00eache les baies de s\u2019ass\u00e9cher.<\/li>\n<li>D\u00e9posez-les en une seule couche dans un r\u00e9cipient a\u00e9r\u00e9 ou un plateau garni d&rsquo;un linge ou d\u2019un essuie-tout. Si l&rsquo;espace est limit\u00e9, rangez-les en plusieurs couches s\u00e9par\u00e9es par un linge.<\/li>\n<\/ul>\n<\/div>\n<p>[\/vc_column_text]\t\t<\/div>\n\t<\/div>\n<\/div><\/div>[\/vc_column_inner][vc_column_inner offset=\u00a0\u00bbvc_col-lg-6 vc_col-md-12 vc_col-xs-12&Prime;]<div class=\"edgtf-elements-holder edgtf-one-column edgtf-responsive-mode-768\" ><div class=\"edgtf-eh-item edgtf-horizontal-alignment-center\"  data-item-class=\"edgtf-eh-custom-360066\" data-768-1024=\"51px 0 74px 0\" data-480-600=\"51px 0 75px 0\" data-480=\"51px 0 75px 0\">\n\t<div class=\"edgtf-eh-item-inner\">\n\t\t<div class=\"edgtf-eh-item-content edgtf-eh-custom-360066\" style=\"padding: 44px 0 25px 0\">\n\t\t\t[vc_empty_space height=\u00a0\u00bb40px\u00a0\u00bb][vc_single_image image=\u00a0\u00bb11639&Prime; img_size=\u00a0\u00bbfull\u00a0\u00bb]\t\t<\/div>\n\t<\/div>\n<\/div><\/div>[\/vc_column_inner][\/vc_row_inner][vc_row_inner row_content_width=\u00a0\u00bbgrid\u00a0\u00bb][vc_column_inner]<div class=\"edgtf-elements-holder edgtf-one-column edgtf-responsive-mode-768\" ><div class=\"edgtf-eh-item \"  data-item-class=\"edgtf-eh-custom-690251\">\n\t<div class=\"edgtf-eh-item-inner\">\n\t\t<div class=\"edgtf-eh-item-content edgtf-eh-custom-690251\" >\n\t\t\t[vc_column_text]<\/p>\n<h3>Cong\u00e9lation<\/h3>\n<div class=\"ExternalClassC9B53DB4E4714E99A15A47AC063A5913\">\n<ol>\n<li>Rincez et s\u00e9chez.<\/li>\n<li>Placez les baies sur une plaque \u00e0 p\u00e2tisserie et congelez.<\/li>\n<li>Transf\u00e9rez-les dans un contenant herm\u00e9tique une fois congel\u00e9es.<\/li>\n<\/ol>\n<\/div>\n<p>[\/vc_column_text][vc_empty_space height=\u00a0\u00bb80px\u00a0\u00bb]\t\t<\/div>\n\t<\/div>\n<\/div><\/div>[\/vc_column_inner][\/vc_row_inner][\/vc_column][\/vc_row][vc_row css=\u00a0\u00bb.vc_custom_1525730731446{padding-top: 22px !important;padding-bottom: 55px !important;background-color: #ededed !important;}\u00a0\u00bb][vc_column]<div class=\"edgtf-parallax-holder edgtf-vertical-middle-align edgtf-disabled-parallax-on-touch\" data-parallax-speed=\"1\" style=\"min-height: 400px;height: 400px\">\n\t<div class=\"edgtf-parallax-inner\">\n\t\t[vc_row_inner row_content_width=\u00a0\u00bbgrid\u00a0\u00bb][vc_column_inner][vc_empty_space height=\u00a0\u00bb50px\u00a0\u00bb][vc_column_text]<\/p>\n<h3>R\u00e9chappez<\/h3>\n<div class=\"ExternalClass6D984DB508CD44B3BA9AE7650255224C\">\n<p><strong>Fruits mous<\/strong><\/p>\n<p>M\u00eame si les baies commencent \u00e0 ramollir, elles sont toujours d\u00e9licieuses cuisin\u00e9es, par exemple dans une croustade, ou encore transform\u00e9es en confiture qui peut \u00eatre congel\u00e9e puis d\u00e9gust\u00e9e toute l&rsquo;ann\u00e9e.<\/p>\n<p><strong>Moisissures<\/strong><\/p>\n<p>Si une petite quantit\u00e9 de baies est moisie dans un contenant, ne jetez pas tout le contenu. Au lieu de cela, triez les baies et ne jetez que les mauvaises. Faites-le, le plus t\u00f4t possible, pour \u00e9viter la propagation de la moisissure.<\/p>\n<p><strong>Faites ressortir la saveur<\/strong><\/p>\n<p>Pour faire ressortir la saveur des baies fatigu\u00e9es, tranchez-les puis d\u00e9posez-les dans un bol. Saupoudrez d&rsquo;un peu de sucre et laissez reposer 15 minutes. Le sucre tirera l&rsquo;humidit\u00e9 des baies pour faire un sirop sucr\u00e9 naturel.<\/p>\n<\/div>\n<p>[\/vc_column_text][vc_empty_space height=\u00a0\u00bb50px\u00a0\u00bb][\/vc_column_inner][\/vc_row_inner]\t<\/div>\n<\/div>\n[\/vc_column][\/vc_row][vc_row row_content_width=\u00a0\u00bbgrid\u00a0\u00bb css=\u00a0\u00bb.vc_custom_1490866376814{padding-top: 16px !important;padding-right: 0px !important;padding-bottom: 77px !important;padding-left: 0px !important;}\u00a0\u00bb][vc_column]<div class=\"edgtf-elements-holder edgtf-two-columns edgtf-responsive-mode-1024\" ><div class=\"edgtf-eh-item \"  data-item-class=\"edgtf-eh-custom-371349\" data-1280-1600=\"35px 12% 70px 0%\" data-1024-1280=\"44px 12% 70px 0%\" data-768-1024=\"33px 12% 131px 0%\" data-480-600=\"45px 0% 140px 0%\" data-480=\"45px 0% 140px 0%\">\n\t<div class=\"edgtf-eh-item-inner\">\n\t\t<div class=\"edgtf-eh-item-content edgtf-eh-custom-371349\" style=\"padding: 45px 12% 70px 0%\">\n\t\t\t[vc_empty_space height=\u00a0\u00bb16px\u00a0\u00bb][vc_column_text]<\/p>\n<h3>Sources<\/h3>\n<div class=\"ExternalClass86B0DA9D46DC458F80A928660C6E9CFE\">\n<ul>\n<li><a href=\"http:\/\/www.danagunders.com\/\" target=\"_blank\" rel=\"noopener\">Waste Free Kitchen Handbook by Dana Gunders<\/a><\/li>\n<li><a href=\"http:\/\/www.thekitchn.com\/washing-and-storing-summer-berries-5-tips-weve-learned-the-hard-way-174496\" target=\"_blank\" rel=\"noopener\">The Kitchn<\/a><\/li>\n<\/ul>\n<\/div>\n<p>[\/vc_column_text][vc_empty_space height=\u00a0\u00bb16px\u00a0\u00bb]\t\t<\/div>\n\t<\/div>\n<\/div><\/div>[\/vc_column][\/vc_row]<\/p>\n<\/div>","protected":false},"excerpt":{"rendered":"<p>[vc_row css=\u00a0\u00bb.vc_custom_1488536699571{padding-top: 70px !important;padding-bottom: 6px !important;}\u00a0\u00bb][vc_column][vc_empty_space][vc_row_inner row_content_width=\u00a0\u00bbgrid\u00a0\u00bb][vc_column_inner][\/vc_column_inner][\/vc_row_inner][vc_row_inner row_content_width=\u00a0\u00bbgrid\u00a0\u00bb][vc_column_inner offset=\u00a0\u00bbvc_col-lg-6 vc_col-md-12&Prime;][\/vc_column_inner][vc_column_inner offset=\u00a0\u00bbvc_col-lg-6 vc_col-md-12 vc_col-xs-12&Prime;][\/vc_column_inner][\/vc_row_inner][vc_row_inner row_content_width=\u00a0\u00bbgrid\u00a0\u00bb][vc_column_inner][\/vc_column_inner][\/vc_row_inner][\/vc_column][\/vc_row][vc_row css=\u00a0\u00bb.vc_custom_1525730731446{padding-top: 22px !important;padding-bottom: 55px !important;background-color: #ededed !important;}\u00a0\u00bb][vc_column][\/vc_column][\/vc_row][vc_row row_content_width=\u00a0\u00bbgrid\u00a0\u00bb css=\u00a0\u00bb.vc_custom_1490866376814{padding-top: 16px !important;padding-right: 0px !important;padding-bottom: 77px !important;padding-left: 0px !important;}\u00a0\u00bb][vc_column][\/vc_column][\/vc_row]<\/p>\n","protected":false},"author":1,"featured_media":11639,"parent":12344,"menu_order":0,"comment_status":"closed","ping_status":"closed","template":"full-width.php","meta":{"_acf_changed":false,"_eb_attr":"","wprm-recipe-roundup-name":"","wprm-recipe-roundup-description":"","footnotes":""},"tags":[226],"class_list":["post-12422","page","type-page","status-publish","has-post-thumbnail","hentry","tag-guide-pour-les-produits"],"acf":[],"_links":{"self":[{"href":"https:\/\/lovefoodhatewaste.ca\/fr\/wp-json\/wp\/v2\/pages\/12422","targetHints":{"allow":["GET"]}}],"collection":[{"href":"https:\/\/lovefoodhatewaste.ca\/fr\/wp-json\/wp\/v2\/pages"}],"about":[{"href":"https:\/\/lovefoodhatewaste.ca\/fr\/wp-json\/wp\/v2\/types\/page"}],"author":[{"embeddable":true,"href":"https:\/\/lovefoodhatewaste.ca\/fr\/wp-json\/wp\/v2\/users\/1"}],"replies":[{"embeddable":true,"href":"https:\/\/lovefoodhatewaste.ca\/fr\/wp-json\/wp\/v2\/comments?post=12422"}],"version-history":[{"count":0,"href":"https:\/\/lovefoodhatewaste.ca\/fr\/wp-json\/wp\/v2\/pages\/12422\/revisions"}],"up":[{"embeddable":true,"href":"https:\/\/lovefoodhatewaste.ca\/fr\/wp-json\/wp\/v2\/pages\/12344"}],"wp:featuredmedia":[{"embeddable":true,"href":"https:\/\/lovefoodhatewaste.ca\/fr\/wp-json\/wp\/v2\/media\/11639"}],"wp:attachment":[{"href":"https:\/\/lovefoodhatewaste.ca\/fr\/wp-json\/wp\/v2\/media?parent=12422"}],"wp:term":[{"taxonomy":"post_tag","embeddable":true,"href":"https:\/\/lovefoodhatewaste.ca\/fr\/wp-json\/wp\/v2\/tags?post=12422"}],"curies":[{"name":"wp","href":"https:\/\/api.w.org\/{rel}","templated":true}]}}