{"id":12444,"date":"2018-05-04T11:53:15","date_gmt":"2018-05-04T18:53:15","guid":{"rendered":"http:\/\/lfhw.site\/?page_id=12444"},"modified":"2025-08-20T14:57:06","modified_gmt":"2025-08-20T21:57:06","slug":"ressources","status":"publish","type":"page","link":"https:\/\/lovefoodhatewaste.ca\/fr\/a-propos\/ressources\/","title":{"rendered":"Ressources"},"content":{"rendered":"<div class=\"wpb-content-wrapper\"><p>[vc_row css=\u00a0\u00bb.vc_custom_1488536699571{padding-top: 70px !important;padding-bottom: 6px !important;}\u00a0\u00bb][vc_column][vc_row_inner][vc_column_inner]<div class=\"edgtf-elements-holder edgtf-one-column edgtf-responsive-mode-768\" ><div class=\"edgtf-eh-item \"  data-item-class=\"edgtf-eh-custom-894777\">\n\t<div class=\"edgtf-eh-item-inner\">\n\t\t<div class=\"edgtf-eh-item-content edgtf-eh-custom-894777\" >\n\t\t\t<div class=\"edgtf-section-title-holder\" style=\"text-align: left\">\n\t\t\t\t\t<h2 class=\"edgtf-st-title\" style=\"color: #303030;font-weight: 600;letter-spacing: 3px\">\n\t\t\t<span>Vous voulez mieux comprendre l\u2019impact du gaspillage alimentaire sur l\u2019environnement et notre climat?<\/span>\n\t\t<\/h2>\n\t\t\t\t<p class=\"edgtf-st-text\" style=\"font-size: 16px;line-height: 30px;font-weight: 400;margin-top: 22px\">Consultez ces ressources:<\/p>\n\t<\/div>\t\t<\/div>\n\t<\/div>\n<\/div><\/div>[\/vc_column_inner][\/vc_row_inner][vc_row_inner disable_element=\u00a0\u00bbyes\u00a0\u00bb row_content_width=\u00a0\u00bbgrid\u00a0\u00bb][vc_column_inner offset=\u00a0\u00bbvc_col-lg-6 vc_col-md-12&Prime;]<div class=\"edgtf-elements-holder edgtf-one-column edgtf-responsive-mode-768\" ><div class=\"edgtf-eh-item \"  data-item-class=\"edgtf-eh-custom-376237\" data-1024-1280=\"34px 8% 50px 0%\" data-768-1024=\"0 25% 74px 0%\" data-600-768=\"0 12% 74px 0%\" data-480-600=\"1px 0% 72px 0%\" data-480=\"1px 0% 72px 0%\">\n\t<div class=\"edgtf-eh-item-inner\">\n\t\t<div class=\"edgtf-eh-item-content edgtf-eh-custom-376237\" style=\"padding: 34px 10% 50px 0%\">\n\t\t\t[vc_empty_space height=\u00a0\u00bb19px\u00a0\u00bb][vc_column_text]<\/p>\n<h3>National Food Waste and Loss Strategy du Conseil National Z\u00e9ro D\u00e9chet\u00a0(uniquement en anglais)<\/h3>\n<p>La <em>Food Loss and Waste Strategy for Canada<\/em> (Strat\u00e9gie sur les pertes de nourriture et le gaspillage alimentaire pour le Canada) du Conseil national z\u00e9ro d\u00e9chet, publi\u00e9e en juin 2018, recommande un effort national coordonn\u00e9 pour r\u00e9duire de moiti\u00e9 le gaspillage alimentaire par habitant d&rsquo;ici 2030.[\/vc_column_text][vc_empty_space height=\u00a0\u00bb31px\u00a0\u00bb]<a itemprop=\"url\" href=\"http:\/\/www.nzwc.ca\/Documents\/NZWC-FoodLossWasteStrategy.pdf\" target=\"_blank\" class=\"edgtf-btn edgtf-btn-medium edgtf-btn-solid\" rel=\"noopener\">\n    <span class=\"edgtf-btn-text\">Lisez le rapport<\/span>\n    <\/a>[vc_empty_space height=\u00a0\u00bb31px\u00a0\u00bb]\t\t<\/div>\n\t<\/div>\n<\/div><\/div>[\/vc_column_inner][vc_column_inner offset=\u00a0\u00bbvc_col-lg-6 vc_col-md-12 vc_col-xs-12&Prime;]<div class=\"edgtf-elements-holder edgtf-one-column edgtf-responsive-mode-768\" ><div class=\"edgtf-eh-item edgtf-horizontal-alignment-center\"  data-item-class=\"edgtf-eh-custom-551451\" data-768-1024=\"51px 0 74px 0\" data-480-600=\"51px 0 75px 0\" data-480=\"51px 0 75px 0\">\n\t<div class=\"edgtf-eh-item-inner\">\n\t\t<div class=\"edgtf-eh-item-content edgtf-eh-custom-551451\" style=\"padding: 44px 0 25px 0\">\n\t\t\t[vc_single_image image=\u00a0\u00bb14123&Prime; img_size=\u00a0\u00bblarge\u00a0\u00bb]\t\t<\/div>\n\t<\/div>\n<\/div><\/div>[\/vc_column_inner][\/vc_row_inner][vc_empty_space height=\u00a0\u00bb50px\u00a0\u00bb][\/vc_column][\/vc_row][vc_row row_content_width=\u00a0\u00bbgrid\u00a0\u00bb css=\u00a0\u00bb.vc_custom_1490865294918{padding-bottom: 42px !important;}\u00a0\u00bb][vc_column width=\u00a0\u00bb1\/2&Prime; offset=\u00a0\u00bbvc_col-lg-3 vc_col-md-3&Prime;]<div class=\"edgtf-image-with-text-holder edgtf-image-behavior-custom-link \">\n\t<div class=\"edgtf-iwt-image\">\n\t\t<div class=\"edgtf-iwt-image-wrapper\">\n\t\t\t\t\t\t\t<a itemprop=\"url\" href=\"http:\/\/institute.smartprosperity.ca\/sites\/default\/files\/spi-toolsforhouseholdwaste.pdf\" target=\"_blank\" rel=\"noopener\">\n\t\t\t\t\t\t\t\t\t\t\t\t\t\t\t\t<img loading=\"lazy\" decoding=\"async\" width=\"900\" height=\"600\" src=\"https:\/\/lovefoodhatewaste.ca\/wp-content\/uploads\/2018\/06\/SPI-ToolsForHouseholdWaste.jpg\" class=\"attachment-full size-full\" alt=\"resources\" srcset=\"https:\/\/lovefoodhatewaste.ca\/wp-content\/uploads\/2018\/06\/SPI-ToolsForHouseholdWaste.jpg 900w, https:\/\/lovefoodhatewaste.ca\/wp-content\/uploads\/2018\/06\/SPI-ToolsForHouseholdWaste-300x200.jpg 300w, https:\/\/lovefoodhatewaste.ca\/wp-content\/uploads\/2018\/06\/SPI-ToolsForHouseholdWaste-768x512.jpg 768w\" sizes=\"auto, (max-width: 900px) 100vw, 900px\" \/>\t\t\t\t\t\t\t\t\t\t\t\t\t\t<\/a>\n\t\t\t\t\t<\/div>\n\t<\/div>\n\t<div class=\"edgtf-iwt-text-holder\">\n\t\t\t\t<h5 class=\"edgtf-iwt-title\" >Economic Tools to Reduce Household Waste and Related Greenhouse Gas Emissions by Smart Prosperity Institute (uniquement en anglais)<\/h5>\n\t\t<\/div>\n<\/div>[vc_empty_space height=\u00a0\u00bb30px\u00a0\u00bb]<a itemprop=\"url\" href=\"http:\/\/institute.smartprosperity.ca\/sites\/default\/files\/spi-toolsforhouseholdwaste.pdf\" target=\"_blank\" class=\"edgtf-btn edgtf-btn-medium edgtf-btn-solid\" rel=\"noopener\">\n    <span class=\"edgtf-btn-text\">Lisez le rapport<\/span>\n    <\/a>[vc_empty_space height=\u00a0\u00bb50px\u00a0\u00bb][\/vc_column][vc_column width=\u00a0\u00bb1\/2&Prime; offset=\u00a0\u00bbvc_col-lg-3 vc_col-md-3&Prime;]<div class=\"edgtf-image-with-text-holder edgtf-image-behavior-custom-link \">\n\t<div class=\"edgtf-iwt-image\">\n\t\t<div class=\"edgtf-iwt-image-wrapper\">\n\t\t\t\t\t\t\t<a itemprop=\"url\" href=\"http:\/\/www.wrap.org.uk\/sites\/files\/wrap\/Report_The%20Business%20Case%20for%20Reducing%20Food%20Loss%20and%20Waste.pdf\" target=\"_blank\" rel=\"noopener\">\n\t\t\t\t\t\t\t\t\t\t\t\t\t\t\t\t<img loading=\"lazy\" decoding=\"async\" width=\"900\" height=\"600\" src=\"https:\/\/lovefoodhatewaste.ca\/wp-content\/uploads\/2018\/06\/TheBusinessCaseReducingFoodLossWaste.jpg\" class=\"attachment-full size-full\" alt=\"\" srcset=\"https:\/\/lovefoodhatewaste.ca\/wp-content\/uploads\/2018\/06\/TheBusinessCaseReducingFoodLossWaste.jpg 900w, https:\/\/lovefoodhatewaste.ca\/wp-content\/uploads\/2018\/06\/TheBusinessCaseReducingFoodLossWaste-300x200.jpg 300w, https:\/\/lovefoodhatewaste.ca\/wp-content\/uploads\/2018\/06\/TheBusinessCaseReducingFoodLossWaste-768x512.jpg 768w\" sizes=\"auto, (max-width: 900px) 100vw, 900px\" \/>\t\t\t\t\t\t\t\t\t\t\t\t\t\t<\/a>\n\t\t\t\t\t<\/div>\n\t<\/div>\n\t<div class=\"edgtf-iwt-text-holder\">\n\t\t\t\t<h5 class=\"edgtf-iwt-title\" >The Business Case for Food Waste and Loss, WRAP on behalf of Champions 12.3 (uniquement en anglais)<\/h5>\n\t\t<\/div>\n<\/div>[vc_empty_space height=\u00a0\u00bb30px\u00a0\u00bb]<a itemprop=\"url\" href=\"http:\/\/www.wrap.org.uk\/sites\/files\/wrap\/Report_The%20Business%20Case%20for%20Reducing%20Food%20Loss%20and%20Waste.pdf\" target=\"_blank\" class=\"edgtf-btn edgtf-btn-medium edgtf-btn-solid\" rel=\"noopener\">\n    <span class=\"edgtf-btn-text\">Lisez le rapport<\/span>\n    <\/a>[vc_empty_space height=\u00a0\u00bb50px\u00a0\u00bb][\/vc_column][vc_column width=\u00a0\u00bb1\/2&Prime; offset=\u00a0\u00bbvc_col-lg-3 vc_col-md-3&Prime;]<div class=\"edgtf-image-with-text-holder edgtf-image-behavior-custom-link \">\n\t<div class=\"edgtf-iwt-image\">\n\t\t<div class=\"edgtf-iwt-image-wrapper\">\n\t\t\t\t\t\t\t<a itemprop=\"url\" href=\"http:\/\/www3.cec.org\/islandora\/en\/item\/11772-characterization-and-management-food-loss-and-waste-in-north-america-en.pdf\" target=\"_blank\" rel=\"noopener\">\n\t\t\t\t\t\t\t\t\t\t\t\t\t\t\t\t<img loading=\"lazy\" decoding=\"async\" width=\"900\" height=\"600\" src=\"https:\/\/lovefoodhatewaste.ca\/wp-content\/uploads\/2018\/06\/CharacterizationManagementFoodLossInNorthAmerica.jpg\" class=\"attachment-full size-full\" alt=\"resources\" srcset=\"https:\/\/lovefoodhatewaste.ca\/wp-content\/uploads\/2018\/06\/CharacterizationManagementFoodLossInNorthAmerica.jpg 900w, https:\/\/lovefoodhatewaste.ca\/wp-content\/uploads\/2018\/06\/CharacterizationManagementFoodLossInNorthAmerica-300x200.jpg 300w, https:\/\/lovefoodhatewaste.ca\/wp-content\/uploads\/2018\/06\/CharacterizationManagementFoodLossInNorthAmerica-768x512.jpg 768w\" sizes=\"auto, (max-width: 900px) 100vw, 900px\" \/>\t\t\t\t\t\t\t\t\t\t\t\t\t\t<\/a>\n\t\t\t\t\t<\/div>\n\t<\/div>\n\t<div class=\"edgtf-iwt-text-holder\">\n\t\t\t\t<h5 class=\"edgtf-iwt-title\" >Characterization and Management of Food Waste and Loss in North America by the Commission on Environmental Cooperation<\/h5>\n\t\t<\/div>\n<\/div>[vc_empty_space height=\u00a0\u00bb30px\u00a0\u00bb]<a itemprop=\"url\" href=\"http:\/\/www3.cec.org\/islandora\/en\/item\/11772-characterization-and-management-food-loss-and-waste-in-north-america-en.pdf\" target=\"_blank\" class=\"edgtf-btn edgtf-btn-medium edgtf-btn-solid\" rel=\"noopener\">\n    <span class=\"edgtf-btn-text\">Lisez le rapport<\/span>\n    <\/a>[vc_empty_space height=\u00a0\u00bb50px\u00a0\u00bb][\/vc_column][vc_column width=\u00a0\u00bb1\/2&Prime; offset=\u00a0\u00bbvc_col-lg-3 vc_col-md-3&Prime;]<div class=\"edgtf-image-with-text-holder edgtf-image-behavior-custom-link \">\n\t<div class=\"edgtf-iwt-image\">\n\t\t<div class=\"edgtf-iwt-image-wrapper\">\n\t\t\t\t\t\t\t<a itemprop=\"url\" href=\"http:\/\/www.nzwc.ca\/focus\/food\/Documents\/FoodWasteClimateChange-Report.pdf\" target=\"_blank\" rel=\"noopener\">\n\t\t\t\t\t\t\t\t\t\t\t\t\t\t\t\t<img loading=\"lazy\" decoding=\"async\" width=\"900\" height=\"600\" src=\"https:\/\/lovefoodhatewaste.ca\/wp-content\/uploads\/2018\/06\/FoodWasteClimateChangeReport.jpg\" class=\"attachment-full size-full\" alt=\"resources\" srcset=\"https:\/\/lovefoodhatewaste.ca\/wp-content\/uploads\/2018\/06\/FoodWasteClimateChangeReport.jpg 900w, https:\/\/lovefoodhatewaste.ca\/wp-content\/uploads\/2018\/06\/FoodWasteClimateChangeReport-300x200.jpg 300w, https:\/\/lovefoodhatewaste.ca\/wp-content\/uploads\/2018\/06\/FoodWasteClimateChangeReport-768x512.jpg 768w\" sizes=\"auto, (max-width: 900px) 100vw, 900px\" \/>\t\t\t\t\t\t\t\t\t\t\t\t\t\t<\/a>\n\t\t\t\t\t<\/div>\n\t<\/div>\n\t<div class=\"edgtf-iwt-text-holder\">\n\t\t\t\t<h5 class=\"edgtf-iwt-title\" >Food Waste Management + Climate Action: National GHG Reduction Potential by National Zero Waste Council (uniquement en anglais)<\/h5>\n\t\t<\/div>\n<\/div>[vc_empty_space height=\u00a0\u00bb30px\u00a0\u00bb]<a itemprop=\"url\" href=\"https:\/\/view.publitas.com\/metro-vancouver\/nzwc-cutting-food-waste-and-greenhouse-gas-emissions-executivesummary\/page\/1\" target=\"_blank\" class=\"edgtf-btn edgtf-btn-medium edgtf-btn-solid\" rel=\"noopener\">\n    <span class=\"edgtf-btn-text\">Lisez le rapport<\/span>\n    <\/a>[vc_empty_space height=\u00a0\u00bb50px\u00a0\u00bb][\/vc_column][\/vc_row]<\/p>\n<\/div>","protected":false},"excerpt":{"rendered":"<p>[vc_row css=\u00a0\u00bb.vc_custom_1488536699571{padding-top: 70px !important;padding-bottom: 6px !important;}\u00a0\u00bb][vc_column][vc_row_inner][vc_column_inner][\/vc_column_inner][\/vc_row_inner][vc_row_inner disable_element=\u00a0\u00bbyes\u00a0\u00bb row_content_width=\u00a0\u00bbgrid\u00a0\u00bb][vc_column_inner offset=\u00a0\u00bbvc_col-lg-6 vc_col-md-12&Prime;][\/vc_column_inner][vc_column_inner offset=\u00a0\u00bbvc_col-lg-6 vc_col-md-12 vc_col-xs-12&Prime;][\/vc_column_inner][\/vc_row_inner][vc_empty_space height=\u00a0\u00bb50px\u00a0\u00bb][\/vc_column][\/vc_row][vc_row row_content_width=\u00a0\u00bbgrid\u00a0\u00bb css=\u00a0\u00bb.vc_custom_1490865294918{padding-bottom: 42px !important;}\u00a0\u00bb][vc_column width=\u00a0\u00bb1\/2&Prime; offset=\u00a0\u00bbvc_col-lg-3 vc_col-md-3&Prime;][vc_empty_space height=\u00a0\u00bb30px\u00a0\u00bb][vc_empty_space height=\u00a0\u00bb50px\u00a0\u00bb][\/vc_column][vc_column width=\u00a0\u00bb1\/2&Prime; offset=\u00a0\u00bbvc_col-lg-3 vc_col-md-3&Prime;][vc_empty_space height=\u00a0\u00bb30px\u00a0\u00bb][vc_empty_space height=\u00a0\u00bb50px\u00a0\u00bb][\/vc_column][vc_column width=\u00a0\u00bb1\/2&Prime; offset=\u00a0\u00bbvc_col-lg-3 vc_col-md-3&Prime;][vc_empty_space height=\u00a0\u00bb30px\u00a0\u00bb][vc_empty_space height=\u00a0\u00bb50px\u00a0\u00bb][\/vc_column][vc_column width=\u00a0\u00bb1\/2&Prime; offset=\u00a0\u00bbvc_col-lg-3 vc_col-md-3&Prime;][vc_empty_space height=\u00a0\u00bb30px\u00a0\u00bb][vc_empty_space height=\u00a0\u00bb50px\u00a0\u00bb][\/vc_column][\/vc_row]<\/p>\n","protected":false},"author":1,"featured_media":13119,"parent":13531,"menu_order":1,"comment_status":"closed","ping_status":"closed","template":"","meta":{"_acf_changed":false,"_eb_attr":"","wprm-recipe-roundup-name":"","wprm-recipe-roundup-description":"","footnotes":""},"tags":[270],"class_list":["post-12444","page","type-page","status-publish","has-post-thumbnail","hentry","tag-a-propos"],"acf":[],"_links":{"self":[{"href":"https:\/\/lovefoodhatewaste.ca\/fr\/wp-json\/wp\/v2\/pages\/12444","targetHints":{"allow":["GET"]}}],"collection":[{"href":"https:\/\/lovefoodhatewaste.ca\/fr\/wp-json\/wp\/v2\/pages"}],"about":[{"href":"https:\/\/lovefoodhatewaste.ca\/fr\/wp-json\/wp\/v2\/types\/page"}],"author":[{"embeddable":true,"href":"https:\/\/lovefoodhatewaste.ca\/fr\/wp-json\/wp\/v2\/users\/1"}],"replies":[{"embeddable":true,"href":"https:\/\/lovefoodhatewaste.ca\/fr\/wp-json\/wp\/v2\/comments?post=12444"}],"version-history":[{"count":0,"href":"https:\/\/lovefoodhatewaste.ca\/fr\/wp-json\/wp\/v2\/pages\/12444\/revisions"}],"up":[{"embeddable":true,"href":"https:\/\/lovefoodhatewaste.ca\/fr\/wp-json\/wp\/v2\/pages\/13531"}],"wp:featuredmedia":[{"embeddable":true,"href":"https:\/\/lovefoodhatewaste.ca\/fr\/wp-json\/wp\/v2\/media\/13119"}],"wp:attachment":[{"href":"https:\/\/lovefoodhatewaste.ca\/fr\/wp-json\/wp\/v2\/media?parent=12444"}],"wp:term":[{"taxonomy":"post_tag","embeddable":true,"href":"https:\/\/lovefoodhatewaste.ca\/fr\/wp-json\/wp\/v2\/tags?post=12444"}],"curies":[{"name":"wp","href":"https:\/\/api.w.org\/{rel}","templated":true}]}}