{"id":12473,"date":"2018-05-04T12:13:30","date_gmt":"2018-05-04T19:13:30","guid":{"rendered":"http:\/\/lfhw.site\/?page_id=12473"},"modified":"2018-07-03T14:16:22","modified_gmt":"2018-07-03T21:16:22","slug":"fraises","status":"publish","type":"page","link":"https:\/\/lovefoodhatewaste.ca\/fr\/conservez-old\/guide-pour-les-fruits-et-les-legumes\/fraises\/","title":{"rendered":"Fraises"},"content":{"rendered":"<div class=\"wpb-content-wrapper\"><p>[vc_row css=\u00a0\u00bb.vc_custom_1488536699571{padding-top: 70px !important;padding-bottom: 6px !important;}\u00a0\u00bb][vc_column][vc_empty_space][vc_row_inner row_content_width=\u00a0\u00bbgrid\u00a0\u00bb][vc_column_inner]<div class=\"edgtf-elements-holder edgtf-one-column edgtf-responsive-mode-768\" ><div class=\"edgtf-eh-item \"  data-item-class=\"edgtf-eh-custom-136227\">\n\t<div class=\"edgtf-eh-item-inner\">\n\t\t<div class=\"edgtf-eh-item-content edgtf-eh-custom-136227\" >\n\t\t\t[vc_column_text]\u200bD\u00e9bordantes de saveur, les fraises annoncent le d\u00e9but de l&rsquo;\u00e9t\u00e9. Elles sont \u00e0 leur meilleur durant une courte p\u00e9riode seulement, alors apprenez \u00e0 en prendre soin et \u00e0 profiter de chaque bouch\u00e9e.[\/vc_column_text]\t\t<\/div>\n\t<\/div>\n<\/div><\/div>[\/vc_column_inner][\/vc_row_inner][vc_row_inner row_content_width=\u00a0\u00bbgrid\u00a0\u00bb][vc_column_inner offset=\u00a0\u00bbvc_col-lg-6 vc_col-md-12&Prime;]<div class=\"edgtf-elements-holder edgtf-one-column edgtf-responsive-mode-768\" ><div class=\"edgtf-eh-item \"  data-item-class=\"edgtf-eh-custom-231799\" data-1024-1280=\"34px 8% 50px 0%\" data-768-1024=\"0 25% 74px 0%\" data-600-768=\"0 12% 74px 0%\" data-480-600=\"1px 0% 72px 0%\" data-480=\"1px 0% 72px 0%\">\n\t<div class=\"edgtf-eh-item-inner\">\n\t\t<div class=\"edgtf-eh-item-content edgtf-eh-custom-231799\" style=\"padding: 34px 10% 50px 0%\">\n\t\t\t[vc_empty_space height=\u00a0\u00bb19px\u00a0\u00bb][vc_column_text]<\/p>\n<h3>Entreposage optimal<\/h3>\n<div class=\"ExternalClassA14B5610962541538367D257885D4E9A\">\n<ul>\n<li>Ne les lavez pas avant d&rsquo;\u00eatre pr\u00eat \u00e0 les manger\n<ul>\n<li>C\u2019est important pour deux raisons. Une fois mouill\u00e9es, les fraises absorbent l&rsquo;humidit\u00e9, ce qui les rend plus susceptibles de ramollir et de se g\u00e2ter rapidement. De plus, les baies humides sont plus susceptibles de moisir.<\/li>\n<\/ul>\n<\/li>\n<li>Si vous ne pr\u00e9voyez pas manger vos fraises le jour o\u00f9 vous les rapportez \u00e0 la maison, le meilleur endroit pour les ranger est dans le tiroir \u00e0 l\u00e9gumes du r\u00e9frig\u00e9rateur. Il aide \u00e0 maintenir l&rsquo;humidit\u00e9 et emp\u00eache les baies de se dess\u00e9cher.<\/li>\n<li>D\u00e9posez-les en une seule couche dans un r\u00e9cipient a\u00e9r\u00e9 ou un plateau garni d&rsquo;un linge ou d\u2019un essuie-tout. Si l&rsquo;espace est limit\u00e9, rangez-les en plusieurs couches s\u00e9par\u00e9es par un linge.<\/li>\n<li>Laissez les queues sur les fraises jusqu&rsquo;au moment de les manger.<\/li>\n<\/ul>\n<\/div>\n<p>[\/vc_column_text]\t\t<\/div>\n\t<\/div>\n<\/div><\/div>[\/vc_column_inner][vc_column_inner offset=\u00a0\u00bbvc_col-lg-6 vc_col-md-12 vc_col-xs-12&Prime;]<div class=\"edgtf-elements-holder edgtf-one-column edgtf-responsive-mode-768\" ><div class=\"edgtf-eh-item edgtf-horizontal-alignment-center\"  data-item-class=\"edgtf-eh-custom-965186\" data-768-1024=\"51px 0 74px 0\" data-480-600=\"51px 0 75px 0\" data-480=\"51px 0 75px 0\">\n\t<div class=\"edgtf-eh-item-inner\">\n\t\t<div class=\"edgtf-eh-item-content edgtf-eh-custom-965186\" style=\"padding: 44px 0 25px 0\">\n\t\t\t[vc_empty_space height=\u00a0\u00bb40px\u00a0\u00bb][vc_single_image image=\u00a0\u00bb11625&Prime; img_size=\u00a0\u00bbfull\u00a0\u00bb]\t\t<\/div>\n\t<\/div>\n<\/div><\/div>[\/vc_column_inner][\/vc_row_inner][vc_row_inner row_content_width=\u00a0\u00bbgrid\u00a0\u00bb][vc_column_inner]<div class=\"edgtf-elements-holder edgtf-one-column edgtf-responsive-mode-768\" ><div class=\"edgtf-eh-item \"  data-item-class=\"edgtf-eh-custom-162383\">\n\t<div class=\"edgtf-eh-item-inner\">\n\t\t<div class=\"edgtf-eh-item-content edgtf-eh-custom-162383\" >\n\t\t\t[vc_column_text]<\/p>\n<h3>Cong\u00e9lation<\/h3>\n<div class=\"ExternalClass3A24DD2DC4864972AA361F026159DF36\">\n<ol>\n<li>Rincez, s\u00e9chez et \u00e9queutez.<\/li>\n<li>Placez les fraises, c\u00f4t\u00e9 coup\u00e9 vers le bas, sur une plaque \u00e0 p\u00e2tisserie recouverte de papier cir\u00e9 et congeler.<\/li>\n<li>Transf\u00e9rer dans un contenant herm\u00e9tique une fois congel\u00e9es.<\/li>\n<li>Utilisez-les congel\u00e9es, ou d\u00e9congelez-les \u00e0 temp\u00e9rature ambiante pendant une heure<\/li>\n<\/ol>\n<\/div>\n<p>[\/vc_column_text][vc_empty_space height=\u00a0\u00bb80px\u00a0\u00bb]\t\t<\/div>\n\t<\/div>\n<\/div><\/div>[\/vc_column_inner][\/vc_row_inner][\/vc_column][\/vc_row][vc_row css=\u00a0\u00bb.vc_custom_1525730731446{padding-top: 22px !important;padding-bottom: 55px !important;background-color: #ededed !important;}\u00a0\u00bb][vc_column]<div class=\"edgtf-parallax-holder edgtf-vertical-middle-align edgtf-disabled-parallax-on-touch\" data-parallax-speed=\"1\" style=\"min-height: 400px;height: 400px\">\n\t<div class=\"edgtf-parallax-inner\">\n\t\t[vc_row_inner row_content_width=\u00a0\u00bbgrid\u00a0\u00bb][vc_column_inner][vc_empty_space height=\u00a0\u00bb50px\u00a0\u00bb][vc_column_text]<\/p>\n<h3>De la racine au fruit<\/h3>\n<div class=\"ExternalClassF8B9172DF2CF4EB58F23A927C2E5919F\">\n<p><strong>Utilisez les queues<\/strong><\/p>\n<ul>\n<li>Les queues de fraise sont comestibles. Il n\u2019y a pas de probl\u00e8me \u00e0 les garder pour la pr\u00e9paration de smoothies.<\/li>\n<li>Ajoutez les queues de fraises \u00e0 un pichet d&rsquo;eau. Elles ajoutent une belle touche de saveur de fraise.<\/li>\n<\/ul>\n<p><strong>\u00c9queutez vos fraises sans rien perdre du fruit<\/strong><\/p>\n<p>Coupez le haut de la fraise pour enlever la queue peut gaspiller une grande partie du fruit. Apprenez \u00e0 les \u00e9queuter pour que la majeure partie de la baie soit conserv\u00e9e.<\/p>\n<ul>\n<li><a href=\"https:\/\/www.saveur.com\/article\/Video\/VIDEO-How-to-Hull-a-Strawberry\" target=\"_blank\" rel=\"noopener\">Avec un couteau d\u2019office (Saveur)<\/a><\/li>\n<li><a href=\"https:\/\/www.youtube.com\/watch?v=Nzd7RTUQlC0\" target=\"_blank\" rel=\"noopener\">Avec une paille (ToutComment.com)<\/a><\/li>\n<\/ul>\n<\/div>\n<h3>R\u00e9chappez<\/h3>\n<div class=\"ExternalClassFDB8C063892D4F04ABE3525E01886F78\">\n<p><strong>Moisies<\/strong><\/p>\n<p>Si une petite quantit\u00e9 de fraises dans un contenant pr\u00e9sente des moisissures, ne jetez pas tout le contenu. Au lieu de cela, triez-les et ne jetez que les mauvaises. Faites-le le plus t\u00f4t possible pour \u00e9viter la propagation de la moisissure.<\/p>\n<p><strong>Faites ressortir la saveur<\/strong><\/p>\n<p>Pour faire ressortir la saveur des baies fatigu\u00e9es, \u00e9queutez et tranchez les fraises puis d\u00e9posez-les dans un bol. Saupoudrez d&rsquo;un peu de sucre et laissez reposer 15 minutes. Le sucre tirera l&rsquo;humidit\u00e9 des baies pour faire un sirop sucr\u00e9 naturel.<\/p>\n<\/div>\n<p>[\/vc_column_text][vc_empty_space height=\u00a0\u00bb50px\u00a0\u00bb][\/vc_column_inner][\/vc_row_inner]\t<\/div>\n<\/div>\n[\/vc_column][\/vc_row][vc_row row_content_width=\u00a0\u00bbgrid\u00a0\u00bb css=\u00a0\u00bb.vc_custom_1490866376814{padding-top: 16px !important;padding-right: 0px !important;padding-bottom: 77px !important;padding-left: 0px !important;}\u00a0\u00bb][vc_column]<div class=\"edgtf-elements-holder edgtf-two-columns edgtf-responsive-mode-1024\" ><div class=\"edgtf-eh-item \"  data-item-class=\"edgtf-eh-custom-204934\" data-1280-1600=\"35px 12% 70px 0%\" data-1024-1280=\"44px 12% 70px 0%\" data-768-1024=\"33px 12% 131px 0%\" data-480-600=\"45px 0% 140px 0%\" data-480=\"45px 0% 140px 0%\">\n\t<div class=\"edgtf-eh-item-inner\">\n\t\t<div class=\"edgtf-eh-item-content edgtf-eh-custom-204934\" style=\"padding: 45px 12% 70px 0%\">\n\t\t\t[vc_empty_space height=\u00a0\u00bb16px\u00a0\u00bb][vc_column_text]<\/p>\n<h3>Sources<\/h3>\n<div class=\"ExternalClass3325F527EB8D4DC49F187C9195C76121\">\n<ul>\n<li><a href=\"http:\/\/www.danagunders.com\/\" target=\"_blank\" rel=\"noopener\">Waste Free Kitchen Handbook by Dana Gunders<\/a><\/li>\n<li><a href=\"http:\/\/www.thekitchn.com\/the-best-ways-to-store-strawberries-tips-from-the-kitchn-219932\" target=\"_blank\" rel=\"noopener\">The Kitchn<\/a><\/li>\n<\/ul>\n<\/div>\n<p>[\/vc_column_text][vc_empty_space height=\u00a0\u00bb16px\u00a0\u00bb]\t\t<\/div>\n\t<\/div>\n<\/div><\/div>[\/vc_column][\/vc_row]<\/p>\n<\/div>","protected":false},"excerpt":{"rendered":"<p>[vc_row css=\u00a0\u00bb.vc_custom_1488536699571{padding-top: 70px !important;padding-bottom: 6px !important;}\u00a0\u00bb][vc_column][vc_empty_space][vc_row_inner row_content_width=\u00a0\u00bbgrid\u00a0\u00bb][vc_column_inner][\/vc_column_inner][\/vc_row_inner][vc_row_inner row_content_width=\u00a0\u00bbgrid\u00a0\u00bb][vc_column_inner offset=\u00a0\u00bbvc_col-lg-6 vc_col-md-12&Prime;][\/vc_column_inner][vc_column_inner offset=\u00a0\u00bbvc_col-lg-6 vc_col-md-12 vc_col-xs-12&Prime;][\/vc_column_inner][\/vc_row_inner][vc_row_inner row_content_width=\u00a0\u00bbgrid\u00a0\u00bb][vc_column_inner][\/vc_column_inner][\/vc_row_inner][\/vc_column][\/vc_row][vc_row css=\u00a0\u00bb.vc_custom_1525730731446{padding-top: 22px !important;padding-bottom: 55px !important;background-color: #ededed !important;}\u00a0\u00bb][vc_column][\/vc_column][\/vc_row][vc_row row_content_width=\u00a0\u00bbgrid\u00a0\u00bb css=\u00a0\u00bb.vc_custom_1490866376814{padding-top: 16px !important;padding-right: 0px !important;padding-bottom: 77px !important;padding-left: 0px !important;}\u00a0\u00bb][vc_column][\/vc_column][\/vc_row]<\/p>\n","protected":false},"author":1,"featured_media":12307,"parent":12344,"menu_order":0,"comment_status":"closed","ping_status":"closed","template":"full-width.php","meta":{"_acf_changed":false,"_eb_attr":"","wprm-recipe-roundup-name":"","wprm-recipe-roundup-description":"","footnotes":""},"tags":[226],"class_list":["post-12473","page","type-page","status-publish","has-post-thumbnail","hentry","tag-guide-pour-les-produits"],"acf":[],"_links":{"self":[{"href":"https:\/\/lovefoodhatewaste.ca\/fr\/wp-json\/wp\/v2\/pages\/12473","targetHints":{"allow":["GET"]}}],"collection":[{"href":"https:\/\/lovefoodhatewaste.ca\/fr\/wp-json\/wp\/v2\/pages"}],"about":[{"href":"https:\/\/lovefoodhatewaste.ca\/fr\/wp-json\/wp\/v2\/types\/page"}],"author":[{"embeddable":true,"href":"https:\/\/lovefoodhatewaste.ca\/fr\/wp-json\/wp\/v2\/users\/1"}],"replies":[{"embeddable":true,"href":"https:\/\/lovefoodhatewaste.ca\/fr\/wp-json\/wp\/v2\/comments?post=12473"}],"version-history":[{"count":0,"href":"https:\/\/lovefoodhatewaste.ca\/fr\/wp-json\/wp\/v2\/pages\/12473\/revisions"}],"up":[{"embeddable":true,"href":"https:\/\/lovefoodhatewaste.ca\/fr\/wp-json\/wp\/v2\/pages\/12344"}],"wp:featuredmedia":[{"embeddable":true,"href":"https:\/\/lovefoodhatewaste.ca\/fr\/wp-json\/wp\/v2\/media\/12307"}],"wp:attachment":[{"href":"https:\/\/lovefoodhatewaste.ca\/fr\/wp-json\/wp\/v2\/media?parent=12473"}],"wp:term":[{"taxonomy":"post_tag","embeddable":true,"href":"https:\/\/lovefoodhatewaste.ca\/fr\/wp-json\/wp\/v2\/tags?post=12473"}],"curies":[{"name":"wp","href":"https:\/\/api.w.org\/{rel}","templated":true}]}}