{"id":12483,"date":"2018-05-02T12:36:00","date_gmt":"2018-05-02T19:36:00","guid":{"rendered":"http:\/\/lfhw.site\/?page_id=12483"},"modified":"2022-01-20T10:01:08","modified_gmt":"2022-01-20T18:01:08","slug":"duree-de-conservation","status":"publish","type":"page","link":"https:\/\/lovefoodhatewaste.ca\/fr\/conservez\/duree-de-conservation\/","title":{"rendered":"Dur\u00e9e de conservation"},"content":{"rendered":"<div class=\"wpb-content-wrapper\"><p>[vc_row][vc_column][vc_row_inner][vc_column_inner][vc_column_text]<\/p>\n<h3>Bien conserver\u2026 mieux manger!<\/h3>\n<p>[\/vc_column_text][vc_empty_space][\/vc_column_inner][\/vc_row_inner][\/vc_column][\/vc_row][vc_row][vc_column width=\u00a0\u00bb2\/3&Prime;]<div class=\"edgtf-accordion-holder clearfix edgtf-ac-default edgtf-toggle edgtf-ac-boxed\">\n\t<h5 class=\"edgtf-title-holder\">\n    <span class=\"edgtf-accordion-mark\">\n\t\t<span class=\"edgtf_icon_plus icon_plus\"><\/span>\n\t\t<span class=\"edgtf_icon_minus icon_minus-06\"><\/span>\n\t<\/span>\n\t<span class=\"edgtf-tab-title\">L\u00e9gumes<\/span>\n<\/h5>\n<div class=\"edgtf-accordion-content\">\n\t<div class=\"edgtf-accordion-content-inner\">\n\t\t[vc_row_inner][vc_column_inner][vc_column_text]<\/p>\n<table class=\"shelf-life-f\">\n<tbody>\n<tr>\n<th>L\u00e9gumes<\/th>\n<th>Comptoir<\/th>\n<th>R\u00e9frig\u00e9rateur<\/th>\n<th>Cong\u00e9lateur<\/th>\n<\/tr>\n<tr>\n<td>Aubergines<\/td>\n<td><\/td>\n<td>7 jours<\/td>\n<td>12 mois<\/td>\n<\/tr>\n<tr>\n<td>Artichauts<\/td>\n<td>\u200b<\/td>\n<td>3 jours<\/td>\n<td><\/td>\n<\/tr>\n<tr>\n<td>Asperges<\/td>\n<td>\u200b<\/td>\n<td>4 jours<\/td>\n<td>12 mois<\/td>\n<\/tr>\n<tr>\n<td>Betteraves<\/td>\n<td>\u200b<\/td>\n<td>3 semaines<\/td>\n<td>12 mois<\/td>\n<\/tr>\n<tr>\n<td>Brocolis<\/td>\n<td>\u200b<\/td>\n<td>5 jours<\/td>\n<td>12 mois<\/td>\n<\/tr>\n<tr>\n<td>Carottes<\/td>\n<td>\u200b<\/td>\n<td>3 mois<\/td>\n<td>12 mois<\/td>\n<\/tr>\n<tr>\n<td>C\u00e9leris<\/td>\n<td>\u200b<\/td>\n<td>2 semaines<\/td>\n<td><\/td>\n<\/tr>\n<tr>\n<td>Champignons<\/td>\n<td>\u200b<\/td>\n<td>5 jours<\/td>\n<td>12 mois<\/td>\n<\/tr>\n<tr>\n<td>Choux<\/td>\n<td>\u200b<\/td>\n<td>2 semaines<\/td>\n<td>12 mois<\/td>\n<\/tr>\n<tr>\n<td>Choux de Bruxelles<\/td>\n<td>\u200b<\/td>\n<td>6 jours<\/td>\n<td>12 mois<\/td>\n<\/tr>\n<tr>\n<td>Choux-fleurs<\/td>\n<td>\u200b<\/td>\n<td>6 jours<\/td>\n<td>12 mois<\/td>\n<\/tr>\n<tr>\n<td>Concombres<\/td>\n<td>\u200b<\/td>\n<td>1 semaine<\/td>\n<td>\u200b<\/td>\n<\/tr>\n<tr>\n<td>Courges d\u2019\u00e9t\u00e9, courgettes<\/td>\n<td>\u200b<\/td>\n<td>1 semaine<\/td>\n<td>12 mois<\/td>\n<\/tr>\n<tr>\n<td>Courges d\u2019hiver<\/td>\n<td>\u200b1 semaine<\/td>\n<td>6 mois<\/td>\n<td>\u200b<\/td>\n<\/tr>\n<tr>\n<td>\u00c9chalotes (oignons verts)<\/td>\n<td>\u200b<\/td>\n<td>1 semaine<\/td>\n<td>\u200b12 mois<\/td>\n<\/tr>\n<tr>\n<td>\u00c9pinards<\/td>\n<td>\u200b<\/td>\n<td>4-5 jours<\/td>\n<td>12 mois<\/td>\n<\/tr>\n<tr>\n<td>Haricots verts et jaunes<\/td>\n<td><\/td>\n<td>\u200b5-6 jours<\/td>\n<td>\u200b12 mois<\/td>\n<\/tr>\n<tr>\n<td>Laitue<\/td>\n<td>\u200b<\/td>\n<td>1 semaine<\/td>\n<td><\/td>\n<\/tr>\n<tr>\n<td>L\u00e9gumes-feuilles<\/td>\n<td>\u200b<\/td>\n<td>5-7 jours<\/td>\n<td><\/td>\n<\/tr>\n<tr>\n<td>L\u00e9gumes en conserve<\/td>\n<td>\u200b12 mois<\/td>\n<td>3 jours (lorsque la conserve est ouverte)<\/td>\n<td>\u200b<\/td>\n<\/tr>\n<tr>\n<td>\u200bMa\u00efs entiers<\/td>\n<td>\u200b<\/td>\n<td>\u200b2-3 jours<\/td>\n<td>12 mois<\/td>\n<\/tr>\n<tr>\n<td>Oignons<\/td>\n<td>3 semaines (dans un endroit sombre et frais)<\/td>\n<td>\u200b<\/td>\n<td>\u200b<\/td>\n<\/tr>\n<tr>\n<td>Patates<\/td>\n<td>\u200b2-3 semaines (dans un endroit sombre et frais)<\/td>\n<td><\/td>\n<td>\u200b<\/td>\n<\/tr>\n<tr>\n<td>Patates sucr\u00e9es<\/td>\n<td>\u200b3-4 semaines<\/td>\n<td><\/td>\n<td>\u200b<\/td>\n<\/tr>\n<tr>\n<td>Fines herbes fra\u00eeches<\/td>\n<td>\u200b<\/td>\n<td>4 jours<\/td>\n<td>12 mois<\/td>\n<\/tr>\n<tr>\n<td>Pois verts, pois mange-tout<\/td>\n<td>\u200b<\/td>\n<td>2 jours<\/td>\n<td>12 mois<\/td>\n<\/tr>\n<tr>\n<td>Poivrons : vert, rouge, jaune ou orange<\/td>\n<td>\u200b<\/td>\n<td>\u200b1 semaine<\/td>\n<td>\u200b12 mois<\/td>\n<\/tr>\n<tr>\n<td>\u200bRadis<\/td>\n<td>\u200b<\/td>\n<td>\u200b1 semaine<\/td>\n<td>\u200b<\/td>\n<\/tr>\n<tr>\n<td>Tomates (congeler lorsque m\u00fbres)<\/td>\n<td>\u200b4-6 jours<\/td>\n<td>\u200b1 semaine<\/td>\n<td>12 mois<\/td>\n<\/tr>\n<\/tbody>\n<\/table>\n<p>[\/vc_column_text][\/vc_column_inner][\/vc_row_inner]\t<\/div>\n<\/div><h5 class=\"edgtf-title-holder\">\n    <span class=\"edgtf-accordion-mark\">\n\t\t<span class=\"edgtf_icon_plus icon_plus\"><\/span>\n\t\t<span class=\"edgtf_icon_minus icon_minus-06\"><\/span>\n\t<\/span>\n\t<span class=\"edgtf-tab-title\">Fruits<\/span>\n<\/h5>\n<div class=\"edgtf-accordion-content\">\n\t<div class=\"edgtf-accordion-content-inner\">\n\t\t[vc_row_inner][vc_column_inner][vc_column_text]<\/p>\n<table class=\"shelf-life-f\">\n<tbody>\n<tr>\n<th>Fruit<\/th>\n<th>Comptoir<\/th>\n<th>R\u00e9frig\u00e9rateur<\/th>\n<th>Cong\u00e9lateur<\/th>\n<\/tr>\n<tr>\n<td>Agrumes<\/td>\n<td><\/td>\n<td>3 semaines<\/td>\n<td>12 mois<\/td>\n<\/tr>\n<tr>\n<td>Ananas<\/td>\n<td>\u200bJusqu\u2019\u00e0 ce qu\u2019il soit m\u00fbr<\/td>\n<td>5-7 jours<\/td>\n<td>4-6 mois<\/td>\n<\/tr>\n<tr>\n<td>Avocats (congeler lorsque m\u00fbrs)<\/td>\n<td>Jusqu\u2019\u00e0 ce qu\u2019il soit m\u00fbr<\/td>\n<td>\u200b2-3 jours<\/td>\n<td>12 mois<\/td>\n<\/tr>\n<tr>\n<td>Bananes (congeler lorsque m\u00fbres)<\/td>\n<td>\u200b3-5 jours<\/td>\n<td><\/td>\n<td>8 mois<\/td>\n<\/tr>\n<tr>\n<td>Bananes plantain (congeler lorsque m\u00fbres)<\/td>\n<td>\u200b3-5 jours<\/td>\n<td><\/td>\n<td>\u200b8 mois<\/td>\n<\/tr>\n<tr>\n<td>\u200bCanneberges<\/td>\n<td>\u200b<\/td>\n<td>1 semaine<\/td>\n<td>\u200b8-12 mois<\/td>\n<\/tr>\n<tr>\n<td>Cerises<\/td>\n<td>\u200b<\/td>\n<td>\u200b2-3 jours<\/td>\n<td>12 mois<\/td>\n<\/tr>\n<tr>\n<td>Fruits en conserve<\/td>\n<td>12 mois<\/td>\n<td>\u200b4 jours (apr\u00e8s ouverture)<\/td>\n<td>\u200b<\/td>\n<\/tr>\n<tr>\n<td>\u200bFruits s\u00e9ch\u00e9s<\/td>\n<td>\u200b6 mois<\/td>\n<td>\u200b<\/td>\n<td>\u200b<\/td>\n<\/tr>\n<tr>\n<td>Mangues (congeler lorsque m\u00fbres)<\/td>\n<td>\u200b1-3 jours<\/td>\n<td><\/td>\n<td>\u200b8 mois<\/td>\n<\/tr>\n<tr>\n<td>Melon miel, cantaloup, melon d\u2019eau<\/td>\n<td><\/td>\n<td>\u200b1 semaine<\/td>\n<td>\u200b8-12 mois<\/td>\n<\/tr>\n<tr>\n<td>Nectarines<\/td>\n<td>\u200b<\/td>\n<td>1-3 jours<\/td>\n<td>\u200b8-12 mois<\/td>\n<\/tr>\n<tr>\n<td>Papayes (congeler lorsque m\u00fbres)<\/td>\n<td>\u200b1-3 jours<\/td>\n<td><\/td>\n<td>\u200b8-12 mois<\/td>\n<\/tr>\n<tr>\n<td>P\u00eaches<\/td>\n<td><\/td>\n<td>\u200b1-3 jours<\/td>\n<td>\u200b8-12 mois<\/td>\n<\/tr>\n<tr>\n<td>Petits fruits (baies)<\/td>\n<td>\u200b<\/td>\n<td>2-3 jours<\/td>\n<td>12 mois<\/td>\n<\/tr>\n<tr>\n<td>Poires<\/td>\n<td>\u200b<\/td>\n<td>\u200b3-5 jours<\/td>\n<td>\u200b8-12 mois<\/td>\n<\/tr>\n<tr>\n<td>Pommes<\/td>\n<td>\u200b<\/td>\n<td>4 semaines<\/td>\n<td>\u200b8-12 mois<\/td>\n<\/tr>\n<tr>\n<td>Prunes<\/td>\n<td>\u200b<\/td>\n<td>\u200b3-5 jours<\/td>\n<td>12 mois<\/td>\n<\/tr>\n<tr>\n<td>Raisins<\/td>\n<td>\u200b<\/td>\n<td>5 jours<\/td>\n<td>\u200b<\/td>\n<\/tr>\n<tr>\n<td>Rhubarbe<\/td>\n<td>\u200b<\/td>\n<td>1 semaine<\/td>\n<td>\u200b8-12 mois<\/td>\n<\/tr>\n<\/tbody>\n<\/table>\n<p>[\/vc_column_text][\/vc_column_inner][\/vc_row_inner]\t<\/div>\n<\/div><h5 class=\"edgtf-title-holder\">\n    <span class=\"edgtf-accordion-mark\">\n\t\t<span class=\"edgtf_icon_plus icon_plus\"><\/span>\n\t\t<span class=\"edgtf_icon_minus icon_minus-06\"><\/span>\n\t<\/span>\n\t<span class=\"edgtf-tab-title\">Noix et noix de coco<\/span>\n<\/h5>\n<div class=\"edgtf-accordion-content\">\n\t<div class=\"edgtf-accordion-content-inner\">\n\t\t[vc_row_inner][vc_column_inner][vc_column_text]<\/p>\n<table class=\"shelf-life-f\">\n<tbody>\n<tr>\n<th>Noix<\/th>\n<th>Comptoir<\/th>\n<th>R\u00e9frig\u00e9rateur<\/th>\n<th>Cong\u00e9lateur<\/th>\n<\/tr>\n<tr>\n<td>Noix de coco<\/td>\n<td>2-4 mois (non ouverte)<\/td>\n<td>7 jours (chair; ouverte)<br \/>\n4-5 jours (lait)<\/td>\n<td>12 mois (chair et lait)<\/td>\n<\/tr>\n<tr>\n<td>Noix<\/td>\n<td>3-6 mois (non \u00e9cal\u00e9es)<\/td>\n<td>6 mois<\/td>\n<td>12 mois<\/td>\n<\/tr>\n<\/tbody>\n<\/table>\n<p>[\/vc_column_text][\/vc_column_inner][\/vc_row_inner]\t<\/div>\n<\/div><h5 class=\"edgtf-title-holder\">\n    <span class=\"edgtf-accordion-mark\">\n\t\t<span class=\"edgtf_icon_plus icon_plus\"><\/span>\n\t\t<span class=\"edgtf_icon_minus icon_minus-06\"><\/span>\n\t<\/span>\n\t<span class=\"edgtf-tab-title\">Poissons et fruits de mer<\/span>\n<\/h5>\n<div class=\"edgtf-accordion-content\">\n\t<div class=\"edgtf-accordion-content-inner\">\n\t\t[vc_row_inner][vc_column_inner][vc_column_text]<\/p>\n<table class=\"shelf-life-f\">\n<tbody>\n<tr>\n<th>Poissons ou fruits de mer<\/th>\n<th>Comptoir<\/th>\n<th>R\u00e9frig\u00e9rateur<\/th>\n<th>Cong\u00e9lateur<\/th>\n<\/tr>\n<tr>\n<td>Chair de crabe cuite<\/td>\n<td><\/td>\n<td>1-2 jours<\/td>\n<td>1 mois<\/td>\n<\/tr>\n<tr>\n<td>Poisson gras (saumon, truite, etc.)<\/td>\n<td><\/td>\n<td>1-2 jours<\/td>\n<td>2 mois<\/td>\n<\/tr>\n<tr>\n<td>Poisson maigre (sole, tilapia, etc.)<\/td>\n<td><\/td>\n<td>2-3 jours<\/td>\n<td>6 mois<\/td>\n<\/tr>\n<tr>\n<td>Poisson, en conserve<\/td>\n<td>2 mois<\/td>\n<td>2 jours (apr\u00e8s ouverture)<\/td>\n<td><\/td>\n<\/tr>\n<tr>\n<td>Poisson, cuit<\/td>\n<td><\/td>\n<td>14 jours<\/td>\n<td>4-6 mois<\/td>\n<\/tr>\n<tr>\n<td>Poisson, fum\u00e9 \u00e0 froid<\/td>\n<td><\/td>\n<td>3-4 jours<\/td>\n<td>2 mois<\/td>\n<\/tr>\n<tr>\n<td>Poisson pan\u00e9<\/td>\n<td><\/td>\n<td><\/td>\n<td>3 mois<\/td>\n<\/tr>\n<tr>\n<td>Homard<\/td>\n<td><\/td>\n<td>1-2 jours<\/td>\n<td>2-3 mois<\/td>\n<\/tr>\n<tr>\n<td>Hu\u00eetres dans leur coquille<\/td>\n<td><\/td>\n<td>2-3 semaines<\/td>\n<td><\/td>\n<\/tr>\n<tr>\n<td>Hu\u00eetres sans coquille<\/td>\n<td><\/td>\n<td>2-3 jours<\/td>\n<td>2-4 mois<\/td>\n<\/tr>\n<tr>\n<td>P\u00e9toncles<\/td>\n<td><\/td>\n<td>1-2 jours<\/td>\n<td>3 mois<\/td>\n<\/tr>\n<tr>\n<td>Crevettes<\/td>\n<td><\/td>\n<td>1-2 jours<\/td>\n<td>2-4 mois<\/td>\n<\/tr>\n<tr>\n<td>Calmar<\/td>\n<td><\/td>\n<td>1-2 jours<\/td>\n<td>3-6 mois<\/td>\n<\/tr>\n<\/tbody>\n<\/table>\n<p>[\/vc_column_text][\/vc_column_inner][\/vc_row_inner]\t<\/div>\n<\/div><h5 class=\"edgtf-title-holder\">\n    <span class=\"edgtf-accordion-mark\">\n\t\t<span class=\"edgtf_icon_plus icon_plus\"><\/span>\n\t\t<span class=\"edgtf_icon_minus icon_minus-06\"><\/span>\n\t<\/span>\n\t<span class=\"edgtf-tab-title\">Produits secs, c\u00e9r\u00e9ales et condiments<\/span>\n<\/h5>\n<div class=\"edgtf-accordion-content\">\n\t<div class=\"edgtf-accordion-content-inner\">\n\t\t[vc_row_inner][vc_column_inner][vc_column_text]<\/p>\n<table class=\"shelf-life-f\">\n<tbody>\n<tr>\n<th>Produits secs<\/th>\n<th>Comptoir<\/th>\n<th>R\u00e9frig\u00e9rateur<\/th>\n<th>Cong\u00e9lateur<\/th>\n<\/tr>\n<tr>\n<td>Poudre \u00e0 p\u00e2te<\/td>\n<td>12-18 mois<\/td>\n<td><\/td>\n<td><\/td>\n<\/tr>\n<tr>\n<td>Bicarbonate de sodium (soda \u00e0 p\u00e2te)<\/td>\n<td>12-18 mois<\/td>\n<td><\/td>\n<td><\/td>\n<\/tr>\n<tr>\n<td>C\u00e9r\u00e9ales de type granola<\/td>\n<td>6 mois<\/td>\n<td><\/td>\n<td><\/td>\n<\/tr>\n<tr>\n<td>C\u00e9r\u00e9ales pr\u00eates \u00e0 servir<\/td>\n<td>8 mois<\/td>\n<td><\/td>\n<td><\/td>\n<\/tr>\n<tr>\n<td>Farine blanche<\/td>\n<td>24 mois<\/td>\n<td><\/td>\n<td><\/td>\n<\/tr>\n<tr>\n<td>Gruau d\u2019avoine<\/td>\n<td>6-10 mois<\/td>\n<td><\/td>\n<td><\/td>\n<\/tr>\n<tr>\n<td>L\u00e9gumineuses s\u00e8ches<\/td>\n<td>12 mois<\/td>\n<td><\/td>\n<td><\/td>\n<\/tr>\n<tr>\n<td>Ma\u00efs \u00e0 popcorn<\/td>\n<td>24 mois<\/td>\n<td><\/td>\n<td><\/td>\n<\/tr>\n<tr>\n<td>Orge<\/td>\n<td>18-24 mois<\/td>\n<td><\/td>\n<td><\/td>\n<\/tr>\n<tr>\n<td>Pois secs<\/td>\n<td>12 mois<\/td>\n<td><\/td>\n<td><\/td>\n<\/tr>\n<tr>\n<td>Riz blanc ou brun<\/td>\n<td>12 mois<\/td>\n<td><\/td>\n<td><\/td>\n<\/tr>\n<tr>\n<td>Riz sauvage<\/td>\n<td>12 mois<\/td>\n<td><\/td>\n<td><\/td>\n<\/tr>\n<tr>\n<td>Sucre<\/td>\n<td>24 mois<\/td>\n<td><\/td>\n<td><\/td>\n<\/tr>\n<\/tbody>\n<\/table>\n<p>[\/vc_column_text][\/vc_column_inner][\/vc_row_inner]\t<\/div>\n<\/div><h5 class=\"edgtf-title-holder\">\n    <span class=\"edgtf-accordion-mark\">\n\t\t<span class=\"edgtf_icon_plus icon_plus\"><\/span>\n\t\t<span class=\"edgtf_icon_minus icon_minus-06\"><\/span>\n\t<\/span>\n\t<span class=\"edgtf-tab-title\">Gras et huiles<\/span>\n<\/h5>\n<div class=\"edgtf-accordion-content\">\n\t<div class=\"edgtf-accordion-content-inner\">\n\t\t[vc_row_inner][vc_column_inner][vc_column_text]<\/p>\n<table class=\"shelf-life-f\">\n<tbody>\n<tr>\n<th>Gras et huiles<\/th>\n<th>Comptoir<\/th>\n<th>R\u00e9frig\u00e9rateur<\/th>\n<th>Cong\u00e9lateur<\/th>\n<\/tr>\n<tr>\n<td>Huile: v\u00e9g\u00e9tale ou d\u2019olive<\/td>\n<td>12 mois<\/td>\n<td><\/td>\n<td><\/td>\n<\/tr>\n<tr>\n<td>Shortening v\u00e9g\u00e9tal<\/td>\n<td><\/td>\n<td>9 mois<\/td>\n<td><\/td>\n<\/tr>\n<\/tbody>\n<\/table>\n<p>[\/vc_column_text][\/vc_column_inner][\/vc_row_inner]\t<\/div>\n<\/div><h5 class=\"edgtf-title-holder\">\n    <span class=\"edgtf-accordion-mark\">\n\t\t<span class=\"edgtf_icon_plus icon_plus\"><\/span>\n\t\t<span class=\"edgtf_icon_minus icon_minus-06\"><\/span>\n\t<\/span>\n\t<span class=\"edgtf-tab-title\">Viandes et produits laitiers<\/span>\n<\/h5>\n<div class=\"edgtf-accordion-content\">\n\t<div class=\"edgtf-accordion-content-inner\">\n\t\t[vc_row_inner][vc_column_inner][vc_column_text]<\/p>\n<table class=\"shelf-life-f\">\n<tbody>\n<tr>\n<th>Viandes et produits laitiers<\/th>\n<th>Comptoir<\/th>\n<th>R\u00e9frig\u00e9rateur<\/th>\n<th>Cong\u00e9lateur<\/th>\n<\/tr>\n<tr>\n<td>Agneau (c\u00f4telettes, r\u00f4tis)<\/td>\n<td><\/td>\n<td>3-5 jours<\/td>\n<td>6-9 mois<\/td>\n<\/tr>\n<tr>\n<td>Babeurre<\/td>\n<td><\/td>\n<td>2 semaines<\/td>\n<td><\/td>\n<\/tr>\n<tr>\n<td>Bacon<\/td>\n<td><\/td>\n<td>1 semaine (apr\u00e8s ouverture)<\/td>\n<td>1-2 mois<\/td>\n<\/tr>\n<tr>\n<td>Beurre sal\u00e9<\/td>\n<td><\/td>\n<td>3 semaines<\/td>\n<td>12 mois<\/td>\n<\/tr>\n<tr>\n<td>Boeuf\u00a0: hach\u00e9, en cubes, tranch\u00e9 mince et abats<\/td>\n<td><\/td>\n<td>1-2 jours<\/td>\n<td>3-4 mois<\/td>\n<\/tr>\n<tr>\n<td>B\u0153uf\u00a0: steaks, r\u00f4tis<\/td>\n<td><\/td>\n<td>3-5 jours<\/td>\n<td>6-12 mois<\/td>\n<\/tr>\n<tr>\n<td>Charcuteries en tranches<\/td>\n<td><\/td>\n<td>3-5 jours<\/td>\n<td>1-2 mois<\/td>\n<\/tr>\n<tr>\n<td>Cr\u00e8me (\u00e0 caf\u00e9, \u00e0 fouetter, fra\u00eeche)<\/td>\n<td><\/td>\n<td>3-5 jours (apr\u00e8s ouverture)<\/td>\n<td>1 mois<\/td>\n<\/tr>\n<tr>\n<td>Cr\u00e8me glac\u00e9e et sorbet<\/td>\n<td><\/td>\n<td><\/td>\n<td>3 mois<\/td>\n<\/tr>\n<tr>\n<td>Fromage \u00e0 p\u00e2te ferme (cheddar, mozzarella, etc.)<\/td>\n<td><\/td>\n<td>5 semaines<\/td>\n<td>6 mois<\/td>\n<\/tr>\n<tr>\n<td>Fromage \u00e0 p\u00e2te molle (brie, camembert, etc.)<\/td>\n<td><\/td>\n<td>3-4 semaines<\/td>\n<td><\/td>\n<\/tr>\n<tr>\n<td>Fromage fondu \u00e0 tartiner<\/td>\n<td><\/td>\n<td>3-4 semaines (apr\u00e8s ouverture)<\/td>\n<td><\/td>\n<\/tr>\n<tr>\n<td>Fromage frais (cottage, ricotta)<\/td>\n<td><\/td>\n<td>3-5 jours<\/td>\n<td><\/td>\n<\/tr>\n<tr>\n<td>Gibier<\/td>\n<td><\/td>\n<td>2 jours<\/td>\n<td>3 mois<\/td>\n<\/tr>\n<tr>\n<td>Lait<\/td>\n<td><\/td>\n<td>3-5 jours (apr\u00e8s ouverture)<\/td>\n<td>6 semaines<\/td>\n<\/tr>\n<tr>\n<td>Lait concentr\u00e9<\/td>\n<td>9-12 mois (conserve non ouverte)<\/td>\n<td>5 jours (conserve ouverte)<\/td>\n<td><\/td>\n<\/tr>\n<tr>\n<td>Margarine<\/td>\n<td><\/td>\n<td>1-3 mois<\/td>\n<td>6-9 mois<\/td>\n<\/tr>\n<tr>\n<td>Oeufs frais, en coquille<\/td>\n<td><\/td>\n<td>1 mois<\/td>\n<td><\/td>\n<\/tr>\n<tr>\n<td>Oeufs durs, en coquille<\/td>\n<td><\/td>\n<td>1 semaine<\/td>\n<td><\/td>\n<\/tr>\n<tr>\n<td>Porc (c\u00f4telettes, r\u00f4tis)<\/td>\n<td><\/td>\n<td>3-5 jours<\/td>\n<td>4-6 mois<\/td>\n<\/tr>\n<tr>\n<td>Saucisses fra\u00eeches<\/td>\n<td><\/td>\n<td>1-2 jours<\/td>\n<td>2-3 mois<\/td>\n<\/tr>\n<tr>\n<td>Tofu<\/td>\n<td><\/td>\n<td>6-7 jours<\/td>\n<td>1-2 mois<\/td>\n<\/tr>\n<tr>\n<td>Volaille enti\u00e8re<\/td>\n<td><\/td>\n<td>1-3 jours<\/td>\n<td>10-12 mois<\/td>\n<\/tr>\n<tr>\n<td>Volaille en morceaux<\/td>\n<td><\/td>\n<td>1-2 jours<\/td>\n<td>6-9 mois<\/td>\n<\/tr>\n<tr>\n<td>Yogourt<\/td>\n<td><\/td>\n<td>2-3 semaines<\/td>\n<td>1 mois<\/td>\n<\/tr>\n<tr>\n<td>\u200bCr\u00e8me sure<\/td>\n<td>\u200b<\/td>\n<td>\u200bRespecter la date de p\u00e9remption<\/td>\n<td>\u200b1-3 mois<\/td>\n<\/tr>\n<tr>\n<td>\u200bCr\u00e8me fouett\u00e9e<\/td>\n<td>\u200b<\/td>\n<td>\u200bRespecter la date de p\u00e9remption<\/td>\n<td>\u200b1 mois<\/td>\n<\/tr>\n<\/tbody>\n<\/table>\n<p>[\/vc_column_text][\/vc_column_inner][\/vc_row_inner]\t<\/div>\n<\/div><h5 class=\"edgtf-title-holder\">\n    <span class=\"edgtf-accordion-mark\">\n\t\t<span class=\"edgtf_icon_plus icon_plus\"><\/span>\n\t\t<span class=\"edgtf_icon_minus icon_minus-06\"><\/span>\n\t<\/span>\n\t<span class=\"edgtf-tab-title\">P\u00e2tes alimentaires et conserves<\/span>\n<\/h5>\n<div class=\"edgtf-accordion-content\">\n\t<div class=\"edgtf-accordion-content-inner\">\n\t\t[vc_row_inner][vc_column_inner][vc_column_text]<\/p>\n<table class=\"shelf-life-f\">\n<tbody>\n<tr>\n<th>P\u00e2tes alimentaires et conserves<\/th>\n<th>Comptoir<\/th>\n<th>R\u00e9frig\u00e9rateur<\/th>\n<th>Cong\u00e9lateur<\/th>\n<\/tr>\n<tr>\n<td>Mayonnaise (commerciale)<\/td>\n<td>12 mois (avant ouverture)<\/td>\n<td>2 mois (apr\u00e8s ouverture)<\/td>\n<td><\/td>\n<\/tr>\n<tr>\n<td>P\u00e2tes alimentaires s\u00e8ches<\/td>\n<td>12 mois<\/td>\n<td>\u200b<\/td>\n<td>\u200b<\/td>\n<\/tr>\n<tr>\n<td>P\u00e2tes alimentaires fra\u00eeches<\/td>\n<td><\/td>\n<td>1 semaine<\/td>\n<td>1 mois<\/td>\n<\/tr>\n<tr>\n<td>P\u00e2tes alimentaires aux oeufs (s\u00e8ches)<\/td>\n<td>6 mois<\/td>\n<td><\/td>\n<td><\/td>\n<\/tr>\n<tr>\n<td>Olives en pot<\/td>\n<td>12 mois (avant ouverture)<\/td>\n<td>2 mois (apr\u00e8s ouverture)<\/td>\n<td><\/td>\n<\/tr>\n<tr>\n<td>Nouilles de riz<\/td>\n<td>12 mois<\/td>\n<td><\/td>\n<td><\/td>\n<\/tr>\n<tr>\n<td>Cornichons en pot<\/td>\n<td>12 mois (avant ouverture)<\/td>\n<td>2 mois (apr\u00e8s ouverture)<\/td>\n<td><\/td>\n<\/tr>\n<tr>\n<td>Sauce tomate<\/td>\n<td>12 mois (avant ouverture)<\/td>\n<td>4 jours (apr\u00e8s ouverture)<\/td>\n<td><\/td>\n<\/tr>\n<tr>\n<td>Extrait de vanille<\/td>\n<td>12 mois (apr\u00e8s ouverture);<\/td>\n<td>24 mois (avant ouverture)<\/td>\n<td><\/td>\n<td><\/td>\n<\/tr>\n<tr>\n<td>Vinaigre<\/td>\n<td>24 mois<\/td>\n<td><\/td>\n<td><\/td>\n<\/tr>\n<\/tbody>\n<\/table>\n<p>[\/vc_column_text][\/vc_column_inner][\/vc_row_inner]\t<\/div>\n<\/div><h5 class=\"edgtf-title-holder\">\n    <span class=\"edgtf-accordion-mark\">\n\t\t<span class=\"edgtf_icon_plus icon_plus\"><\/span>\n\t\t<span class=\"edgtf_icon_minus icon_minus-06\"><\/span>\n\t<\/span>\n\t<span class=\"edgtf-tab-title\">\u00c9pices et fines herbes<\/span>\n<\/h5>\n<div class=\"edgtf-accordion-content\">\n\t<div class=\"edgtf-accordion-content-inner\">\n\t\t[vc_row_inner][vc_column_inner][vc_column_text]<\/p>\n<table class=\"shelf-life-f\">\n<tbody>\n<tr>\n<th>\u00c9pices et fines herbes<\/th>\n<th>Comptoir<\/th>\n<th>R\u00e9frig\u00e9rateur<\/th>\n<th>Cong\u00e9lateur<\/th>\n<\/tr>\n<tr>\n<td>\u00c9pices et fines herbes, enti\u00e8res<\/td>\n<td>24 mois<\/td>\n<td><\/td>\n<td><\/td>\n<\/tr>\n<tr>\n<td>\u00c9pices et fines herbes, moulues<\/td>\n<td>12 mois<\/td>\n<td><\/td>\n<td><\/td>\n<\/tr>\n<\/tbody>\n<\/table>\n<p>[\/vc_column_text][\/vc_column_inner][\/vc_row_inner]\t<\/div>\n<\/div><h5 class=\"edgtf-title-holder\">\n    <span class=\"edgtf-accordion-mark\">\n\t\t<span class=\"edgtf_icon_plus icon_plus\"><\/span>\n\t\t<span class=\"edgtf_icon_minus icon_minus-06\"><\/span>\n\t<\/span>\n\t<span class=\"edgtf-tab-title\">Aliments pr\u00e9par\u00e9s<\/span>\n<\/h5>\n<div class=\"edgtf-accordion-content\">\n\t<div class=\"edgtf-accordion-content-inner\">\n\t\t[vc_row_inner][vc_column_inner][vc_column_text]<\/p>\n<table class=\"shelf-life-f\">\n<tbody>\n<tr>\n<th>Aliments pr\u00e9par\u00e9s<\/th>\n<th>Comptoir<\/th>\n<th>R\u00e9frig\u00e9rateur<\/th>\n<th>Cong\u00e9lateur<\/th>\n<\/tr>\n<tr>\n<td>Biscuits<\/td>\n<td>5-7 jours<\/td>\n<td><\/td>\n<td>4-6 semaines<\/td>\n<\/tr>\n<tr>\n<td>Pain<\/td>\n<td>3-7 jours<\/td>\n<td><\/td>\n<td>2-3 mois<\/td>\n<\/tr>\n<tr>\n<td>G\u00e2teau<\/td>\n<td>1-3 jours<\/td>\n<td><\/td>\n<td>6 mois<\/td>\n<\/tr>\n<tr>\n<td>G\u00e2teau au fromage<\/td>\n<td><\/td>\n<td>3-7 jours<\/td>\n<td>2-3 mois<\/td>\n<\/tr>\n<tr>\n<td>Sauce \u00e0 la viande<\/td>\n<td>12 mois (avant ouverture)<\/td>\n<td>3-5 jours<\/td>\n<td>4-6 mois<\/td>\n<\/tr>\n<tr>\n<td>Sauce cocktail<\/td>\n<td>36 mois (avant ouverture)<\/td>\n<td><\/td>\n<td>6 mois (apr\u00e8s ouverture)<\/td>\n<\/tr>\n<tr>\n<td>Caf\u00e9 moulu<\/td>\n<td>1 mois (apr\u00e8s ouverture)<\/td>\n<td><\/td>\n<td><\/td>\n<\/tr>\n<tr>\n<td>P\u00e2tisseries (danoises, beignes, etc.)<\/td>\n<td>1-3 jours<\/td>\n<td>3-4 jours<\/td>\n<td>1 mois<\/td>\n<\/tr>\n<tr>\n<td>G\u00e2teau aux fruits<\/td>\n<td><\/td>\n<td>8 mois<\/td>\n<td>12 mois<\/td>\n<\/tr>\n<tr>\n<td>Guacamole<\/td>\n<td><\/td>\n<td>5-7 jours<\/td>\n<td>2 mois<\/td>\n<\/tr>\n<tr>\n<td>Miel<\/td>\n<td>18 mois<\/td>\n<td><\/td>\n<td><\/td>\n<\/tr>\n<tr>\n<td>Houmous<\/td>\n<td><\/td>\n<td>5-7 jours (apr\u00e8s ouverture)<br \/>\n1 mois (avant ouverture)<\/td>\n<td>2 mois (avant ouverture)<\/td>\n<\/tr>\n<tr>\n<td>Confitures et gel\u00e9es<\/td>\n<td><\/td>\n<td>6-8 mois (apr\u00e8s ouverture)<\/td>\n<td><\/td>\n<\/tr>\n<tr>\n<td>Ketchup et marinades<\/td>\n<td>12 mois (avant ouverture)<\/td>\n<td>6 mois (apr\u00e8s ouverture)<\/td>\n<td><\/td>\n<\/tr>\n<tr>\n<td>Viande ou volaille cuite, sans sauce<\/td>\n<td><\/td>\n<td>3-4 jours<\/td>\n<td>2-3 mois<\/td>\n<\/tr>\n<tr>\n<td>Viande ou volaille cuite, avec sauce<\/td>\n<td><\/td>\n<td>2-4 jours<\/td>\n<td>4-6 mois<\/td>\n<\/tr>\n<tr>\n<td>Muffins<\/td>\n<td>3-7 jours<\/td>\n<td><\/td>\n<td>2-3 mois<\/td>\n<\/tr>\n<tr>\n<td>Moutarde douce (ordinaire)<\/td>\n<td><\/td>\n<td>12 mois (apr\u00e8s ouverture)<\/td>\n<td><\/td>\n<\/tr>\n<tr>\n<td>Moutarde forte<\/td>\n<td><\/td>\n<td>9 mois (apr\u00e8s ouverture)<\/td>\n<td><\/td>\n<\/tr>\n<tr>\n<td>Cr\u00eapes et pancakes<\/td>\n<td><\/td>\n<td>3-7 jours<\/td>\n<td>2-3 mois<\/td>\n<\/tr>\n<tr>\n<td>Beurre d\u2019arachides<\/td>\n<td>2 mois (apr\u00e8s ouverture)<\/td>\n<td>6-8 mois (apr\u00e8s ouverture)<\/td>\n<td><\/td>\n<\/tr>\n<tr>\n<td>Tarte aux fruits<\/td>\n<td><\/td>\n<td>2-3 jours<\/td>\n<td>12 mois<\/td>\n<\/tr>\n<tr>\n<td>\u200bP\u00e2t\u00e9s \u00e0 la viande et quiches<\/td>\n<td>\u200b<\/td>\n<td>\u200b2-3 jours<\/td>\n<td>\u200b3 mois<\/td>\n<\/tr>\n<tr>\n<td>Brioches<\/td>\n<td>3-7 jours<\/td>\n<td><\/td>\n<td>2-3 mois<\/td>\n<\/tr>\n<tr>\n<td>F\u00e8ves au lard<\/td>\n<td><\/td>\n<td>3-4 jours<\/td>\n<td>6-10 mois<\/td>\n<\/tr>\n<tr>\n<td>Vinaigrette commerciale<\/td>\n<td>12-18 mois (avant ouverture)<\/td>\n<td>12 semaines (apr\u00e8s ouverture)<\/td>\n<td><\/td>\n<\/tr>\n<tr>\n<td>Salades contenant \u0153ufs, poulet, thon ou macaroni<\/td>\n<td><\/td>\n<td>3-5 jours<\/td>\n<td>\u200b<\/td>\n<\/tr>\n<tr>\n<td>Sandwiches<\/td>\n<td><\/td>\n<td>1-2 jours<\/td>\n<td>1 semaine<\/td>\n<\/tr>\n<tr>\n<td>Sauce sans viande<\/td>\n<td><\/td>\n<td>3 jours<\/td>\n<td>6-12 mois<\/td>\n<\/tr>\n<tr>\n<td>Potages et soupes<\/td>\n<td><\/td>\n<td>3 jours<\/td>\n<td>2-3 mois<\/td>\n<\/tr>\n<tr>\n<td>Rago\u00fbts<\/td>\n<td><\/td>\n<td>2-3 jours<\/td>\n<td>3 mois<\/td>\n<\/tr>\n<tr>\n<td>Th\u00e9 dans un contenant herm\u00e9tique<\/td>\n<td>24 mois<\/td>\n<td>\u200b<\/td>\n<td><\/td>\n<\/tr>\n<\/tbody>\n<\/table>\n<p>[\/vc_column_text][\/vc_column_inner][\/vc_row_inner]\t<\/div>\n<\/div><\/div>[vc_empty_space height=\u00a0\u00bb100px\u00a0\u00bb][\/vc_column][vc_column width=\u00a0\u00bb1\/3&Prime;][vc_row_inner][vc_column_inner][vc_column_text]Utilisez votre jugement lorsque vous utilisez des aliments que vous avez entrepos\u00e9s au r\u00e9frig\u00e9rateur ou au cong\u00e9lateur. Dans le doute, compostez-les.<\/p>\n<p>Les dur\u00e9es d\u2019entreposage recommand\u00e9es au cong\u00e9lateur sont uniquement pour assurer la qualit\u00e9 des aliments.<\/p>\n<p>[\/vc_column_text][\/vc_column_inner][\/vc_row_inner][\/vc_column][\/vc_row]<\/p>\n<\/div>","protected":false},"excerpt":{"rendered":"<p>[vc_row][vc_column][vc_row_inner][vc_column_inner][vc_column_text] Bien conserver\u2026 mieux manger! [\/vc_column_text][vc_empty_space][\/vc_column_inner][\/vc_row_inner][\/vc_column][\/vc_row][vc_row][vc_column width=\u00a0\u00bb2\/3&Prime;][vc_empty_space height=\u00a0\u00bb100px\u00a0\u00bb][\/vc_column][vc_column width=\u00a0\u00bb1\/3&Prime;][vc_row_inner][vc_column_inner][vc_column_text]Utilisez votre jugement lorsque vous utilisez des aliments que vous avez entrepos\u00e9s au r\u00e9frig\u00e9rateur ou au cong\u00e9lateur. Dans le doute, compostez-les. Les dur\u00e9es d\u2019entreposage recommand\u00e9es au cong\u00e9lateur sont uniquement pour assurer la [&hellip;]<\/p>\n","protected":false},"author":1,"featured_media":13164,"parent":22942,"menu_order":4,"comment_status":"closed","ping_status":"closed","template":"","meta":{"_acf_changed":false,"_eb_attr":"","wprm-recipe-roundup-name":"","wprm-recipe-roundup-description":"","footnotes":""},"tags":[229],"class_list":["post-12483","page","type-page","status-publish","has-post-thumbnail","hentry","tag-garder-le-frais"],"acf":[],"_links":{"self":[{"href":"https:\/\/lovefoodhatewaste.ca\/fr\/wp-json\/wp\/v2\/pages\/12483","targetHints":{"allow":["GET"]}}],"collection":[{"href":"https:\/\/lovefoodhatewaste.ca\/fr\/wp-json\/wp\/v2\/pages"}],"about":[{"href":"https:\/\/lovefoodhatewaste.ca\/fr\/wp-json\/wp\/v2\/types\/page"}],"author":[{"embeddable":true,"href":"https:\/\/lovefoodhatewaste.ca\/fr\/wp-json\/wp\/v2\/users\/1"}],"replies":[{"embeddable":true,"href":"https:\/\/lovefoodhatewaste.ca\/fr\/wp-json\/wp\/v2\/comments?post=12483"}],"version-history":[{"count":0,"href":"https:\/\/lovefoodhatewaste.ca\/fr\/wp-json\/wp\/v2\/pages\/12483\/revisions"}],"up":[{"embeddable":true,"href":"https:\/\/lovefoodhatewaste.ca\/fr\/wp-json\/wp\/v2\/pages\/22942"}],"wp:featuredmedia":[{"embeddable":true,"href":"https:\/\/lovefoodhatewaste.ca\/fr\/wp-json\/wp\/v2\/media\/13164"}],"wp:attachment":[{"href":"https:\/\/lovefoodhatewaste.ca\/fr\/wp-json\/wp\/v2\/media?parent=12483"}],"wp:term":[{"taxonomy":"post_tag","embeddable":true,"href":"https:\/\/lovefoodhatewaste.ca\/fr\/wp-json\/wp\/v2\/tags?post=12483"}],"curies":[{"name":"wp","href":"https:\/\/api.w.org\/{rel}","templated":true}]}}