{"id":12491,"date":"2018-05-02T12:42:16","date_gmt":"2018-05-02T19:42:16","guid":{"rendered":"http:\/\/lfhw.site\/?page_id=12491"},"modified":"2019-05-09T14:30:22","modified_gmt":"2019-05-09T21:30:22","slug":"mise-en-conserve-etape-par-etape","status":"publish","type":"page","link":"https:\/\/lovefoodhatewaste.ca\/fr\/utilisez-tout\/mise-en-conserve-etape-par-etape\/","title":{"rendered":"Mise en conserve \u00e9tape par \u00e9tape"},"content":{"rendered":"<div class=\"wpb-content-wrapper\"><p>[vc_row][vc_column][vc_column_text]La mise en conserve r\u00e9duit le gaspillage et vous permet de profiter de la saveur estivale durant toute l\u2019ann\u00e9e. Lorsqu\u2019il s\u2019agit de s\u00e9lectionner des produits pour faire des conserves, choisissez des l\u00e9gumes m\u00fbrs et de bonne qualit\u00e9. Le processus de mise en conserve consiste \u00e0 ralentir la d\u00e9composition naturelle des aliments. Nous savons que la t\u00e2che peut \u00eatre d\u00e9courageante. Voil\u00e0 pourquoi nous avons s\u00e9par\u00e9 le processus en quelques \u00e9tapes simples pour vous aider \u00e0 commencer du bon pied.[\/vc_column_text][vc_empty_space]<a itemprop=\"url\" href=\"\/wp-content\/uploads\/2018\/08\/18-086_ER_LFHW_Canning-Guide_2-sided-sheet_v1-FR.pdf\" target=\"_blank\"  class=\"edgtf-btn edgtf-btn-large edgtf-btn-solid edgtf-btn-icon\"  >\n    <span class=\"edgtf-btn-text\">Mise en conserve \u00e9tape par \u00e9tape<\/span>\n    <i class=\"edgtf-icon-ion-icon ion-document \" ><\/i><\/a>[vc_empty_space height=\u00a0\u00bb64px\u00a0\u00bb][\/vc_column][\/vc_row]<\/p>\n<\/div>","protected":false},"excerpt":{"rendered":"<p>[vc_row][vc_column][vc_column_text]La mise en conserve r\u00e9duit le gaspillage et vous permet de profiter de la saveur estivale durant toute l\u2019ann\u00e9e. Lorsqu\u2019il s\u2019agit de s\u00e9lectionner des produits pour faire des conserves, choisissez des l\u00e9gumes m\u00fbrs et de bonne qualit\u00e9. Le processus de [&hellip;]<\/p>\n","protected":false},"author":1,"featured_media":13169,"parent":22947,"menu_order":6,"comment_status":"closed","ping_status":"closed","template":"","meta":{"_acf_changed":false,"_eb_attr":"","wprm-recipe-roundup-name":"","wprm-recipe-roundup-description":"","footnotes":""},"tags":[237,271],"class_list":["post-12491","page","type-page","status-publish","has-post-thumbnail","hentry","tag-utilisez-le-au-complete","tag-utlisez-le"],"acf":[],"_links":{"self":[{"href":"https:\/\/lovefoodhatewaste.ca\/fr\/wp-json\/wp\/v2\/pages\/12491","targetHints":{"allow":["GET"]}}],"collection":[{"href":"https:\/\/lovefoodhatewaste.ca\/fr\/wp-json\/wp\/v2\/pages"}],"about":[{"href":"https:\/\/lovefoodhatewaste.ca\/fr\/wp-json\/wp\/v2\/types\/page"}],"author":[{"embeddable":true,"href":"https:\/\/lovefoodhatewaste.ca\/fr\/wp-json\/wp\/v2\/users\/1"}],"replies":[{"embeddable":true,"href":"https:\/\/lovefoodhatewaste.ca\/fr\/wp-json\/wp\/v2\/comments?post=12491"}],"version-history":[{"count":0,"href":"https:\/\/lovefoodhatewaste.ca\/fr\/wp-json\/wp\/v2\/pages\/12491\/revisions"}],"up":[{"embeddable":true,"href":"https:\/\/lovefoodhatewaste.ca\/fr\/wp-json\/wp\/v2\/pages\/22947"}],"wp:featuredmedia":[{"embeddable":true,"href":"https:\/\/lovefoodhatewaste.ca\/fr\/wp-json\/wp\/v2\/media\/13169"}],"wp:attachment":[{"href":"https:\/\/lovefoodhatewaste.ca\/fr\/wp-json\/wp\/v2\/media?parent=12491"}],"wp:term":[{"taxonomy":"post_tag","embeddable":true,"href":"https:\/\/lovefoodhatewaste.ca\/fr\/wp-json\/wp\/v2\/tags?post=12491"}],"curies":[{"name":"wp","href":"https:\/\/api.w.org\/{rel}","templated":true}]}}