{"id":12497,"date":"2018-05-02T12:41:08","date_gmt":"2018-05-02T19:41:08","guid":{"rendered":"http:\/\/lfhw.site\/?page_id=12497"},"modified":"2018-06-13T13:17:55","modified_gmt":"2018-06-13T20:17:55","slug":"idees-de-recettes","status":"publish","type":"page","link":"https:\/\/lovefoodhatewaste.ca\/fr\/utilisez-tout-old\/idees-de-recettes\/","title":{"rendered":"Id\u00e9es de recettes"},"content":{"rendered":"<div class=\"wpb-content-wrapper\"><p>[vc_row][vc_column][vc_empty_space][vc_column_text]Pour utiliser vos ingr\u00e9dients en surplus et vos restes, voici de d\u00e9licieuses recettes, du g\u00e2teau streusel aux baies trop m\u00fbres en passant par la frittata de restes du r\u00e9frig\u00e9rateur.[\/vc_column_text][vc_empty_space][vc_masonry_grid post_type=\u00a0\u00bbpost\u00a0\u00bb max_items=\u00a0\u00bb-1&Prime; element_width=\u00a0\u00bb3&Prime; item=\u00a0\u00bb13697&Prime; grid_id=\u00a0\u00bbvc_gid:1528914304264-55c94f98-ee11-8&Prime; taxonomies=\u00a0\u00bb218&Prime;][vc_empty_space][\/vc_column][\/vc_row]<\/p>\n<\/div>","protected":false},"excerpt":{"rendered":"<p>[vc_row][vc_column][vc_empty_space][vc_column_text]Pour utiliser vos ingr\u00e9dients en surplus et vos restes, voici de d\u00e9licieuses recettes, du g\u00e2teau streusel aux baies trop m\u00fbres en passant par la frittata de restes du r\u00e9frig\u00e9rateur.[\/vc_column_text][vc_empty_space][vc_masonry_grid post_type=\u00a0\u00bbpost\u00a0\u00bb max_items=\u00a0\u00bb-1&Prime; element_width=\u00a0\u00bb3&Prime; item=\u00a0\u00bb13697&Prime; grid_id=\u00a0\u00bbvc_gid:1528914304264-55c94f98-ee11-8&Prime; taxonomies=\u00a0\u00bb218&Prime;][vc_empty_space][\/vc_column][\/vc_row]<\/p>\n","protected":false},"author":1,"featured_media":13151,"parent":12062,"menu_order":3,"comment_status":"closed","ping_status":"closed","template":"","meta":{"_acf_changed":false,"_eb_attr":"","wprm-recipe-roundup-name":"","wprm-recipe-roundup-description":"","footnotes":""},"tags":[237,271],"class_list":["post-12497","page","type-page","status-publish","has-post-thumbnail","hentry","tag-utilisez-le-au-complete","tag-utlisez-le"],"acf":[],"_links":{"self":[{"href":"https:\/\/lovefoodhatewaste.ca\/fr\/wp-json\/wp\/v2\/pages\/12497","targetHints":{"allow":["GET"]}}],"collection":[{"href":"https:\/\/lovefoodhatewaste.ca\/fr\/wp-json\/wp\/v2\/pages"}],"about":[{"href":"https:\/\/lovefoodhatewaste.ca\/fr\/wp-json\/wp\/v2\/types\/page"}],"author":[{"embeddable":true,"href":"https:\/\/lovefoodhatewaste.ca\/fr\/wp-json\/wp\/v2\/users\/1"}],"replies":[{"embeddable":true,"href":"https:\/\/lovefoodhatewaste.ca\/fr\/wp-json\/wp\/v2\/comments?post=12497"}],"version-history":[{"count":0,"href":"https:\/\/lovefoodhatewaste.ca\/fr\/wp-json\/wp\/v2\/pages\/12497\/revisions"}],"up":[{"embeddable":true,"href":"https:\/\/lovefoodhatewaste.ca\/fr\/wp-json\/wp\/v2\/pages\/12062"}],"wp:featuredmedia":[{"embeddable":true,"href":"https:\/\/lovefoodhatewaste.ca\/fr\/wp-json\/wp\/v2\/media\/13151"}],"wp:attachment":[{"href":"https:\/\/lovefoodhatewaste.ca\/fr\/wp-json\/wp\/v2\/media?parent=12497"}],"wp:term":[{"taxonomy":"post_tag","embeddable":true,"href":"https:\/\/lovefoodhatewaste.ca\/fr\/wp-json\/wp\/v2\/tags?post=12497"}],"curies":[{"name":"wp","href":"https:\/\/api.w.org\/{rel}","templated":true}]}}