{"id":12499,"date":"2018-05-02T12:39:39","date_gmt":"2018-05-02T19:39:39","guid":{"rendered":"http:\/\/lfhw.site\/?page_id=12499"},"modified":"2018-07-03T14:29:50","modified_gmt":"2018-07-03T21:29:50","slug":"gaspillez-moins-avec-les-enfants","status":"publish","type":"page","link":"https:\/\/lovefoodhatewaste.ca\/fr\/utilisez-tout\/gaspillez-moins-avec-les-enfants\/","title":{"rendered":"Gaspillez moins avec les enfants"},"content":{"rendered":"<div class=\"wpb-content-wrapper\"><p>[vc_row][vc_column][vc_empty_space][vc_column_text]Le fait de conna\u00eetre les trucs permettant la bonne conservation des aliments peut parfois nous para\u00eetre complexe!<\/p>\n<p>Cela est notamment le cas des nouveaux parents, qui souhaitent que leurs enfants mangent sainement et amplement, sans trop gaspiller. Voil\u00e0 donc quelques conseils \u00e0 mettre en pratique avec des touts-petits ou des enfants.<\/p>\n<p><span style=\"font-size: 16px;\">\u00a0<\/span>[\/vc_column_text][vc_empty_space height=\u00a0\u00bb80px\u00a0\u00bb][vc_column_text]<\/p>\n<h2>Pour les touts-petits<\/h2>\n<p>[\/vc_column_text][vc_empty_space height=\u00a0\u00bb64px\u00a0\u00bb]<div class=\"edgtf-inner-row-holder edgtf-grid-row  edgtf-grid-large-gutter\"><div class=\"edgtf-irh-column  edgtf-grid-col-6\">\n\t<div class=\"edgtf-accordion-holder clearfix edgtf-ac-default edgtf-accordion edgtf-ac-simple\">\n\t<h5 class=\"edgtf-title-holder\">\n    <span class=\"edgtf-accordion-mark\">\n\t\t<span class=\"edgtf_icon_plus icon_plus\"><\/span>\n\t\t<span class=\"edgtf_icon_minus icon_minus-06\"><\/span>\n\t<\/span>\n\t<span class=\"edgtf-tab-title\">Donnez-leur votre nourriture<\/span>\n<\/h5>\n<div class=\"edgtf-accordion-content\">\n\t<div class=\"edgtf-accordion-content-inner\">\n\t\t[vc_column_text]Gagnez du temps, de l&rsquo;\u00e9nergie et \u00e9vitez les restes intouch\u00e9s en nourrissant votre enfant avec la m\u00eame nourriture que celle que vous mangez, mise en pur\u00e9e pour les plus petits. Servez-vous une plus petite portion en sachant que vous finirez probablement ce qu&rsquo;ils ne mangeront pas. Commencez quand ils sont jeunes et vous ne serez jamais le chef personnel de votre enfant.<\/p>\n<p><span style=\"font-size: 16px;\">\u00a0<\/span>[\/vc_column_text]\t<\/div>\n<\/div><h5 class=\"edgtf-title-holder\">\n    <span class=\"edgtf-accordion-mark\">\n\t\t<span class=\"edgtf_icon_plus icon_plus\"><\/span>\n\t\t<span class=\"edgtf_icon_minus icon_minus-06\"><\/span>\n\t<\/span>\n\t<span class=\"edgtf-tab-title\">Servez de petites portions<\/span>\n<\/h5>\n<div class=\"edgtf-accordion-content\">\n\t<div class=\"edgtf-accordion-content-inner\">\n\t\t[vc_column_text]Nous voulons que nos enfants essayent de nouveaux aliments, mais des \u00e9tudes montrent que de nombreux enfants doivent essayer un aliment jusqu&rsquo;\u00e0 15 fois avant de l&rsquo;accepter. Commencez avec de petites portions pour diminuer la quantit\u00e9 de nourriture qui reste intouch\u00e9e. Vous pouvez toujours leur offrir un rappel s\u2019ils sont int\u00e9ress\u00e9s.<\/p>\n<p><span style=\"font-size: 16px;\">\u00a0<\/span>[\/vc_column_text]\t<\/div>\n<\/div><h5 class=\"edgtf-title-holder\">\n    <span class=\"edgtf-accordion-mark\">\n\t\t<span class=\"edgtf_icon_plus icon_plus\"><\/span>\n\t\t<span class=\"edgtf_icon_minus icon_minus-06\"><\/span>\n\t<\/span>\n\t<span class=\"edgtf-tab-title\">R\u00e9cup\u00e9rez les petites portions <\/span>\n<\/h5>\n<div class=\"edgtf-accordion-content\">\n\t<div class=\"edgtf-accordion-content-inner\">\n\t\t[vc_column_text]En parlant de ces portions \u00e0 peine touch\u00e9es, r\u00e9cup\u00e9rez-les! Servez les restes \u00e0 nouveau dans les prochains jours ou incorporez-les \u00e0 autre chose. Utilisez les restes de lait dans votre caf\u00e9 du matin et les restes de l\u00e9gumes dans un saut\u00e9. Les pur\u00e9es peuvent \u00eatre ajout\u00e9es \u00e0 une sauce pour p\u00e2tes ou \u00e0 une soupe.<\/p>\n<p><span style=\"font-size: 16px;\">\u00a0<\/span>[\/vc_column_text]\t<\/div>\n<\/div><h5 class=\"edgtf-title-holder\">\n    <span class=\"edgtf-accordion-mark\">\n\t\t<span class=\"edgtf_icon_plus icon_plus\"><\/span>\n\t\t<span class=\"edgtf_icon_minus icon_minus-06\"><\/span>\n\t<\/span>\n\t<span class=\"edgtf-tab-title\">Limitez les collations<\/span>\n<\/h5>\n<div class=\"edgtf-accordion-content\">\n\t<div class=\"edgtf-accordion-content-inner\">\n\t\t[vc_column_text]Les enfants qui grignotent constamment n&rsquo;ont pas faim pendant les repas.<\/p>\n<p><span style=\"font-size: 16px;\">\u00a0<\/span>[\/vc_column_text]\t<\/div>\n<\/div><\/div><\/div><div class=\"edgtf-irh-column  edgtf-grid-col-6\">\n\t[vc_single_image image=\u00a0\u00bb11696&Prime; img_size=\u00a0\u00bbfull\u00a0\u00bb]<\/div><\/div>[vc_empty_space height=\u00a0\u00bb80px\u00a0\u00bb][vc_column_text]<\/p>\n<h2>Pour les nouveaux mangeurs<\/h2>\n<p>[\/vc_column_text][vc_empty_space height=\u00a0\u00bb80px\u00a0\u00bb]<div class=\"edgtf-inner-row-holder edgtf-grid-row  edgtf-grid-large-gutter\"><div class=\"edgtf-irh-column  edgtf-grid-col-6\">\n\t[vc_single_image image=\u00a0\u00bb11698&Prime; img_size=\u00a0\u00bbfull\u00a0\u00bb]<\/div><div class=\"edgtf-irh-column  edgtf-grid-col-6\">\n\t<div class=\"edgtf-accordion-holder clearfix edgtf-ac-default edgtf-accordion edgtf-ac-simple\">\n\t<h5 class=\"edgtf-title-holder\">\n    <span class=\"edgtf-accordion-mark\">\n\t\t<span class=\"edgtf_icon_plus icon_plus\"><\/span>\n\t\t<span class=\"edgtf_icon_minus icon_minus-06\"><\/span>\n\t<\/span>\n\t<span class=\"edgtf-tab-title\">Oubliez la r\u00e8gle des cinq secondes<\/span>\n<\/h5>\n<div class=\"edgtf-accordion-content\">\n\t<div class=\"edgtf-accordion-content-inner\">\n\t\t[vc_column_text]Placez une nappe propre sous la chaise haute de votre petit avant de lui servir de la nourriture. De cette fa\u00e7on, les aliments qui tombent (ou qui sont propuls\u00e9s) hors du plateau sont toujours bons \u00e0 manger et peuvent simplement \u00eatre remis dans son assiette.<\/p>\n<p><span style=\"font-size: 16px;\">\u00a0<\/span>[\/vc_column_text]\t<\/div>\n<\/div><h5 class=\"edgtf-title-holder\">\n    <span class=\"edgtf-accordion-mark\">\n\t\t<span class=\"edgtf_icon_plus icon_plus\"><\/span>\n\t\t<span class=\"edgtf_icon_minus icon_minus-06\"><\/span>\n\t<\/span>\n\t<span class=\"edgtf-tab-title\">Nourriture en morceaux<\/span>\n<\/h5>\n<div class=\"edgtf-accordion-content\">\n\t<div class=\"edgtf-accordion-content-inner\">\n\t\t[vc_column_text]Les petits morceaux ne se renversent pas, peuvent \u00eatre facilement r\u00e9cup\u00e9r\u00e9s sur la nappe sous sa chaise et permettent \u00e0 votre enfant d&rsquo;apprendre \u00e0 se nourrir de fa\u00e7on autonome.<\/p>\n<p><span style=\"font-size: 16px;\">\u00a0<\/span>[\/vc_column_text]\t<\/div>\n<\/div><h5 class=\"edgtf-title-holder\">\n    <span class=\"edgtf-accordion-mark\">\n\t\t<span class=\"edgtf_icon_plus icon_plus\"><\/span>\n\t\t<span class=\"edgtf_icon_minus icon_minus-06\"><\/span>\n\t<\/span>\n\t<span class=\"edgtf-tab-title\">Ne tol\u00e9rez pas les d\u00e9g\u00e2ts volontaires<\/span>\n<\/h5>\n<div class=\"edgtf-accordion-content\">\n\t<div class=\"edgtf-accordion-content-inner\">\n\t\t[vc_column_text]Les enfants jettent de la nourriture par terre pour tester les limites. Vous n\u2019avez pas \u00e0 accepter \u00e7a. Restez \u00e0 proximit\u00e9 lorsqu\u2019ils mangent et intervenez avant que la nourriture commence \u00e0 \u00eatre lanc\u00e9e. Montrez-leur un endroit sp\u00e9cifique dans leur assiette ou leur plateau pour mettre les morceaux ind\u00e9sirables. Ils finiront par comprendre, ce qui se traduira par moins de nettoyage en prime.<\/p>\n<p><span style=\"font-size: 16px;\">\u00a0<\/span>[\/vc_column_text]\t<\/div>\n<\/div><\/div><\/div><\/div>[vc_empty_space height=\u00a0\u00bb80px\u00a0\u00bb][vc_column_text]<\/p>\n<h3>Quand ils grandissent<\/h3>\n<p>[\/vc_column_text][vc_empty_space height=\u00a0\u00bb80px\u00a0\u00bb]<div class=\"edgtf-inner-row-holder edgtf-grid-row  edgtf-grid-large-gutter\"><div class=\"edgtf-irh-column  edgtf-grid-col-6\">\n\t<div class=\"edgtf-accordion-holder clearfix edgtf-ac-default edgtf-accordion edgtf-ac-simple\">\n\t<h5 class=\"edgtf-title-holder\">\n    <span class=\"edgtf-accordion-mark\">\n\t\t<span class=\"edgtf_icon_plus icon_plus\"><\/span>\n\t\t<span class=\"edgtf_icon_minus icon_minus-06\"><\/span>\n\t<\/span>\n\t<span class=\"edgtf-tab-title\">Inspectez les bo\u00eetes \u00e0 lunch<\/span>\n<\/h5>\n<div class=\"edgtf-accordion-content\">\n\t<div class=\"edgtf-accordion-content-inner\">\n\t\t[vc_column_text]Emballez leurs lunchs dans des contenants r\u00e9utilisables et demandez aux enfants de rapporter les restes de nourriture et de boissons. Demandez-leur pourquoi certains aliments n\u2019ont pas \u00e9t\u00e9 mang\u00e9s pour vous aider \u00e0 leur offrir les bons aliments dans les bonnes quantit\u00e9s la prochaine fois. Parfois, de petits changements comme de couper les aliments en petits morceaux suffisent \u00e0 rendre un repas plus attrayant.<\/p>\n<p><span style=\"font-size: 16px;\">\u00a0<\/span>[\/vc_column_text]\t<\/div>\n<\/div><h5 class=\"edgtf-title-holder\">\n    <span class=\"edgtf-accordion-mark\">\n\t\t<span class=\"edgtf_icon_plus icon_plus\"><\/span>\n\t\t<span class=\"edgtf_icon_minus icon_minus-06\"><\/span>\n\t<\/span>\n\t<span class=\"edgtf-tab-title\">Utilisez l&#039;effet Ikea<\/span>\n<\/h5>\n<div class=\"edgtf-accordion-content\">\n\t<div class=\"edgtf-accordion-content-inner\">\n\t\t[vc_column_text]Les gens ont tendance \u00e0 aimer les choses qu&rsquo;ils ont aid\u00e9 \u00e0 faire et les enfants ne sont pas diff\u00e9rents. Alors faites participer vos enfants dans la cuisine. Donnez-leur des choix quand c&rsquo;est possible. Permettez-leur de se servir dans les portions qu&rsquo;ils veulent, dans la mesure du raisonnable.<\/p>\n<p><span style=\"font-size: 16px;\">\u00a0<\/span>[\/vc_column_text]\t<\/div>\n<\/div><h5 class=\"edgtf-title-holder\">\n    <span class=\"edgtf-accordion-mark\">\n\t\t<span class=\"edgtf_icon_plus icon_plus\"><\/span>\n\t\t<span class=\"edgtf_icon_minus icon_minus-06\"><\/span>\n\t<\/span>\n\t<span class=\"edgtf-tab-title\">Jardinez et visitez une ferme<\/span>\n<\/h5>\n<div class=\"edgtf-accordion-content\">\n\t<div class=\"edgtf-accordion-content-inner\">\n\t\t[vc_column_text]Les enfants qui cultivent des fruits et des l\u00e9gumes sont plus susceptibles de les manger. Donnez \u00e0 votre enfant une appr\u00e9ciation et un respect pour les ressources n\u00e9cessaires \u00e0 faire pousser la nourriture en jardinant \u00e0 la maison, en joignant un jardin communautaire ou en visitant une ferme.<\/p>\n<p><span style=\"font-size: 16px;\">\u00a0<\/span>[\/vc_column_text]\t<\/div>\n<\/div><\/div><\/div><div class=\"edgtf-irh-column  edgtf-grid-col-6\">\n\t[vc_single_image image=\u00a0\u00bb11700&Prime; img_size=\u00a0\u00bbfull\u00a0\u00bb]<\/div><\/div>[vc_row_inner][vc_column_inner]<div class=\"edgtf-elements-holder edgtf-one-column edgtf-responsive-mode-768\" ><div class=\"edgtf-eh-item \"  data-item-class=\"edgtf-eh-custom-833342\">\n\t<div class=\"edgtf-eh-item-inner\">\n\t\t<div class=\"edgtf-eh-item-content edgtf-eh-custom-833342\" >\n\t\t\t[vc_empty_space height=\u00a0\u00bb50px\u00a0\u00bb][vc_column_text]Adapt\u00e9 du contenu fourni par <a href=\"http:\/\/www.savethefood.com\" target=\"_blank\" rel=\"noopener\">SaveTheFood.com.<\/a>[\/vc_column_text][vc_empty_space height=\u00a0\u00bb80px\u00a0\u00bb]\t\t<\/div>\n\t<\/div>\n<\/div><\/div>[\/vc_column_inner][\/vc_row_inner][\/vc_column][\/vc_row]<\/p>\n<\/div>","protected":false},"excerpt":{"rendered":"<p>[vc_row][vc_column][vc_empty_space][vc_column_text]Le fait de conna\u00eetre les trucs permettant la bonne conservation des aliments peut parfois nous para\u00eetre complexe! Cela est notamment le cas des nouveaux parents, qui souhaitent que leurs enfants mangent sainement et amplement, sans trop gaspiller. Voil\u00e0 donc quelques [&hellip;]<\/p>\n","protected":false},"author":1,"featured_media":13167,"parent":22947,"menu_order":4,"comment_status":"closed","ping_status":"closed","template":"","meta":{"_acf_changed":false,"_eb_attr":"","wprm-recipe-roundup-name":"","wprm-recipe-roundup-description":"","footnotes":""},"tags":[237,271],"class_list":["post-12499","page","type-page","status-publish","has-post-thumbnail","hentry","tag-utilisez-le-au-complete","tag-utlisez-le"],"acf":[],"_links":{"self":[{"href":"https:\/\/lovefoodhatewaste.ca\/fr\/wp-json\/wp\/v2\/pages\/12499","targetHints":{"allow":["GET"]}}],"collection":[{"href":"https:\/\/lovefoodhatewaste.ca\/fr\/wp-json\/wp\/v2\/pages"}],"about":[{"href":"https:\/\/lovefoodhatewaste.ca\/fr\/wp-json\/wp\/v2\/types\/page"}],"author":[{"embeddable":true,"href":"https:\/\/lovefoodhatewaste.ca\/fr\/wp-json\/wp\/v2\/users\/1"}],"replies":[{"embeddable":true,"href":"https:\/\/lovefoodhatewaste.ca\/fr\/wp-json\/wp\/v2\/comments?post=12499"}],"version-history":[{"count":0,"href":"https:\/\/lovefoodhatewaste.ca\/fr\/wp-json\/wp\/v2\/pages\/12499\/revisions"}],"up":[{"embeddable":true,"href":"https:\/\/lovefoodhatewaste.ca\/fr\/wp-json\/wp\/v2\/pages\/22947"}],"wp:featuredmedia":[{"embeddable":true,"href":"https:\/\/lovefoodhatewaste.ca\/fr\/wp-json\/wp\/v2\/media\/13167"}],"wp:attachment":[{"href":"https:\/\/lovefoodhatewaste.ca\/fr\/wp-json\/wp\/v2\/media?parent=12499"}],"wp:term":[{"taxonomy":"post_tag","embeddable":true,"href":"https:\/\/lovefoodhatewaste.ca\/fr\/wp-json\/wp\/v2\/tags?post=12499"}],"curies":[{"name":"wp","href":"https:\/\/api.w.org\/{rel}","templated":true}]}}