{"id":13541,"date":"2018-05-23T12:19:04","date_gmt":"2018-05-23T19:19:04","guid":{"rendered":"http:\/\/lfhw.site\/?page_id=13541"},"modified":"2025-02-19T12:32:59","modified_gmt":"2025-02-19T20:32:59","slug":"jaime-manger-pas-gaspiller-canada","status":"publish","type":"page","link":"https:\/\/lovefoodhatewaste.ca\/fr\/a-propos\/jaime-manger-pas-gaspiller-canada\/","title":{"rendered":"\u00c0 propos de J\u2019aime manger pas gaspiller Canada"},"content":{"rendered":"<div class=\"wpb-content-wrapper\"><p>[vc_row][vc_column][vc_empty_space][vc_column_text]<\/p>\n<h3><strong>J&rsquo;aime manger, pas gaspiller est l\u00e0 pour nous aider \u00e0 tirer le meilleur parti de la nourriture que nous aimons.<\/strong><\/h3>\n<p>Cette campagne est inspir\u00e9e de la \u00ab\u00a0<a href=\"https:\/\/www.lovefoodhatewaste.com\/\" target=\"_blank\" rel=\"noopener\">Love Food Hate Waste<\/a> \u00bb \u00e9labor\u00e9e au Royaume-Uni, une campagne ayant fait ses preuves en termes de changements comportementaux. Elle a en effet permis, au cours de ses cinq premi\u00e8res ann\u00e9es, de r\u00e9duire le gaspillage des aliments destin\u00e9s \u00e0 la consommation humaine (gaspillage \u00e9vitable) de 21 %, permettant ainsi aux consommateurs britanniques d&rsquo;\u00e9conomiser 13 milliards de livres sterling.<\/p>\n<p>Le gaspillage alimentaire est un d\u00e9fi mondial important, mais qui peut n\u00e9anmoins \u00eatre r\u00e9solu. <a href=\"https:\/\/champions123.org\/the-business-case-for-reducing-food-loss-and-waste\/\" target=\"_blank\" rel=\"noopener\">Un tiers<\/a> de toute la nourriture produite \u00e0 l\u2019\u00e9chelle plan\u00e9taire est gaspill\u00e9.<\/p>\n<p>C&rsquo;est ici qu&rsquo;intervient la campagne J\u2019aime manger, pas gaspiller Canada. En travaillant avec les entreprises, les gouvernements et les groupes communautaires \u00e0 travers le Canada, nous esp\u00e9rons inspirer les gens et leur permettre de tirer profit de leurs aliments afin de diminuer leur gaspillage.<\/p>\n<p>Apprenez-en davantage sur la r\u00e9ussite de nos premi\u00e8res ann\u00e9es\u00a0dans le rapport \u00ab\u00a0<a href=\"https:\/\/lovefoodhatewaste.ca\/wp-content\/uploads\/2022\/06\/LFHW-ImpactReport-2018-2021-FR.pdf\" target=\"_blank\" rel=\"noopener\">Chaque bouch\u00e9e\u00a0doit compter\u200b\u00a0: nos trois premi\u00e8res ann\u00e9es<\/a>\u00a0\u00bb.<\/p>\n<p>Renseignez-vous davantage sur les raisons pour lesquelles la gestion des r\u00e9sidus alimentaires est <a href=\"\/fr\/a-propos\/le-gaspillage-alimentaire-au-canada\">importante<\/a> ainsi que sur les <a href=\"\/fr\/a-propos\/partenaires-de-la-campagne\">organisations<\/a> qui travaillent avec nous pour lutter contre le gaspillage alimentaire des m\u00e9nages au Canada.[\/vc_column_text][vc_empty_space height=\u00a0\u00bb80px\u00a0\u00bb][\/vc_column][\/vc_row]<\/p>\n<\/div>","protected":false},"excerpt":{"rendered":"<p>[vc_row][vc_column][vc_empty_space][vc_column_text] J&rsquo;aime manger, pas gaspiller est l\u00e0 pour nous aider \u00e0 tirer le meilleur parti de la nourriture que nous aimons. Cette campagne est inspir\u00e9e de la \u00ab\u00a0Love Food Hate Waste \u00bb \u00e9labor\u00e9e au Royaume-Uni, une campagne ayant fait ses [&hellip;]<\/p>\n","protected":false},"author":1,"featured_media":13116,"parent":13531,"menu_order":1,"comment_status":"closed","ping_status":"closed","template":"","meta":{"_acf_changed":false,"_eb_attr":"","wprm-recipe-roundup-name":"","wprm-recipe-roundup-description":"","footnotes":""},"tags":[270],"class_list":["post-13541","page","type-page","status-publish","has-post-thumbnail","hentry","tag-a-propos"],"acf":[],"_links":{"self":[{"href":"https:\/\/lovefoodhatewaste.ca\/fr\/wp-json\/wp\/v2\/pages\/13541","targetHints":{"allow":["GET"]}}],"collection":[{"href":"https:\/\/lovefoodhatewaste.ca\/fr\/wp-json\/wp\/v2\/pages"}],"about":[{"href":"https:\/\/lovefoodhatewaste.ca\/fr\/wp-json\/wp\/v2\/types\/page"}],"author":[{"embeddable":true,"href":"https:\/\/lovefoodhatewaste.ca\/fr\/wp-json\/wp\/v2\/users\/1"}],"replies":[{"embeddable":true,"href":"https:\/\/lovefoodhatewaste.ca\/fr\/wp-json\/wp\/v2\/comments?post=13541"}],"version-history":[{"count":0,"href":"https:\/\/lovefoodhatewaste.ca\/fr\/wp-json\/wp\/v2\/pages\/13541\/revisions"}],"up":[{"embeddable":true,"href":"https:\/\/lovefoodhatewaste.ca\/fr\/wp-json\/wp\/v2\/pages\/13531"}],"wp:featuredmedia":[{"embeddable":true,"href":"https:\/\/lovefoodhatewaste.ca\/fr\/wp-json\/wp\/v2\/media\/13116"}],"wp:attachment":[{"href":"https:\/\/lovefoodhatewaste.ca\/fr\/wp-json\/wp\/v2\/media?parent=13541"}],"wp:term":[{"taxonomy":"post_tag","embeddable":true,"href":"https:\/\/lovefoodhatewaste.ca\/fr\/wp-json\/wp\/v2\/tags?post=13541"}],"curies":[{"name":"wp","href":"https:\/\/api.w.org\/{rel}","templated":true}]}}