{"id":13560,"date":"2018-05-23T09:37:07","date_gmt":"2018-05-23T16:37:07","guid":{"rendered":"http:\/\/lfhw.site\/?page_id=13560"},"modified":"2025-02-20T14:18:32","modified_gmt":"2025-02-20T22:18:32","slug":"conseil-national-zero-dechet","status":"publish","type":"page","link":"https:\/\/lovefoodhatewaste.ca\/fr\/a-propos\/conseil-national-zero-dechet\/","title":{"rendered":"Conseil national z\u00e9ro d\u00e9chet"},"content":{"rendered":"<div class=\"wpb-content-wrapper\"><p>[vc_row][vc_column][vc_empty_space][vc_row_inner][vc_column_inner width=\u00a0\u00bb1\/2&Prime;]<div class=\"edgtf-elements-holder edgtf-one-column edgtf-responsive-mode-768\" ><div class=\"edgtf-eh-item edgtf-horizontal-alignment-center\"  data-item-class=\"edgtf-eh-custom-239461\">\n\t<div class=\"edgtf-eh-item-inner\">\n\t\t<div class=\"edgtf-eh-item-content edgtf-eh-custom-239461\" >\n\t\t\t[vc_single_image image=\u00a0\u00bb22447&Prime; img_size=\u00a0\u00bbfull\u00a0\u00bb][vc_empty_space height=\u00a0\u00bb20px\u00a0\u00bb]\t\t<\/div>\n\t<\/div>\n<\/div><\/div>[\/vc_column_inner][\/vc_row_inner][vc_column_text]<a href=\"https:\/\/foodmesh.ca\/\" target=\"_blank\" rel=\"noopener\"><span style=\"font-weight: 400;\">FoodMesh<\/span><\/a><span style=\"font-weight: 400;\"> est une entreprise vancouv\u00e9roise certifi\u00e9e B Corporation, dont la mission est d\u2019aider les Canadiennes et Canadiens \u00e0 gaspiller moins, \u00e0 nourrir plus et \u00e0 \u00e9conomiser de l\u2019argent. Nous \u00e9tablissons des liens entre toutes les parties de la cha\u00eene d\u2019approvisionnement alimentaire, permettant ainsi aux organisations de d\u00e9tourner rapidement et facilement les surplus alimentaires vers les membres de nos communaut\u00e9s qui en ont le plus besoin.<\/span><\/p>\n<p><span style=\"font-weight: 400;\">FoodMesh, qui aide actuellement des organisations partout au Canada \u00e0 rescaper l\u2019\u00e9quivalent d\u2019un million de repas par mois, permet aux m\u00e9nages canadiens de tirer profit de son expertise directement par l\u2019entremise de la campagne \u00ab\u2009J\u2019aime manger, pas gaspiller Canada\u2009\u00bb.<\/span><\/p>\n<p><span style=\"font-weight: 400;\">FoodMesh a repris la gestion de la campagne \u00ab\u2009J\u2019aime manger, pas gaspiller Canada\u2009\u00bb du Conseil National Z\u00e9ro D\u00e9chet en janvier 2025, et c\u2019est maintenant avec fiert\u00e9 qu\u2019elle dirige et met en \u0153uvre la campagne, en collaboration avec<\/span><a href=\"https:\/\/lovefoodhatewaste.ca\/about\/campaign-partners\/\"><span style=\"font-weight: 400;\"> ses partenaires<\/span><\/a><span style=\"font-weight: 400;\">.<\/span><\/p>\n<p><a href=\"https:\/\/foodmesh.ca\/\" target=\"_blank\" rel=\"noopener\"><b>En savoir plus sur le travail de FoodMesh<\/b><\/a><b>.<\/b>[\/vc_column_text][vc_empty_space height=\u00a0\u00bb80px\u00a0\u00bb][\/vc_column][\/vc_row]<\/p>\n<\/div>","protected":false},"excerpt":{"rendered":"<p>[vc_row][vc_column][vc_empty_space][vc_row_inner][vc_column_inner width=\u00a0\u00bb1\/2&Prime;][\/vc_column_inner][\/vc_row_inner][vc_column_text]FoodMesh est une entreprise vancouv\u00e9roise certifi\u00e9e B Corporation, dont la mission est d\u2019aider les Canadiennes et Canadiens \u00e0 gaspiller moins, \u00e0 nourrir plus et \u00e0 \u00e9conomiser de l\u2019argent. Nous \u00e9tablissons des liens entre toutes les parties de la cha\u00eene [&hellip;]<\/p>\n","protected":false},"author":1,"featured_media":13495,"parent":13531,"menu_order":3,"comment_status":"closed","ping_status":"closed","template":"","meta":{"_acf_changed":false,"_eb_attr":"","wprm-recipe-roundup-name":"","wprm-recipe-roundup-description":"","footnotes":""},"tags":[270],"class_list":["post-13560","page","type-page","status-publish","has-post-thumbnail","hentry","tag-a-propos"],"acf":[],"_links":{"self":[{"href":"https:\/\/lovefoodhatewaste.ca\/fr\/wp-json\/wp\/v2\/pages\/13560","targetHints":{"allow":["GET"]}}],"collection":[{"href":"https:\/\/lovefoodhatewaste.ca\/fr\/wp-json\/wp\/v2\/pages"}],"about":[{"href":"https:\/\/lovefoodhatewaste.ca\/fr\/wp-json\/wp\/v2\/types\/page"}],"author":[{"embeddable":true,"href":"https:\/\/lovefoodhatewaste.ca\/fr\/wp-json\/wp\/v2\/users\/1"}],"replies":[{"embeddable":true,"href":"https:\/\/lovefoodhatewaste.ca\/fr\/wp-json\/wp\/v2\/comments?post=13560"}],"version-history":[{"count":0,"href":"https:\/\/lovefoodhatewaste.ca\/fr\/wp-json\/wp\/v2\/pages\/13560\/revisions"}],"up":[{"embeddable":true,"href":"https:\/\/lovefoodhatewaste.ca\/fr\/wp-json\/wp\/v2\/pages\/13531"}],"wp:featuredmedia":[{"embeddable":true,"href":"https:\/\/lovefoodhatewaste.ca\/fr\/wp-json\/wp\/v2\/media\/13495"}],"wp:attachment":[{"href":"https:\/\/lovefoodhatewaste.ca\/fr\/wp-json\/wp\/v2\/media?parent=13560"}],"wp:term":[{"taxonomy":"post_tag","embeddable":true,"href":"https:\/\/lovefoodhatewaste.ca\/fr\/wp-json\/wp\/v2\/tags?post=13560"}],"curies":[{"name":"wp","href":"https:\/\/api.w.org\/{rel}","templated":true}]}}