{"id":16271,"date":"2018-12-04T20:50:48","date_gmt":"2018-12-05T04:50:48","guid":{"rendered":"https:\/\/lovefoodhatewaste.ca\/?page_id=16271"},"modified":"2022-12-09T08:50:53","modified_gmt":"2022-12-09T16:50:53","slug":"trucs-et-astuces-pour-les-fetes","status":"publish","type":"page","link":"https:\/\/lovefoodhatewaste.ca\/fr\/planifiez\/trucs-et-astuces-pour-les-fetes\/","title":{"rendered":"Trucs et astuces pour les f\u00eates"},"content":{"rendered":"<div class=\"wpb-content-wrapper\"><p>[vc_row css=\u00a0\u00bb.vc_custom_1488536699571{padding-top: 70px !important;padding-bottom: 6px !important;}\u00a0\u00bb][vc_column][vc_row_inner row_content_width=\u00a0\u00bbgrid\u00a0\u00bb][vc_column_inner offset=\u00a0\u00bbvc_col-lg-6 vc_col-md-12&Prime;]<div class=\"edgtf-elements-holder edgtf-one-column edgtf-responsive-mode-768\" ><div class=\"edgtf-eh-item \"  data-item-class=\"edgtf-eh-custom-809639\" data-1024-1280=\"34px 8% 50px 0%\" data-768-1024=\"0 25% 74px 0%\" data-600-768=\"0 12% 74px 0%\" data-480-600=\"1px 0% 72px 0%\" data-480=\"1px 0% 72px 0%\">\n\t<div class=\"edgtf-eh-item-inner\">\n\t\t<div class=\"edgtf-eh-item-content edgtf-eh-custom-809639\" style=\"padding: 34px 10% 50px 0%\">\n\t\t\t<div class=\"edgtf-section-title-holder\" style=\"text-align: left\">\n\t\t\t\t\t<h2 class=\"edgtf-st-title\" style=\"color: #303030;font-weight: 600;letter-spacing: 3px\">\n\t\t\t<span>C\u00e9l\u00e9brez sans gaspiller de nourriture<\/span>\n\t\t<\/h2>\n\t\t\t\t<p class=\"edgtf-st-text\" style=\"font-size: 16px;line-height: 30px;font-weight: 400;margin-top: 22px\">Pour beaucoup d\u2019entre nous, le temps des f\u00eates rime avec g\u00e2teries et copieux repas. Malheureusement, l\u2019abondance de nourriture n\u2019est pas toujours toute mang\u00e9e. Cette ann\u00e9e, \u00e9vitez de gaspiller nourriture (et argent!) en tirant le maximum des aliments que vous acheterez. D\u00e9couvrez nos trucs et astuces sur la planification, le service et la pr\u00e9paration de vos restants.<\/p>\n\t<\/div>[vc_empty_space height=\u00a0\u00bb19px\u00a0\u00bb][vc_column_text][\/vc_column_text]\t\t<\/div>\n\t<\/div>\n<\/div><\/div>[\/vc_column_inner][vc_column_inner offset=\u00a0\u00bbvc_col-lg-6 vc_col-md-12 vc_col-xs-12&Prime;]<div class=\"edgtf-elements-holder edgtf-one-column edgtf-responsive-mode-768\" ><div class=\"edgtf-eh-item edgtf-horizontal-alignment-center\"  data-item-class=\"edgtf-eh-custom-513214\" data-768-1024=\"51px 0 74px 0\" data-480-600=\"51px 0 75px 0\" data-480=\"51px 0 75px 0\">\n\t<div class=\"edgtf-eh-item-inner\">\n\t\t<div class=\"edgtf-eh-item-content edgtf-eh-custom-513214\" style=\"padding: 44px 0 25px 0\">\n\t\t\t[vc_basic_grid post_type=\u00a0\u00bbpage\u00a0\u00bb max_items=\u00a0\u00bb-1&Prime; element_width=\u00a0\u00bb6&Prime; orderby=\u00a0\u00bbmenu_order\u00a0\u00bb order=\u00a0\u00bbASC\u00a0\u00bb item=\u00a0\u00bb11737&Prime; grid_id=\u00a0\u00bbvc_gid:1670604618453-8b015fe2-9702-0&Prime; taxonomies=\u00a0\u00bb355&Prime;][vc_empty_space height=\u00a0\u00bb80px\u00a0\u00bb]\t\t<\/div>\n\t<\/div>\n<\/div><\/div>[\/vc_column_inner][\/vc_row_inner][\/vc_column][\/vc_row][vc_row parallax=\u00a0\u00bbcontent-moving\u00a0\u00bb parallax_image=\u00a0\u00bb16266&Prime; css=\u00a0\u00bb.vc_custom_1544031371676{padding-top: 0px !important;padding-bottom: 0px !important;background-color: #ededed !important;}\u00a0\u00bb][vc_column]<div class=\"edgtf-parallax-holder edgtf-vertical-middle-align edgtf-disabled-parallax-on-touch\" data-parallax-speed=\"1\" style=\"min-height: 400px;height: 400px\">\n\t<div class=\"edgtf-parallax-inner\">\n\t\t[vc_row_inner row_content_width=\u00a0\u00bbgrid\u00a0\u00bb][vc_column_inner width=\u00a0\u00bb1\/2&Prime;][vc_column_text el_class=\u00a0\u00bbwhite\u00a0\u00bb]<\/p>\n<h3>Cette ann\u00e9e, \u00e9vitez d\u2019engraisser\u2026 votre poubelle!<\/h3>\n<p>Voil\u00e0 venu le temps de l\u2019ann\u00e9e o\u00f9 l\u2019on pr\u00e9pare des mets exquis ; du plateau de biscuits aux hors-d\u2019\u0153uvre, en passant par le r\u00e9veillon traditionnel. Bien souvent, cette nourriture n\u2019est pas enti\u00e8rement mang\u00e9e. Un tiers de la nourriture produite dans le monde est gaspill\u00e9e. Ce sont 63 % des aliments jet\u00e9s qui auraient pu \u00eatre consomm\u00e9s.<br \/>\nLe gaspillage alimentaire <a href=\"https:\/\/lovefoodhatewaste.ca\/fr\/a-propos\/le-gaspillage-alimentaire-au-canada\/\">utilise inutilement de pr\u00e9cieuses ressources<\/a> provenant de la terre, l\u2019eau et l\u2019\u00e9nergie, en plus de co\u00fbter en moyenne plus de 1 300 $ par ann\u00e9e par m\u00e9nage au Canada.[\/vc_column_text][\/vc_column_inner][vc_column_inner width=\u00a0\u00bb1\/2&Prime;][\/vc_column_inner][\/vc_row_inner][vc_empty_space]\t<\/div>\n<\/div>\n[\/vc_column][\/vc_row]<\/p>\n<\/div>","protected":false},"excerpt":{"rendered":"<p>[vc_row css=\u00a0\u00bb.vc_custom_1488536699571{padding-top: 70px !important;padding-bottom: 6px !important;}\u00a0\u00bb][vc_column][vc_row_inner row_content_width=\u00a0\u00bbgrid\u00a0\u00bb][vc_column_inner offset=\u00a0\u00bbvc_col-lg-6 vc_col-md-12&Prime;][\/vc_column_inner][vc_column_inner offset=\u00a0\u00bbvc_col-lg-6 vc_col-md-12 vc_col-xs-12&Prime;][\/vc_column_inner][\/vc_row_inner][\/vc_column][\/vc_row][vc_row parallax=\u00a0\u00bbcontent-moving\u00a0\u00bb parallax_image=\u00a0\u00bb16266&Prime; css=\u00a0\u00bb.vc_custom_1544031371676{padding-top: 0px !important;padding-bottom: 0px !important;background-color: #ededed !important;}\u00a0\u00bb][vc_column][\/vc_column][\/vc_row]<\/p>\n","protected":false},"author":1,"featured_media":16272,"parent":22826,"menu_order":0,"comment_status":"closed","ping_status":"closed","template":"full-width.php","meta":{"_acf_changed":false,"_eb_attr":"","wprm-recipe-roundup-name":"","wprm-recipe-roundup-description":"","footnotes":""},"tags":[233],"class_list":["post-16271","page","type-page","status-publish","has-post-thumbnail","hentry","tag-planifier"],"acf":[],"_links":{"self":[{"href":"https:\/\/lovefoodhatewaste.ca\/fr\/wp-json\/wp\/v2\/pages\/16271","targetHints":{"allow":["GET"]}}],"collection":[{"href":"https:\/\/lovefoodhatewaste.ca\/fr\/wp-json\/wp\/v2\/pages"}],"about":[{"href":"https:\/\/lovefoodhatewaste.ca\/fr\/wp-json\/wp\/v2\/types\/page"}],"author":[{"embeddable":true,"href":"https:\/\/lovefoodhatewaste.ca\/fr\/wp-json\/wp\/v2\/users\/1"}],"replies":[{"embeddable":true,"href":"https:\/\/lovefoodhatewaste.ca\/fr\/wp-json\/wp\/v2\/comments?post=16271"}],"version-history":[{"count":0,"href":"https:\/\/lovefoodhatewaste.ca\/fr\/wp-json\/wp\/v2\/pages\/16271\/revisions"}],"up":[{"embeddable":true,"href":"https:\/\/lovefoodhatewaste.ca\/fr\/wp-json\/wp\/v2\/pages\/22826"}],"wp:featuredmedia":[{"embeddable":true,"href":"https:\/\/lovefoodhatewaste.ca\/fr\/wp-json\/wp\/v2\/media\/16272"}],"wp:attachment":[{"href":"https:\/\/lovefoodhatewaste.ca\/fr\/wp-json\/wp\/v2\/media?parent=16271"}],"wp:term":[{"taxonomy":"post_tag","embeddable":true,"href":"https:\/\/lovefoodhatewaste.ca\/fr\/wp-json\/wp\/v2\/tags?post=16271"}],"curies":[{"name":"wp","href":"https:\/\/api.w.org\/{rel}","templated":true}]}}