{"id":16275,"date":"2018-12-04T20:27:15","date_gmt":"2018-12-05T04:27:15","guid":{"rendered":"https:\/\/lovefoodhatewaste.ca\/?page_id=16275"},"modified":"2020-12-01T11:09:04","modified_gmt":"2020-12-01T19:09:04","slug":"planification","status":"publish","type":"page","link":"https:\/\/lovefoodhatewaste.ca\/fr\/planifiez\/trucs-et-astuces-pour-les-fetes\/planification\/","title":{"rendered":"Planification"},"content":{"rendered":"<div class=\"wpb-content-wrapper\"><p>[vc_row css=\u00a0\u00bb.vc_custom_1488536699571{padding-top: 70px !important;padding-bottom: 6px !important;}\u00a0\u00bb][vc_column][vc_empty_space][vc_row_inner row_content_width=\u00a0\u00bbgrid\u00a0\u00bb][vc_column_inner]<div class=\"edgtf-elements-holder edgtf-one-column edgtf-responsive-mode-768\" ><div class=\"edgtf-eh-item \"  data-item-class=\"edgtf-eh-custom-382176\">\n\t<div class=\"edgtf-eh-item-inner\">\n\t\t<div class=\"edgtf-eh-item-content edgtf-eh-custom-382176\" >\n\t\t\t[vc_column_text]Le meilleur moyen de r\u00e9duire le gaspillage alimentaire est de planifier et d\u2019acheter seulement ce dont on a besoin.[\/vc_column_text]\t\t<\/div>\n\t<\/div>\n<\/div><\/div>[\/vc_column_inner][\/vc_row_inner][vc_row_inner row_content_width=\u00a0\u00bbgrid\u00a0\u00bb][vc_column_inner offset=\u00a0\u00bbvc_col-lg-6 vc_col-md-12&Prime;]<div class=\"edgtf-elements-holder edgtf-one-column edgtf-responsive-mode-768\" ><div class=\"edgtf-eh-item \"  data-item-class=\"edgtf-eh-custom-443474\" data-1024-1280=\"34px 8% 50px 0%\" data-768-1024=\"0 25% 74px 0%\" data-600-768=\"0 12% 74px 0%\" data-480-600=\"1px 0% 72px 0%\" data-480=\"1px 0% 72px 0%\">\n\t<div class=\"edgtf-eh-item-inner\">\n\t\t<div class=\"edgtf-eh-item-content edgtf-eh-custom-443474\" style=\"padding: 34px 10% 50px 0%\">\n\t\t\t[vc_empty_space height=\u00a0\u00bb20px\u00a0\u00bb][vc_column_text]<\/p>\n<h3>Planification des repas et achats<\/h3>\n<div class=\"ExternalClass0BD649E2E58842BD81A31F5C32D3CCED\">\n<ul>\n<li>Quand on planifie un festin des f\u00eates, on a tendance \u00e0 oublier ce qu\u2019on a d\u00e9j\u00e0 dans son garde-manger, son r\u00e9frig\u00e9rateur et son cong\u00e9lateur. Avant d\u2019aller faire les courses, prenez note de ce que vous avez d\u00e9j\u00e0 et planifiez votre menu en cons\u00e9quence. La moiti\u00e9 d\u2019un contenant de m\u00e9lasse tra\u00eene au fond de l\u2019armoire? Pourquoi ne pas pr\u00e9parer du pain d\u2019\u00e9pices?<\/li>\n<li>Planifiez ad\u00e9quatement les portions. Calculez de fa\u00e7on r\u00e9aliste la quantit\u00e9 de nourriture dont vous aurez vraiment besoin et essayez de pr\u00e9parer seulement ce que vous et vos invit\u00e9s mangerez. N\u2019achetez pas, par exemple, une dinde trop grosse.<\/li>\n<li>Adoptez la cuisine \u00ab de la racine aux feuilles \u00bb \u2013 privil\u00e9giez les recettes qui utilisent la plante au complet. Essayez <a href=\"https:\/\/www.lovefoodhatewaste.com\/recipe\/potato-peel-soup\" target=\"_blank\" rel=\"noopener noreferrer\">la soupe aux peaux de pomme de terre<\/a> (uniquement en anglais) ou le pesto aux tiges de brocoli..<\/li>\n<li>Prenez des notes. Quand vous avez fini la planification, faites une liste d\u2019\u00e9picerie d\u00e9taill\u00e9e et respectez-la pour acheter seulement ce dont vous avez besoin.<\/li>\n<\/ul>\n<\/div>\n<p>[\/vc_column_text]\t\t<\/div>\n\t<\/div>\n<\/div><\/div>[\/vc_column_inner][vc_column_inner offset=\u00a0\u00bbvc_col-lg-6 vc_col-md-12 vc_col-xs-12&Prime;]<div class=\"edgtf-elements-holder edgtf-one-column edgtf-responsive-mode-768\" ><div class=\"edgtf-eh-item edgtf-horizontal-alignment-center\"  data-item-class=\"edgtf-eh-custom-164916\" data-768-1024=\"51px 0 74px 0\" data-480-600=\"51px 0 75px 0\" data-480=\"51px 0 75px 0\">\n\t<div class=\"edgtf-eh-item-inner\">\n\t\t<div class=\"edgtf-eh-item-content edgtf-eh-custom-164916\" style=\"padding: 44px 0 25px 0\">\n\t\t\t[vc_empty_space height=\u00a0\u00bb40px\u00a0\u00bb][vc_single_image image=\u00a0\u00bb16237&Prime; img_size=\u00a0\u00bbfull\u00a0\u00bb]\t\t<\/div>\n\t<\/div>\n<\/div><\/div>[\/vc_column_inner][\/vc_row_inner][\/vc_column][\/vc_row][vc_row css=\u00a0\u00bb.vc_custom_1525730731446{padding-top: 22px !important;padding-bottom: 55px !important;background-color: #ededed !important;}\u00a0\u00bb][vc_column]<div class=\"edgtf-parallax-holder edgtf-vertical-middle-align edgtf-disabled-parallax-on-touch\" data-parallax-speed=\"1\" style=\"min-height: 400px;height: 400px\">\n\t<div class=\"edgtf-parallax-inner\">\n\t\t[vc_row_inner row_content_width=\u00a0\u00bbgrid\u00a0\u00bb][vc_column_inner width=\u00a0\u00bb1\/2&Prime;][vc_empty_space height=\u00a0\u00bb50px\u00a0\u00bb][vc_single_image image=\u00a0\u00bb16240&Prime; img_size=\u00a0\u00bbfull\u00a0\u00bb][\/vc_column_inner][vc_column_inner width=\u00a0\u00bb1\/2&Prime;][vc_empty_space height=\u00a0\u00bb20px\u00a0\u00bb][vc_column_text]<\/p>\n<h3>Planifiez en vue des restes<\/h3>\n<div class=\"ExternalClass9B2BA29D24F2472A9AD8AD4CDAEDDCB8\">\n<ul>\n<li>Faites de la place dans votre r\u00e9frig\u00e9rateur. Avant les f\u00eates, utilisez tous les aliments qui doivent \u00eatre consomm\u00e9s \u2013 restes, fruits et l\u00e9gumes, pain \u2013 et faites de la place dans votre r\u00e9frig\u00e9rateur et votre cong\u00e9lateur pour les restes \u00e0 venir.<\/li>\n<li>\u00a0Qui veut aller faire l\u2019\u00e9picerie le 26 d\u00e9cembre? Assurez-vous d\u2019avoir tous les ingr\u00e9dients dont vous aurez besoin pour appr\u00eater vos restes. Si vous aimez les sandwiches \u00e0 la dinde, assurez-vous d\u2019avoir du pain. Vous pr\u00e9f\u00e9rez la soupe? Achetez les ingr\u00e9dients qu\u2019il vous manque. Essayez notre <a href=\"https:\/\/lovefoodhatewaste.ca\/fr\/recettes\/soupe-de-legumes-aux-restes-de-dinde\/ \">recette de soupe \u00e0 la dinde<\/a>.<\/li>\n<\/ul>\n<\/div>\n<p>[\/vc_column_text][\/vc_column_inner][\/vc_row_inner]\t<\/div>\n<\/div>\n[\/vc_column][\/vc_row][vc_row row_content_width=\u00a0\u00bbgrid\u00a0\u00bb css=\u00a0\u00bb.vc_custom_1544111874962{padding-top: 80px !important;padding-right: 0px !important;padding-bottom: 77px !important;padding-left: 0px !important;}\u00a0\u00bb][vc_column width=\u00a0\u00bb1\/2&Prime;]<div class=\"edgtf-elements-holder edgtf-two-columns edgtf-responsive-mode-1024\" ><div class=\"edgtf-eh-item \"  data-item-class=\"edgtf-eh-custom-582331\" data-1280-1600=\"0px 12% 70px 0%\" data-1024-1280=\"0px 12% 70px 0%\" data-768-1024=\"0px 12% 50px 0%\" data-480-600=\"0px 0% 50px 0%\" data-480=\"45px 0% 140px 0%\">\n\t<div class=\"edgtf-eh-item-inner\">\n\t\t<div class=\"edgtf-eh-item-content edgtf-eh-custom-582331\" style=\"padding: 45px 12% 70px 0%\">\n\t\t\t[vc_empty_space height=\u00a0\u00bb16px\u00a0\u00bb][vc_column_text]<\/p>\n<h3>Planifiez pour r\u00e9duire le gaspillage<\/h3>\n<div class=\"ExternalClass829D4E82662948D99280AE26B23D8E31\">\n<ul>\n<li>\u200bCommencez un \u00ab sac \u00e0 bouillon \u00bb. Si vous ne pouvez pas utiliser le l\u00e9gume au complet dans une recette, conservez-en les bouts et les feuilles dans un sac refermable ou un contenant. Utilisez-les dans un bouillon de soupe \u00e0 la dinde ou congelez-les pour pr\u00e9parer un bouillon de l\u00e9gumes plus tard.<\/li>\n<li>Vous donnez de la nourriture en cadeau? \u00c9vitez les aliments hautement p\u00e9rissables et choisissez ceux qui plairont \u00e0 coup s\u00fbr au destinataire. (Autrement dit, oubliez le g\u00e2teau aux fruits.)<\/li>\n<\/ul>\n<\/div>\n<p>[\/vc_column_text][vc_empty_space]<div class=\"edgtf-section-title-holder\" >\n\t\t\t\t\t<h4 class=\"edgtf-st-title\" >\n\t\t\t<span>Plus de conseils<\/span>\n\t\t<\/h4>\n\t\t<\/div>[vc_empty_space height=\u00a0\u00bb20px\u00a0\u00bb][vc_btn title=\u00a0\u00bbService\u00a0\u00bb style=\u00a0\u00bbflat\u00a0\u00bb shape=\u00a0\u00bbsquare\u00a0\u00bb color=\u00a0\u00bbsuccess\u00a0\u00bb link=\u00a0\u00bburl:%2Ffr%2Fplanifiez%2Ftrucs-et-astuces-pour-les-fetes%2Fservice%2F|||\u00a0\u00bb][vc_btn title=\u00a0\u00bbRestants\u00a0\u00bb style=\u00a0\u00bbflat\u00a0\u00bb shape=\u00a0\u00bbsquare\u00a0\u00bb color=\u00a0\u00bbsuccess\u00a0\u00bb link=\u00a0\u00bburl:%2Ffr%2Fplanifiez%2Ftrucs-et-astuces-pour-les-fetes%2Frestants%2F|||\u00a0\u00bb]\t\t<\/div>\n\t<\/div>\n<\/div><\/div>[\/vc_column][vc_column width=\u00a0\u00bb1\/2&Prime;][vc_single_image image=\u00a0\u00bb16242&Prime; img_size=\u00a0\u00bbfull\u00a0\u00bb][\/vc_column][\/vc_row]<\/p>\n<\/div>","protected":false},"excerpt":{"rendered":"<p>[vc_row css=\u00a0\u00bb.vc_custom_1488536699571{padding-top: 70px !important;padding-bottom: 6px !important;}\u00a0\u00bb][vc_column][vc_empty_space][vc_row_inner row_content_width=\u00a0\u00bbgrid\u00a0\u00bb][vc_column_inner][\/vc_column_inner][\/vc_row_inner][vc_row_inner row_content_width=\u00a0\u00bbgrid\u00a0\u00bb][vc_column_inner offset=\u00a0\u00bbvc_col-lg-6 vc_col-md-12&Prime;][\/vc_column_inner][vc_column_inner offset=\u00a0\u00bbvc_col-lg-6 vc_col-md-12 vc_col-xs-12&Prime;][\/vc_column_inner][\/vc_row_inner][\/vc_column][\/vc_row][vc_row css=\u00a0\u00bb.vc_custom_1525730731446{padding-top: 22px !important;padding-bottom: 55px !important;background-color: #ededed !important;}\u00a0\u00bb][vc_column][\/vc_column][\/vc_row][vc_row row_content_width=\u00a0\u00bbgrid\u00a0\u00bb css=\u00a0\u00bb.vc_custom_1544111874962{padding-top: 80px !important;padding-right: 0px !important;padding-bottom: 77px !important;padding-left: 0px !important;}\u00a0\u00bb][vc_column width=\u00a0\u00bb1\/2&Prime;][\/vc_column][vc_column width=\u00a0\u00bb1\/2&Prime;][vc_single_image image=\u00a0\u00bb16242&Prime; img_size=\u00a0\u00bbfull\u00a0\u00bb][\/vc_column][\/vc_row]<\/p>\n","protected":false},"author":1,"featured_media":16229,"parent":16271,"menu_order":1,"comment_status":"closed","ping_status":"closed","template":"full-width.php","meta":{"_acf_changed":false,"_eb_attr":"","wprm-recipe-roundup-name":"","wprm-recipe-roundup-description":"","footnotes":""},"tags":[355],"class_list":["post-16275","page","type-page","status-publish","has-post-thumbnail","hentry","tag-trucs-pour-les-fetes"],"acf":[],"_links":{"self":[{"href":"https:\/\/lovefoodhatewaste.ca\/fr\/wp-json\/wp\/v2\/pages\/16275","targetHints":{"allow":["GET"]}}],"collection":[{"href":"https:\/\/lovefoodhatewaste.ca\/fr\/wp-json\/wp\/v2\/pages"}],"about":[{"href":"https:\/\/lovefoodhatewaste.ca\/fr\/wp-json\/wp\/v2\/types\/page"}],"author":[{"embeddable":true,"href":"https:\/\/lovefoodhatewaste.ca\/fr\/wp-json\/wp\/v2\/users\/1"}],"replies":[{"embeddable":true,"href":"https:\/\/lovefoodhatewaste.ca\/fr\/wp-json\/wp\/v2\/comments?post=16275"}],"version-history":[{"count":0,"href":"https:\/\/lovefoodhatewaste.ca\/fr\/wp-json\/wp\/v2\/pages\/16275\/revisions"}],"up":[{"embeddable":true,"href":"https:\/\/lovefoodhatewaste.ca\/fr\/wp-json\/wp\/v2\/pages\/16271"}],"wp:featuredmedia":[{"embeddable":true,"href":"https:\/\/lovefoodhatewaste.ca\/fr\/wp-json\/wp\/v2\/media\/16229"}],"wp:attachment":[{"href":"https:\/\/lovefoodhatewaste.ca\/fr\/wp-json\/wp\/v2\/media?parent=16275"}],"wp:term":[{"taxonomy":"post_tag","embeddable":true,"href":"https:\/\/lovefoodhatewaste.ca\/fr\/wp-json\/wp\/v2\/tags?post=16275"}],"curies":[{"name":"wp","href":"https:\/\/api.w.org\/{rel}","templated":true}]}}