{"id":16277,"date":"2018-12-04T21:45:37","date_gmt":"2018-12-05T05:45:37","guid":{"rendered":"https:\/\/lovefoodhatewaste.ca\/?page_id=16277"},"modified":"2020-12-01T11:10:05","modified_gmt":"2020-12-01T19:10:05","slug":"service","status":"publish","type":"page","link":"https:\/\/lovefoodhatewaste.ca\/fr\/planifiez\/trucs-et-astuces-pour-les-fetes\/service\/","title":{"rendered":"Service"},"content":{"rendered":"<div class=\"wpb-content-wrapper\"><p>[vc_row css=\u00a0\u00bb.vc_custom_1488536699571{padding-top: 70px !important;padding-bottom: 6px !important;}\u00a0\u00bb][vc_column][vc_row_inner row_content_width=\u00a0\u00bbgrid\u00a0\u00bb][vc_column_inner offset=\u00a0\u00bbvc_col-lg-6 vc_col-md-12&Prime;]<div class=\"edgtf-elements-holder edgtf-one-column edgtf-responsive-mode-768\" ><div class=\"edgtf-eh-item \"  data-item-class=\"edgtf-eh-custom-422056\" data-1024-1280=\"34px 8% 50px 0%\" data-768-1024=\"0 25% 74px 0%\" data-600-768=\"0 12% 74px 0%\" data-480-600=\"1px 0% 72px 0%\" data-480=\"1px 0% 72px 0%\">\n\t<div class=\"edgtf-eh-item-inner\">\n\t\t<div class=\"edgtf-eh-item-content edgtf-eh-custom-422056\" style=\"padding: 34px 10% 50px 0%\">\n\t\t\t[vc_empty_space height=\u00a0\u00bb20px\u00a0\u00bb]<div class=\"edgtf-section-title-holder\" >\n\t\t\t\t\t<h2 class=\"edgtf-st-title\" >\n\t\t\t<span>Service<\/span>\n\t\t<\/h2>\n\t\t<\/div>[vc_column_text]<\/p>\n<div class=\"ExternalClass0BD649E2E58842BD81A31F5C32D3CCED\">Servez juste assez de nourriture pour que vos invit\u00e9s soient rassasi\u00e9s, sans gaspillage.<\/div>\n<ul>\n<li>Mettez les plats au centre de la table pour que vos invit\u00e9s se servent eux-m\u00eames. Ils pourront ainsi choisir leurs aliments et la quantit\u00e9 d\u00e9sir\u00e9e, ce qui r\u00e9duira les les quantit\u00e9es non mang\u00e9es donc jet\u00e9es.<\/li>\n<li>Ne laissez pas la nourriture sur la table pendant des heures. Pr\u00e9servez la salubrit\u00e9 de vos restes en les rangeant au r\u00e9frig\u00e9rateur dans les deux heures.<\/li>\n<\/ul>\n<p>[\/vc_column_text][vc_empty_space]<div class=\"edgtf-section-title-holder\" >\n\t\t\t\t\t<h4 class=\"edgtf-st-title\" >\n\t\t\t<span>Plus de conseils<\/span>\n\t\t<\/h4>\n\t\t<\/div>[vc_empty_space height=\u00a0\u00bb20px\u00a0\u00bb][vc_btn title=\u00a0\u00bbPlanification\u00a0\u00bb style=\u00a0\u00bbflat\u00a0\u00bb shape=\u00a0\u00bbsquare\u00a0\u00bb color=\u00a0\u00bbsuccess\u00a0\u00bb link=\u00a0\u00bburl:%2Ffr%2Fplanifiez%2Ftrucs-et-astuces-pour-les-fetes%2Fplanification%2F|||\u00a0\u00bb][vc_btn title=\u00a0\u00bbRestants\u00a0\u00bb style=\u00a0\u00bbflat\u00a0\u00bb shape=\u00a0\u00bbsquare\u00a0\u00bb color=\u00a0\u00bbsuccess\u00a0\u00bb link=\u00a0\u00bburl:%2Ffr%2Fplanifiez%2Ftrucs-et-astuces-pour-les-fetes%2Frestants%2F|||\u00a0\u00bb]\t\t<\/div>\n\t<\/div>\n<\/div><\/div>[\/vc_column_inner][vc_column_inner offset=\u00a0\u00bbvc_col-lg-6 vc_col-md-12 vc_col-xs-12&Prime;]<div class=\"edgtf-elements-holder edgtf-one-column edgtf-responsive-mode-768\" ><div class=\"edgtf-eh-item edgtf-horizontal-alignment-center\"  data-item-class=\"edgtf-eh-custom-286345\" data-768-1024=\"51px 0 74px 0\" data-480-600=\"51px 0 75px 0\" data-480=\"51px 0 75px 0\">\n\t<div class=\"edgtf-eh-item-inner\">\n\t\t<div class=\"edgtf-eh-item-content edgtf-eh-custom-286345\" style=\"padding: 44px 0 25px 0\">\n\t\t\t[vc_empty_space height=\u00a0\u00bb40px\u00a0\u00bb][vc_single_image image=\u00a0\u00bb16246&Prime; img_size=\u00a0\u00bbfull\u00a0\u00bb]\t\t<\/div>\n\t<\/div>\n<\/div><\/div>[\/vc_column_inner][\/vc_row_inner][vc_empty_space height=\u00a0\u00bb50px\u00a0\u00bb][\/vc_column][\/vc_row]<\/p>\n<\/div>","protected":false},"excerpt":{"rendered":"<p>[vc_row css=\u00a0\u00bb.vc_custom_1488536699571{padding-top: 70px !important;padding-bottom: 6px !important;}\u00a0\u00bb][vc_column][vc_row_inner row_content_width=\u00a0\u00bbgrid\u00a0\u00bb][vc_column_inner offset=\u00a0\u00bbvc_col-lg-6 vc_col-md-12&Prime;][\/vc_column_inner][vc_column_inner offset=\u00a0\u00bbvc_col-lg-6 vc_col-md-12 vc_col-xs-12&Prime;][\/vc_column_inner][\/vc_row_inner][vc_empty_space height=\u00a0\u00bb50px\u00a0\u00bb][\/vc_column][\/vc_row]<\/p>\n","protected":false},"author":1,"featured_media":16233,"parent":16271,"menu_order":2,"comment_status":"closed","ping_status":"closed","template":"full-width.php","meta":{"_acf_changed":false,"_eb_attr":"","wprm-recipe-roundup-name":"","wprm-recipe-roundup-description":"","footnotes":""},"tags":[355],"class_list":["post-16277","page","type-page","status-publish","has-post-thumbnail","hentry","tag-trucs-pour-les-fetes"],"acf":[],"_links":{"self":[{"href":"https:\/\/lovefoodhatewaste.ca\/fr\/wp-json\/wp\/v2\/pages\/16277","targetHints":{"allow":["GET"]}}],"collection":[{"href":"https:\/\/lovefoodhatewaste.ca\/fr\/wp-json\/wp\/v2\/pages"}],"about":[{"href":"https:\/\/lovefoodhatewaste.ca\/fr\/wp-json\/wp\/v2\/types\/page"}],"author":[{"embeddable":true,"href":"https:\/\/lovefoodhatewaste.ca\/fr\/wp-json\/wp\/v2\/users\/1"}],"replies":[{"embeddable":true,"href":"https:\/\/lovefoodhatewaste.ca\/fr\/wp-json\/wp\/v2\/comments?post=16277"}],"version-history":[{"count":0,"href":"https:\/\/lovefoodhatewaste.ca\/fr\/wp-json\/wp\/v2\/pages\/16277\/revisions"}],"up":[{"embeddable":true,"href":"https:\/\/lovefoodhatewaste.ca\/fr\/wp-json\/wp\/v2\/pages\/16271"}],"wp:featuredmedia":[{"embeddable":true,"href":"https:\/\/lovefoodhatewaste.ca\/fr\/wp-json\/wp\/v2\/media\/16233"}],"wp:attachment":[{"href":"https:\/\/lovefoodhatewaste.ca\/fr\/wp-json\/wp\/v2\/media?parent=16277"}],"wp:term":[{"taxonomy":"post_tag","embeddable":true,"href":"https:\/\/lovefoodhatewaste.ca\/fr\/wp-json\/wp\/v2\/tags?post=16277"}],"curies":[{"name":"wp","href":"https:\/\/api.w.org\/{rel}","templated":true}]}}