{"id":16350,"date":"2019-04-30T09:34:48","date_gmt":"2019-04-30T16:34:48","guid":{"rendered":"https:\/\/lovefoodhatewaste.ca\/?page_id=16350"},"modified":"2022-01-12T13:50:43","modified_gmt":"2022-01-12T21:50:43","slug":"conseils-zero-dechet-de-bob","status":"publish","type":"page","link":"https:\/\/lovefoodhatewaste.ca\/fr\/inspirez-vous\/conseils-zero-dechet-de-bob\/","title":{"rendered":"Conseils z\u00e9ro d\u00e9chet de Bob"},"content":{"rendered":"<div class=\"wpb-content-wrapper\"><p>[vc_row css=\u00a0\u00bb.vc_custom_1488536699571{padding-top: 70px !important;padding-bottom: 6px !important;}\u00a0\u00bb][vc_column][vc_row_inner row_content_width=\u00a0\u00bbgrid\u00a0\u00bb][vc_column_inner offset=\u00a0\u00bbvc_col-lg-6 vc_col-md-12&Prime;]<div class=\"edgtf-elements-holder edgtf-one-column edgtf-responsive-mode-768\" ><div class=\"edgtf-eh-item \"  data-item-class=\"edgtf-eh-custom-218961\" data-1024-1280=\"34px 8% 50px 0%\" data-768-1024=\"0 25% 74px 0%\" data-600-768=\"0 12% 74px 0%\" data-480-600=\"1px 0% 72px 0%\" data-480=\"1px 0% 72px 0%\">\n\t<div class=\"edgtf-eh-item-inner\">\n\t\t<div class=\"edgtf-eh-item-content edgtf-eh-custom-218961\" style=\"padding: 34px 10% 50px 0%\">\n\t\t\t<div class=\"edgtf-section-title-holder\" style=\"text-align: left\">\n\t\t\t\t\t<h2 class=\"edgtf-st-title\" style=\"color: #303030;font-weight: 600;letter-spacing: 3px\">\n\t\t\t<span>Apprenez ce qui motive Bob dans la lutte contre le gaspillage alimentaire.<\/span>\n\t\t<\/h2>\n\t\t<\/div>[vc_empty_space height=\u00a0\u00bb19px\u00a0\u00bb][vc_column_text]Le gaspillage d\u2019aliments comestibles est un probl\u00e8me de taille au Canada. C\u2019est dur \u00e0 croire, mais les deux tiers des aliments mis au compost par les m\u00e9nages auraient pu \u00eatre mang\u00e9s.<\/p>\n<p>Il suffit pourtant de strat\u00e9gies et de conseils simples pour lutter contre le gaspillage alimentaires \u00e0 domicile et utiliser au mieux nos aliments pr\u00e9f\u00e9r\u00e9s.<\/p>\n<p>Planification. Pr\u00e9paration. Consommation.[\/vc_column_text][vc_empty_space height=\u00a0\u00bb31px\u00a0\u00bb]\t\t<\/div>\n\t<\/div>\n<\/div><\/div>[\/vc_column_inner][vc_column_inner offset=\u00a0\u00bbvc_col-lg-6 vc_col-md-12 vc_col-xs-12&Prime;]<div class=\"edgtf-elements-holder edgtf-one-column edgtf-responsive-mode-768\" ><div class=\"edgtf-eh-item edgtf-horizontal-alignment-center\"  data-item-class=\"edgtf-eh-custom-388999\" data-768-1024=\"51px 0 74px 0\" data-480-600=\"51px 0 75px 0\" data-480=\"51px 0 75px 0\">\n\t<div class=\"edgtf-eh-item-inner\">\n\t\t<div class=\"edgtf-eh-item-content edgtf-eh-custom-388999\" style=\"padding: 44px 0 25px 0\">\n\t\t\t[vc_basic_grid post_type=\u00a0\u00bbpage\u00a0\u00bb max_items=\u00a0\u00bb-1&Prime; element_width=\u00a0\u00bb6&Prime; orderby=\u00a0\u00bbmenu_order\u00a0\u00bb order=\u00a0\u00bbASC\u00a0\u00bb item=\u00a0\u00bb16339&Prime; grid_id=\u00a0\u00bbvc_gid:1586970535991-254e5623-4fdf-7&Prime; taxonomies=\u00a0\u00bb357&Prime; exclude=\u00a0\u00bb11599, 11597&Prime;][vc_empty_space height=\u00a0\u00bb50px\u00a0\u00bb]\t\t<\/div>\n\t<\/div>\n<\/div><\/div>[\/vc_column_inner][\/vc_row_inner][\/vc_column][\/vc_row][vc_row full_width=\u00a0\u00bbstretch_row\u00a0\u00bb css=\u00a0\u00bb.vc_custom_1556573280797{padding-top: 70px !important;padding-bottom: 6px !important;background-color: #f7f7f7 !important;}\u00a0\u00bb][vc_column][vc_row_inner row_content_width=\u00a0\u00bbgrid\u00a0\u00bb][vc_column_inner offset=\u00a0\u00bbvc_col-lg-6 vc_col-md-12&Prime;]<div class=\"edgtf-elements-holder edgtf-one-column edgtf-responsive-mode-768\" ><div class=\"edgtf-eh-item \"  data-item-class=\"edgtf-eh-custom-413302\" data-1024-1280=\"34px 8% 50px 0%\" data-768-1024=\"0 25% 74px 0%\" data-600-768=\"0 12% 74px 0%\" data-480-600=\"1px 0% 72px 0%\" data-480=\"1px 0% 72px 0%\">\n\t<div class=\"edgtf-eh-item-inner\">\n\t\t<div class=\"edgtf-eh-item-content edgtf-eh-custom-413302\" style=\"padding: 34px 10% 50px 0%\">\n\t\t\t<div class=\"edgtf-section-title-holder\" style=\"text-align: left\">\n\t\t\t\t\t<h2 class=\"edgtf-st-title\" style=\"color: #303030;font-weight: 600;letter-spacing: 3px\">\n\t\t\t<span>\u00c9coutez les conseils de Bob sur la cuisine z\u00e9ro d\u00e9chet.<\/span>\n\t\t<\/h2>\n\t\t<\/div>[vc_empty_space height=\u00a0\u00bb19px\u00a0\u00bb][vc_column_text]De petits gestes peuvent grandement r\u00e9duire le gaspillage alimentaire \u00e0 la maison. Saviez-vous que ce type de gaspillage co\u00fbte environ 1 100 $ annuellement par m\u00e9nage au Canada?<\/p>\n<p>Au lieu de dilapider votre argent, pourquoi ne pas essayer une <a href=\"https:\/\/lovefoodhatewaste.ca\/fr\/utilisez-tout\/recettes-de-bob-blumer\/\">recette de Bob<\/a>? Quelle est votre pr\u00e9f\u00e9r\u00e9e?[\/vc_column_text][vc_empty_space height=\u00a0\u00bb31px\u00a0\u00bb]\t\t<\/div>\n\t<\/div>\n<\/div><\/div>[\/vc_column_inner][vc_column_inner offset=\u00a0\u00bbvc_col-lg-6 vc_col-md-12 vc_col-xs-12&Prime;]<div class=\"edgtf-elements-holder edgtf-one-column edgtf-responsive-mode-768\" ><div class=\"edgtf-eh-item edgtf-horizontal-alignment-center\"  data-item-class=\"edgtf-eh-custom-196430\" data-768-1024=\"51px 0 74px 0\" data-480-600=\"51px 0 75px 0\" data-480=\"51px 0 75px 0\">\n\t<div class=\"edgtf-eh-item-inner\">\n\t\t<div class=\"edgtf-eh-item-content edgtf-eh-custom-196430\" style=\"padding: 44px 0 25px 0\">\n\t\t\t<div class=\"edgtf-irh-column  edgtf-grid-col-6\">\n\t<div class=\"edgtf-video-button-holder\">\n\t<div class=\"edgtf-video-button-image\">\n\t\t<img loading=\"lazy\" decoding=\"async\" width=\"1280\" height=\"720\" src=\"https:\/\/lovefoodhatewaste.ca\/wp-content\/uploads\/2019\/05\/781438713_1280x720.jpg\" class=\"attachment-full size-full\" alt=\"\" srcset=\"https:\/\/lovefoodhatewaste.ca\/wp-content\/uploads\/2019\/05\/781438713_1280x720.jpg 1280w, https:\/\/lovefoodhatewaste.ca\/wp-content\/uploads\/2019\/05\/781438713_1280x720-300x169.jpg 300w, https:\/\/lovefoodhatewaste.ca\/wp-content\/uploads\/2019\/05\/781438713_1280x720-768x432.jpg 768w, https:\/\/lovefoodhatewaste.ca\/wp-content\/uploads\/2019\/05\/781438713_1280x720-1024x576.jpg 1024w\" sizes=\"auto, (max-width: 1280px) 100vw, 1280px\" \/>\t<\/div>\n\t\t\t<a class=\"edgtf-video-button-play\" style=\"font-size: 30px\" href=\"https:\/\/vimeo.com\/334073901\" target=\"_self\" data-rel=\"prettyPhoto[video_button_pretty_photo_511]\" rel=\"noopener\">\n\t\t\t<span class=\"edgtf-video-button-play-inner\">\n\t\t\t\t<span class=\"arrow_triangle-right_alt\"><\/span>\n\t\t\t<\/span>\n\t\t<\/a>\n\t<\/div>[vc_empty_space height=\u00a0\u00bb10px\u00a0\u00bb]<\/div><div class=\"edgtf-irh-column  edgtf-grid-col-6\">\n\t<div class=\"edgtf-video-button-holder\">\n\t<div class=\"edgtf-video-button-image\">\n\t\t<img loading=\"lazy\" decoding=\"async\" width=\"1280\" height=\"720\" src=\"https:\/\/lovefoodhatewaste.ca\/wp-content\/uploads\/2019\/05\/781438502_1280x720.jpg\" class=\"attachment-full size-full\" alt=\"\" srcset=\"https:\/\/lovefoodhatewaste.ca\/wp-content\/uploads\/2019\/05\/781438502_1280x720.jpg 1280w, https:\/\/lovefoodhatewaste.ca\/wp-content\/uploads\/2019\/05\/781438502_1280x720-300x169.jpg 300w, https:\/\/lovefoodhatewaste.ca\/wp-content\/uploads\/2019\/05\/781438502_1280x720-768x432.jpg 768w, https:\/\/lovefoodhatewaste.ca\/wp-content\/uploads\/2019\/05\/781438502_1280x720-1024x576.jpg 1024w\" sizes=\"auto, (max-width: 1280px) 100vw, 1280px\" \/>\t<\/div>\n\t\t\t<a class=\"edgtf-video-button-play\" style=\"font-size: 30px\" href=\"https:\/\/vimeo.com\/334487446\" target=\"_self\" data-rel=\"prettyPhoto[video_button_pretty_photo_699]\" rel=\"noopener\">\n\t\t\t<span class=\"edgtf-video-button-play-inner\">\n\t\t\t\t<span class=\"arrow_triangle-right_alt\"><\/span>\n\t\t\t<\/span>\n\t\t<\/a>\n\t<\/div>[vc_empty_space height=\u00a0\u00bb10px\u00a0\u00bb]<\/div><div class=\"edgtf-irh-column  edgtf-grid-col-6\">\n\t<div class=\"edgtf-video-button-holder\">\n\t<div class=\"edgtf-video-button-image\">\n\t\t<img loading=\"lazy\" decoding=\"async\" width=\"1280\" height=\"720\" src=\"https:\/\/lovefoodhatewaste.ca\/wp-content\/uploads\/2019\/05\/781438322_1280x720.jpg\" class=\"attachment-full size-full\" alt=\"\" srcset=\"https:\/\/lovefoodhatewaste.ca\/wp-content\/uploads\/2019\/05\/781438322_1280x720.jpg 1280w, https:\/\/lovefoodhatewaste.ca\/wp-content\/uploads\/2019\/05\/781438322_1280x720-300x169.jpg 300w, https:\/\/lovefoodhatewaste.ca\/wp-content\/uploads\/2019\/05\/781438322_1280x720-768x432.jpg 768w, https:\/\/lovefoodhatewaste.ca\/wp-content\/uploads\/2019\/05\/781438322_1280x720-1024x576.jpg 1024w\" sizes=\"auto, (max-width: 1280px) 100vw, 1280px\" \/>\t<\/div>\n\t\t\t<a class=\"edgtf-video-button-play\" style=\"font-size: 30px\" href=\"https:\/\/vimeo.com\/334537767\" target=\"_self\" data-rel=\"prettyPhoto[video_button_pretty_photo_670]\" rel=\"noopener\">\n\t\t\t<span class=\"edgtf-video-button-play-inner\">\n\t\t\t\t<span class=\"arrow_triangle-right_alt\"><\/span>\n\t\t\t<\/span>\n\t\t<\/a>\n\t<\/div>[vc_empty_space height=\u00a0\u00bb10px\u00a0\u00bb]<\/div><div class=\"edgtf-irh-column  edgtf-grid-col-6\">\n\t<div class=\"edgtf-video-button-holder\">\n\t<div class=\"edgtf-video-button-image\">\n\t\t<img loading=\"lazy\" decoding=\"async\" width=\"1280\" height=\"720\" src=\"https:\/\/lovefoodhatewaste.ca\/wp-content\/uploads\/2019\/05\/781438115_1280x720.jpg\" class=\"attachment-full size-full\" alt=\"\" srcset=\"https:\/\/lovefoodhatewaste.ca\/wp-content\/uploads\/2019\/05\/781438115_1280x720.jpg 1280w, https:\/\/lovefoodhatewaste.ca\/wp-content\/uploads\/2019\/05\/781438115_1280x720-300x169.jpg 300w, https:\/\/lovefoodhatewaste.ca\/wp-content\/uploads\/2019\/05\/781438115_1280x720-768x432.jpg 768w, https:\/\/lovefoodhatewaste.ca\/wp-content\/uploads\/2019\/05\/781438115_1280x720-1024x576.jpg 1024w\" sizes=\"auto, (max-width: 1280px) 100vw, 1280px\" \/>\t<\/div>\n\t\t\t<a class=\"edgtf-video-button-play\" style=\"font-size: 30px\" href=\"https:\/\/vimeo.com\/334714485\" target=\"_self\" data-rel=\"prettyPhoto[video_button_pretty_photo_427]\" rel=\"noopener\">\n\t\t\t<span class=\"edgtf-video-button-play-inner\">\n\t\t\t\t<span class=\"arrow_triangle-right_alt\"><\/span>\n\t\t\t<\/span>\n\t\t<\/a>\n\t<\/div>[vc_empty_space height=\u00a0\u00bb10px\u00a0\u00bb]<\/div><div class=\"edgtf-irh-column  edgtf-grid-col-6\">\n\t<div class=\"edgtf-video-button-holder\">\n\t<div class=\"edgtf-video-button-image\">\n\t\t<img loading=\"lazy\" decoding=\"async\" width=\"1280\" height=\"720\" src=\"https:\/\/lovefoodhatewaste.ca\/wp-content\/uploads\/2019\/05\/781437766_1280x720.jpg\" class=\"attachment-full size-full\" alt=\"\" srcset=\"https:\/\/lovefoodhatewaste.ca\/wp-content\/uploads\/2019\/05\/781437766_1280x720.jpg 1280w, https:\/\/lovefoodhatewaste.ca\/wp-content\/uploads\/2019\/05\/781437766_1280x720-300x169.jpg 300w, https:\/\/lovefoodhatewaste.ca\/wp-content\/uploads\/2019\/05\/781437766_1280x720-768x432.jpg 768w, https:\/\/lovefoodhatewaste.ca\/wp-content\/uploads\/2019\/05\/781437766_1280x720-1024x576.jpg 1024w\" sizes=\"auto, (max-width: 1280px) 100vw, 1280px\" \/>\t<\/div>\n\t\t\t<a class=\"edgtf-video-button-play\" style=\"font-size: 30px\" href=\"https:\/\/vimeo.com\/334772653\" target=\"_self\" data-rel=\"prettyPhoto[video_button_pretty_photo_746]\" rel=\"noopener\">\n\t\t\t<span class=\"edgtf-video-button-play-inner\">\n\t\t\t\t<span class=\"arrow_triangle-right_alt\"><\/span>\n\t\t\t<\/span>\n\t\t<\/a>\n\t<\/div>[vc_empty_space height=\u00a0\u00bb10px\u00a0\u00bb]<\/div>[vc_empty_space height=\u00a0\u00bb50px\u00a0\u00bb]\t\t<\/div>\n\t<\/div>\n<\/div><\/div>[\/vc_column_inner][\/vc_row_inner][\/vc_column][\/vc_row][vc_row css=\u00a0\u00bb.vc_custom_1488536699571{padding-top: 70px !important;padding-bottom: 6px !important;}\u00a0\u00bb][vc_column]<div class=\"edgtf-section-title-holder\" style=\"text-align: left\">\n\t\t\t\t\t<h2 class=\"edgtf-st-title\" style=\"color: #303030;font-weight: 600;letter-spacing: 3px\">\n\t\t\t<span>Une lettre ouverte de notre champion anti-gaspi Bob Blumer<\/span>\n\t\t<\/h2>\n\t\t\t\t<p class=\"edgtf-st-text\" >Cuisinez pour le plaisir de bien manger!<\/p>\n\t<\/div>[vc_empty_space height=\u00a0\u00bb19px\u00a0\u00bb][vc_btn title=\u00a0\u00bbLire la lettre\u00a0\u00bb style=\u00a0\u00bbflat\u00a0\u00bb shape=\u00a0\u00bbsquare\u00a0\u00bb color=\u00a0\u00bbgreen\u00a0\u00bb link=\u00a0\u00bburl:%2Fwp-content%2Fuploads%2F2020%2F04%2Fbob-Op-Ed-FRENCH-FINAL.pdf|||\u00a0\u00bb][vc_empty_space height=\u00a0\u00bb31px\u00a0\u00bb][\/vc_column][\/vc_row][vc_row full_width=\u00a0\u00bbstretch_row\u00a0\u00bb css=\u00a0\u00bb.vc_custom_1556574039281{padding-top: 70px !important;padding-bottom: 6px !important;background-color: #f7f7f7 !important;}\u00a0\u00bb][vc_column][\/vc_column][\/vc_row]<\/p>\n<\/div>","protected":false},"excerpt":{"rendered":"<p>[vc_row css=\u00a0\u00bb.vc_custom_1488536699571{padding-top: 70px !important;padding-bottom: 6px !important;}\u00a0\u00bb][vc_column][vc_row_inner row_content_width=\u00a0\u00bbgrid\u00a0\u00bb][vc_column_inner offset=\u00a0\u00bbvc_col-lg-6 vc_col-md-12&Prime;][\/vc_column_inner][vc_column_inner offset=\u00a0\u00bbvc_col-lg-6 vc_col-md-12 vc_col-xs-12&Prime;][\/vc_column_inner][\/vc_row_inner][\/vc_column][\/vc_row][vc_row full_width=\u00a0\u00bbstretch_row\u00a0\u00bb css=\u00a0\u00bb.vc_custom_1556573280797{padding-top: 70px !important;padding-bottom: 6px !important;background-color: #f7f7f7 !important;}\u00a0\u00bb][vc_column][vc_row_inner row_content_width=\u00a0\u00bbgrid\u00a0\u00bb][vc_column_inner offset=\u00a0\u00bbvc_col-lg-6 vc_col-md-12&Prime;][\/vc_column_inner][vc_column_inner offset=\u00a0\u00bbvc_col-lg-6 vc_col-md-12 vc_col-xs-12&Prime;][\/vc_column_inner][\/vc_row_inner][\/vc_column][\/vc_row][vc_row css=\u00a0\u00bb.vc_custom_1488536699571{padding-top: 70px !important;padding-bottom: 6px !important;}\u00a0\u00bb][vc_column][vc_empty_space height=\u00a0\u00bb19px\u00a0\u00bb][vc_btn title=\u00a0\u00bbLire la lettre\u00a0\u00bb style=\u00a0\u00bbflat\u00a0\u00bb shape=\u00a0\u00bbsquare\u00a0\u00bb color=\u00a0\u00bbgreen\u00a0\u00bb link=\u00a0\u00bburl:%2Fwp-content%2Fuploads%2F2020%2F04%2Fbob-Op-Ed-FRENCH-FINAL.pdf|||\u00a0\u00bb][vc_empty_space height=\u00a0\u00bb31px\u00a0\u00bb][\/vc_column][\/vc_row][vc_row [&hellip;]<\/p>\n","protected":false},"author":1,"featured_media":16345,"parent":12068,"menu_order":0,"comment_status":"closed","ping_status":"closed","template":"","meta":{"_acf_changed":false,"_eb_attr":"","wprm-recipe-roundup-name":"","wprm-recipe-roundup-description":"","footnotes":""},"tags":[],"class_list":["post-16350","page","type-page","status-publish","has-post-thumbnail","hentry"],"acf":[],"_links":{"self":[{"href":"https:\/\/lovefoodhatewaste.ca\/fr\/wp-json\/wp\/v2\/pages\/16350","targetHints":{"allow":["GET"]}}],"collection":[{"href":"https:\/\/lovefoodhatewaste.ca\/fr\/wp-json\/wp\/v2\/pages"}],"about":[{"href":"https:\/\/lovefoodhatewaste.ca\/fr\/wp-json\/wp\/v2\/types\/page"}],"author":[{"embeddable":true,"href":"https:\/\/lovefoodhatewaste.ca\/fr\/wp-json\/wp\/v2\/users\/1"}],"replies":[{"embeddable":true,"href":"https:\/\/lovefoodhatewaste.ca\/fr\/wp-json\/wp\/v2\/comments?post=16350"}],"version-history":[{"count":0,"href":"https:\/\/lovefoodhatewaste.ca\/fr\/wp-json\/wp\/v2\/pages\/16350\/revisions"}],"up":[{"embeddable":true,"href":"https:\/\/lovefoodhatewaste.ca\/fr\/wp-json\/wp\/v2\/pages\/12068"}],"wp:featuredmedia":[{"embeddable":true,"href":"https:\/\/lovefoodhatewaste.ca\/fr\/wp-json\/wp\/v2\/media\/16345"}],"wp:attachment":[{"href":"https:\/\/lovefoodhatewaste.ca\/fr\/wp-json\/wp\/v2\/media?parent=16350"}],"wp:term":[{"taxonomy":"post_tag","embeddable":true,"href":"https:\/\/lovefoodhatewaste.ca\/fr\/wp-json\/wp\/v2\/tags?post=16350"}],"curies":[{"name":"wp","href":"https:\/\/api.w.org\/{rel}","templated":true}]}}