{"id":17164,"date":"2020-03-24T14:17:40","date_gmt":"2020-03-24T21:17:40","guid":{"rendered":"https:\/\/lovefoodhatewaste.ca\/inspirez-vous\/partner-tips\/"},"modified":"2022-08-05T11:17:57","modified_gmt":"2022-08-05T18:17:57","slug":"conseils-des-partenaires","status":"publish","type":"page","link":"https:\/\/lovefoodhatewaste.ca\/fr\/inspirez-vous\/conseils-des-partenaires\/","title":{"rendered":"Conseils des partenaires"},"content":{"rendered":"<div class=\"wpb-content-wrapper\"><p>[vc_row][vc_column][vc_row_inner row_content_width=\u00a0\u00bbgrid\u00a0\u00bb][vc_column_inner][vc_empty_space]<div class=\"edgtf-section-title-holder\" >\n\t\t\t\t\t<h2 class=\"edgtf-st-title\" >\n\t\t\t<span>Conseils des partenaires<\/span>\n\t\t<\/h2>\n\t\t\t\t<p class=\"edgtf-st-text\" >Nos partenaires sont tr\u00e8s actifs dans leur communaut\u00e9 \u00e0 partager leurs trucs et astuces pour bien conserver les aliments. Voici leurs plus r\u00e9centes actions:<\/p>\n\t<\/div>[vc_empty_space][\/vc_column_inner][\/vc_row_inner][vc_row_inner row_content_width=\u00a0\u00bbgrid\u00a0\u00bb][vc_column_inner][vc_empty_space]<div class=\"edgtf-section-title-holder\" >\n\t\t\t\t\t<h4 class=\"edgtf-st-title\" >\n\t\t\t<span>Apprenez comment conserver vos aliments gr\u00e2ce \u00e0 ces vid\u00e9os r\u00e9alis\u00e9es lors d\u2019un atelier de cuisine organis\u00e9 par la Ville de Toronto (en anglais seulement):<\/span>\n\t\t<\/h4>\n\t\t<\/div>[vc_empty_space]<div class=\"edgtf-inner-row-holder edgtf-grid-row  edgtf-grid-large-gutter\"><div class=\"edgtf-irh-column  edgtf-grid-col-6\">\n\t[vc_video link=\u00a0\u00bbhttps:\/\/vimeo.com\/396795271&Prime;][vc_empty_space]<\/div><div class=\"edgtf-irh-column  edgtf-grid-col-6\">\n\t[vc_video link=\u00a0\u00bbhttps:\/\/vimeo.com\/396795315&Prime;][vc_empty_space]<\/div><div class=\"edgtf-irh-column  edgtf-grid-col-6\">\n\t[vc_video link=\u00a0\u00bbhttps:\/\/vimeo.com\/396795295&Prime;][vc_empty_space]<\/div><\/div>[vc_empty_space][\/vc_column_inner][\/vc_row_inner][vc_row_inner row_content_width=\u00a0\u00bbgrid\u00a0\u00bb][vc_column_inner][vc_empty_space]<div class=\"edgtf-section-title-holder\" >\n\t\t\t\t\t<h4 class=\"edgtf-st-title\" >\n\t\t\t<span>Visionnez ces capsules vid\u00e9o produites par notre partenaire CRD (en anglais seulement):<\/span>\n\t\t<\/h4>\n\t\t<\/div>[vc_empty_space]<div class=\"edgtf-inner-row-holder edgtf-grid-row  edgtf-grid-large-gutter\"><div class=\"edgtf-irh-column  edgtf-grid-col-6\">\n\t[vc_video link=\u00a0\u00bbhttps:\/\/vimeo.com\/396795245&Prime;][vc_empty_space]<\/div><div class=\"edgtf-irh-column  edgtf-grid-col-6\">\n\t[vc_video link=\u00a0\u00bbhttps:\/\/vimeo.com\/396795221&Prime;][vc_empty_space]<\/div><div class=\"edgtf-irh-column  edgtf-grid-col-6\">\n\t[vc_video link=\u00a0\u00bbhttps:\/\/vimeo.com\/396795208&Prime;][vc_empty_space]<\/div><\/div>[vc_empty_space][\/vc_column_inner][\/vc_row_inner][\/vc_column][\/vc_row]<\/p>\n<\/div>","protected":false},"excerpt":{"rendered":"<p>[vc_row][vc_column][vc_row_inner row_content_width=\u00a0\u00bbgrid\u00a0\u00bb][vc_column_inner][vc_empty_space][vc_empty_space][\/vc_column_inner][\/vc_row_inner][vc_row_inner row_content_width=\u00a0\u00bbgrid\u00a0\u00bb][vc_column_inner][vc_empty_space][vc_empty_space][vc_empty_space][\/vc_column_inner][\/vc_row_inner][vc_row_inner row_content_width=\u00a0\u00bbgrid\u00a0\u00bb][vc_column_inner][vc_empty_space][vc_empty_space][vc_empty_space][\/vc_column_inner][\/vc_row_inner][\/vc_column][\/vc_row]<\/p>\n","protected":false},"author":1,"featured_media":16839,"parent":12068,"menu_order":0,"comment_status":"closed","ping_status":"closed","template":"full-width.php","meta":{"_acf_changed":false,"_eb_attr":"","wprm-recipe-roundup-name":"","wprm-recipe-roundup-description":"","footnotes":""},"tags":[655],"class_list":["post-17164","page","type-page","status-publish","has-post-thumbnail","hentry","tag-inspirez-vous"],"acf":[],"_links":{"self":[{"href":"https:\/\/lovefoodhatewaste.ca\/fr\/wp-json\/wp\/v2\/pages\/17164","targetHints":{"allow":["GET"]}}],"collection":[{"href":"https:\/\/lovefoodhatewaste.ca\/fr\/wp-json\/wp\/v2\/pages"}],"about":[{"href":"https:\/\/lovefoodhatewaste.ca\/fr\/wp-json\/wp\/v2\/types\/page"}],"author":[{"embeddable":true,"href":"https:\/\/lovefoodhatewaste.ca\/fr\/wp-json\/wp\/v2\/users\/1"}],"replies":[{"embeddable":true,"href":"https:\/\/lovefoodhatewaste.ca\/fr\/wp-json\/wp\/v2\/comments?post=17164"}],"version-history":[{"count":0,"href":"https:\/\/lovefoodhatewaste.ca\/fr\/wp-json\/wp\/v2\/pages\/17164\/revisions"}],"up":[{"embeddable":true,"href":"https:\/\/lovefoodhatewaste.ca\/fr\/wp-json\/wp\/v2\/pages\/12068"}],"wp:featuredmedia":[{"embeddable":true,"href":"https:\/\/lovefoodhatewaste.ca\/fr\/wp-json\/wp\/v2\/media\/16839"}],"wp:attachment":[{"href":"https:\/\/lovefoodhatewaste.ca\/fr\/wp-json\/wp\/v2\/media?parent=17164"}],"wp:term":[{"taxonomy":"post_tag","embeddable":true,"href":"https:\/\/lovefoodhatewaste.ca\/fr\/wp-json\/wp\/v2\/tags?post=17164"}],"curies":[{"name":"wp","href":"https:\/\/api.w.org\/{rel}","templated":true}]}}