{"id":17168,"date":"2020-01-08T11:03:14","date_gmt":"2020-01-08T19:03:14","guid":{"rendered":"https:\/\/lovefoodhatewaste.ca\/inspirez-vous\/tips\/"},"modified":"2026-02-25T09:23:13","modified_gmt":"2026-02-25T17:23:13","slug":"partagez-vos-trucs-et-astuces","status":"publish","type":"page","link":"https:\/\/lovefoodhatewaste.ca\/fr\/inspirez-vous\/partagez-vos-trucs-et-astuces\/","title":{"rendered":"Partagez vos trucs et astuces"},"content":{"rendered":"<div class=\"wpb-content-wrapper\"><p>[vc_section][vc_row][vc_column][\/vc_column][\/vc_row][\/vc_section][vc_row][vc_column width=\u00a0\u00bb3\/4&Prime;]<div class=\"edgtf-section-title-holder\" >\n\t\t\t\t\t<h2 class=\"edgtf-st-title\" >\n\t\t\t<span>Guide pour devenir une star des restes: partagez vos secrets de famille et vos astuces culinaires pour utiliser les restes<\/span>\n\t\t<\/h2>\n\t\t<\/div>[vc_column_text css=\u00a0\u00bb\u00a0\u00bb]Vous avez une astuce g\u00e9niale pour accommoder les restes de riz ? Une fa\u00e7on de transformer des l\u00e9gumes verts fan\u00e9s en un plat gastronomique ? Votre petite astuce pourrait \u00eatre l&rsquo;ingr\u00e9dient qui manquait dans la cuisine de quelqu&rsquo;un d&rsquo;autre. Qu&rsquo;il s&rsquo;agisse d&rsquo;une recette rapide pour les soirs de semaine ou d&rsquo;un secret de famille bien gard\u00e9, nous voulons la conna\u00eetre.[\/vc_column_text][vc_empty_space][\/vc_column][vc_column width=\u00a0\u00bb1\/4&Prime;][vc_empty_space height=\u00a0\u00bb50px\u00a0\u00bb][vc_btn title=\u00a0\u00bbSugg\u00e9rez l\u2019un de vos trucs\u00a0\u00bb style=\u00a0\u00bbflat\u00a0\u00bb shape=\u00a0\u00bbsquare\u00a0\u00bb color=\u00a0\u00bbgreen\u00a0\u00bb i_icon_fontawesome=\u00a0\u00bbfa fa-plus\u00a0\u00bb add_icon=\u00a0\u00bbtrue\u00a0\u00bb link=\u00a0\u00bburl:%2Ffr%2Finspirez-vous%2Fpartagez-vos-trucs-et-astuces%2Fsuggerez-lun-de-vos-trucs%2F|title:Submit%20a%20new%20tip||\u00a0\u00bb][\/vc_column][\/vc_row]<\/p>\n<\/div>","protected":false},"excerpt":{"rendered":"<p>[vc_section][vc_row][vc_column][\/vc_column][\/vc_row][\/vc_section][vc_row][vc_column width=\u00a0\u00bb3\/4&Prime;][vc_column_text css=\u00a0\u00bb\u00a0\u00bb]Vous avez une astuce g\u00e9niale pour accommoder les restes de riz ? Une fa\u00e7on de transformer des l\u00e9gumes verts fan\u00e9s en un plat gastronomique ? Votre petite astuce pourrait \u00eatre l&rsquo;ingr\u00e9dient qui manquait dans la cuisine de quelqu&rsquo;un [&hellip;]<\/p>\n","protected":false},"author":1,"featured_media":23411,"parent":12068,"menu_order":0,"comment_status":"closed","ping_status":"closed","template":"page-messageboard.php","meta":{"_acf_changed":false,"_eb_attr":"","wprm-recipe-roundup-name":"","wprm-recipe-roundup-description":"","footnotes":""},"tags":[],"class_list":["post-17168","page","type-page","status-publish","has-post-thumbnail","hentry"],"acf":[],"_links":{"self":[{"href":"https:\/\/lovefoodhatewaste.ca\/fr\/wp-json\/wp\/v2\/pages\/17168","targetHints":{"allow":["GET"]}}],"collection":[{"href":"https:\/\/lovefoodhatewaste.ca\/fr\/wp-json\/wp\/v2\/pages"}],"about":[{"href":"https:\/\/lovefoodhatewaste.ca\/fr\/wp-json\/wp\/v2\/types\/page"}],"author":[{"embeddable":true,"href":"https:\/\/lovefoodhatewaste.ca\/fr\/wp-json\/wp\/v2\/users\/1"}],"replies":[{"embeddable":true,"href":"https:\/\/lovefoodhatewaste.ca\/fr\/wp-json\/wp\/v2\/comments?post=17168"}],"version-history":[{"count":0,"href":"https:\/\/lovefoodhatewaste.ca\/fr\/wp-json\/wp\/v2\/pages\/17168\/revisions"}],"up":[{"embeddable":true,"href":"https:\/\/lovefoodhatewaste.ca\/fr\/wp-json\/wp\/v2\/pages\/12068"}],"wp:featuredmedia":[{"embeddable":true,"href":"https:\/\/lovefoodhatewaste.ca\/fr\/wp-json\/wp\/v2\/media\/23411"}],"wp:attachment":[{"href":"https:\/\/lovefoodhatewaste.ca\/fr\/wp-json\/wp\/v2\/media?parent=17168"}],"wp:term":[{"taxonomy":"post_tag","embeddable":true,"href":"https:\/\/lovefoodhatewaste.ca\/fr\/wp-json\/wp\/v2\/tags?post=17168"}],"curies":[{"name":"wp","href":"https:\/\/api.w.org\/{rel}","templated":true}]}}