{"id":17231,"date":"2020-04-03T15:22:09","date_gmt":"2020-04-03T22:22:09","guid":{"rendered":"https:\/\/lovefoodhatewaste.ca\/?page_id=17231"},"modified":"2022-08-05T11:16:24","modified_gmt":"2022-08-05T18:16:24","slug":"redecouvrons-la-richesse-de-nos-aliments","status":"publish","type":"page","link":"https:\/\/lovefoodhatewaste.ca\/fr\/inspirez-vous\/redecouvrons-la-richesse-de-nos-aliments\/","title":{"rendered":"Red\u00e9couvrons la richesse de nos aliments"},"content":{"rendered":"<div class=\"wpb-content-wrapper\"><p>[vc_row][vc_column][vc_row_inner row_content_width=\u00a0\u00bbgrid\u00a0\u00bb][vc_column_inner][vc_empty_space height=\u00a0\u00bb64px\u00a0\u00bb]<div class=\"edgtf-section-title-holder\" >\n\t\t\t\t\t<h3 class=\"edgtf-st-title\" style=\"color: #303030;letter-spacing: 3px\">\n\t\t\t<span>Ensemble, red\u00e9couvrons la richesse de nos aliments.<\/span>\n\t\t<\/h3>\n\t\t<\/div>[\/vc_column_inner][\/vc_row_inner][vc_row_inner row_content_width=\u00a0\u00bbgrid\u00a0\u00bb][vc_column_inner width=\u00a0\u00bb1\/2&Prime;][vc_empty_space height=\u00a0\u00bb64px\u00a0\u00bb][vc_column_text]Votre Mamie vous a-t-elle montr\u00e9 comment faire une soupe \u00e0 partir des restes de l\u00e9gumes? Votre meilleure amie vous a-t-elle donn\u00e9 des conseils sur l\u2019entreposage des oignons pour les conserver plus longtemps? Nous avons tous une id\u00e9e anti-gaspi. Faites-nous part de la v\u00f4tre!<\/p>\n<p>Demander conseil et recevoir un coup de pouce en cuisine, c&rsquo;est une excellente fa\u00e7on de cr\u00e9er une complicit\u00e9 avec nos proches, mais aussi, d&rsquo;\u00e9viter le gaspillage. Aidez-nous \u00e0 recueillir toutes ces connaissances et \u00e0 les redistribuer librement.<\/p>\n<p>Visionnez nos clips pour d\u00e9couvrir nos trucs et astuces pr\u00e9f\u00e9r\u00e9s. Partagez votre propre astuce ou recette anti-gaspi\u00a0sur <a class=\"orange-link\" href=\"\/fr\/inspirez-vous\/partagez-vos-trucs-et-astuces\/\">le babillard de trucs du site Web J\u2019aime manger pas gaspiller Canada<\/a>.[\/vc_column_text][vc_empty_space][\/vc_column_inner][vc_column_inner width=\u00a0\u00bb1\/2&Prime;][vc_empty_space height=\u00a0\u00bb64px\u00a0\u00bb][vc_video link=\u00a0\u00bbhttps:\/\/vimeo.com\/402722384\/edf015a057&Prime;][\/vc_column_inner][\/vc_row_inner][\/vc_column][\/vc_row][vc_row css=\u00a0\u00bb.vc_custom_1585952898899{background-color: #f7f7f7 !important;}\u00a0\u00bb][vc_column][vc_row_inner row_content_width=\u00a0\u00bbgrid\u00a0\u00bb][vc_column_inner width=\u00a0\u00bb1\/2&Prime;][vc_empty_space]<div class=\"edgtf-section-title-holder\" >\n\t\t\t\t\t<h5 class=\"edgtf-st-title\" style=\"color: #000000\">\n\t\t\t<span>Red\u00e9couvrez vos connaissances culinaires<\/span>\n\t\t<\/h5>\n\t\t<\/div>[vc_empty_space height=\u00a0\u00bb55px\u00a0\u00bb][vc_video link=\u00a0\u00bbhttps:\/\/vimeo.com\/400451269\/ed27456633&Prime;][vc_empty_space][\/vc_column_inner][vc_column_inner width=\u00a0\u00bb1\/2&Prime;][vc_empty_space]<div class=\"edgtf-section-title-holder\" >\n\t\t\t\t\t<h5 class=\"edgtf-st-title\" style=\"color: #000000\">\n\t\t\t<span>Red\u00e9couvrez vos recettes coup de coeur en famille<\/span>\n\t\t<\/h5>\n\t\t<\/div>[vc_empty_space][vc_video link=\u00a0\u00bbhttps:\/\/vimeo.com\/402412788\/7b2cbe51e5&Prime;][vc_empty_space][\/vc_column_inner][\/vc_row_inner][vc_row_inner row_content_width=\u00a0\u00bbgrid\u00a0\u00bb][vc_column_inner width=\u00a0\u00bb1\/2&Prime;][vc_empty_space]<div class=\"edgtf-section-title-holder\" >\n\t\t\t\t\t<h5 class=\"edgtf-st-title\" style=\"color: #000000\">\n\t\t\t<span>Red\u00e9couvrez votre c\u00f4t\u00e9 cr\u00e9atif dans la cuisine<\/span>\n\t\t<\/h5>\n\t\t<\/div>[vc_empty_space height=\u00a0\u00bb55px\u00a0\u00bb][vc_video link=\u00a0\u00bbhttps:\/\/vimeo.com\/402356793\/69dc06634c\u00a0\u00bb][\/vc_column_inner][vc_column_inner width=\u00a0\u00bb1\/2&Prime;][vc_empty_space]<div class=\"edgtf-section-title-holder\" >\n\t\t\t\t\t<h5 class=\"edgtf-st-title\" style=\"color: #000000\">\n\t\t\t<span>Red\u00e9couvrez comment cuisiner vos l\u00e9gumes fan\u00e9s<\/span>\n\t\t<\/h5>\n\t\t<\/div>[vc_empty_space][vc_video link=\u00a0\u00bbhttps:\/\/vimeo.com\/402341728\/635b0525ff\u00a0\u00bb][vc_empty_space][\/vc_column_inner][\/vc_row_inner][vc_row_inner row_content_width=\u00a0\u00bbgrid\u00a0\u00bb][vc_column_inner width=\u00a0\u00bb1\/2&Prime;][vc_empty_space][\/vc_column_inner][vc_column_inner width=\u00a0\u00bb1\/2&Prime;][vc_empty_space][\/vc_column_inner][\/vc_row_inner][\/vc_column][\/vc_row][vc_row][vc_column][vc_empty_space height=\u00a0\u00bb64px\u00a0\u00bb][\/vc_column][\/vc_row]<\/p>\n<\/div>","protected":false},"excerpt":{"rendered":"<p>[vc_row][vc_column][vc_row_inner row_content_width=\u00a0\u00bbgrid\u00a0\u00bb][vc_column_inner][vc_empty_space height=\u00a0\u00bb64px\u00a0\u00bb][\/vc_column_inner][\/vc_row_inner][vc_row_inner row_content_width=\u00a0\u00bbgrid\u00a0\u00bb][vc_column_inner width=\u00a0\u00bb1\/2&Prime;][vc_empty_space height=\u00a0\u00bb64px\u00a0\u00bb][vc_column_text]Votre Mamie vous a-t-elle montr\u00e9 comment faire une soupe \u00e0 partir des restes de l\u00e9gumes? Votre meilleure amie vous a-t-elle donn\u00e9 des conseils sur l\u2019entreposage des oignons pour les conserver plus longtemps? Nous avons tous [&hellip;]<\/p>\n","protected":false},"author":1,"featured_media":17211,"parent":12068,"menu_order":0,"comment_status":"closed","ping_status":"closed","template":"full-width.php","meta":{"_acf_changed":false,"_eb_attr":"","wprm-recipe-roundup-name":"","wprm-recipe-roundup-description":"","footnotes":""},"tags":[655],"class_list":["post-17231","page","type-page","status-publish","has-post-thumbnail","hentry","tag-inspirez-vous"],"acf":[],"_links":{"self":[{"href":"https:\/\/lovefoodhatewaste.ca\/fr\/wp-json\/wp\/v2\/pages\/17231","targetHints":{"allow":["GET"]}}],"collection":[{"href":"https:\/\/lovefoodhatewaste.ca\/fr\/wp-json\/wp\/v2\/pages"}],"about":[{"href":"https:\/\/lovefoodhatewaste.ca\/fr\/wp-json\/wp\/v2\/types\/page"}],"author":[{"embeddable":true,"href":"https:\/\/lovefoodhatewaste.ca\/fr\/wp-json\/wp\/v2\/users\/1"}],"replies":[{"embeddable":true,"href":"https:\/\/lovefoodhatewaste.ca\/fr\/wp-json\/wp\/v2\/comments?post=17231"}],"version-history":[{"count":0,"href":"https:\/\/lovefoodhatewaste.ca\/fr\/wp-json\/wp\/v2\/pages\/17231\/revisions"}],"up":[{"embeddable":true,"href":"https:\/\/lovefoodhatewaste.ca\/fr\/wp-json\/wp\/v2\/pages\/12068"}],"wp:featuredmedia":[{"embeddable":true,"href":"https:\/\/lovefoodhatewaste.ca\/fr\/wp-json\/wp\/v2\/media\/17211"}],"wp:attachment":[{"href":"https:\/\/lovefoodhatewaste.ca\/fr\/wp-json\/wp\/v2\/media?parent=17231"}],"wp:term":[{"taxonomy":"post_tag","embeddable":true,"href":"https:\/\/lovefoodhatewaste.ca\/fr\/wp-json\/wp\/v2\/tags?post=17231"}],"curies":[{"name":"wp","href":"https:\/\/api.w.org\/{rel}","templated":true}]}}