{"id":17678,"date":"2020-08-20T09:43:07","date_gmt":"2020-08-20T16:43:07","guid":{"rendered":"https:\/\/lovefoodhatewaste.ca\/?page_id=17678"},"modified":"2025-12-16T16:42:45","modified_gmt":"2025-12-17T00:42:45","slug":"jeunesse-en-action","status":"publish","type":"page","link":"https:\/\/lovefoodhatewaste.ca\/fr\/utilisez-tout\/jeunesse-en-action\/","title":{"rendered":"Jeunesse en action"},"content":{"rendered":"<div class=\"wpb-content-wrapper\"><p>[vc_row][vc_column][vc_column_text css=\u00a0\u00bb\u00a0\u00bb]<\/p>\n<h4>\u00cates-vous un jeune ou un \u00e9ducateur pr\u00eat \u00e0 passer \u00e0 l\u2019action pour \u00e9viter le gaspillage alimentaire et sauvegarder la plan\u00e8te? Inspirez-vous d\u2019une trousse d\u2019id\u00e9es et d\u2019activit\u00e9s amusantes \u00e0 mettre en branle dans votre communaut\u00e9!<\/h4>\n<p>LFHW Canada est fi\u00e8re d\u2019appuyer la <a class=\"orange-link\" href=\"https:\/\/www.cec.org\/fr\/\" target=\"_blank\" rel=\"noopener noreferrer\">Commission de coop\u00e9ration environnementale<\/a> (CCE) et son initiative de Trousse d\u2019action anti-gaspillage alimentaire.<\/p>\n<p>La Trousse d\u2019action anti-gaspillage alimentaire propose une foule de ressources informatives et d\u2019activit\u00e9s aussi pratiques qu\u2019originales, dont un party Disco Soupe, et des le\u00e7ons donn\u00e9es par des a\u00een\u00e9s sur la pr\u00e9servation des aliments, visant \u00e0 encourager les jeunes de tous \u00e2ges \u00e0 pr\u00e9venir le gaspillage alimentaire \u00e0 la maison, \u00e0 l\u2019\u00e9cole et dans leur collectivit\u00e9. Les deux s\u00e9ries d\u2019activit\u00e9s, l\u2019une pour les enfants de 5 \u00e0 13 ans et l\u2019autre pour les jeunes de 14 \u00e0 25 ans, expliquent la cha\u00eene de distribution alimentaire et proposent des id\u00e9es pour \u00e9viter le gaspillage alimentaire.<\/p>\n<p>&nbsp;<\/p>\n<p>Commencez d\u00e8s maintenant. <a class=\"orange-link\" href=\"https:\/\/www.cec.org\/files\/documents\/publications\/11817-food-matters-action-kit-inspiring-youth-across-north-america-prevent-food-waste-fr.pdf\" target=\"_blank\" rel=\"noopener noreferrer\">T\u00e9l\u00e9charger la trousse<\/a>.<\/p>\n<p>&nbsp;<\/p>\n<p>[\/vc_column_text][\/vc_column][\/vc_row]<\/p>\n<\/div>","protected":false},"excerpt":{"rendered":"<p>[vc_row][vc_column][vc_column_text css=\u00a0\u00bb\u00a0\u00bb] \u00cates-vous un jeune ou un \u00e9ducateur pr\u00eat \u00e0 passer \u00e0 l\u2019action pour \u00e9viter le gaspillage alimentaire et sauvegarder la plan\u00e8te? Inspirez-vous d\u2019une trousse d\u2019id\u00e9es et d\u2019activit\u00e9s amusantes \u00e0 mettre en branle dans votre communaut\u00e9! LFHW Canada est fi\u00e8re [&hellip;]<\/p>\n","protected":false},"author":1,"featured_media":17679,"parent":22947,"menu_order":0,"comment_status":"closed","ping_status":"closed","template":"","meta":{"_acf_changed":false,"_eb_attr":"","wprm-recipe-roundup-name":"","wprm-recipe-roundup-description":"","footnotes":""},"tags":[237,271],"class_list":["post-17678","page","type-page","status-publish","has-post-thumbnail","hentry","tag-utilisez-le-au-complete","tag-utlisez-le"],"acf":[],"_links":{"self":[{"href":"https:\/\/lovefoodhatewaste.ca\/fr\/wp-json\/wp\/v2\/pages\/17678","targetHints":{"allow":["GET"]}}],"collection":[{"href":"https:\/\/lovefoodhatewaste.ca\/fr\/wp-json\/wp\/v2\/pages"}],"about":[{"href":"https:\/\/lovefoodhatewaste.ca\/fr\/wp-json\/wp\/v2\/types\/page"}],"author":[{"embeddable":true,"href":"https:\/\/lovefoodhatewaste.ca\/fr\/wp-json\/wp\/v2\/users\/1"}],"replies":[{"embeddable":true,"href":"https:\/\/lovefoodhatewaste.ca\/fr\/wp-json\/wp\/v2\/comments?post=17678"}],"version-history":[{"count":0,"href":"https:\/\/lovefoodhatewaste.ca\/fr\/wp-json\/wp\/v2\/pages\/17678\/revisions"}],"up":[{"embeddable":true,"href":"https:\/\/lovefoodhatewaste.ca\/fr\/wp-json\/wp\/v2\/pages\/22947"}],"wp:featuredmedia":[{"embeddable":true,"href":"https:\/\/lovefoodhatewaste.ca\/fr\/wp-json\/wp\/v2\/media\/17679"}],"wp:attachment":[{"href":"https:\/\/lovefoodhatewaste.ca\/fr\/wp-json\/wp\/v2\/media?parent=17678"}],"wp:term":[{"taxonomy":"post_tag","embeddable":true,"href":"https:\/\/lovefoodhatewaste.ca\/fr\/wp-json\/wp\/v2\/tags?post=17678"}],"curies":[{"name":"wp","href":"https:\/\/api.w.org\/{rel}","templated":true}]}}