{"id":17716,"date":"2020-09-08T10:38:08","date_gmt":"2020-09-08T17:38:08","guid":{"rendered":"https:\/\/lovefoodhatewaste.ca\/?page_id=17716"},"modified":"2020-09-15T13:03:55","modified_gmt":"2020-09-15T20:03:55","slug":"le-gaspillage-alimentaire-en-2020","status":"publish","type":"page","link":"https:\/\/lovefoodhatewaste.ca\/fr\/inspirez-vous\/le-gaspillage-alimentaire-en-2020\/","title":{"rendered":"Le gaspillage alimentaire dans les m\u00e9nages canadiens en 2020"},"content":{"rendered":"<div class=\"wpb-content-wrapper\"><p>[vc_row][vc_column][vc_row_inner row_content_width=\u00a0\u00bbgrid\u00a0\u00bb][vc_column_inner][vc_empty_space height=\u00a0\u00bb64px\u00a0\u00bb]<div class=\"edgtf-section-title-holder\" >\n\t\t\t\t\t<h3 class=\"edgtf-st-title\" style=\"color: #303030;font-weight: 600;letter-spacing: 3px\">\n\t\t\t<span>Les Canadiens planifient davantage leurs repas et gaspillent moins.<\/span>\n\t\t<\/h3>\n\t\t<\/div>[vc_column_text]En juin 2020, le Conseil national z\u00e9ro d\u00e9chet a command\u00e9 une \u00e9tude de march\u00e9 pour mieux comprendre l\u2019impact de la COVID-19 sur les comportements et les attitudes des consommateurs relativement \u00e0 l\u2019alimentation et au gaspillage alimentaire.<\/p>\n<p>M\u00eame si la COVID-19 a eu et continuera d\u2019avoir un impact important dans le quotidien de la population, il est rassurant de savoir que les mesures de distanciation physique et de confinement mises en place semblent avoir eu un effet positif quant \u00e0 la gestion de la nourriture dans les m\u00e9nages, c\u2019est-\u00e0-dire que les gens planifient mieux et gaspillent moins.<\/p>\n<p>Ces attitudes et ces gestes positifs indiquent que la population canadienne a fait un premier pas, assur\u00e9ment petit, mais non moins important, dans la lutte contre le gaspillage alimentaire.[\/vc_column_text][\/vc_column_inner][\/vc_row_inner][vc_empty_space][\/vc_column][\/vc_row][vc_row css=\u00a0\u00bb.vc_custom_1599587448786{background-color: #f7f7f7 !important;}\u00a0\u00bb][vc_column][vc_row_inner equal_height=\u00a0\u00bbyes\u00a0\u00bb row_content_width=\u00a0\u00bbgrid\u00a0\u00bb css=\u00a0\u00bb.vc_custom_1599690891175{background-color: #ffffff !important;}\u00a0\u00bb][vc_column_inner css=\u00a0\u00bb.vc_custom_1599690920925{background-color: #ffffff !important;}\u00a0\u00bb][vc_single_image image=\u00a0\u00bb17717&Prime; img_size=\u00a0\u00bbfull\u00a0\u00bb alignment=\u00a0\u00bbright\u00a0\u00bb][vc_empty_space css=\u00a0\u00bb.vc_custom_1599691484917{background-color: #ffffff !important;}\u00a0\u00bb el_class=\u00a0\u00bbwhite-bg\u00a0\u00bb]<div class=\"edgtf-inner-row-holder edgtf-grid-row  edgtf-grid-small-gutter\"><div class=\"edgtf-irh-column  edgtf-grid-col-6\">\n\t[vc_single_image image=\u00a0\u00bb17725&Prime; img_size=\u00a0\u00bbfull\u00a0\u00bb alignment=\u00a0\u00bbright\u00a0\u00bb]<\/div><div class=\"edgtf-irh-column  edgtf-grid-col-6\">\n\t[vc_single_image image=\u00a0\u00bb17727&Prime; img_size=\u00a0\u00bbfull\u00a0\u00bb]<\/div><\/div>[vc_empty_space height=\u00a0\u00bb35px\u00a0\u00bb][vc_single_image image=\u00a0\u00bb17719&Prime; img_size=\u00a0\u00bbfull\u00a0\u00bb alignment=\u00a0\u00bbright\u00a0\u00bb][\/vc_column_inner][\/vc_row_inner][vc_empty_space][vc_empty_space][vc_row_inner equal_height=\u00a0\u00bbyes\u00a0\u00bb row_content_width=\u00a0\u00bbgrid\u00a0\u00bb][vc_column_inner width=\u00a0\u00bb1\/2&Prime;][vc_column_text]<\/p>\n<p style=\"text-align: center;\"><a class=\"vc_general vc_btn3 vc_btn3-size-lg vc_btn3-shape-square vc_btn3-style-flat orange-btn\" style=\"background-color: #ed7329 !important; color: #fff; display: inline-block !important;\" title=\"Food Waste in 2020\" href=\"https:\/\/www.dropbox.com\/s\/ct2m4wntaw5rve6\/LFHW_LessWaste_2020_Infographic_FR_02-FINAL.pdf?dl=0\" target=\"_blank\" rel=\"noopener noreferrer\">T\u00e9l\u00e9chargez l\u2019infographie <\/a><\/p>\n<p>[\/vc_column_text][\/vc_column_inner][vc_column_inner width=\u00a0\u00bb1\/2&Prime;][vc_column_text]<\/p>\n<p style=\"text-align: center;\"><a class=\"vc_general vc_btn3 vc_btn3-size-lg vc_btn3-shape-square vc_btn3-style-flat orange-btn\" style=\"background-color: #ed7329 !important; color: #fff; display: inline-block !important;\" title=\"Food Waste in 2020\" href=\"https:\/\/www.dropbox.com\/s\/6tjpwqnh4hl2g3w\/LFHW_FoodWasteInCanadianHomes_FR_02.pdf?dl=0\" target=\"_blank\" rel=\"noopener noreferrer\">Consultez la rapport<\/a><\/p>\n<p>[\/vc_column_text][\/vc_column_inner][\/vc_row_inner][vc_empty_space][\/vc_column][\/vc_row]<\/p>\n<\/div>","protected":false},"excerpt":{"rendered":"<p>[vc_row][vc_column][vc_row_inner row_content_width=\u00a0\u00bbgrid\u00a0\u00bb][vc_column_inner][vc_empty_space height=\u00a0\u00bb64px\u00a0\u00bb][vc_column_text]En juin 2020, le Conseil national z\u00e9ro d\u00e9chet a command\u00e9 une \u00e9tude de march\u00e9 pour mieux comprendre l\u2019impact de la COVID-19 sur les comportements et les attitudes des consommateurs relativement \u00e0 l\u2019alimentation et au gaspillage alimentaire. M\u00eame si [&hellip;]<\/p>\n","protected":false},"author":1,"featured_media":0,"parent":12068,"menu_order":0,"comment_status":"closed","ping_status":"closed","template":"full-width.php","meta":{"_acf_changed":false,"_eb_attr":"","wprm-recipe-roundup-name":"","wprm-recipe-roundup-description":"","footnotes":""},"tags":[],"class_list":["post-17716","page","type-page","status-publish","hentry"],"acf":[],"_links":{"self":[{"href":"https:\/\/lovefoodhatewaste.ca\/fr\/wp-json\/wp\/v2\/pages\/17716","targetHints":{"allow":["GET"]}}],"collection":[{"href":"https:\/\/lovefoodhatewaste.ca\/fr\/wp-json\/wp\/v2\/pages"}],"about":[{"href":"https:\/\/lovefoodhatewaste.ca\/fr\/wp-json\/wp\/v2\/types\/page"}],"author":[{"embeddable":true,"href":"https:\/\/lovefoodhatewaste.ca\/fr\/wp-json\/wp\/v2\/users\/1"}],"replies":[{"embeddable":true,"href":"https:\/\/lovefoodhatewaste.ca\/fr\/wp-json\/wp\/v2\/comments?post=17716"}],"version-history":[{"count":0,"href":"https:\/\/lovefoodhatewaste.ca\/fr\/wp-json\/wp\/v2\/pages\/17716\/revisions"}],"up":[{"embeddable":true,"href":"https:\/\/lovefoodhatewaste.ca\/fr\/wp-json\/wp\/v2\/pages\/12068"}],"wp:attachment":[{"href":"https:\/\/lovefoodhatewaste.ca\/fr\/wp-json\/wp\/v2\/media?parent=17716"}],"wp:term":[{"taxonomy":"post_tag","embeddable":true,"href":"https:\/\/lovefoodhatewaste.ca\/fr\/wp-json\/wp\/v2\/tags?post=17716"}],"curies":[{"name":"wp","href":"https:\/\/api.w.org\/{rel}","templated":true}]}}