{"id":18433,"date":"2021-03-18T11:57:52","date_gmt":"2021-03-18T18:57:52","guid":{"rendered":"https:\/\/lovefoodhatewaste.ca\/?page_id=18433"},"modified":"2022-08-05T11:17:18","modified_gmt":"2022-08-05T18:17:18","slug":"en-5-facons","status":"publish","type":"page","link":"https:\/\/lovefoodhatewaste.ca\/fr\/en-5-facons\/","title":{"rendered":"En 5 fa\u00e7ons &#8211; les aliments fr\u00e9quemment gaspill\u00e9s"},"content":{"rendered":"<div class=\"wpb-content-wrapper\"><p>[vc_row row_content_width=\u00a0\u00bbgrid\u00a0\u00bb][vc_column][vc_empty_space][vc_column_text]<\/p>\n<h4>Parce que nous ne savons pas quoi en faire, nous gaspillons parfois de la nourriture. Le manque d\u2019inspiration peut nous amener \u00e0 gaspiller, qu&rsquo;il s&rsquo;agisse de quelques bananes brunes ou d\u2019un surplus de riz du souper d&rsquo;hier.<\/h4>\n<h4>D\u00e9couvrez des solutions cr\u00e9atives pour pr\u00e9venir le gaspillage alimentaire EN 5 FA\u00c7ONS.<\/h4>\n<p>[\/vc_column_text][\/vc_column][\/vc_row][vc_row row_content_width=\u00a0\u00bbgrid\u00a0\u00bb][vc_column][vc_empty_space][vc_basic_grid post_type=\u00a0\u00bb5-ways\u00a0\u00bb max_items=\u00a0\u00bb-1&Prime; show_filter=\u00a0\u00bbyes\u00a0\u00bb element_width=\u00a0\u00bb3&Prime; orderby=\u00a0\u00bbtitle\u00a0\u00bb order=\u00a0\u00bbASC\u00a0\u00bb filter_color=\u00a0\u00bbgreen\u00a0\u00bb item=\u00a0\u00bb18381&Prime; grid_id=\u00a0\u00bbvc_gid:1620060404157-39056080-013a-8&Prime; filter_source=\u00a0\u00bbpost_tag\u00a0\u00bb][vc_empty_space][\/vc_column][\/vc_row][vc_row css=\u00a0\u00bb.vc_custom_1616687205581{background-color: #efefef !important;}\u00a0\u00bb][vc_column][vc_row_inner row_content_width=\u00a0\u00bbgrid\u00a0\u00bb css=\u00a0\u00bb.vc_custom_1616687211964{padding-right: 20px !important;padding-bottom: 20px !important;padding-left: 20px !important;}\u00a0\u00bb][vc_column_inner][vc_column_text]<\/p>\n<h4>Avons-nous oubli\u00e9 l&rsquo;un de vos trucs pr\u00e9f\u00e9r\u00e9s pour utiliser les aliments?<\/h4>\n<h4><a class=\"orange-link\" href=\"\/fr\/inspirez-vous\/partagez-vos-trucs-et-astuces\/\">Partagez-nous vos meilleures<\/a> fa\u00e7ons de pr\u00e9venir le gaspillage alimentaire.<\/h4>\n<p>[\/vc_column_text][vc_empty_space][\/vc_column_inner][\/vc_row_inner][vc_row_inner][vc_column_inner][\/vc_column_inner][\/vc_row_inner][\/vc_column][\/vc_row]<\/p>\n<\/div>","protected":false},"excerpt":{"rendered":"<p>[vc_row row_content_width=\u00a0\u00bbgrid\u00a0\u00bb][vc_column][vc_empty_space][vc_column_text] Parce que nous ne savons pas quoi en faire, nous gaspillons parfois de la nourriture. Le manque d\u2019inspiration peut nous amener \u00e0 gaspiller, qu&rsquo;il s&rsquo;agisse de quelques bananes brunes ou d\u2019un surplus de riz du souper d&rsquo;hier. D\u00e9couvrez [&hellip;]<\/p>\n","protected":false},"author":1,"featured_media":18434,"parent":0,"menu_order":0,"comment_status":"closed","ping_status":"closed","template":"full-width.php","meta":{"_acf_changed":false,"_eb_attr":"","wprm-recipe-roundup-name":"","wprm-recipe-roundup-description":"","footnotes":""},"tags":[655],"class_list":["post-18433","page","type-page","status-publish","has-post-thumbnail","hentry","tag-inspirez-vous"],"acf":[],"_links":{"self":[{"href":"https:\/\/lovefoodhatewaste.ca\/fr\/wp-json\/wp\/v2\/pages\/18433","targetHints":{"allow":["GET"]}}],"collection":[{"href":"https:\/\/lovefoodhatewaste.ca\/fr\/wp-json\/wp\/v2\/pages"}],"about":[{"href":"https:\/\/lovefoodhatewaste.ca\/fr\/wp-json\/wp\/v2\/types\/page"}],"author":[{"embeddable":true,"href":"https:\/\/lovefoodhatewaste.ca\/fr\/wp-json\/wp\/v2\/users\/1"}],"replies":[{"embeddable":true,"href":"https:\/\/lovefoodhatewaste.ca\/fr\/wp-json\/wp\/v2\/comments?post=18433"}],"version-history":[{"count":0,"href":"https:\/\/lovefoodhatewaste.ca\/fr\/wp-json\/wp\/v2\/pages\/18433\/revisions"}],"wp:featuredmedia":[{"embeddable":true,"href":"https:\/\/lovefoodhatewaste.ca\/fr\/wp-json\/wp\/v2\/media\/18434"}],"wp:attachment":[{"href":"https:\/\/lovefoodhatewaste.ca\/fr\/wp-json\/wp\/v2\/media?parent=18433"}],"wp:term":[{"taxonomy":"post_tag","embeddable":true,"href":"https:\/\/lovefoodhatewaste.ca\/fr\/wp-json\/wp\/v2\/tags?post=18433"}],"curies":[{"name":"wp","href":"https:\/\/api.w.org\/{rel}","templated":true}]}}