{"id":18512,"date":"2021-03-09T10:46:16","date_gmt":"2021-03-09T18:46:16","guid":{"rendered":"https:\/\/lovefoodhatewaste.ca\/?page_id=18512"},"modified":"2021-06-30T09:43:28","modified_gmt":"2021-06-30T16:43:28","slug":"a-z","status":"publish","type":"page","link":"https:\/\/lovefoodhatewaste.ca\/fr\/a-z\/","title":{"rendered":"Guide de conservation de A \u00e0 Z"},"content":{"rendered":"<div class=\"wpb-content-wrapper\"><p>[vc_row row_content_width=\u00a0\u00bbgrid\u00a0\u00bb][vc_column][vc_empty_space][vc_column_text]<\/p>\n<h4 style=\"text-align: left;\">\u00c9vitez le gaspillage alimentaire gr\u00e2ce \u00e0 notre tout nouveau guide de conservation et d\u2019utilisation des aliments. Nous vous proposons les meilleures solutions pour prolonger la fra\u00eecheur des aliments et \u00e9liminer le gaspillage au foyer\u00a0: cliquez sur les images!<\/h4>\n<p>[\/vc_column_text][\/vc_column][\/vc_row][vc_row css=\u00a0\u00bb.vc_custom_1615315933823{padding-top: 60px !important;padding-bottom: 60px !important;}\u00a0\u00bb][vc_column][vc_row_inner row_content_width=\u00a0\u00bbgrid\u00a0\u00bb][vc_column_inner][vc_basic_grid post_type=\u00a0\u00bba-z\u00a0\u00bb max_items=\u00a0\u00bb-1&Prime; show_filter=\u00a0\u00bbyes\u00a0\u00bb element_width=\u00a0\u00bb2&Prime; orderby=\u00a0\u00bbtitle\u00a0\u00bb order=\u00a0\u00bbASC\u00a0\u00bb filter_style=\u00a0\u00bbfilled\u00a0\u00bb filter_color=\u00a0\u00bbgreen\u00a0\u00bb item=\u00a0\u00bb19002&Prime; grid_id=\u00a0\u00bbvc_gid:1625071371738-fada0f44-ab12-9&Prime; filter_source=\u00a0\u00bbpost_tag\u00a0\u00bb][\/vc_column_inner][\/vc_row_inner][\/vc_column][\/vc_row]<\/p>\n<\/div>","protected":false},"excerpt":{"rendered":"<p>[vc_row row_content_width=\u00a0\u00bbgrid\u00a0\u00bb][vc_column][vc_empty_space][vc_column_text] \u00c9vitez le gaspillage alimentaire gr\u00e2ce \u00e0 notre tout nouveau guide de conservation et d\u2019utilisation des aliments. Nous vous proposons les meilleures solutions pour prolonger la fra\u00eecheur des aliments et \u00e9liminer le gaspillage au foyer\u00a0: cliquez sur les images! [&hellip;]<\/p>\n","protected":false},"author":1,"featured_media":17211,"parent":0,"menu_order":0,"comment_status":"closed","ping_status":"closed","template":"full-width.php","meta":{"_acf_changed":false,"_eb_attr":"","wprm-recipe-roundup-name":"","wprm-recipe-roundup-description":"","footnotes":""},"tags":[229],"class_list":["post-18512","page","type-page","status-publish","has-post-thumbnail","hentry","tag-garder-le-frais"],"acf":[],"_links":{"self":[{"href":"https:\/\/lovefoodhatewaste.ca\/fr\/wp-json\/wp\/v2\/pages\/18512","targetHints":{"allow":["GET"]}}],"collection":[{"href":"https:\/\/lovefoodhatewaste.ca\/fr\/wp-json\/wp\/v2\/pages"}],"about":[{"href":"https:\/\/lovefoodhatewaste.ca\/fr\/wp-json\/wp\/v2\/types\/page"}],"author":[{"embeddable":true,"href":"https:\/\/lovefoodhatewaste.ca\/fr\/wp-json\/wp\/v2\/users\/1"}],"replies":[{"embeddable":true,"href":"https:\/\/lovefoodhatewaste.ca\/fr\/wp-json\/wp\/v2\/comments?post=18512"}],"version-history":[{"count":0,"href":"https:\/\/lovefoodhatewaste.ca\/fr\/wp-json\/wp\/v2\/pages\/18512\/revisions"}],"wp:featuredmedia":[{"embeddable":true,"href":"https:\/\/lovefoodhatewaste.ca\/fr\/wp-json\/wp\/v2\/media\/17211"}],"wp:attachment":[{"href":"https:\/\/lovefoodhatewaste.ca\/fr\/wp-json\/wp\/v2\/media?parent=18512"}],"wp:term":[{"taxonomy":"post_tag","embeddable":true,"href":"https:\/\/lovefoodhatewaste.ca\/fr\/wp-json\/wp\/v2\/tags?post=18512"}],"curies":[{"name":"wp","href":"https:\/\/api.w.org\/{rel}","templated":true}]}}