{"id":19821,"date":"2022-02-23T10:19:55","date_gmt":"2022-02-23T18:19:55","guid":{"rendered":"https:\/\/lovefoodhatewaste.ca\/?page_id=19821"},"modified":"2026-03-03T14:04:24","modified_gmt":"2026-03-03T22:04:24","slug":"fwaw","status":"publish","type":"page","link":"https:\/\/lovefoodhatewaste.ca\/fr\/fwaw\/","title":{"rendered":"Semaine d&rsquo;action contre le gaspillage alimentaire"},"content":{"rendered":"<div class=\"wpb-content-wrapper\"><p>[vc_row row_content_width=\u00a0\u00bbgrid\u00a0\u00bb][vc_column width=\u00a0\u00bb2\/3&Prime;][vc_empty_space][vc_column_text css=\u00a0\u00bb\u00a0\u00bb]<\/p>\n<h2><strong>Semaine d&rsquo;action contre le gaspillage alimentaire 2026<\/strong><\/h2>\n<p>La Semaine d&rsquo;action contre le gaspillage alimentaire se d\u00e9roule cette ann\u00e9e du 9 au 13 mars sur le th\u00e8me : <strong>Devenez une l\u00e9gende des restes.<\/strong><\/p>\n<p>Au Canada, les restes sont le troisi\u00e8me type d&rsquo;aliments le plus gaspill\u00e9 dans les foyers. De nombreux m\u00e9nages conservent les restes avec de bonnes intentions, mais des projets vagues tels que \u00ab je les mangerai plus tard \u00bb sont facilement oubli\u00e9s, ce qui entra\u00eene leur d\u00e9t\u00e9rioration et leur gaspillage.<\/p>\n<p>Les restes sont souvent jet\u00e9s en raison de pr\u00e9occupations li\u00e9es \u00e0 la fra\u00eecheur, aux risques pour la sant\u00e9 ou aux normes sociales, ainsi qu&rsquo;\u00e0 des obstacles pratiques tels que le stockage limit\u00e9, les pr\u00e9f\u00e9rences alimentaires peu claires et le manque de comp\u00e9tences ou de coordination pour les r\u00e9utiliser de mani\u00e8re cr\u00e9ative.<\/p>\n<p>Les restes peuvent \u00eatre per\u00e7us comme un compromis : sans inspiration, sans int\u00e9r\u00eat, un second choix. Mais dans le bon contexte, ils sont une victoire : ils sont d\u00e9licieux, savoureux et malins.[\/vc_column_text][vc_empty_space][\/vc_column][vc_column width=\u00a0\u00bb1\/3&Prime;][vc_empty_space][vc_single_image image=\u00a0\u00bb23355&Prime; img_size=\u00a0\u00bbmedium\u00a0\u00bb css=\u00a0\u00bb\u00a0\u00bb][vc_empty_space height=\u00a0\u00bb15px\u00a0\u00bb][vc_column_text css=\u00a0\u00bb.vc_custom_1772575431037{padding-left: 20px !important;}\u00a0\u00bb]<\/p>\n<h4>Partagez vos trucs et astuces<\/h4>\n<p>[\/vc_column_text][vc_empty_space height=\u00a0\u00bb15px\u00a0\u00bb][vc_btn title=\u00a0\u00bbPartagez votre conseil\u00a0\u00bb color=\u00a0\u00bbsuccess\u00a0\u00bb align=\u00a0\u00bbleft\u00a0\u00bb css=\u00a0\u00bb.vc_custom_1772575244568{padding-left: 20px !important;}\u00a0\u00bb link=\u00a0\u00bburl:https%3A%2F%2Fdrive.google.com%2Fdrive%2Ffolders%2F1UIMTZhqThzTNU5ZeQ-m5IaxniSBQp3vE|target:_blank\u00a0\u00bb][\/vc_column][\/vc_row][vc_row row_content_width=\u00a0\u00bbgrid\u00a0\u00bb css=\u00a0\u00bb.vc_custom_1772224508799{border-top-width: 0px !important;border-right-width: 20px !important;border-bottom-width: 20px !important;border-left-width: 20px !important;padding-top: 10px !important;padding-right: 20px !important;padding-bottom: 20px !important;padding-left: 20px !important;background-color: #e5e5e5 !important;}\u00a0\u00bb][vc_column][vc_column_text css=\u00a0\u00bb.vc_custom_1772223856762{border-top-width: 0px !important;border-right-width: 20px !important;border-bottom-width: 20px !important;border-left-width: 20px !important;padding-top: 20px !important;padding-right: 20px !important;padding-bottom: 20px !important;padding-left: 20px !important;background-color: #e5e5e5 !important;}\u00a0\u00bb]<\/p>\n<h2><strong>Devenez une l\u00e9gende des restes<\/strong><\/h2>\n<p><span style=\"font-weight: 400;\">Changeons notre perception : les restes ne sont pas de second ordre, ils sont une source de fiert\u00e9. Lorsque les m\u00e9nages conservent et transforment avec confiance les restes en repas satisfaisants, les manger devient une routine simple et r\u00e9p\u00e9table.<\/span><\/p>\n<p><span style=\"font-weight: 400;\">Les restes permettent de gagner du temps, de r\u00e9duire les d\u00e9penses alimentaires et de limiter le gaspillage alimentaire. Avec les connaissances et les comp\u00e9tences culinaires ad\u00e9quates, les Canadiens peuvent faire des restes un \u00e9l\u00e9ment c\u00e9l\u00e9br\u00e9 de leur vie quotidienne et devenir des l\u00e9gendes des restes !<\/span><\/p>\n<p><span style=\"font-weight: 400;\">Restez \u00e0 l&rsquo;\u00e9coute pour nous aider \u00e0 diffuser le message : notre bo\u00eete \u00e0 outils sera disponible au t\u00e9l\u00e9chargement le 1er mars 2026.<\/span>[\/vc_column_text][vc_empty_space height=\u00a0\u00bb17px\u00a0\u00bb][vc_column_text css=\u00a0\u00bb.vc_custom_1772223748441{border-top-width: 20px !important;border-right-width: 20px !important;border-bottom-width: 20px !important;border-left-width: 20px !important;padding-top: 20px !important;padding-right: 20px !important;padding-bottom: 20px !important;padding-left: 20px !important;background-color: #e5e5e5 !important;}\u00a0\u00bb]<\/p>\n<h4>Aidez-nous \u00e0 diffuser ce message<\/h4>\n<p>[\/vc_column_text][vc_empty_space height=\u00a0\u00bb15px\u00a0\u00bb][vc_btn title=\u00a0\u00bbAidez-nous \u00e0 diffuser ce message\u00a0\u00bb color=\u00a0\u00bbsandy-brown\u00a0\u00bb css=\u00a0\u00bb\u00a0\u00bb link=\u00a0\u00bburl:https%3A%2F%2Fdrive.google.com%2Fdrive%2Ffolders%2F1UIMTZhqThzTNU5ZeQ-m5IaxniSBQp3vE|target:_blank\u00a0\u00bb][\/vc_column][\/vc_row][vc_row row_content_width=\u00a0\u00bbgrid\u00a0\u00bb][vc_column][vc_empty_space][vc_column_text]<\/p>\n<h3><strong>Suivez-nous\u00a0<\/strong><\/h3>\n<p><i class=\"fa fa-twitter\"><\/i>\u00a0<a class=\"orange-link\" href=\"https:\/\/twitter.com\/LFHW_ca\" target=\"_blank\" rel=\"noopener\">@lfhw_ca<\/a><br \/>\n<i class=\"fa fa-instagram\"><\/i>\u00a0<a class=\"orange-link\" href=\"https:\/\/www.instagram.com\/lfhw_ca\/\" target=\"_blank\" rel=\"noopener\">@lfhw_ca<\/a><br \/>\n<i class=\"fa fa-facebook\"><\/i>\u00a0<a class=\"orange-link\" href=\"https:\/\/www.facebook.com\/LoveFoodHateWaste\" target=\"_blank\" rel=\"noopener\">@lovefoodhatewastecanada<\/a><\/p>\n<p>[\/vc_column_text][\/vc_column][\/vc_row][vc_row css=\u00a0\u00bb.vc_custom_1645644787596{padding-bottom: 100px !important;}\u00a0\u00bb][vc_column][vc_empty_space][\/vc_column][\/vc_row][vc_row][vc_column][\/vc_column][\/vc_row]<\/p>\n<\/div>","protected":false},"excerpt":{"rendered":"<p>[vc_row row_content_width=\u00a0\u00bbgrid\u00a0\u00bb][vc_column width=\u00a0\u00bb2\/3&Prime;][vc_empty_space][vc_column_text css=\u00a0\u00bb\u00a0\u00bb] Semaine d&rsquo;action contre le gaspillage alimentaire 2026 La Semaine d&rsquo;action contre le gaspillage alimentaire se d\u00e9roule cette ann\u00e9e du 9 au 13 mars sur le th\u00e8me : Devenez une l\u00e9gende des restes. Au Canada, les restes [&hellip;]<\/p>\n","protected":false},"author":1,"featured_media":23349,"parent":0,"menu_order":0,"comment_status":"closed","ping_status":"closed","template":"full-width.php","meta":{"_acf_changed":false,"_eb_attr":"","wprm-recipe-roundup-name":"","wprm-recipe-roundup-description":"","footnotes":""},"tags":[],"class_list":["post-19821","page","type-page","status-publish","has-post-thumbnail","hentry"],"acf":[],"_links":{"self":[{"href":"https:\/\/lovefoodhatewaste.ca\/fr\/wp-json\/wp\/v2\/pages\/19821","targetHints":{"allow":["GET"]}}],"collection":[{"href":"https:\/\/lovefoodhatewaste.ca\/fr\/wp-json\/wp\/v2\/pages"}],"about":[{"href":"https:\/\/lovefoodhatewaste.ca\/fr\/wp-json\/wp\/v2\/types\/page"}],"author":[{"embeddable":true,"href":"https:\/\/lovefoodhatewaste.ca\/fr\/wp-json\/wp\/v2\/users\/1"}],"replies":[{"embeddable":true,"href":"https:\/\/lovefoodhatewaste.ca\/fr\/wp-json\/wp\/v2\/comments?post=19821"}],"version-history":[{"count":0,"href":"https:\/\/lovefoodhatewaste.ca\/fr\/wp-json\/wp\/v2\/pages\/19821\/revisions"}],"wp:featuredmedia":[{"embeddable":true,"href":"https:\/\/lovefoodhatewaste.ca\/fr\/wp-json\/wp\/v2\/media\/23349"}],"wp:attachment":[{"href":"https:\/\/lovefoodhatewaste.ca\/fr\/wp-json\/wp\/v2\/media?parent=19821"}],"wp:term":[{"taxonomy":"post_tag","embeddable":true,"href":"https:\/\/lovefoodhatewaste.ca\/fr\/wp-json\/wp\/v2\/tags?post=19821"}],"curies":[{"name":"wp","href":"https:\/\/api.w.org\/{rel}","templated":true}]}}