{"id":21601,"date":"2023-08-03T14:45:52","date_gmt":"2023-08-03T21:45:52","guid":{"rendered":"https:\/\/lovefoodhatewaste.ca\/?page_id=21601"},"modified":"2023-08-25T11:46:35","modified_gmt":"2023-08-25T18:46:35","slug":"un-travail-fait-avec-coeur","status":"publish","type":"page","link":"https:\/\/lovefoodhatewaste.ca\/fr\/un-travail-fait-avec-coeur\/","title":{"rendered":"Un travail de coeur"},"content":{"rendered":"<div class=\"wpb-content-wrapper\"><p>[vc_row][vc_column width=\u00a0\u00bb2\/5&Prime;][vc_empty_space height=\u00a0\u00bb15px\u00a0\u00bb][vc_single_image image=\u00a0\u00bb21424&Prime; img_size=\u00a0\u00bb350&#215;350&Prime;][vc_empty_space][\/vc_column][vc_column width=\u00a0\u00bb3\/5&Prime;][vc_column_text]Saviez-vous que les fruits et l\u00e9gumes repr\u00e9sentent 45\u00a0% des aliments gaspill\u00e9s chaque ann\u00e9e au Canada?<\/p>\n<p>Nous avons rencontr\u00e9 des producteurs canadiens pour voir de plus pr\u00e8s comment sont cultiv\u00e9s et produits les aliments que nous gaspillons le plus fr\u00e9quemment.\u00a0 D\u00e9couvrez leurs histoires et suivez-nous alors que nous examinons les fa\u00e7ons d\u2019en faire plus avec nos produits frais, des pommes aux pommes de terre, aux bleuets, laitues et tomates!\u00a0\u00a0 Il faut beaucoup de c\u0153ur, de travail acharn\u00e9, de ressources et d\u2019\u00e9nergie pour produire nos aliments et les acheminer jusqu\u2019\u00e0 leur destination\u00a0: vous et votre famille.[\/vc_column_text][vc_column_text]Pour que les fruits et l\u00e9gumes restent frais plus longtemps, il faut bien savoir les conserver. Apprenez les meilleures fa\u00e7ons de conserver vos aliments \u00e0 l\u2019aide de notre <a href=\"https:\/\/lovefoodhatewaste.ca\/fr\/a-z\/\">Guide de conservation de A \u00e0 Z<\/a>.<\/p>\n<p>Besoin d\u2019id\u00e9es de recettes? D\u00e9couvrez notre <a href=\"https:\/\/lovefoodhatewaste.ca\/fr\/recettes\/\">collection<\/a> et laissez s\u2019exprimer votre cr\u00e9ativit\u00e9 dans notre page \u00ab <a href=\"https:\/\/lovefoodhatewaste.ca\/fr\/en-5-facons\/\">En 5 fa\u00e7ons<\/a> \u00bb.[\/vc_column_text][\/vc_column][\/vc_row][vc_row][vc_column][vc_empty_space][vc_raw_html]JTNDc3R5bGUlM0UlMEEuZ3JlZW4tYWxlcnQlN0IlMEElMDliYWNrZ3JvdW5kLWNvbG9yJTNBJTIwJTIzNTNiYTViJTIwJTIxaW1wb3J0YW50JTNCJTBBJTIwJTIwJTIwJTIwJTIwJTIwJTIwJTIwY29sb3IlM0ElMjAlMjNmZmYlMjAlMjFpbXBvcnRhbnQlM0IlMEElN0QlMEEudmNfbWVzc2FnZV9ib3gtaWNvbiUyMCUzRSUyMCUyQSUyMCU3QmNvbG9yJTNBJTIzZmZmJTdEJTBBLm1hcmdpbi0zMCUyMCU3Qm1hcmdpbi10b3AlM0EtMzBweCUyMCUyMWltcG9ydGFudCUzQiU3RCUwQSUzQyUyRnN0eWxlJTNF[\/vc_raw_html][vc_message icon_fontawesome=\u00a0\u00bbfar fa-lightbulb\u00a0\u00bb el_class=\u00a0\u00bbgreen-alert\u00a0\u00bb]<em>Pensez-y\u00a0: Il faut jusqu\u2019\u00e0 quatre mois de travail acharn\u00e9 pour r\u00e9colter une seule pomme de terre. Et pourtant, au Canada, nous jetons la quantit\u00e9 effarante de 2,6\u00a0millions de pommes de terre chaque jour. <a href=\"https:\/\/lovefoodhatewaste.ca\/fr\/parcours-des-aliments\/\">D\u00e9couvrez le cheminement des pommes de terre et d\u2019autres aliments<\/a>, de la ferme \u00e0 la table. <\/em>[\/vc_message][vc_empty_space][\/vc_column][\/vc_row]<\/p>\n<\/div>","protected":false},"excerpt":{"rendered":"<p>[vc_row][vc_column width=\u00a0\u00bb2\/5&Prime;][vc_empty_space height=\u00a0\u00bb15px\u00a0\u00bb][vc_single_image image=\u00a0\u00bb21424&Prime; img_size=\u00a0\u00bb350&#215;350&Prime;][vc_empty_space][\/vc_column][vc_column width=\u00a0\u00bb3\/5&Prime;][vc_column_text]Saviez-vous que les fruits et l\u00e9gumes repr\u00e9sentent 45\u00a0% des aliments gaspill\u00e9s chaque ann\u00e9e au Canada? Nous avons rencontr\u00e9 des producteurs canadiens pour voir de plus pr\u00e8s comment sont cultiv\u00e9s et produits les aliments que nous [&hellip;]<\/p>\n","protected":false},"author":1,"featured_media":0,"parent":0,"menu_order":0,"comment_status":"closed","ping_status":"closed","template":"","meta":{"_acf_changed":false,"_eb_attr":"","wprm-recipe-roundup-name":"","wprm-recipe-roundup-description":"","footnotes":""},"tags":[],"class_list":["post-21601","page","type-page","status-publish","hentry"],"acf":[],"_links":{"self":[{"href":"https:\/\/lovefoodhatewaste.ca\/fr\/wp-json\/wp\/v2\/pages\/21601","targetHints":{"allow":["GET"]}}],"collection":[{"href":"https:\/\/lovefoodhatewaste.ca\/fr\/wp-json\/wp\/v2\/pages"}],"about":[{"href":"https:\/\/lovefoodhatewaste.ca\/fr\/wp-json\/wp\/v2\/types\/page"}],"author":[{"embeddable":true,"href":"https:\/\/lovefoodhatewaste.ca\/fr\/wp-json\/wp\/v2\/users\/1"}],"replies":[{"embeddable":true,"href":"https:\/\/lovefoodhatewaste.ca\/fr\/wp-json\/wp\/v2\/comments?post=21601"}],"version-history":[{"count":0,"href":"https:\/\/lovefoodhatewaste.ca\/fr\/wp-json\/wp\/v2\/pages\/21601\/revisions"}],"wp:attachment":[{"href":"https:\/\/lovefoodhatewaste.ca\/fr\/wp-json\/wp\/v2\/media?parent=21601"}],"wp:term":[{"taxonomy":"post_tag","embeddable":true,"href":"https:\/\/lovefoodhatewaste.ca\/fr\/wp-json\/wp\/v2\/tags?post=21601"}],"curies":[{"name":"wp","href":"https:\/\/api.w.org\/{rel}","templated":true}]}}