{"id":21766,"date":"2023-08-03T13:35:18","date_gmt":"2023-08-03T20:35:18","guid":{"rendered":"https:\/\/lovefoodhatewaste.ca\/?page_id=21766"},"modified":"2023-08-24T15:05:39","modified_gmt":"2023-08-24T22:05:39","slug":"tomate","status":"publish","type":"page","link":"https:\/\/lovefoodhatewaste.ca\/fr\/tomate\/","title":{"rendered":"Un travail de coeur: Tomate"},"content":{"rendered":"<div class=\"wpb-content-wrapper\"><p>[vc_row][vc_column][vc_row_inner][vc_column_inner]<div class=\"edgtf-elements-holder edgtf-one-column edgtf-responsive-mode-768\" ><div class=\"edgtf-eh-item \"  data-item-class=\"edgtf-eh-custom-202267\">\n\t<div class=\"edgtf-eh-item-inner\">\n\t\t<div class=\"edgtf-eh-item-content edgtf-eh-custom-202267\" >\n\t\t\t[vc_empty_space][vc_column_text]Plus que quiconque, les producteurs de tomates sont les mieux plac\u00e9s pour appr\u00e9cier la valeur de ces fruits frais. Apr\u00e8s tout, ils savent combien de temps, d&rsquo;\u00e9nergie et d&rsquo;amour il faut pour produire chacune de ces tomates.<\/p>\n<p>Aujourd&rsquo;hui, la majorit\u00e9 de la production de nos tomates fra\u00eeches est cultiv\u00e9e en serre. Cela permet d\u2019avoir des r\u00e9coltes toute l&rsquo;ann\u00e9e et un rendement beaucoup plus \u00e9lev\u00e9, soit de 10\u00a0\u00e0 20\u00a0fois plus qu&rsquo;en champ.<\/p>\n<p>Cependant, le processus qui commence au sol et s\u2019ach\u00e8ve sur nos tables est long et laborieux\u00a0: 4\u00a0\u00e0 5\u00a0mois en serre, au cours desquels les producteurs travaillent sans rel\u00e2che pour tourner, tailler, fixer et \u00e9laguer les plants afin que chaque tomate soit la plus parfaite possible.<\/p>\n<p>Qui plus est, le processus est \u00e9nergivore. Les tomates de serre poussent dans un environnement soigneusement contr\u00f4l\u00e9, n\u00e9cessitant un chauffage sans exc\u00e8s (21\u00a0\u00e0 25<sup>o<\/sup>C), 4\u00a0litres d&rsquo;eau et 18\u00a0heures d\u2019ensoleillement artificiel par jour. Lorsqu\u2019on ajoute \u00e0 cela la cueillette, l\u2019entreposage et le transport vers les magasins, l\u2019\u00e9nergie qu\u2019il faut pour vous apporter ces belles tomates est consid\u00e9rable.<\/p>\n<p><span style=\"color: #6ab165;\"><strong>Le message des producteurs de tomates du Canada? Faites en sorte que chaque bouch\u00e9e compte.<\/strong><\/span><\/p>\n<p>Notre <a href=\"https:\/\/lovefoodhatewaste.ca\/fr\/a-z\/\">guide de conservation des aliments de A\u00a0\u00e0 Z<\/a>\u00a0vous aidera \u00e0 les garder fra\u00eeches plus longtemps.<\/p>\n<p>&nbsp;<\/p>\n<p><em><span style=\"font-size: 9pt;\">*L&rsquo;information sur le parcours des cinq aliments a \u00e9t\u00e9 recueillie dans le cadre d&rsquo;un projet de recherche effectu\u00e9 pour J&rsquo;aime manger, pas gaspiller Canada, avec le soutien financier du gouvernement du Canada par l&rsquo;interm\u00e9diaire du minist\u00e8re f\u00e9d\u00e9ral de l&rsquo;Environnement et du Changement climatique.<\/span><\/em>[\/vc_column_text][vc_empty_space]\t\t<\/div>\n\t<\/div>\n<\/div><\/div>[\/vc_column_inner][\/vc_row_inner][\/vc_column][\/vc_row][vc_row][vc_column]<div class=\"edgtf-elements-holder edgtf-one-column edgtf-responsive-mode-768\" ><div class=\"edgtf-eh-item \"  data-item-class=\"edgtf-eh-custom-615057\">\n\t<div class=\"edgtf-eh-item-inner\">\n\t\t<div class=\"edgtf-eh-item-content edgtf-eh-custom-615057\" >\n\t\t\t<div class=\"edgtf-section-title-holder\" >\n\t\t\t\t\t<h5 class=\"edgtf-st-title\" >\n\t\t\t<span>Parcours des aliments<\/span>\n\t\t<\/h5>\n\t\t<\/div>[vc_empty_space height=\u00a0\u00bb5px\u00a0\u00bb][vc_btn title=\u00a0\u00bbPomme\u00a0\u00bb style=\u00a0\u00bbflat\u00a0\u00bb shape=\u00a0\u00bbsquare\u00a0\u00bb color=\u00a0\u00bbsuccess\u00a0\u00bb link=\u00a0\u00bburl:https%3A%2F%2Flovefoodhatewaste.ca%2Ffr%2Fpomme\u00a0\u00bb][vc_btn title=\u00a0\u00bbBleuets\u00a0\u00bb style=\u00a0\u00bbflat\u00a0\u00bb shape=\u00a0\u00bbsquare\u00a0\u00bb color=\u00a0\u00bbsuccess\u00a0\u00bb link=\u00a0\u00bburl:https%3A%2F%2Flovefoodhatewaste.ca%2Ffr%2Fbleuets\u00a0\u00bb][vc_btn title=\u00a0\u00bbLaitue\u00a0\u00bb style=\u00a0\u00bbflat\u00a0\u00bb shape=\u00a0\u00bbsquare\u00a0\u00bb color=\u00a0\u00bbsuccess\u00a0\u00bb link=\u00a0\u00bburl:https%3A%2F%2Flovefoodhatewaste.ca%2Ffr%2Flaitue\u00a0\u00bb][vc_btn title=\u00a0\u00bbPommes de terre\u00a0\u00bb style=\u00a0\u00bbflat\u00a0\u00bb shape=\u00a0\u00bbsquare\u00a0\u00bb color=\u00a0\u00bbsuccess\u00a0\u00bb link=\u00a0\u00bburl:https%3A%2F%2Flovefoodhatewaste.ca%2Ffr%2Fpommes-de-terre\u00a0\u00bb]\t\t<\/div>\n\t<\/div>\n<\/div><\/div>[\/vc_column][\/vc_row]<\/p>\n<\/div>","protected":false},"excerpt":{"rendered":"<p>[vc_row][vc_column][vc_row_inner][vc_column_inner][\/vc_column_inner][\/vc_row_inner][\/vc_column][\/vc_row][vc_row][vc_column][\/vc_column][\/vc_row]<\/p>\n","protected":false},"author":1,"featured_media":21502,"parent":0,"menu_order":0,"comment_status":"closed","ping_status":"closed","template":"","meta":{"_acf_changed":false,"_eb_attr":"","wprm-recipe-roundup-name":"","wprm-recipe-roundup-description":"","footnotes":""},"tags":[699],"class_list":["post-21766","page","type-page","status-publish","has-post-thumbnail","hentry","tag-voyage"],"acf":[],"_links":{"self":[{"href":"https:\/\/lovefoodhatewaste.ca\/fr\/wp-json\/wp\/v2\/pages\/21766","targetHints":{"allow":["GET"]}}],"collection":[{"href":"https:\/\/lovefoodhatewaste.ca\/fr\/wp-json\/wp\/v2\/pages"}],"about":[{"href":"https:\/\/lovefoodhatewaste.ca\/fr\/wp-json\/wp\/v2\/types\/page"}],"author":[{"embeddable":true,"href":"https:\/\/lovefoodhatewaste.ca\/fr\/wp-json\/wp\/v2\/users\/1"}],"replies":[{"embeddable":true,"href":"https:\/\/lovefoodhatewaste.ca\/fr\/wp-json\/wp\/v2\/comments?post=21766"}],"version-history":[{"count":0,"href":"https:\/\/lovefoodhatewaste.ca\/fr\/wp-json\/wp\/v2\/pages\/21766\/revisions"}],"wp:featuredmedia":[{"embeddable":true,"href":"https:\/\/lovefoodhatewaste.ca\/fr\/wp-json\/wp\/v2\/media\/21502"}],"wp:attachment":[{"href":"https:\/\/lovefoodhatewaste.ca\/fr\/wp-json\/wp\/v2\/media?parent=21766"}],"wp:term":[{"taxonomy":"post_tag","embeddable":true,"href":"https:\/\/lovefoodhatewaste.ca\/fr\/wp-json\/wp\/v2\/tags?post=21766"}],"curies":[{"name":"wp","href":"https:\/\/api.w.org\/{rel}","templated":true}]}}