{"id":21777,"date":"2023-08-03T14:45:50","date_gmt":"2023-08-03T21:45:50","guid":{"rendered":"https:\/\/lovefoodhatewaste.ca\/?page_id=21777"},"modified":"2023-09-27T13:44:42","modified_gmt":"2023-09-27T20:44:42","slug":"parcours-des-aliments","status":"publish","type":"page","link":"https:\/\/lovefoodhatewaste.ca\/fr\/parcours-des-aliments\/","title":{"rendered":"Parcours des aliments"},"content":{"rendered":"<div class=\"wpb-content-wrapper\"><p>[vc_row][vc_column][vc_row_inner][vc_column_inner width=\u00a0\u00bb2\/5&Prime;]<div class=\"edgtf-elements-holder edgtf-one-column edgtf-responsive-mode-768\" ><div class=\"edgtf-eh-item \"  data-item-class=\"edgtf-eh-custom-875125\" data-1024-1280=\"34px 8% 50px 0%\" data-768-1024=\"0 25% 74px 0%\" data-600-768=\"0 12% 74px 0%\" data-480-600=\"1px 0% 72px 0%\" data-480=\"1px 0% 72px 0%\">\n\t<div class=\"edgtf-eh-item-inner\">\n\t\t<div class=\"edgtf-eh-item-content edgtf-eh-custom-875125\" style=\"padding: 34px 10% 50px 0%\">\n\t\t\t<div class=\"edgtf-section-title-holder\" style=\"text-align: left\">\n\t\t\t\t\t<h2 class=\"edgtf-st-title\" style=\"font-weight: 700;letter-spacing: 3px\">\n\t\t\t<span>La production de nos aliments exige beaucoup d\u2019efforts. Faisons en sorte que chaque bouch\u00e9e compte, une bouch\u00e9e \u00e0 la fois.<\/span>\n\t\t<\/h2>\n\t\t\t\t<p class=\"edgtf-st-text\" >D\u00e9couvrez le parcours de ces aliments, de la ferme \u00e0 la table.<\/p>\n\t<\/div>[vc_empty_space height=\u00a0\u00bb19px\u00a0\u00bb][vc_column_text]<\/p>\n<p class=\"edgtf-st-text\" style=\"font-size: 9pt;\"><i>Lisez le rapport int\u00e9gral <a href=\"https:\/\/lovefoodhatewaste.ca\/wp-content\/uploads\/2023\/09\/23-352-lfhw-eccc-report-french-v1.pdf\" target=\"_blank\" rel=\"noopener\"><span style=\"font-size: 9pt;\"><i>ici<\/i><\/span><\/a>. L\u2019information sur le parcours des cinq aliments a \u00e9t\u00e9 recueillie dans le cadre d\u2019un projet de recherche pr\u00e9par\u00e9 pour J\u2019aime manger, pas gaspiller Canada, avec le soutien financier du Gouvernement du Canada par l\u2019interm\u00e9diaire du minist\u00e8re f\u00e9d\u00e9ral Environnement et Changement climatique Canada.<\/i><\/p>\n<p>[\/vc_column_text]\t\t<\/div>\n\t<\/div>\n<\/div><\/div>[\/vc_column_inner][vc_column_inner width=\u00a0\u00bb3\/5&Prime;]<div class=\"edgtf-elements-holder edgtf-one-column edgtf-responsive-mode-768\" ><div class=\"edgtf-eh-item edgtf-horizontal-alignment-center\"  data-item-class=\"edgtf-eh-custom-414066\" data-768-1024=\"51px 0 74px 0\" data-480-600=\"51px 0 75px 0\" data-480=\"51px 0 75px 0\">\n\t<div class=\"edgtf-eh-item-inner\">\n\t\t<div class=\"edgtf-eh-item-content edgtf-eh-custom-414066\" style=\"padding: 44px 0 25px 0\">\n\t\t\t[vc_basic_grid post_type=\u00a0\u00bbpage\u00a0\u00bb max_items=\u00a0\u00bb-1&Prime; gap=\u00a0\u00bb10&Prime; orderby=\u00a0\u00bbmenu_order\u00a0\u00bb order=\u00a0\u00bbASC\u00a0\u00bb item=\u00a0\u00bb11737&Prime; grid_id=\u00a0\u00bbvc_gid:1695847356444-b48d4d35-0486-4&Prime; taxonomies=\u00a0\u00bb699&Prime;][vc_empty_space height=\u00a0\u00bb80px\u00a0\u00bb]\t\t<\/div>\n\t<\/div>\n<\/div><\/div>[\/vc_column_inner][\/vc_row_inner][\/vc_column][\/vc_row]<\/p>\n<\/div>","protected":false},"excerpt":{"rendered":"<p>[vc_row][vc_column][vc_row_inner][vc_column_inner width=\u00a0\u00bb2\/5&Prime;][\/vc_column_inner][vc_column_inner width=\u00a0\u00bb3\/5&Prime;][\/vc_column_inner][\/vc_row_inner][\/vc_column][\/vc_row]<\/p>\n","protected":false},"author":1,"featured_media":0,"parent":0,"menu_order":0,"comment_status":"closed","ping_status":"closed","template":"","meta":{"_acf_changed":false,"_eb_attr":"","wprm-recipe-roundup-name":"","wprm-recipe-roundup-description":"","footnotes":""},"tags":[],"class_list":["post-21777","page","type-page","status-publish","hentry"],"acf":[],"_links":{"self":[{"href":"https:\/\/lovefoodhatewaste.ca\/fr\/wp-json\/wp\/v2\/pages\/21777","targetHints":{"allow":["GET"]}}],"collection":[{"href":"https:\/\/lovefoodhatewaste.ca\/fr\/wp-json\/wp\/v2\/pages"}],"about":[{"href":"https:\/\/lovefoodhatewaste.ca\/fr\/wp-json\/wp\/v2\/types\/page"}],"author":[{"embeddable":true,"href":"https:\/\/lovefoodhatewaste.ca\/fr\/wp-json\/wp\/v2\/users\/1"}],"replies":[{"embeddable":true,"href":"https:\/\/lovefoodhatewaste.ca\/fr\/wp-json\/wp\/v2\/comments?post=21777"}],"version-history":[{"count":0,"href":"https:\/\/lovefoodhatewaste.ca\/fr\/wp-json\/wp\/v2\/pages\/21777\/revisions"}],"wp:attachment":[{"href":"https:\/\/lovefoodhatewaste.ca\/fr\/wp-json\/wp\/v2\/media?parent=21777"}],"wp:term":[{"taxonomy":"post_tag","embeddable":true,"href":"https:\/\/lovefoodhatewaste.ca\/fr\/wp-json\/wp\/v2\/tags?post=21777"}],"curies":[{"name":"wp","href":"https:\/\/api.w.org\/{rel}","templated":true}]}}