{"id":22110,"date":"2024-02-22T01:07:25","date_gmt":"2024-02-22T09:07:25","guid":{"rendered":"https:\/\/lovefoodhatewaste.ca\/?page_id=22110"},"modified":"2024-03-04T14:02:26","modified_gmt":"2024-03-04T22:02:26","slug":"defi-alimentaire-economiser-plus-gaspiller-moins","status":"publish","type":"page","link":"https:\/\/lovefoodhatewaste.ca\/fr\/defi-alimentaire-economiser-plus-gaspiller-moins\/","title":{"rendered":"D\u00e9fi alimentaire \u00c9conomiser plus, gaspiller moins"},"content":{"rendered":"<div class=\"wpb-content-wrapper\"><p>[vc_row][vc_column width=\u00a0\u00bb1\/2&Prime;][vc_single_image image=\u00a0\u00bb22111&Prime; img_size=\u00a0\u00bblarge\u00a0\u00bb][\/vc_column][vc_column width=\u00a0\u00bb1\/2&Prime;][vc_empty_space height=\u00a0\u00bb60px\u00a0\u00bb]<div class=\"edgtf-section-title-holder\" >\n\t\t\t\t\t<h2 class=\"edgtf-st-title\" >\n\t\t\t<span>Le d\u00e9fi alimentaire<\/span>\n\t\t<\/h2>\n\t\t<\/div>[vc_column_text]<span style=\"font-weight: 400;\">Joignez-vous \u00e0 notre d\u00e9fi de 4 semaines con\u00e7u pour vous donner les moyens d&rsquo;acqu\u00e9rir les connaissances pratiques et les comp\u00e9tences n\u00e9cessaires pour pr\u00e9venir le gaspillage alimentaire \u00e0 la maison et tirer le meilleur parti des fruits et l\u00e9gumes que vous achetez. Le d\u00e9fi commence le 27 f\u00e9vrier ! Ne manquez pas cette occasion!<\/span>[\/vc_column_text][vc_empty_space height=\u00a0\u00bb25px\u00a0\u00bb]<a itemprop=\"url\" href=\"#\" target=\"_self\"  class=\"edgtf-btn edgtf-btn-medium edgtf-btn-solid\"  >\n    <span class=\"edgtf-btn-text\">L&#039;inscription est maintenant ferm\u00e9e<\/span>\n    <\/a>[vc_empty_space][\/vc_column][\/vc_row][vc_row][vc_column][vc_column_text]<span style=\"font-weight: 400;\">Saviez-vous que les petites choses que vous faites pour pr\u00e9venir le gaspillage alimentaire pourraient vous faire \u00e9conomiser jusqu&rsquo;\u00e0 1300 $ par an? \u00cates-vous pr\u00eat \u00e0 r\u00e9duire votre gaspillage alimentaire et \u00e0 \u00e9conomiser jusqu&rsquo;\u00e0 100 $ par mois en \u00e9picerie?<\/span>[\/vc_column_text][vc_empty_space][\/vc_column][\/vc_row][vc_row][vc_column]<div class=\"edgtf-section-title-holder\" >\n\t\t\t\t\t<h2 class=\"edgtf-st-title\" >\n\t\t\t<span>Pourquoi fruits et l\u00e9gumes?<\/span>\n\t\t<\/h2>\n\t\t<\/div>[vc_column_text]<span style=\"font-weight: 400;\">Environ 45 % des aliments que nous gaspillons \u00e0 la maison sont des fruits et des l\u00e9gumes. Au Canada, cela repr\u00e9sente plus d&rsquo;un million de tonnes d&rsquo;aliments gaspill\u00e9s chaque ann\u00e9e, soit l&rsquo;\u00e9quivalent de 6,2 milliards de dollars.\u00a0<\/span><\/p>\n<p><span style=\"font-weight: 400;\">Ces aliments de base p\u00e9rissables sont ceux que nous achetons souvent en trop grande quantit\u00e9, puis que nous oublions ou que nous entreposons incorrectement.<\/span><\/p>\n<p><span style=\"font-weight: 400;\">Chaque semaine, nous vous donnerons des conseils pratiques et faciles \u00e0 mettre en \u0153uvre pour que ces l\u00e9gumes verts et ces fruits \u00e9clatants restent frais plus longtemps.<\/span>[\/vc_column_text][vc_empty_space][\/vc_column][\/vc_row][vc_row][vc_column]<div class=\"edgtf-section-title-holder\" >\n\t\t\t\t\t<h2 class=\"edgtf-st-title\" >\n\t\t\t<span>Points forts du programme:<\/span>\n\t\t<\/h2>\n\t\t<\/div>[vc_column_text]<\/p>\n<ul>\n<li style=\"font-weight: 400;\" aria-level=\"1\"><span style=\"font-weight: 400;\">Des conseils livr\u00e9s par texto par notre experte en gaspillage alimentaire et di\u00e9t\u00e9ticienne.\u00a0<\/span><\/li>\n<li style=\"font-weight: 400;\" aria-level=\"1\"><span style=\"font-weight: 400;\">Profitez des conseils et passez \u00e0 l&rsquo;action selon VOTRE emploi du temps. Nous savons que vous \u00eates occup\u00e9s, alors pas de visioconf\u00e9rences, de r\u00e9unions ou d&rsquo;horaires fixes!\u00a0<\/span><\/li>\n<li style=\"font-weight: 400;\" aria-level=\"1\"><span style=\"font-weight: 400;\">Des vid\u00e9os et des ressources hebdomadaires vous aideront \u00e0 planifier et \u00e0 faire des achats judicieux. Vous apprendrez\u00a0 o\u00f9 et comment entreposer correctement vos aliments, et des id\u00e9es vous seront partag\u00e9es pour les moments o\u00f9 les choses ne se d\u00e9roulent pas comme pr\u00e9vu!\u00a0<\/span><\/li>\n<li style=\"font-weight: 400;\" aria-level=\"1\"><span style=\"font-weight: 400;\">Des d\u00e9fis engageants pour faire des \u00e9conomies de nourriture, une habitude amusante et gratifiante.<\/span><\/li>\n<li style=\"font-weight: 400;\" aria-level=\"1\"><span style=\"font-weight: 400;\">Les 500 premiers inscrits re\u00e7oivent une bo\u00eete \u00e0 outils z\u00e9ro gaspillage \u00e0 la maison.<\/span><\/li>\n<\/ul>\n<p>[\/vc_column_text][vc_empty_space][\/vc_column][\/vc_row][vc_row][vc_column]<div class=\"edgtf-section-title-holder\" >\n\t\t\t\t\t<h2 class=\"edgtf-st-title\" >\n\t\t\t<span>Gagnez gros en r\u00e9duisant votre gaspillage:<\/span>\n\t\t<\/h2>\n\t\t<\/div>[vc_column_text]<span style=\"font-weight: 400;\">\u00c0 la fin du d\u00e9fi, les participants seront inscrits pour gagner une carte-cadeau d&rsquo;\u00e9picerie de 500$! Les produits d&rsquo;\u00e9picerie sont plus chers que jamais. Laissez-nous payer votre prochaine commande et prolongez la dur\u00e9e de vie des aliments que vous recevez \u00e0 la maison.\u00a0 Un gain pour votre portefeuille et pour la plan\u00e8te. <\/span>[\/vc_column_text][vc_empty_space][\/vc_column][\/vc_row][vc_row][vc_column]<div class=\"edgtf-section-title-holder\" >\n\t\t\t\t\t<h2 class=\"edgtf-st-title\" >\n\t\t\t<span>Le d\u00e9fi alimentaire<\/span>\n\t\t<\/h2>\n\t\t<\/div>[vc_empty_space][\/vc_column][\/vc_row][vc_row][vc_column width=\u00a0\u00bb1\/4&Prime;][vc_single_image image=\u00a0\u00bb22119&Prime; img_size=\u00a0\u00bbfull\u00a0\u00bb][vc_empty_space][\/vc_column][vc_column width=\u00a0\u00bb3\/4&Prime;][vc_column_text css=\u00a0\u00bb.vc_custom_1705955752985{margin-top: 15px !important;margin-left: -35px !important;}\u00a0\u00bb]<\/p>\n<pre style=\"text-align: left;\"><span style=\"font-size: 23pt; font-family: Questrial;\"><strong>Faire le point<\/strong><\/span><\/pre>\n<p>[\/vc_column_text][vc_empty_space][\/vc_column][\/vc_row][vc_row][vc_column width=\u00a0\u00bb1\/4&Prime;][vc_single_image image=\u00a0\u00bb22113&Prime; img_size=\u00a0\u00bbfull\u00a0\u00bb][vc_empty_space][\/vc_column][vc_column width=\u00a0\u00bb3\/4&Prime;][vc_column_text css=\u00a0\u00bb.vc_custom_1705955770278{margin-top: 15px !important;margin-left: -35px !important;}\u00a0\u00bb]<\/p>\n<pre style=\"text-align: left;\"><span style=\"font-size: 23pt; font-family: Questrial;\"><strong>S'organiser<\/strong><\/span><\/pre>\n<p>[\/vc_column_text][vc_empty_space][\/vc_column][\/vc_row][vc_row][vc_column width=\u00a0\u00bb1\/4&Prime;][vc_single_image image=\u00a0\u00bb22125&Prime; img_size=\u00a0\u00bbfull\u00a0\u00bb][vc_empty_space][\/vc_column][vc_column width=\u00a0\u00bb3\/4&Prime;][vc_column_text css=\u00a0\u00bb.vc_custom_1705955784573{margin-top: 15px !important;margin-left: -35px !important;}\u00a0\u00bb]<\/p>\n<pre style=\"text-align: left;\"><span style=\"font-size: 23pt; font-family: Questrial;\"><strong>Conna\u00eetre les astuces pour les fruits et l\u00e9gumes<\/strong><\/span><\/pre>\n<p>[\/vc_column_text][vc_empty_space][\/vc_column][\/vc_row][vc_row][vc_column width=\u00a0\u00bb1\/4&Prime;][vc_single_image image=\u00a0\u00bb22127&Prime; img_size=\u00a0\u00bbfull\u00a0\u00bb][vc_empty_space][\/vc_column][vc_column width=\u00a0\u00bb3\/4&Prime;][vc_column_text css=\u00a0\u00bb.vc_custom_1705955797409{margin-top: 15px !important;margin-left: -35px !important;}\u00a0\u00bb]<\/p>\n<pre style=\"text-align: left;\"><span style=\"font-size: 23pt; font-family: Questrial;\"><strong>Avoir un plan B<\/strong><\/span><\/pre>\n<p>[\/vc_column_text][vc_empty_space][\/vc_column][\/vc_row][vc_row][vc_column][vc_column_text]Vous voulez commencer t\u00f4t, d\u00e9couvrez notre <strong><em><a href=\"https:\/\/lovefoodhatewaste.ca\/wp-content\/uploads\/2024\/02\/food-challenge-fridge-infographic-fr.jpg\" target=\"_blank\" rel=\"noopener\">Guide du r\u00e9frig\u00e9rateur<\/a><\/em><\/strong> &#8211; l&rsquo;une de nos ressources incontournables pour vous assurer que vous conservez correctement les aliments.[\/vc_column_text][vc_empty_space][\/vc_column][\/vc_row][vc_row][vc_column]<a itemprop=\"url\" href=\"https:\/\/lovefoodhatewaste.ca\/fr\/economisez-plus\/\" target=\"_self\"  class=\"edgtf-btn edgtf-btn-medium edgtf-btn-solid\"  >\n    <span class=\"edgtf-btn-text\">Ressources du d\u00e9fi<\/span>\n    <\/a>[vc_empty_space][vc_column_text]Pour conna\u00eetre les conditions g\u00e9n\u00e9rales du D\u00e9fi Alimentaire \u00c9conomiser plus gaspiller moins, veuillez cliquer <a href=\"https:\/\/lovefoodhatewaste.ca\/wp-content\/uploads\/2024\/02\/food-challenge-terms-and-conditions-FR.pdf\" target=\"_blank\" rel=\"noopener\">ici<\/a>.[\/vc_column_text][vc_empty_space][\/vc_column][\/vc_row][vc_row][vc_column][vc_column_text]Le d\u00e9fi \u00e9conomiser plus, gaspiller moins a \u00e9t\u00e9 d\u00e9velopp\u00e9 par Metro Vancouver avec le soutien financier d&rsquo;Environnement et Changement climatique Canada.[\/vc_column_text][vc_empty_space height=\u00a0\u00bb25px\u00a0\u00bb][vc_single_image image=\u00a0\u00bb22131&Prime; img_size=\u00a0\u00bblarge\u00a0\u00bb][vc_empty_space][\/vc_column][\/vc_row]<\/p>\n<\/div>","protected":false},"excerpt":{"rendered":"<p>[vc_row][vc_column width=\u00a0\u00bb1\/2&Prime;][vc_single_image image=\u00a0\u00bb22111&Prime; img_size=\u00a0\u00bblarge\u00a0\u00bb][\/vc_column][vc_column width=\u00a0\u00bb1\/2&Prime;][vc_empty_space height=\u00a0\u00bb60px\u00a0\u00bb][vc_column_text]Joignez-vous \u00e0 notre d\u00e9fi de 4 semaines con\u00e7u pour vous donner les moyens d&rsquo;acqu\u00e9rir les connaissances pratiques et les comp\u00e9tences n\u00e9cessaires pour pr\u00e9venir le gaspillage alimentaire \u00e0 la maison et tirer le meilleur parti des [&hellip;]<\/p>\n","protected":false},"author":1,"featured_media":22093,"parent":0,"menu_order":0,"comment_status":"closed","ping_status":"closed","template":"","meta":{"_acf_changed":false,"_eb_attr":"","wprm-recipe-roundup-name":"","wprm-recipe-roundup-description":"","footnotes":""},"tags":[],"class_list":["post-22110","page","type-page","status-publish","has-post-thumbnail","hentry"],"acf":[],"_links":{"self":[{"href":"https:\/\/lovefoodhatewaste.ca\/fr\/wp-json\/wp\/v2\/pages\/22110","targetHints":{"allow":["GET"]}}],"collection":[{"href":"https:\/\/lovefoodhatewaste.ca\/fr\/wp-json\/wp\/v2\/pages"}],"about":[{"href":"https:\/\/lovefoodhatewaste.ca\/fr\/wp-json\/wp\/v2\/types\/page"}],"author":[{"embeddable":true,"href":"https:\/\/lovefoodhatewaste.ca\/fr\/wp-json\/wp\/v2\/users\/1"}],"replies":[{"embeddable":true,"href":"https:\/\/lovefoodhatewaste.ca\/fr\/wp-json\/wp\/v2\/comments?post=22110"}],"version-history":[{"count":0,"href":"https:\/\/lovefoodhatewaste.ca\/fr\/wp-json\/wp\/v2\/pages\/22110\/revisions"}],"wp:featuredmedia":[{"embeddable":true,"href":"https:\/\/lovefoodhatewaste.ca\/fr\/wp-json\/wp\/v2\/media\/22093"}],"wp:attachment":[{"href":"https:\/\/lovefoodhatewaste.ca\/fr\/wp-json\/wp\/v2\/media?parent=22110"}],"wp:term":[{"taxonomy":"post_tag","embeddable":true,"href":"https:\/\/lovefoodhatewaste.ca\/fr\/wp-json\/wp\/v2\/tags?post=22110"}],"curies":[{"name":"wp","href":"https:\/\/api.w.org\/{rel}","templated":true}]}}