{"id":22156,"date":"2024-02-15T08:45:18","date_gmt":"2024-02-15T16:45:18","guid":{"rendered":"https:\/\/lovefoodhatewaste.ca\/?page_id=22156"},"modified":"2024-03-18T13:37:18","modified_gmt":"2024-03-18T20:37:18","slug":"economisez-plus","status":"publish","type":"page","link":"https:\/\/lovefoodhatewaste.ca\/fr\/economisez-plus\/","title":{"rendered":"\u00c9conomisez plus, gaspillez moins de ressources du d\u00e9fi alimentaire"},"content":{"rendered":"<div class=\"wpb-content-wrapper\"><p>[vc_row][vc_column]<div class=\"edgtf-section-title-holder\" >\n\t\t\t\t\t<h1 class=\"edgtf-st-title\" >\n\t\t\t<span>Semaine 4<\/span>\n\t\t<\/h1>\n\t\t<\/div>[vc_video link=\u00a0\u00bbhttps:\/\/youtu.be\/3Mr9HVblFmM\u00a0\u00bb][vc_column_text]Vid\u00e9o : Avoir un plan b<\/p>\n<ul>\n<li><a class=\"orange-link\" href=\"https:\/\/lovefoodhatewaste.ca\/wp-content\/uploads\/2024\/03\/week-4-have-a-plan-b-FR.jpg\" target=\"_blank\" rel=\"noopener\">Ayez un plan b<\/a><\/li>\n<li><a class=\"orange-link\" href=\"https:\/\/lovefoodhatewaste.ca\/wp-content\/uploads\/2024\/03\/week-4-weekly-reminders-FR.jpg\" target=\"_blank\" rel=\"noopener\">Rappels hebdomadaires<\/a><\/li>\n<\/ul>\n<p>[\/vc_column_text][\/vc_column][\/vc_row][vc_row][vc_column][vc_empty_space][vc_separator border_width=\u00a0\u00bb3&Prime;][vc_empty_space][\/vc_column][\/vc_row][vc_row][vc_column]<div class=\"edgtf-section-title-holder\" >\n\t\t\t\t\t<h1 class=\"edgtf-st-title\" >\n\t\t\t<span>Semaine 3<\/span>\n\t\t<\/h1>\n\t\t<\/div>[vc_video link=\u00a0\u00bbhttps:\/\/youtu.be\/QX1Ya-GPNcQ\u00a0\u00bb][vc_column_text]Vid\u00e9o : Conna\u00eetre les astuces pour les fruits et l\u00e9gumes<\/p>\n<ul>\n<li><a class=\"orange-link\" href=\"https:\/\/lovefoodhatewaste.ca\/wp-content\/uploads\/2024\/03\/week-3-10-produce-hacks-FR.jpg\" target=\"_blank\" rel=\"noopener\">Les 10 meilleures astuces pour les fruits et l\u00e9gumes<\/a><\/li>\n<li><a class=\"orange-link\" href=\"https:\/\/lovefoodhatewaste.ca\/wp-content\/uploads\/2024\/03\/week-3-weekly-reminders-FR.jpg\" target=\"_blank\" rel=\"noopener\">Rappels hebdomadaires<\/a><\/li>\n<\/ul>\n<p>[\/vc_column_text][\/vc_column][\/vc_row][vc_row][vc_column][vc_empty_space][vc_separator border_width=\u00a0\u00bb3&Prime;][vc_empty_space][\/vc_column][\/vc_row][vc_row][vc_column]<div class=\"edgtf-section-title-holder\" >\n\t\t\t\t\t<h1 class=\"edgtf-st-title\" >\n\t\t\t<span>Semaine 2<\/span>\n\t\t<\/h1>\n\t\t<\/div>[vc_video link=\u00a0\u00bbhttps:\/\/youtu.be\/bmk1uZ8XKQ8&Prime;][vc_column_text]Vid\u00e9o : S&rsquo;organiser<\/p>\n<ul>\n<li><a class=\"orange-link\" href=\"https:\/\/lovefoodhatewaste.ca\/wp-content\/uploads\/2024\/03\/week-2-totebag-FR.jpg\" target=\"_blank\" rel=\"noopener\">Plus frais pour plus longtemps au r\u00e9frig\u00e9rateur<\/a><\/li>\n<li><a class=\"orange-link\" href=\"https:\/\/lovefoodhatewaste.ca\/wp-content\/uploads\/2024\/03\/week-2-weekly-reminders-FR-1.jpg\" target=\"_blank\" rel=\"noopener\">Rappels hebdomadaires<\/a><\/li>\n<\/ul>\n<p>[\/vc_column_text][\/vc_column][\/vc_row][vc_row][vc_column][vc_empty_space][vc_separator border_width=\u00a0\u00bb3&Prime;][vc_empty_space][\/vc_column][\/vc_row][vc_row][vc_column]<div class=\"edgtf-section-title-holder\" >\n\t\t\t\t\t<h1 class=\"edgtf-st-title\" >\n\t\t\t<span>Semaine 1<\/span>\n\t\t<\/h1>\n\t\t<\/div>[vc_video link=\u00a0\u00bbhttps:\/\/youtu.be\/947tDD2h-C4&Prime;][vc_column_text]Vid\u00e9o : Faire le point<\/p>\n<ul>\n<li><a class=\"orange-link\" href=\"https:\/\/lovefoodhatewaste.ca\/wp-content\/uploads\/2024\/02\/Week-1-Shopping-List-FR.jpg\" target=\"_blank\" rel=\"noopener\">Liste d&rsquo;\u00e9picerie<\/a><\/li>\n<li><a class=\"orange-link\" href=\"https:\/\/lovefoodhatewaste.ca\/wp-content\/uploads\/2024\/02\/Week-1-Weekly-Reminders-FR.jpg\" target=\"_blank\" rel=\"noopener\">Rappels hebdomadaires<\/a><\/li>\n<\/ul>\n<p>[\/vc_column_text][\/vc_column][\/vc_row][vc_row][vc_column][vc_empty_space][vc_separator border_width=\u00a0\u00bb3&Prime;][vc_empty_space][\/vc_column][\/vc_row][vc_row][vc_column][vc_video link=\u00a0\u00bbhttps:\/\/www.youtube.com\/watch?v=_ULIiLWJ81U\u00a0\u00bb][vc_empty_space][\/vc_column][\/vc_row]<\/p>\n<\/div>","protected":false},"excerpt":{"rendered":"<p>[vc_row][vc_column][vc_video link=\u00a0\u00bbhttps:\/\/youtu.be\/3Mr9HVblFmM\u00a0\u00bb][vc_column_text]Vid\u00e9o : Avoir un plan b Ayez un plan b Rappels hebdomadaires [\/vc_column_text][\/vc_column][\/vc_row][vc_row][vc_column][vc_empty_space][vc_separator border_width=\u00a0\u00bb3&Prime;][vc_empty_space][\/vc_column][\/vc_row][vc_row][vc_column][vc_video link=\u00a0\u00bbhttps:\/\/youtu.be\/QX1Ya-GPNcQ\u00a0\u00bb][vc_column_text]Vid\u00e9o : Conna\u00eetre les astuces pour les fruits et l\u00e9gumes Les 10 meilleures astuces pour les fruits et l\u00e9gumes Rappels hebdomadaires [\/vc_column_text][\/vc_column][\/vc_row][vc_row][vc_column][vc_empty_space][vc_separator border_width=\u00a0\u00bb3&Prime;][vc_empty_space][\/vc_column][\/vc_row][vc_row][vc_column][vc_video link=\u00a0\u00bbhttps:\/\/youtu.be\/bmk1uZ8XKQ8&Prime;][vc_column_text]Vid\u00e9o : [&hellip;]<\/p>\n","protected":false},"author":1,"featured_media":22093,"parent":0,"menu_order":0,"comment_status":"closed","ping_status":"closed","template":"","meta":{"_acf_changed":false,"_eb_attr":"","wprm-recipe-roundup-name":"","wprm-recipe-roundup-description":"","footnotes":""},"tags":[],"class_list":["post-22156","page","type-page","status-publish","has-post-thumbnail","hentry"],"acf":[],"_links":{"self":[{"href":"https:\/\/lovefoodhatewaste.ca\/fr\/wp-json\/wp\/v2\/pages\/22156","targetHints":{"allow":["GET"]}}],"collection":[{"href":"https:\/\/lovefoodhatewaste.ca\/fr\/wp-json\/wp\/v2\/pages"}],"about":[{"href":"https:\/\/lovefoodhatewaste.ca\/fr\/wp-json\/wp\/v2\/types\/page"}],"author":[{"embeddable":true,"href":"https:\/\/lovefoodhatewaste.ca\/fr\/wp-json\/wp\/v2\/users\/1"}],"replies":[{"embeddable":true,"href":"https:\/\/lovefoodhatewaste.ca\/fr\/wp-json\/wp\/v2\/comments?post=22156"}],"version-history":[{"count":0,"href":"https:\/\/lovefoodhatewaste.ca\/fr\/wp-json\/wp\/v2\/pages\/22156\/revisions"}],"wp:featuredmedia":[{"embeddable":true,"href":"https:\/\/lovefoodhatewaste.ca\/fr\/wp-json\/wp\/v2\/media\/22093"}],"wp:attachment":[{"href":"https:\/\/lovefoodhatewaste.ca\/fr\/wp-json\/wp\/v2\/media?parent=22156"}],"wp:term":[{"taxonomy":"post_tag","embeddable":true,"href":"https:\/\/lovefoodhatewaste.ca\/fr\/wp-json\/wp\/v2\/tags?post=22156"}],"curies":[{"name":"wp","href":"https:\/\/api.w.org\/{rel}","templated":true}]}}