{"id":22869,"date":"2025-05-07T14:21:16","date_gmt":"2025-05-07T21:21:16","guid":{"rendered":"https:\/\/lovefoodhatewaste.ca\/a-propos\/partenaires-de-la-campagne\/partner-with-us\/"},"modified":"2025-10-01T09:22:52","modified_gmt":"2025-10-01T16:22:52","slug":"partner-with-us","status":"publish","type":"page","link":"https:\/\/lovefoodhatewaste.ca\/fr\/a-propos\/partenaires-de-la-campagne\/partner-with-us\/","title":{"rendered":"Faites \u00e9quipe avec nous"},"content":{"rendered":"<div class=\"wpb-content-wrapper\"><p>[vc_row content_placement=\u00a0\u00bbmiddle\u00a0\u00bb row_content_width=\u00a0\u00bbgrid\u00a0\u00bb css=\u00a0\u00bb.vc_custom_1746651952619{padding-top: 40px !important;padding-bottom: 40px !important;}\u00a0\u00bb][vc_column width=\u00a0\u00bb2\/3&Prime;][vc_column_text]<\/p>\n<h2 class=\"intro\">Le gaspillage alimentaire est d\u00fb au fait qu\u2019on ach\u00e8te trop, qu\u2019on cuisine trop et qu\u2019on ne conserve pas nos aliments correctement.<\/h2>\n<p>Heureusement, c&rsquo;est un probl\u00e8me qu\u2019on peut r\u00e9soudre, avec votre aide.[\/vc_column_text][vc_empty_space]<a itemprop=\"url\" href=\"#involved\" target=\"_blank\" style=\"color: #ffffff;background-color: #875c99;border-color: #875c99;font-size: 18px;font-weight: 700\" class=\"edgtf-btn edgtf-btn-small edgtf-btn-solid edgtf-btn-custom-hover-bg edgtf-btn-custom-border-hover edgtf-btn-custom-hover-color edgtf-btn-icon\" data-hover-color=\"#000000\" data-hover-bg-color=\"#ffce00\" data-hover-border-color=\"#ffce00\" >\n    <span class=\"edgtf-btn-text\">D\u00e9couvrez comment<\/span>\n    <i class=\"edgtf-icon-simple-line-icon icon-arrow-right \" ><\/i><\/a>[vc_empty_space][\/vc_column][vc_column width=\u00a0\u00bb1\/3&Prime;][vc_single_image image=\u00a0\u00bb22610&Prime; img_size=\u00a0\u00bbfull\u00a0\u00bb][\/vc_column][\/vc_row][vc_row content_placement=\u00a0\u00bbmiddle\u00a0\u00bb row_content_width=\u00a0\u00bbgrid\u00a0\u00bb css=\u00a0\u00bb.vc_custom_1746749002878{border-right-width: 20px !important;border-left-width: 20px !important;padding-top: 40px !important;padding-right: 40px !important;padding-bottom: 40px !important;padding-left: 40px !important;background-color: #fae0e1 !important;}\u00a0\u00bb][vc_column width=\u00a0\u00bb1\/4&Prime;][vc_single_image image=\u00a0\u00bb22614&Prime; img_size=\u00a0\u00bblarge\u00a0\u00bb alignment=\u00a0\u00bbcenter\u00a0\u00bb][\/vc_column][vc_column width=\u00a0\u00bb3\/4&Prime;][vc_column_text]<\/p>\n<h3><em>J\u2019aime manger, pas gaspiller<\/em> est une campagne mondialement reconnue et \u00e9prouv\u00e9e visant \u00e0 changer les comportements afin d&rsquo;aider les gens \u00e0 r\u00e9duire le gaspillage alimentaire \u00e0 la maison.<\/h3>\n<p>[\/vc_column_text][vc_empty_space][vc_column_text]<\/p>\n<p class=\"text-align: left;\"><strong>Elle fournit aux gens des conseils et des astuces utiles pour leur permettre de faire leurs courses de mani\u00e8re plus intelligente, de mieux conserver leurs aliments et d&rsquo;utiliser toute leur nourriture, jusqu&rsquo;\u00e0 la derni\u00e8re miette.<\/strong><\/p>\n<p>[\/vc_column_text][vc_empty_space][vc_row_inner][vc_column_inner width=\u00a0\u00bb1\/3&Prime;][vc_single_image image=\u00a0\u00bb22893&Prime; alignment=\u00a0\u00bbcenter\u00a0\u00bb css_animation=\u00a0\u00bbslideInUp\u00a0\u00bb][vc_empty_space][\/vc_column_inner][vc_column_inner width=\u00a0\u00bb1\/3&Prime;][vc_single_image image=\u00a0\u00bb22895&Prime; alignment=\u00a0\u00bbcenter\u00a0\u00bb css_animation=\u00a0\u00bbslideInUp\u00a0\u00bb][vc_empty_space][\/vc_column_inner][vc_column_inner width=\u00a0\u00bb1\/3&Prime;][vc_single_image image=\u00a0\u00bb22897&Prime; alignment=\u00a0\u00bbcenter\u00a0\u00bb css_animation=\u00a0\u00bbslideInUp\u00a0\u00bb][vc_empty_space][\/vc_column_inner][\/vc_row_inner][vc_empty_space][\/vc_column][\/vc_row][vc_row content_placement=\u00a0\u00bbmiddle\u00a0\u00bb row_content_width=\u00a0\u00bbgrid\u00a0\u00bb css=\u00a0\u00bb.vc_custom_1746652033981{padding-top: 40px !important;padding-bottom: 40px !important;}\u00a0\u00bb][vc_column][vc_column_text]<\/p>\n<h2 style=\"text-align: center;\">Les d\u00e9chets m\u00e9nagers en chiffres<\/h2>\n<p>[\/vc_column_text][vc_empty_space][vc_row_inner row_content_width=\u00a0\u00bbgrid\u00a0\u00bb][vc_column_inner width=\u00a0\u00bb1\/4&Prime;][vc_single_image image=\u00a0\u00bb22588&Prime; img_size=\u00a0\u00bbfull\u00a0\u00bb][vc_empty_space][vc_column_text]<\/p>\n<p style=\"text-align: center;\"><span style=\"font-weight: 400;\">Quantit\u00e9 de nourriture jet\u00e9e qui aurait pu \u00eatre consomm\u00e9e.<\/span><\/p>\n<p>[\/vc_column_text][\/vc_column_inner][vc_column_inner width=\u00a0\u00bb1\/4&Prime;][vc_single_image image=\u00a0\u00bb22594&Prime; img_size=\u00a0\u00bbfull\u00a0\u00bb][vc_empty_space][vc_column_text]<\/p>\n<p style=\"text-align: center;\"><span style=\"font-weight: 400;\">Quantit\u00e9 de nourriture comestible gaspill\u00e9e chaque ann\u00e9e par un m\u00e9nage canadien moyen.<\/span><\/p>\n<p>[\/vc_column_text][\/vc_column_inner][vc_column_inner width=\u00a0\u00bb1\/4&Prime;][vc_single_image image=\u00a0\u00bb22598&Prime; img_size=\u00a0\u00bbfull\u00a0\u00bb][vc_empty_space][vc_column_text]<\/p>\n<p style=\"text-align: center;\"><span style=\"font-weight: 400;\">Montant d\u00e9pens\u00e9 chaque ann\u00e9e par un m\u00e9nage moyen pour des aliments qui sont gaspill\u00e9s.<\/span><\/p>\n<p>[\/vc_column_text][\/vc_column_inner][vc_column_inner width=\u00a0\u00bb1\/4&Prime;][vc_single_image image=\u00a0\u00bb22899&Prime; img_size=\u00a0\u00bbfull\u00a0\u00bb][vc_empty_space][vc_column_text]<\/p>\n<p style=\"text-align: center;\"><span style=\"font-weight: 400;\">Quantit\u00e9 d&rsquo;\u00e9missions de gaz \u00e0 effet de serre produites chaque ann\u00e9e par les m\u00e9nages canadiens \u00e0 cause du gaspillage alimentaire.<\/span><\/p>\n<p>[\/vc_column_text][\/vc_column_inner][\/vc_row_inner][\/vc_column][\/vc_row][vc_row content_placement=\u00a0\u00bbmiddle\u00a0\u00bb css=\u00a0\u00bb.vc_custom_1746744287180{padding-top: 40px !important;padding-bottom: 40px !important;background-color: #fff5cc !important;}\u00a0\u00bb el_id=\u00a0\u00bbinvolved\u00a0\u00bb][vc_column width=\u00a0\u00bb1\/6&Prime;][\/vc_column][vc_column width=\u00a0\u00bb2\/3&Prime;][vc_column_text]<\/p>\n<h2 class=\"reverse\" style=\"text-align: center;\">Comment participer<\/h2>\n<p>[\/vc_column_text][vc_column_text]<\/p>\n<p class=\"reverse\" style=\"text-align: center;\"><strong>En tant que d\u00e9tenteur officiel de la licence de la campagne <em>J\u2019aime manger, pas gaspiller <\/em>au Canada, FoodMesh peut vous aider \u00e0 rejoindre le mouvement pour r\u00e9duire le gaspillage alimentaire \u00e0 la maison. Voici comment :<\/strong><\/p>\n<p>[\/vc_column_text][\/vc_column][vc_column width=\u00a0\u00bb1\/6&Prime;][\/vc_column][\/vc_row][vc_row css=\u00a0\u00bb.vc_custom_1746744293225{border-right-width: 40px !important;border-left-width: 40px !important;padding-right: 40px !important;padding-bottom: 40px !important;padding-left: 40px !important;background-color: #fff5cc !important;}\u00a0\u00bb][vc_column width=\u00a0\u00bb1\/3&Prime;][vc_column_text]<\/p>\n<h3 class=\"reverse\" style=\"text-align: center;\">Devenez une partisane ou un partisan de la campagne<\/h3>\n<p>[\/vc_column_text][vc_empty_space][vc_column_text]<\/p>\n<ul>\n<li class=\"reverse\" style=\"text-align: left;\">Affichez le logo <em>J\u2019aime manger, pas gaspiller<\/em>\u00a0et les ressources accessibles au public sur votre site Web.<\/li>\n<li class=\"reverse\" style=\"text-align: left;\">Soyez reconnu\u00b7e en tant que partisan ou partisan sur le site Web <em>J\u2019aime manger, pas gaspiller.<\/em><\/li>\n<\/ul>\n<p>[\/vc_column_text][\/vc_column][vc_column width=\u00a0\u00bb1\/3&Prime;][vc_column_text]<\/p>\n<h3 class=\"reverse\" style=\"text-align: center;\">Devenez partenaire de la campagne<\/h3>\n<p>[\/vc_column_text][vc_empty_space][vc_column_text]<\/p>\n<ul>\n<li class=\"reverse\" style=\"text-align: left;\">Acc\u00e9dez \u00e0 l&rsquo;ensemble de la biblioth\u00e8que de contenu actuel et archiv\u00e9 de la campagne <em>J\u2019aime manger, pas gaspiller, <\/em>que vous pouvez utiliser pour votre propre campagne de marketing.<\/li>\n<li class=\"reverse\" style=\"text-align: left;\">Obtenez la permission de personnaliser avec votre logo et de modifier des contenus existants et de cr\u00e9er de nouveaux contenus pour la campagne <em>J\u2019aime manger, pas gaspiller.<\/em><\/li>\n<li class=\"reverse\" style=\"text-align: left;\">Obtenez la permission d&rsquo;afficher le logo <em>J\u2019aime manger, pas gaspiller<\/em> sur votre site Web et de l&rsquo;utiliser sur des contenus qui ne sont pas destin\u00e9s au marketing.<\/li>\n<li class=\"reverse\" style=\"text-align: left;\">Participez aux \u00e9v\u00e9nements de partage de connaissances organis\u00e9s par les partenaires et le r\u00e9seau international <em>J\u2019aime manger, pas gaspiller.<\/em><\/li>\n<li class=\"reverse\" style=\"text-align: left;\">B\u00e9n\u00e9ficiez d&rsquo;un accompagnement et d&rsquo;un soutien personnalis\u00e9s pour vous aider \u00e0 d\u00e9velopper et \u00e0 mettre en \u0153uvre votre campagne de marketing.<\/li>\n<\/ul>\n<p>[\/vc_column_text][\/vc_column][vc_column width=\u00a0\u00bb1\/3&Prime;][vc_column_text]<\/p>\n<h3 class=\"reverse\" style=\"text-align: center;\">Devenez une championne ou un champion de la campagne<\/h3>\n<p>[\/vc_column_text][vc_empty_space][vc_column_text]<\/p>\n<ul>\n<li class=\"reverse\" style=\"text-align: left;\">Soutenez un moment de la campagne nationale et voyez votre marque mise en \u00e9vidence dans les contenus marketing nationaux.<\/li>\n<\/ul>\n<p>[\/vc_column_text][\/vc_column][\/vc_row][vc_row disable_element=\u00a0\u00bbyes\u00a0\u00bb css=\u00a0\u00bb.vc_custom_1759335753331{border-right-width: 40px !important;border-left-width: 40px !important;padding-right: 40px !important;padding-bottom: 40px !important;padding-left: 40px !important;background-color: #fff5cc !important;}\u00a0\u00bb][vc_column width=\u00a0\u00bb1\/4&Prime;][vc_column_text]<\/p>\n<h3 class=\"reverse\" style=\"text-align: center;\">Devenez ambassadrice ou ambassadeur de la campagne<\/h3>\n<p>[\/vc_column_text][vc_empty_space][vc_column_text]<\/p>\n<ul>\n<li class=\"reverse\" style=\"text-align: left;\">Acc\u00e9dez gratuitement \u00e0 3 \u00e9l\u00e9ments de contenu pr\u00eats \u00e0 diffuser lors de vos \u00e9v\u00e9nements en personne.<\/li>\n<li class=\"reverse\" style=\"text-align: left;\">Recevez un dossier de diffusion pendant les p\u00e9riodes de pointe de la campagne afin de v\u00e9hiculer le message J\u2019aime manger, pas gaspiller sur vos r\u00e9seaux sociaux.<\/li>\n<\/ul>\n<p>[\/vc_column_text][\/vc_column][vc_column width=\u00a0\u00bb1\/4&Prime;][vc_column_text]<\/p>\n<h3 class=\"reverse\" style=\"text-align: center;\">Devenez une partisane ou un partisan de la campagne<\/h3>\n<p>[\/vc_column_text][vc_empty_space][vc_column_text]<\/p>\n<ul>\n<li class=\"reverse\" style=\"text-align: left;\">Affichez le logo <em>J\u2019aime manger, pas gaspiller<\/em>\u00a0et les ressources accessibles au public sur votre site Web.<\/li>\n<li class=\"reverse\" style=\"text-align: left;\">Soyez reconnu\u00b7e en tant que partisan ou partisan sur le site Web <em>J\u2019aime manger, pas gaspiller.<\/em><\/li>\n<\/ul>\n<p>[\/vc_column_text][\/vc_column][vc_column width=\u00a0\u00bb1\/4&Prime;][vc_column_text]<\/p>\n<h3 class=\"reverse\" style=\"text-align: center;\">Devenez partenaire de la campagne<\/h3>\n<p>[\/vc_column_text][vc_empty_space][vc_column_text]<\/p>\n<ul>\n<li class=\"reverse\" style=\"text-align: left;\">Acc\u00e9dez \u00e0 l&rsquo;ensemble de la biblioth\u00e8que de contenu actuel et archiv\u00e9 de la campagne <em>J\u2019aime manger, pas gaspiller, <\/em>que vous pouvez utiliser pour votre propre campagne de marketing.<\/li>\n<li class=\"reverse\" style=\"text-align: left;\">Obtenez la permission de personnaliser avec votre logo et de modifier des contenus existants et de cr\u00e9er de nouveaux contenus pour la campagne <em>J\u2019aime manger, pas gaspiller.<\/em><\/li>\n<li class=\"reverse\" style=\"text-align: left;\">Obtenez la permission d&rsquo;afficher le logo <em>J\u2019aime manger, pas gaspiller<\/em> sur votre site Web et de l&rsquo;utiliser sur des contenus qui ne sont pas destin\u00e9s au marketing.<\/li>\n<li class=\"reverse\" style=\"text-align: left;\">Participez aux \u00e9v\u00e9nements de partage de connaissances organis\u00e9s par les partenaires et le r\u00e9seau international <em>J\u2019aime manger, pas gaspiller.<\/em><\/li>\n<li class=\"reverse\" style=\"text-align: left;\">B\u00e9n\u00e9ficiez d&rsquo;un accompagnement et d&rsquo;un soutien personnalis\u00e9s pour vous aider \u00e0 d\u00e9velopper et \u00e0 mettre en \u0153uvre votre campagne de marketing.<\/li>\n<\/ul>\n<p>[\/vc_column_text][\/vc_column][vc_column width=\u00a0\u00bb1\/4&Prime;][vc_column_text]<\/p>\n<h3 class=\"reverse\" style=\"text-align: center;\">Devenez une championne ou un champion de la campagne<\/h3>\n<p>[\/vc_column_text][vc_empty_space][vc_column_text]<\/p>\n<ul>\n<li class=\"reverse\" style=\"text-align: left;\">Soutenez un moment de la campagne nationale et voyez votre marque mise en \u00e9vidence dans les contenus marketing nationaux.<\/li>\n<\/ul>\n<p>[\/vc_column_text][\/vc_column][\/vc_row][vc_row content_placement=\u00a0\u00bbmiddle\u00a0\u00bb content_text_aligment=\u00a0\u00bbcenter\u00a0\u00bb css=\u00a0\u00bb.vc_custom_1746744302740{padding-top: 40px !important;padding-bottom: 40px !important;}\u00a0\u00bb][vc_column width=\u00a0\u00bb1\/6&Prime;][\/vc_column][vc_column width=\u00a0\u00bb2\/3&Prime;][vc_column_text]<\/p>\n<h3 class=\"reverse\" style=\"text-align: center;\">Rejoignez ces organisations dans la lutte contre le gaspillage alimentaire<\/h3>\n<p>[\/vc_column_text][vc_empty_space][vc_empty_space][vc_row_inner][vc_column_inner width=\u00a0\u00bb1\/4&Prime;][vc_single_image image=\u00a0\u00bb22915&Prime; img_size=\u00a0\u00bbfull\u00a0\u00bb alignment=\u00a0\u00bbcenter\u00a0\u00bb][\/vc_column_inner][vc_column_inner width=\u00a0\u00bb1\/4&Prime;][vc_single_image image=\u00a0\u00bb23055&Prime; img_size=\u00a0\u00bbfull\u00a0\u00bb alignment=\u00a0\u00bbcenter\u00a0\u00bb][\/vc_column_inner][vc_column_inner width=\u00a0\u00bb1\/4&Prime;][vc_single_image image=\u00a0\u00bb13970&Prime; img_size=\u00a0\u00bbfull\u00a0\u00bb alignment=\u00a0\u00bbcenter\u00a0\u00bb][\/vc_column_inner][vc_column_inner width=\u00a0\u00bb1\/4&Prime;][vc_single_image image=\u00a0\u00bb13995&Prime; img_size=\u00a0\u00bbfull\u00a0\u00bb alignment=\u00a0\u00bbcenter\u00a0\u00bb][\/vc_column_inner][\/vc_row_inner][vc_row_inner][vc_column_inner][vc_empty_space][\/vc_column_inner][\/vc_row_inner][vc_row_inner][vc_column_inner width=\u00a0\u00bb1\/4&Prime;][vc_single_image image=\u00a0\u00bb13973&Prime; img_size=\u00a0\u00bbfull\u00a0\u00bb alignment=\u00a0\u00bbcenter\u00a0\u00bb][\/vc_column_inner][vc_column_inner width=\u00a0\u00bb1\/4&Prime;][vc_single_image image=\u00a0\u00bb13975&Prime; img_size=\u00a0\u00bbfull\u00a0\u00bb alignment=\u00a0\u00bbcenter\u00a0\u00bb][\/vc_column_inner][vc_column_inner width=\u00a0\u00bb1\/4&Prime;][vc_single_image image=\u00a0\u00bb23213&Prime; img_size=\u00a0\u00bbfull\u00a0\u00bb alignment=\u00a0\u00bbcenter\u00a0\u00bb][\/vc_column_inner][vc_column_inner width=\u00a0\u00bb1\/4&Prime;][vc_single_image image=\u00a0\u00bb23051&Prime; img_size=\u00a0\u00bbfull\u00a0\u00bb alignment=\u00a0\u00bbcenter\u00a0\u00bb][\/vc_column_inner][\/vc_row_inner][vc_empty_space]<a itemprop=\"url\" href=\"mailto:lovefoodhatewaste@foodmesh.ca\" target=\"_blank\" style=\"color: #ffffff;background-color: #875c99;border-color: #875c99;font-size: 18px;font-weight: 700\" class=\"edgtf-btn edgtf-btn-small edgtf-btn-solid edgtf-btn-custom-hover-bg edgtf-btn-custom-border-hover edgtf-btn-custom-hover-color edgtf-btn-icon\" data-hover-color=\"#000000\" data-hover-bg-color=\"#ffce00\" data-hover-border-color=\"#ffce00\" >\n    <span class=\"edgtf-btn-text\">Discutons-en<\/span>\n    <i class=\"edgtf-icon-simple-line-icon icon-arrow-right \" ><\/i><\/a>[vc_empty_space][\/vc_column][vc_column width=\u00a0\u00bb1\/6&Prime;][\/vc_column][\/vc_row]<\/p>\n<\/div>","protected":false},"excerpt":{"rendered":"<p>[vc_row content_placement=\u00a0\u00bbmiddle\u00a0\u00bb row_content_width=\u00a0\u00bbgrid\u00a0\u00bb css=\u00a0\u00bb.vc_custom_1746651952619{padding-top: 40px !important;padding-bottom: 40px !important;}\u00a0\u00bb][vc_column width=\u00a0\u00bb2\/3&Prime;][vc_column_text] Le gaspillage alimentaire est d\u00fb au fait qu\u2019on ach\u00e8te trop, qu\u2019on cuisine trop et qu\u2019on ne conserve pas nos aliments correctement. Heureusement, c&rsquo;est un probl\u00e8me qu\u2019on peut r\u00e9soudre, avec votre aide.[\/vc_column_text][vc_empty_space][vc_empty_space][\/vc_column][vc_column [&hellip;]<\/p>\n","protected":false},"author":117,"featured_media":22641,"parent":13551,"menu_order":0,"comment_status":"closed","ping_status":"closed","template":"full-width.php","meta":{"_acf_changed":false,"_eb_attr":"","wprm-recipe-roundup-name":"","wprm-recipe-roundup-description":"","footnotes":""},"tags":[],"class_list":["post-22869","page","type-page","status-publish","has-post-thumbnail","hentry"],"acf":[],"_links":{"self":[{"href":"https:\/\/lovefoodhatewaste.ca\/fr\/wp-json\/wp\/v2\/pages\/22869","targetHints":{"allow":["GET"]}}],"collection":[{"href":"https:\/\/lovefoodhatewaste.ca\/fr\/wp-json\/wp\/v2\/pages"}],"about":[{"href":"https:\/\/lovefoodhatewaste.ca\/fr\/wp-json\/wp\/v2\/types\/page"}],"author":[{"embeddable":true,"href":"https:\/\/lovefoodhatewaste.ca\/fr\/wp-json\/wp\/v2\/users\/117"}],"replies":[{"embeddable":true,"href":"https:\/\/lovefoodhatewaste.ca\/fr\/wp-json\/wp\/v2\/comments?post=22869"}],"version-history":[{"count":0,"href":"https:\/\/lovefoodhatewaste.ca\/fr\/wp-json\/wp\/v2\/pages\/22869\/revisions"}],"up":[{"embeddable":true,"href":"https:\/\/lovefoodhatewaste.ca\/fr\/wp-json\/wp\/v2\/pages\/13551"}],"wp:featuredmedia":[{"embeddable":true,"href":"https:\/\/lovefoodhatewaste.ca\/fr\/wp-json\/wp\/v2\/media\/22641"}],"wp:attachment":[{"href":"https:\/\/lovefoodhatewaste.ca\/fr\/wp-json\/wp\/v2\/media?parent=22869"}],"wp:term":[{"taxonomy":"post_tag","embeddable":true,"href":"https:\/\/lovefoodhatewaste.ca\/fr\/wp-json\/wp\/v2\/tags?post=22869"}],"curies":[{"name":"wp","href":"https:\/\/api.w.org\/{rel}","templated":true}]}}