{"id":22942,"date":"2025-05-23T12:38:11","date_gmt":"2025-05-23T19:38:11","guid":{"rendered":"https:\/\/lovefoodhatewaste.ca\/22771-2\/"},"modified":"2025-09-16T11:12:00","modified_gmt":"2025-09-16T18:12:00","slug":"conservez","status":"publish","type":"page","link":"https:\/\/lovefoodhatewaste.ca\/fr\/conservez\/","title":{"rendered":"Conservez"},"content":{"rendered":"<div class=\"wpb-content-wrapper\"><p>[vc_row content_placement=\u00a0\u00bbmiddle\u00a0\u00bb parallax=\u00a0\u00bbcontent-moving\u00a0\u00bb parallax_image=\u00a0\u00bb22772&Prime; row_content_width=\u00a0\u00bbgrid\u00a0\u00bb content_text_aligment=\u00a0\u00bbcenter\u00a0\u00bb css=\u00a0\u00bb.vc_custom_1748025428817{border-right-width: 40px !important;border-left-width: 40px !important;padding-top: 40px !important;padding-right: 40px !important;padding-left: 40px !important;background-position: center;background-repeat: no-repeat !important;background-size: contain !important;}\u00a0\u00bb][vc_column width=\u00a0\u00bb1\/6&Prime; css=\u00a0\u00bb.vc_custom_1746743407219{padding-top: 40px !important;padding-bottom: 40px !important;background-position: center !important;background-repeat: no-repeat !important;background-size: contain !important;}\u00a0\u00bb][vc_empty_space][\/vc_column][vc_column width=\u00a0\u00bb2\/3&Prime;][vc_column_text]<\/p>\n<div style=\"display: inline-block; background-color: #ffce00; padding: 3rem 4rem; line-height: 1.4; margin-top: 3rem; margin-bottom: 3rem; border-radius: 10px;\">\n<div style=\"font-size: 3rem; font-weight: bold; color: #000000;\">Pr\u00e9servez la fra\u00eecheur<\/div>\n<\/div>\n<p>[\/vc_column_text][\/vc_column][vc_column width=\u00a0\u00bb1\/6&Prime;][\/vc_column][\/vc_row][vc_row content_placement=\u00a0\u00bbtop\u00a0\u00bb content_text_aligment=\u00a0\u00bbcenter\u00a0\u00bb css=\u00a0\u00bb.vc_custom_1747253353292{border-right-width: 40px !important;border-left-width: 40px !important;padding-top: 40px !important;padding-right: 40px !important;padding-bottom: 40px !important;padding-left: 40px !important;}\u00a0\u00bb][vc_column width=\u00a0\u00bb1\/6&Prime; css=\u00a0\u00bb.vc_custom_1746659718452{padding-bottom: 40px !important;}\u00a0\u00bb][\/vc_column][vc_column width=\u00a0\u00bb2\/3&Prime;][vc_column_text]<\/p>\n<h2 class=\"reverse\" style=\"line-height: 54px; text-align: center; color: #387438;\"><strong>Comment emp\u00eache-t-on la laitue de faner? Pourquoi devrait-on utiliser des bacs \u00e0 l\u00e9gumes? Peut-on congeler le fromage?<br \/>\n<\/strong><\/h2>\n<p>[\/vc_column_text][vc_empty_space][vc_column_text]Vous trouverez ici toutes les r\u00e9ponses \u00e0 vos questions sur la conservation, pour vous aider \u00e0 garder vos aliments plus frais plus longtemps.[\/vc_column_text][vc_empty_space][\/vc_column][vc_column width=\u00a0\u00bb1\/6&Prime;][\/vc_column][\/vc_row][vc_row content_placement=\u00a0\u00bbtop\u00a0\u00bb content_text_aligment=\u00a0\u00bbcenter\u00a0\u00bb css=\u00a0\u00bb.vc_custom_1748027274687{border-right-width: 40px !important;border-left-width: 40px !important;padding-top: 40px !important;padding-right: 40px !important;padding-bottom: 40px !important;padding-left: 40px !important;background-color: #d4eed6 !important;}\u00a0\u00bb][vc_column width=\u00a0\u00bb1\/6&Prime; css=\u00a0\u00bb.vc_custom_1746659718452{padding-bottom: 40px !important;}\u00a0\u00bb][\/vc_column][vc_column width=\u00a0\u00bb2\/3&Prime;][vc_column_text]<\/p>\n<h2><strong>Guide du r\u00e9frig\u00e9rateur<\/strong><\/h2>\n<p>[\/vc_column_text][vc_empty_space][vc_column_text]<\/p>\n<h4 style=\"text-align: center; color: #387438;\">Utilisez ce guide pour conna\u00eetre la temp\u00e9rature id\u00e9ale de votre r\u00e9frig\u00e9rateur et savoir exactement o\u00f9 ranger vos aliments pour une fra\u00eecheur optimale.<\/h4>\n<p>[\/vc_column_text][vc_empty_space][vc_single_image image=\u00a0\u00bb22944&Prime; img_size=\u00a0\u00bbfull\u00a0\u00bb alignment=\u00a0\u00bbcenter\u00a0\u00bb][vc_empty_space][\/vc_column][vc_column width=\u00a0\u00bb1\/6&Prime;][\/vc_column][\/vc_row][vc_row content_placement=\u00a0\u00bbmiddle\u00a0\u00bb content_text_aligment=\u00a0\u00bbcenter\u00a0\u00bb css=\u00a0\u00bb.vc_custom_1748032721753{border-right-width: 40px !important;border-left-width: 40px !important;padding-right: 40px !important;padding-bottom: 40px !important;padding-left: 40px !important;background-color: #ffffff !important;}\u00a0\u00bb][vc_column width=\u00a0\u00bb1\/6&Prime;][\/vc_column][vc_column width=\u00a0\u00bb2\/3&Prime;][vc_row_inner css=\u00a0\u00bb.vc_custom_1747252667463{padding-top: 40px !important;}\u00a0\u00bb][vc_column_inner][vc_column_text]<\/p>\n<h2><strong>Conseils pour conserver vos aliments<\/strong><\/h2>\n<p>[\/vc_column_text][vc_empty_space][vc_column_text]<\/p>\n<h4 style=\"color: #387438; text-align: center;\">D\u00e9couvrez la meilleure fa\u00e7on de conserver certains aliments afin de les faire durer plus longtemps.<\/h4>\n<p>[\/vc_column_text][vc_empty_space][vc_basic_grid post_type=\u00a0\u00bba-z\u00a0\u00bb max_items=\u00a0\u00bb8&Prime; style=\u00a0\u00bbload-more\u00a0\u00bb items_per_page=\u00a0\u00bb8&Prime; element_width=\u00a0\u00bb3&Prime; gap=\u00a0\u00bb20&Prime; order=\u00a0\u00bbASC\u00a0\u00bb item=\u00a0\u00bb19002&Prime; initial_loading_animation=\u00a0\u00bbslideInUp\u00a0\u00bb btn_title=\u00a0\u00bb\u00a0\u00bb btn_style=\u00a0\u00bbclassic\u00a0\u00bb btn_shape=\u00a0\u00bbround\u00a0\u00bb btn_color=\u00a0\u00bbpurple\u00a0\u00bb grid_id=\u00a0\u00bbvc_gid:1750964920827-5d716f21-e76d-7&Prime;][vc_empty_space]<a itemprop=\"url\" href=\"https:\/\/lovefoodhatewaste.ca\/fr\/a-z\/\" target=\"_blank\" style=\"color: #ffffff;background-color: #875c99;border-color: #875c99;font-size: 18px;font-weight: 700\" class=\"edgtf-btn edgtf-btn-medium edgtf-btn-solid edgtf-btn-custom-hover-bg edgtf-btn-custom-border-hover edgtf-btn-custom-hover-color edgtf-btn-icon\" data-hover-color=\"#000000\" data-hover-bg-color=\"#ffce00\" data-hover-border-color=\"#ffce00\" >\n    <span class=\"edgtf-btn-text\">Consultez notre guide complet de conservation de A \u00e0 Z<\/span>\n    <i class=\"edgtf-icon-simple-line-icon icon-arrow-right \" ><\/i><\/a>[vc_empty_space][\/vc_column_inner][\/vc_row_inner][\/vc_column][vc_column width=\u00a0\u00bb1\/6&Prime;][\/vc_column][\/vc_row][vc_row content_placement=\u00a0\u00bbtop\u00a0\u00bb content_text_aligment=\u00a0\u00bbcenter\u00a0\u00bb css=\u00a0\u00bb.vc_custom_1748033295811{padding-top: 40px !important;background-color: #d4eed6 !important;}\u00a0\u00bb][vc_column css=\u00a0\u00bb.vc_custom_1746659718452{padding-bottom: 40px !important;}\u00a0\u00bb][vc_column_text]<\/p>\n<h2 style=\"text-align: center;\"><strong>Dur\u00e9e de conservation habituelle des aliments<\/strong><\/h2>\n<p>[\/vc_column_text][\/vc_column][\/vc_row][vc_row content_placement=\u00a0\u00bbmiddle\u00a0\u00bb content_text_aligment=\u00a0\u00bbcenter\u00a0\u00bb css=\u00a0\u00bb.vc_custom_1748034553510{border-right-width: 40px !important;border-left-width: 40px !important;padding-right: 40px !important;padding-bottom: 40px !important;padding-left: 40px !important;background-color: #d4eed6 !important;}\u00a0\u00bb][vc_column width=\u00a0\u00bb1\/2&Prime;][vc_column_text css=\u00a0\u00bb.vc_custom_1750964753847{padding-top: 40px !important;padding-right: 40px !important;padding-bottom: 40px !important;padding-left: 40px !important;background-color: #f0f9f0 !important;}\u00a0\u00bb]<\/p>\n<h4 style=\"color: #387438; text-align: center;\">Les dates de p\u00e9remption indiquent la qualit\u00e9, et non la s\u00e9curit\u00e9, de vos aliments. Si vous conservez vos aliments correctement, ils dureront plus longtemps que vous ne le pensez.<\/h4>\n<p>[\/vc_column_text][vc_single_image image=\u00a0\u00bb22662&Prime; img_size=\u00a0\u00bb300&#215;300&Prime; alignment=\u00a0\u00bbcenter\u00a0\u00bb style=\u00a0\u00bbvc_box_circle_2&Prime; css=\u00a0\u00bb.vc_custom_1748032873882{background-color: #f0f9f0 !important;}\u00a0\u00bb][vc_empty_space css=\u00a0\u00bb.vc_custom_1748032867743{background-color: #f0f9f0 !important;}\u00a0\u00bb][vc_empty_space]<a itemprop=\"url\" href=\"https:\/\/lovefoodhatewaste.ca\/fr\/utilisez-tout\/dates-de-peremption\/\" target=\"_blank\" style=\"color: #f0f9f0;background-color: #875c99;border-color: #875c99;font-size: 18px;font-weight: 700\" class=\"edgtf-btn edgtf-btn-medium edgtf-btn-solid edgtf-btn-custom-hover-bg edgtf-btn-custom-border-hover edgtf-btn-custom-hover-color edgtf-btn-icon\" data-hover-color=\"#000000\" data-hover-bg-color=\"#ffce00\" data-hover-border-color=\"#ffce00\" >\n    <span class=\"edgtf-btn-text\">En savoir plus sur les dates de p\u00e9remption<\/span>\n    <i class=\"edgtf-icon-simple-line-icon icon-arrow-right \" ><\/i><\/a>[vc_empty_space][\/vc_column][vc_column width=\u00a0\u00bb1\/2&Prime;][vc_column_text css=\u00a0\u00bb.vc_custom_1750964766748{padding-top: 40px !important;padding-right: 40px !important;padding-bottom: 40px !important;padding-left: 40px !important;background-color: #f0f9f0 !important;}\u00a0\u00bb]<\/p>\n<h4 style=\"color: #387438; text-align: center;\">La dur\u00e9e de conservation de vos aliments d\u00e9pend de leur nature et de la mani\u00e8re dont ils sont conserv\u00e9s. Avec un stockage ad\u00e9quat, de nombreux aliments se conservent plus longtemps que vous ne l\u2019auriez cru.<\/h4>\n<p>[\/vc_column_text][vc_single_image image=\u00a0\u00bb12303&Prime; img_size=\u00a0\u00bb300&#215;300&Prime; alignment=\u00a0\u00bbcenter\u00a0\u00bb style=\u00a0\u00bbvc_box_circle_2&Prime; css=\u00a0\u00bb.vc_custom_1748032972895{background-color: #f0f9f0 !important;}\u00a0\u00bb][vc_empty_space css=\u00a0\u00bb.vc_custom_1748032967723{background-color: #f0f9f0 !important;}\u00a0\u00bb][vc_empty_space]<a itemprop=\"url\" href=\"https:\/\/lovefoodhatewaste.ca\/fr\/conservez\/duree-de-conservation\/\" target=\"_blank\" style=\"color: #ffffff;background-color: #875c99;border-color: #875c99;font-size: 18px;font-weight: 700\" class=\"edgtf-btn edgtf-btn-medium edgtf-btn-solid edgtf-btn-custom-hover-bg edgtf-btn-custom-border-hover edgtf-btn-custom-hover-color edgtf-btn-icon\" data-hover-color=\"#000000\" data-hover-bg-color=\"#ffce00\" data-hover-border-color=\"#ffce00\" >\n    <span class=\"edgtf-btn-text\">Consultez notre guide de dur\u00e9e de conservation.<\/span>\n    <i class=\"edgtf-icon-simple-line-icon icon-arrow-right \" ><\/i><\/a>[vc_empty_space][\/vc_column][\/vc_row][vc_row content_text_aligment=\u00a0\u00bbright\u00a0\u00bb css=\u00a0\u00bb.vc_custom_1747268551340{padding-top: 40px !important;padding-bottom: 40px !important;background-image: url(https:\/\/lovefoodhatewaste.ca\/wp-content\/uploads\/2025\/03\/Food-Waste-Myths-1.png?id=22499) !important;}\u00a0\u00bb][vc_column width=\u00a0\u00bb1\/6&Prime;][\/vc_column][vc_column width=\u00a0\u00bb2\/3&Prime; css=\u00a0\u00bb.vc_custom_1747255173040{background-color: #53ba5a !important;}\u00a0\u00bb][vc_column_text]<\/p>\n<h2 style=\"text-align: right;\">Vous savez comment conserver vos aliments? D\u00e9couvrez maintenant comment utiliser (tous) vos aliments!<\/h2>\n<p>[\/vc_column_text][vc_row_inner][vc_column_inner][vc_empty_space]<a itemprop=\"url\" href=\"https:\/\/lovefoodhatewaste.ca\/fr\/utilisez-tout\/\" target=\"_blank\" style=\"color: #ffffff;background-color: #875c99;border-color: #875c99;font-size: 18px;font-weight: 700\" class=\"edgtf-btn edgtf-btn-medium edgtf-btn-solid edgtf-btn-custom-hover-bg edgtf-btn-custom-border-hover edgtf-btn-custom-hover-color edgtf-btn-icon\" data-hover-color=\"#000000\" data-hover-bg-color=\"#ffce00\" data-hover-border-color=\"#ffce00\" >\n    <span class=\"edgtf-btn-text\">M&#039;y emmener<\/span>\n    <i class=\"edgtf-icon-simple-line-icon icon-arrow-right \" ><\/i><\/a>[vc_empty_space][\/vc_column_inner][\/vc_row_inner][\/vc_column][vc_column width=\u00a0\u00bb1\/6&Prime;][\/vc_column][\/vc_row]<\/p>\n<\/div>","protected":false},"excerpt":{"rendered":"<p>[vc_row content_placement=\u00a0\u00bbmiddle\u00a0\u00bb parallax=\u00a0\u00bbcontent-moving\u00a0\u00bb parallax_image=\u00a0\u00bb22772&Prime; row_content_width=\u00a0\u00bbgrid\u00a0\u00bb content_text_aligment=\u00a0\u00bbcenter\u00a0\u00bb css=\u00a0\u00bb.vc_custom_1748025428817{border-right-width: 40px !important;border-left-width: 40px !important;padding-top: 40px !important;padding-right: 40px !important;padding-left: 40px !important;background-position: center;background-repeat: no-repeat !important;background-size: contain !important;}\u00a0\u00bb][vc_column width=\u00a0\u00bb1\/6&Prime; css=\u00a0\u00bb.vc_custom_1746743407219{padding-top: 40px !important;padding-bottom: 40px !important;background-position: center !important;background-repeat: no-repeat !important;background-size: contain !important;}\u00a0\u00bb][vc_empty_space][\/vc_column][vc_column width=\u00a0\u00bb2\/3&Prime;][vc_column_text] Pr\u00e9servez la fra\u00eecheur [\/vc_column_text][\/vc_column][vc_column width=\u00a0\u00bb1\/6&Prime;][\/vc_column][\/vc_row][vc_row [&hellip;]<\/p>\n","protected":false},"author":117,"featured_media":0,"parent":0,"menu_order":0,"comment_status":"closed","ping_status":"closed","template":"full-width.php","meta":{"_acf_changed":false,"_eb_attr":"","wprm-recipe-roundup-name":"","wprm-recipe-roundup-description":"","footnotes":""},"tags":[],"class_list":["post-22942","page","type-page","status-publish","hentry"],"acf":[],"_links":{"self":[{"href":"https:\/\/lovefoodhatewaste.ca\/fr\/wp-json\/wp\/v2\/pages\/22942","targetHints":{"allow":["GET"]}}],"collection":[{"href":"https:\/\/lovefoodhatewaste.ca\/fr\/wp-json\/wp\/v2\/pages"}],"about":[{"href":"https:\/\/lovefoodhatewaste.ca\/fr\/wp-json\/wp\/v2\/types\/page"}],"author":[{"embeddable":true,"href":"https:\/\/lovefoodhatewaste.ca\/fr\/wp-json\/wp\/v2\/users\/117"}],"replies":[{"embeddable":true,"href":"https:\/\/lovefoodhatewaste.ca\/fr\/wp-json\/wp\/v2\/comments?post=22942"}],"version-history":[{"count":0,"href":"https:\/\/lovefoodhatewaste.ca\/fr\/wp-json\/wp\/v2\/pages\/22942\/revisions"}],"wp:attachment":[{"href":"https:\/\/lovefoodhatewaste.ca\/fr\/wp-json\/wp\/v2\/media?parent=22942"}],"wp:term":[{"taxonomy":"post_tag","embeddable":true,"href":"https:\/\/lovefoodhatewaste.ca\/fr\/wp-json\/wp\/v2\/tags?post=22942"}],"curies":[{"name":"wp","href":"https:\/\/api.w.org\/{rel}","templated":true}]}}