{"id":22947,"date":"2025-05-15T16:58:41","date_gmt":"2025-05-15T23:58:41","guid":{"rendered":"https:\/\/lovefoodhatewaste.ca\/use-it-up-new\/"},"modified":"2025-09-16T11:11:23","modified_gmt":"2025-09-16T18:11:23","slug":"utilisez-tout","status":"publish","type":"page","link":"https:\/\/lovefoodhatewaste.ca\/fr\/utilisez-tout\/","title":{"rendered":"Utilisez-tout"},"content":{"rendered":"<div class=\"wpb-content-wrapper\"><p>[vc_row content_placement=\u00a0\u00bbmiddle\u00a0\u00bb parallax=\u00a0\u00bbcontent-moving\u00a0\u00bb parallax_image=\u00a0\u00bb22745&Prime; row_content_width=\u00a0\u00bbgrid\u00a0\u00bb content_text_aligment=\u00a0\u00bbcenter\u00a0\u00bb css=\u00a0\u00bb.vc_custom_1747351442690{border-right-width: 40px !important;border-left-width: 40px !important;padding-top: 40px !important;padding-right: 40px !important;padding-left: 40px !important;background-position: center;background-repeat: no-repeat !important;background-size: contain !important;}\u00a0\u00bb][vc_column width=\u00a0\u00bb1\/6&Prime; css=\u00a0\u00bb.vc_custom_1746743407219{padding-top: 40px !important;padding-bottom: 40px !important;background-position: center !important;background-repeat: no-repeat !important;background-size: contain !important;}\u00a0\u00bb][vc_empty_space][\/vc_column][vc_column width=\u00a0\u00bb2\/3&Prime;][vc_column_text]<\/p>\n<div style=\"display: inline-block; background-color: #875c99; padding: 3rem 4rem; line-height: 1.4; margin-top: 3rem; margin-bottom: 3rem; border-radius: 10px;\">\n<div style=\"font-size: 3rem; font-weight: bold; color: #ffffff;\">Consommez tous vos aliments<\/div>\n<\/div>\n<p>[\/vc_column_text][\/vc_column][vc_column width=\u00a0\u00bb1\/6&Prime;][\/vc_column][\/vc_row][vc_row content_placement=\u00a0\u00bbtop\u00a0\u00bb content_text_aligment=\u00a0\u00bbcenter\u00a0\u00bb css=\u00a0\u00bb.vc_custom_1747353036766{border-right-width: 40px !important;border-left-width: 40px !important;padding-top: 40px !important;padding-right: 40px !important;padding-bottom: 40px !important;padding-left: 40px !important;}\u00a0\u00bb][vc_column width=\u00a0\u00bb1\/6&Prime; css=\u00a0\u00bb.vc_custom_1746659718452{padding-bottom: 40px !important;}\u00a0\u00bb][\/vc_column][vc_column width=\u00a0\u00bb2\/3&Prime;][vc_column_text]<\/p>\n<h2 class=\"reverse\" style=\"line-height: 54px; text-align: center; color: #387438;\"><strong>Nos conseils simples et faciles vous indiquent la meilleure fa\u00e7on de consommer tous les aliments que vous avez \u00e0 la maison.<br \/>\n<\/strong><\/h2>\n<p>[\/vc_column_text][vc_empty_space][vc_column_text]<span style=\"font-weight: 400;\">Il existe de nombreuses fa\u00e7ons de r\u00e9duire le gaspillage alimentaire. Essayez d&rsquo;adopter une mesure ou d&rsquo;apprendre une nouvelle fa\u00e7on de faire pour enrichir vos connaissances sur l\u2019alimentation. Commencez par une solution simple qui s\u2019int\u00e8gre facilement \u00e0 votre routine et, une fois que vous l&rsquo;avez adopt\u00e9e, passez \u00e0 la suivante. <\/span>[\/vc_column_text][vc_empty_space][\/vc_column][vc_column width=\u00a0\u00bb1\/6&Prime;][\/vc_column][\/vc_row][vc_row content_placement=\u00a0\u00bbtop\u00a0\u00bb row_content_width=\u00a0\u00bbgrid\u00a0\u00bb content_text_aligment=\u00a0\u00bbcenter\u00a0\u00bb css=\u00a0\u00bb.vc_custom_1748032572996{border-right-width: 40px !important;border-left-width: 40px !important;padding-top: 40px !important;padding-right: 40px !important;padding-bottom: 40px !important;padding-left: 40px !important;background-color: #d4eed6 !important;}\u00a0\u00bb][vc_column width=\u00a0\u00bb1\/6&Prime; css=\u00a0\u00bb.vc_custom_1746659718452{padding-bottom: 40px !important;}\u00a0\u00bb][\/vc_column][vc_column width=\u00a0\u00bb2\/3&Prime;][vc_row_inner][vc_column_inner][vc_column_text]<\/p>\n<h2 style=\"text-align: center;\"><strong>Comprenez la v\u00e9ritable signification des dates de p\u00e9remption<\/strong><\/h2>\n<p>[\/vc_column_text][vc_empty_space][vc_single_image image=\u00a0\u00bb22749&Prime; img_size=\u00a0\u00bbmedium\u00a0\u00bb alignment=\u00a0\u00bbcenter\u00a0\u00bb style=\u00a0\u00bbvc_box_circle_2&Prime;][vc_empty_space][\/vc_column_inner][\/vc_row_inner][vc_column_text css=\u00a0\u00bb.vc_custom_1750965301863{padding-top: 40px !important;padding-right: 40px !important;padding-bottom: 40px !important;padding-left: 40px !important;background-color: #f0f9f0 !important;}\u00a0\u00bb]<\/p>\n<p style=\"text-align: left;\">Saviez-vous que 23 % du gaspillage alimentaire \u00e9vitable au Canada est d\u00fb \u00e0 une mauvaise utilisation et une mauvaise compr\u00e9hension des dates de p\u00e9remption?<\/p>\n<p style=\"text-align: left;\">Notre guide vous aidera \u00e0 comprendre les dates indiqu\u00e9es sur les aliments et \u00e0 \u00e9viter de jeter de la nourriture encore parfaitement comestible.<\/p>\n<p>[\/vc_column_text][vc_empty_space]<a itemprop=\"url\" href=\"https:\/\/lovefoodhatewaste.ca\/fr\/utilisez-tout\/dates-de-peremption\/\" target=\"_blank\" style=\"color: #ffffff;background-color: #875c99;border-color: #875c99;font-size: 18px;font-weight: 700\" class=\"edgtf-btn edgtf-btn-medium edgtf-btn-solid edgtf-btn-custom-hover-bg edgtf-btn-custom-border-hover edgtf-btn-custom-hover-color edgtf-btn-icon\" data-hover-color=\"#000000\" data-hover-bg-color=\"#ffce00\" data-hover-border-color=\"#ffce00\" >\n    <span class=\"edgtf-btn-text\">En savoir plus sur les dates de p\u00e9remption<\/span>\n    <i class=\"edgtf-icon-simple-line-icon icon-arrow-right \" ><\/i><\/a>[\/vc_column][vc_column width=\u00a0\u00bb1\/6&Prime;][\/vc_column][\/vc_row][vc_row content_text_aligment=\u00a0\u00bbcenter\u00a0\u00bb css=\u00a0\u00bb.vc_custom_1748032083370{padding-top: 40px !important;padding-bottom: 40px !important;}\u00a0\u00bb el_id=\u00a0\u00bbguide\u00a0\u00bb][vc_column][vc_column_text]<\/p>\n<h2 style=\"text-align: center; color: #fffff;\"><strong>Trouvez une strat\u00e9gie pour r\u00e9duire le gaspillage alimentaire<\/strong><\/h2>\n<p>[\/vc_column_text][vc_empty_space][vc_column_text]<\/p>\n<h4 style=\"text-align: center; color: #387438;\">Consultez nos guides <em>\u00ab Comment&#8230; \u00bb <\/em>pour d\u00e9couvrir une multitude de conseils qui vous aideront \u00e0 utiliser tous vos aliments jusqu&rsquo;\u00e0 la derni\u00e8re miette.<\/h4>\n<p>[\/vc_column_text][vc_empty_space][vc_empty_space][vc_basic_grid post_type=\u00a0\u00bbblogs\u00a0\u00bb max_items=\u00a0\u00bb8&Prime; style=\u00a0\u00bbload-more\u00a0\u00bb items_per_page=\u00a0\u00bb8&Prime; element_width=\u00a0\u00bb3&Prime; gap=\u00a0\u00bb20&Prime; item=\u00a0\u00bb18233&Prime; initial_loading_animation=\u00a0\u00bbslideInUp\u00a0\u00bb btn_title=\u00a0\u00bb\u00a0\u00bb btn_style=\u00a0\u00bbclassic\u00a0\u00bb btn_shape=\u00a0\u00bbround\u00a0\u00bb btn_color=\u00a0\u00bbpurple\u00a0\u00bb grid_id=\u00a0\u00bbvc_gid:1751586023967-aba58908-48ea-10&Prime; taxonomies=\u00a0\u00bb706&Prime;]<a itemprop=\"url\" href=\"https:\/\/lovefoodhatewaste.ca\/fr\/une-bouchee-a-la-fois\/\" target=\"_blank\" style=\"color: #ffffff;background-color: #875c99;border-color: #875c99;font-size: 18px;font-weight: 700\" class=\"edgtf-btn edgtf-btn-medium edgtf-btn-solid edgtf-btn-custom-hover-bg edgtf-btn-custom-border-hover edgtf-btn-custom-hover-color edgtf-btn-icon\" data-hover-color=\"#000000\" data-hover-bg-color=\"#ffce00\" data-hover-border-color=\"#ffce00\" >\n    <span class=\"edgtf-btn-text\">Trouver d&#039;autres guides \u00ab Comment... \u00bb<\/span>\n    <i class=\"edgtf-icon-simple-line-icon icon-arrow-right \" ><\/i><\/a>[vc_empty_space][vc_empty_space][\/vc_column][\/vc_row][vc_row content_text_aligment=\u00a0\u00bbcenter\u00a0\u00bb css=\u00a0\u00bb.vc_custom_1748032089711{padding-top: 40px !important;padding-bottom: 40px !important;background-color: #d4eed6 !important;}\u00a0\u00bb][vc_column width=\u00a0\u00bb1\/6&Prime;][\/vc_column][vc_column width=\u00a0\u00bb2\/3&Prime; css=\u00a0\u00bb.vc_custom_1747253779486{background-color: #ffffff !important;}\u00a0\u00bb][vc_column_text]<\/p>\n<h4 style=\"text-align: center; color: #387438;\">Il vous reste une moiti\u00e9 d\u2019aubergine ou un pot de feta ouvert? Trouvez une recette pour utiliser ce qui tra\u00eene au fond de votre r\u00e9frig\u00e9rateur.<\/h4>\n<p>[\/vc_column_text][vc_empty_space][vc_wp_search][vc_empty_space][\/vc_column][vc_column width=\u00a0\u00bb1\/6&Prime;][\/vc_column][\/vc_row][vc_row content_placement=\u00a0\u00bbmiddle\u00a0\u00bb content_text_aligment=\u00a0\u00bbcenter\u00a0\u00bb css=\u00a0\u00bb.vc_custom_1748032319298{border-right-width: 40px !important;border-left-width: 40px !important;padding-right: 40px !important;padding-bottom: 40px !important;padding-left: 40px !important;}\u00a0\u00bb][vc_column width=\u00a0\u00bb1\/6&Prime;][\/vc_column][vc_column width=\u00a0\u00bb2\/3&Prime;][vc_row_inner css=\u00a0\u00bb.vc_custom_1747252672201{padding-top: 40px !important;}\u00a0\u00bb][vc_column_inner][vc_column_text]<\/p>\n<h4 style=\"color: #387438; text-align: center;\">D\u00e9couvrez comment utiliser certains aliments<\/h4>\n<p>[\/vc_column_text][vc_empty_space][vc_basic_grid post_type=\u00a0\u00bb5-ways\u00a0\u00bb max_items=\u00a0\u00bb8&Prime; style=\u00a0\u00bbload-more\u00a0\u00bb items_per_page=\u00a0\u00bb8&Prime; element_width=\u00a0\u00bb3&Prime; gap=\u00a0\u00bb20&Prime; order=\u00a0\u00bbASC\u00a0\u00bb item=\u00a0\u00bb18381&Prime; initial_loading_animation=\u00a0\u00bbslideInUp\u00a0\u00bb btn_title=\u00a0\u00bb\u00a0\u00bb btn_style=\u00a0\u00bbclassic\u00a0\u00bb btn_shape=\u00a0\u00bbround\u00a0\u00bb btn_color=\u00a0\u00bbpurple\u00a0\u00bb grid_id=\u00a0\u00bbvc_gid:1751586023968-7c46c6d2-f3ca-2&Prime;][vc_empty_space]<a itemprop=\"url\" href=\"https:\/\/lovefoodhatewaste.ca\/fr\/en-5-facons\/\" target=\"_blank\" style=\"color: #ffffff;background-color: #875c99;border-color: #875c99;font-size: 18px;font-weight: 700\" class=\"edgtf-btn edgtf-btn-medium edgtf-btn-solid edgtf-btn-custom-hover-bg edgtf-btn-custom-border-hover edgtf-btn-custom-hover-color edgtf-btn-icon\" data-hover-color=\"#000000\" data-hover-bg-color=\"#ffce00\" data-hover-border-color=\"#ffce00\" >\n    <span class=\"edgtf-btn-text\">D\u00e9couvrez d&#039;autres articles \u00ab En 5 fa\u00e7ons \u00bb<\/span>\n    <i class=\"edgtf-icon-simple-line-icon icon-arrow-right \" ><\/i><\/a>[vc_empty_space][\/vc_column_inner][\/vc_row_inner][\/vc_column][vc_column width=\u00a0\u00bb1\/6&Prime;][\/vc_column][\/vc_row][vc_row content_text_aligment=\u00a0\u00bbright\u00a0\u00bb css=\u00a0\u00bb.vc_custom_1747268551340{padding-top: 40px !important;padding-bottom: 40px !important;background-image: url(https:\/\/lovefoodhatewaste.ca\/wp-content\/uploads\/2025\/03\/Food-Waste-Myths-1.png?id=22499) !important;}\u00a0\u00bb][vc_column width=\u00a0\u00bb1\/6&Prime;][\/vc_column][vc_column width=\u00a0\u00bb2\/3&Prime; css=\u00a0\u00bb.vc_custom_1747255173040{background-color: #53ba5a !important;}\u00a0\u00bb][vc_column_text]<\/p>\n<h2 style=\"text-align: right;\">D\u00e9couvrez la meilleure fa\u00e7on de conserver vos provisions pour qu&rsquo;elles durent plus longtemps.<\/h2>\n<p>[\/vc_column_text][vc_row_inner][vc_column_inner][vc_empty_space]<a itemprop=\"url\" href=\"https:\/\/lovefoodhatewaste.ca\/fr\/conservez\/\" target=\"_blank\" style=\"color: #ffffff;background-color: #875c99;border-color: #875c99;font-size: 18px;font-weight: 700\" class=\"edgtf-btn edgtf-btn-medium edgtf-btn-solid edgtf-btn-custom-hover-bg edgtf-btn-custom-border-hover edgtf-btn-custom-hover-color edgtf-btn-icon\" data-hover-color=\"#000000\" data-hover-bg-color=\"#ffce00\" data-hover-border-color=\"#ffce00\" >\n    <span class=\"edgtf-btn-text\">M&#039;y emmener<\/span>\n    <i class=\"edgtf-icon-simple-line-icon icon-arrow-right \" ><\/i><\/a>[vc_empty_space][\/vc_column_inner][\/vc_row_inner][\/vc_column][vc_column width=\u00a0\u00bb1\/6&Prime;][\/vc_column][\/vc_row]<\/p>\n<\/div>","protected":false},"excerpt":{"rendered":"<p>[vc_row content_placement=\u00a0\u00bbmiddle\u00a0\u00bb parallax=\u00a0\u00bbcontent-moving\u00a0\u00bb parallax_image=\u00a0\u00bb22745&Prime; row_content_width=\u00a0\u00bbgrid\u00a0\u00bb content_text_aligment=\u00a0\u00bbcenter\u00a0\u00bb css=\u00a0\u00bb.vc_custom_1747351442690{border-right-width: 40px !important;border-left-width: 40px !important;padding-top: 40px !important;padding-right: 40px !important;padding-left: 40px !important;background-position: center;background-repeat: no-repeat !important;background-size: contain !important;}\u00a0\u00bb][vc_column width=\u00a0\u00bb1\/6&Prime; css=\u00a0\u00bb.vc_custom_1746743407219{padding-top: 40px !important;padding-bottom: 40px !important;background-position: center !important;background-repeat: no-repeat !important;background-size: contain !important;}\u00a0\u00bb][vc_empty_space][\/vc_column][vc_column width=\u00a0\u00bb2\/3&Prime;][vc_column_text] Consommez tous vos aliments [\/vc_column_text][\/vc_column][vc_column [&hellip;]<\/p>\n","protected":false},"author":117,"featured_media":0,"parent":0,"menu_order":0,"comment_status":"closed","ping_status":"closed","template":"full-width.php","meta":{"_acf_changed":false,"_eb_attr":"","wprm-recipe-roundup-name":"","wprm-recipe-roundup-description":"","footnotes":""},"tags":[],"class_list":["post-22947","page","type-page","status-publish","hentry"],"acf":[],"_links":{"self":[{"href":"https:\/\/lovefoodhatewaste.ca\/fr\/wp-json\/wp\/v2\/pages\/22947","targetHints":{"allow":["GET"]}}],"collection":[{"href":"https:\/\/lovefoodhatewaste.ca\/fr\/wp-json\/wp\/v2\/pages"}],"about":[{"href":"https:\/\/lovefoodhatewaste.ca\/fr\/wp-json\/wp\/v2\/types\/page"}],"author":[{"embeddable":true,"href":"https:\/\/lovefoodhatewaste.ca\/fr\/wp-json\/wp\/v2\/users\/117"}],"replies":[{"embeddable":true,"href":"https:\/\/lovefoodhatewaste.ca\/fr\/wp-json\/wp\/v2\/comments?post=22947"}],"version-history":[{"count":0,"href":"https:\/\/lovefoodhatewaste.ca\/fr\/wp-json\/wp\/v2\/pages\/22947\/revisions"}],"wp:attachment":[{"href":"https:\/\/lovefoodhatewaste.ca\/fr\/wp-json\/wp\/v2\/media?parent=22947"}],"wp:term":[{"taxonomy":"post_tag","embeddable":true,"href":"https:\/\/lovefoodhatewaste.ca\/fr\/wp-json\/wp\/v2\/tags?post=22947"}],"curies":[{"name":"wp","href":"https:\/\/api.w.org\/{rel}","templated":true}]}}