{"id":23518,"date":"2026-04-09T14:00:27","date_gmt":"2026-04-09T21:00:27","guid":{"rendered":"https:\/\/lovefoodhatewaste.ca\/?page_id=23518"},"modified":"2026-04-10T17:34:25","modified_gmt":"2026-04-11T00:34:25","slug":"etude-nationale-sur-lalimentation-2026","status":"publish","type":"page","link":"https:\/\/lovefoodhatewaste.ca\/fr\/etude-nationale-sur-lalimentation-2026\/","title":{"rendered":"\u00c9tude nationale sur l\u2019alimentation 2026"},"content":{"rendered":"<div class=\"wpb-content-wrapper\"><p>[vc_row content_placement=\u00a0\u00bbmiddle\u00a0\u00bb parallax=\u00a0\u00bbcontent-moving\u00a0\u00bb parallax_image=\u00a0\u00bb23399&Prime; parallax_speed_bg=\u00a0\u00bb2.25&Prime; content_text_aligment=\u00a0\u00bbcenter\u00a0\u00bb css=\u00a0\u00bb.vc_custom_1771455456689{border-right-width: 40px !important;border-left-width: 40px !important;padding-top: 40px !important;padding-right: 40px !important;padding-left: 40px !important;}\u00a0\u00bb el_class=\u00a0\u00bbhome-vid\u00a0\u00bb][vc_column width=\u00a0\u00bb1\/6&Prime; css=\u00a0\u00bb.vc_custom_1746743407219{padding-top: 40px !important;padding-bottom: 40px !important;background-position: center !important;background-repeat: no-repeat !important;background-size: contain !important;}\u00a0\u00bb][\/vc_column][vc_column width=\u00a0\u00bb2\/3&Prime;][vc_column_text css=\u00a0\u00bb\u00a0\u00bb]<\/p>\n<div style=\"background-color: #875c99; padding: 3rem 2rem; line-height: 1.4; margin-top: 3rem; margin-bottom: 3rem; border-radius: 10px;\">\n<div style=\"font-size: clamp(2.6rem, 6vw, 3rem); font-weight: bold; color: #ffffff;\">\u00c9tude nationale sur l\u2019alimentation 2026 : partagez votre point de vue<\/div>\n<div style=\"font-size: 1.5rem; font-weight: normal; color: #ffffff; margin-top: 0.5rem;\">Aidez-nous \u00e0 mieux comprendre comment les m\u00e9nages g\u00e8rent leurs aliments \u00e0 l\u2019\u00e9chelle du Canada et courez la chance de gagner 1000 $ d\u2019\u00e9picerie.<\/div>\n<\/div>\n<p>[\/vc_column_text][vc_column_text css=\u00a0\u00bb\u00a0\u00bb]<\/p>\n<div style=\"background-color: #f3eff5; border: 2px solid #875c99; border-radius: 8px; padding: 15px 20px; text-align: center; margin: 20px 0;\">\n<h2 style=\"margin: 0; color: #875c99; font-size: 1.4em; line-height: 1.3;\">Le sondage prend fin le 27 avril 2026<\/h2>\n<p style=\"margin: 8px 0 0 0; color: #555; font-size: 1.05em; line-height: 1.4;\">R\u00e9pondez au sondage pour courir la chance de gagner 1000 $ d\u2019\u00e9picerie ou l\u2019un des 40 prix secondaires de 200 $ en cartes-cadeaux (notamment pour : Too Good To Go, Skip The Dishes, Monkey and Pebbles, Fenigo ou une \u00e9picerie). <a style=\"color: #f68b1e; font-weight: bold; text-decoration: underline;\" href=\"#prix\">Voir les d\u00e9tails plus bas<\/a><\/p>\n<\/div>\n<p>[\/vc_column_text][vc_empty_space]<a itemprop=\"url\" href=\"#complete\" target=\"_self\" style=\"color: #ffffff;background-color: #875c99;border-color: #875c99;font-size: 18px;font-weight: 700\" class=\"edgtf-btn edgtf-btn-medium edgtf-btn-solid edgtf-btn-custom-hover-bg edgtf-btn-custom-border-hover edgtf-btn-custom-hover-color edgtf-btn-icon\" data-hover-color=\"#000000\" data-hover-bg-color=\"#ffce00\" data-hover-border-color=\"#ffce00\" >\n    <span class=\"edgtf-btn-text\">R\u00e9pondez au sondage<\/span>\n    <i class=\"edgtf-icon-simple-line-icon icon-arrow-right \" ><\/i><\/a>[vc_empty_space][\/vc_column][vc_column width=\u00a0\u00bb1\/6&Prime;][\/vc_column][\/vc_row][vc_row content_placement=\u00a0\u00bbmiddle\u00a0\u00bb content_text_aligment=\u00a0\u00bbcenter\u00a0\u00bb css=\u00a0\u00bb.vc_custom_1775867357150{padding-top: 40px !important;padding-bottom: 40px !important;background-color: #FFFFFF !important;}\u00a0\u00bb el_id=\u00a0\u00bbcomplete\u00a0\u00bb][vc_column][vc_raw_html css=\u00a0\u00bb\u00a0\u00bb]JTBBJTIwJTIwJTIwJTIwJTNDaWZyYW1lJTBBJTIwJTIwJTIwJTIwJTIwJTIwaWQlM0QlMjJKb3RGb3JtSUZyYW1lLTI2MDYwNjI1ODg3MzA2MCUyMiUwQSUyMCUyMCUyMCUyMCUyMCUyMHRpdGxlJTNEJTIyTG92ZSUyMEZvb2QlMjBIYXRlJTIwV2FzdGUlMjBDYW5hZGElMjdzJTIwMjAyNiUyME5hdGlvbmFsJTIwRm9vZCUyMFN0dWR5JTIyJTBBJTIwJTIwJTIwJTIwJTIwJTIwYWxsb3d0cmFuc3BhcmVuY3klM0QlMjJ0cnVlJTIyJTBBJTIwJTIwJTIwJTIwJTIwJTIwYWxsb3clM0QlMjJnZW9sb2NhdGlvbiUzQiUyMG1pY3JvcGhvbmUlM0IlMjBjYW1lcmElM0IlMjBmdWxsc2NyZWVuJTNCJTIwcGF5bWVudCUyMiUwQSUyMCUyMCUyMCUyMCUyMCUyMHNyYyUzRCUyMmh0dHBzJTNBJTJGJTJGZm9ybS5qb3Rmb3JtLmNvbSUyRjI2MDYwNjI1ODg3MzA2MCUzRmxhbmd1YWdlJTNEZnItQ0ElMjIlMEElMjAlMjAlMjAlMjAlMjAlMjBmcmFtZWJvcmRlciUzRCUyMjAlMjIlMEElMjAlMjAlMjAlMjAlMjAlMjBzdHlsZSUzRCUyMndpZHRoJTNBJTIwMTAwJTI1JTNCJTIwaGVpZ2h0JTNBJTIwODAwcHglM0IlMjBib3JkZXIlM0ElMjBub25lJTNCJTIwb3ZlcmZsb3clM0ElMjBhdXRvJTNCJTIyJTIwJTBBJTIwJTIwJTIwJTIwJTIwJTIwc2Nyb2xsaW5nJTNEJTIybm8lMjIlM0UlMEElMjAlMjAlMjAlMjAlM0MlMkZpZnJhbWUlM0UlMEElMjAlMjAlMjAlMjAlM0NzY3JpcHQlMjBzcmMlM0QlMjdodHRwcyUzQSUyRiUyRmNkbi5qb3Rmb3IubXMlMkZzJTJGdW1kJTJGbGF0ZXN0JTJGZm9yLWZvcm0tZW1iZWQtaGFuZGxlci5qcyUyNyUzRSUzQyUyRnNjcmlwdCUzRSUwQSUyMCUyMCUyMCUyMCUzQ3NjcmlwdCUzRXdpbmRvdy5qb3Rmb3JtRW1iZWRIYW5kbGVyJTI4JTIyaWZyYW1lJTVCaWQlM0QlMjdKb3RGb3JtSUZyYW1lLTI2MDYwNjI1ODg3MzA2MCUyNyU1RCUyMiUyQyUyMCUyMmh0dHBzJTNBJTJGJTJGZm9ybS5qb3Rmb3JtLmNvbSUyRiUyMiUyOSUzQyUyRnNjcmlwdCUzRSUwQSUyMCUyMCUyMCUyMA==[\/vc_raw_html][\/vc_column][\/vc_row][vc_row content_placement=\u00a0\u00bbmiddle\u00a0\u00bb content_text_aligment=\u00a0\u00bbcenter\u00a0\u00bb css=\u00a0\u00bb.vc_custom_1773355227202{padding-right: 40px !important;padding-bottom: 40px !important;padding-left: 40px !important;background-color: #875C9938 !important;}\u00a0\u00bb][vc_column width=\u00a0\u00bb1\/3&Prime;][\/vc_column][vc_column width=\u00a0\u00bb1\/3&Prime;][vc_column_text css=\u00a0\u00bb\u00a0\u00bb]<strong>Scannez le code pour r\u00e9pondre au sondage sur votre appareil mobile<\/strong>[\/vc_column_text][vc_empty_space][vc_single_image image=\u00a0\u00bb23537&Prime; img_size=\u00a0\u00bb200&#215;200&Prime; alignment=\u00a0\u00bbcenter\u00a0\u00bb css=\u00a0\u00bb\u00a0\u00bb][\/vc_column][vc_column width=\u00a0\u00bb1\/3&Prime;][\/vc_column][\/vc_row][vc_row content_placement=\u00a0\u00bbtop\u00a0\u00bb content_text_aligment=\u00a0\u00bbcenter\u00a0\u00bb css=\u00a0\u00bb.vc_custom_1775759591426{padding-right: 40px !important;padding-bottom: 40px !important;padding-left: 40px !important;background-color: #FFFFFF !important;}\u00a0\u00bb el_id=\u00a0\u00bbprix\u00a0\u00bb][vc_column][vc_column_text css=\u00a0\u00bb\u00a0\u00bb]<\/p>\n<h2 class=\"reverse\" style=\"line-height: 54px; text-align: center; color: #875c99;\">Prix<\/h2>\n<p>[\/vc_column_text][vc_column_text css=\u00a0\u00bb\u00a0\u00bb]<\/p>\n<div style=\"max-width: 800px; margin: 0 auto; padding: 30px; border: 1px solid #eee; border-radius: 12px; background-color: #f9f9f9;\">\n<div style=\"background-color: #ffffff; padding: 30px; border-radius: 8px; border-left: 5px solid #53ba5a; margin-bottom: 30px; text-align: center;\">\n<div style=\"font-size: 1.2em; font-weight: bold; color: #875c99;\">GRAND PRIX (1 prix offert)<\/div>\n<div style=\"font-size: 2.5em; color: #53ba5a; font-weight: bold; margin: 10px 0;\">1000 $<\/div>\n<div style=\"color: #555; font-size: 1.1em;\">En cartes-cadeaux d\u2019\u00e9picerie<\/div>\n<\/div>\n<div style=\"text-align: center; margin-bottom: 25px; color: #875c99; font-weight: bold; font-size: 1.1em;\">PRIX SECONDAIRES (40 prix \u00e0 gagner)<\/div>\n<p style=\"text-align: center; color: #53ba5a; margin-bottom: 30px;\"><strong>Chaque prix secondaire de 200 $ inclut :<\/strong><\/p>\n<div style=\"display: flex; flex-wrap: wrap; justify-content: space-around; text-align: center; gap: 15px; align-items: stretch;\">\n<div style=\"flex: 1; background: #fff; padding: 20px; border-radius: 8px; display: flex; flex-direction: column; align-items: center; justify-content: space-between;\">\n<div style=\"font-size: 3.5em; height: 100px; display: flex; align-items: center; justify-content: center;\">\ud83d\uded2<\/div>\n<div>\n<div style=\"font-weight: bold; color: #53ba5a; font-size: 1.3em;\">50 $<\/div>\n<div style=\"font-size: 0.9em; color: #666; margin-top: 5px;\">Carte-cadeau pour l\u2019\u00e9picerie<\/div>\n<\/div>\n<\/div>\n<div style=\"flex: 1; background: #fff; padding: 20px; border-radius: 8px; display: flex; flex-direction: column; align-items: center; justify-content: space-between; min-width: 200px; box-sizing: border-box;\">\n<div style=\"height: 100px; display: flex; align-items: center; justify-content: center; padding: 5px;\"><img decoding=\"async\" style=\"max-width: 100%; max-height: 90px; width: auto; object-fit: contain;\" src=\"https:\/\/lovefoodhatewaste.ca\/wp-content\/uploads\/2026\/02\/1-2-300x300.png\" alt=\"Too Good To Go\" loading=\"lazy\" \/><\/div>\n<div>\n<div style=\"font-weight: bold; color: #53ba5a; font-size: 1.3em;\">50 $<\/div>\n<div style=\"font-size: 0.9em; color: #666; margin-top: 5px;\">Carte-cadeau Too Good To Go<\/div>\n<\/div>\n<\/div>\n<div style=\"flex: 1; background: #fff; padding: 20px; border-radius: 8px; display: flex; flex-direction: column; align-items: center; justify-content: space-between; min-width: 200px; box-sizing: border-box;\">\n<div style=\"height: 100px; display: flex; align-items: center; justify-content: center; gap: 8px; padding: 5px;\"><img decoding=\"async\" style=\"max-height: 60px; width: auto; object-fit: contain;\" src=\"https:\/\/lovefoodhatewaste.ca\/wp-content\/uploads\/2026\/02\/2-1-300x300.png\" alt=\"Skip\" loading=\"lazy\" \/><br \/>\n<img decoding=\"async\" style=\"max-height: 60px; width: auto; object-fit: contain;\" src=\"https:\/\/lovefoodhatewaste.ca\/wp-content\/uploads\/2026\/02\/Untitled-design-100-300x300.png\" alt=\"M+P\" loading=\"lazy\" \/><img loading=\"lazy\" decoding=\"async\" class=\"alignnone wp-image-23561\" src=\"https:\/\/lovefoodhatewaste.ca\/wp-content\/uploads\/2026\/03\/Fenigo2026_Square_White-300x300.png\" alt=\"\" width=\"45\" height=\"45\" srcset=\"https:\/\/lovefoodhatewaste.ca\/wp-content\/uploads\/2026\/03\/Fenigo2026_Square_White-300x300.png 300w, https:\/\/lovefoodhatewaste.ca\/wp-content\/uploads\/2026\/03\/Fenigo2026_Square_White-150x150.png 150w, https:\/\/lovefoodhatewaste.ca\/wp-content\/uploads\/2026\/03\/Fenigo2026_Square_White.png 331w\" sizes=\"auto, (max-width: 45px) 100vw, 45px\" \/><\/div>\n<div>\n<div style=\"font-weight: bold; color: #53ba5a; font-size: 1.3em;\">100 $<\/div>\n<div style=\"font-size: 0.9em; color: #666; margin-top: 5px;\">Carte-cadeau boni<\/div>\n<\/div>\n<\/div>\n<\/div>\n<p style=\"font-size: 0.85em; color: #777; text-align: center; margin-top: 30px; line-height: 1.4;\">*La carte-cadeau boni sera pour Skip the Dishes, Monkey and Pebbles, Fenigo ou un magasin d\u2019alimentation.<\/p>\n<\/div>\n<p>[\/vc_column_text][\/vc_column][\/vc_row][vc_row content_placement=\u00a0\u00bbtop\u00a0\u00bb content_text_aligment=\u00a0\u00bbcenter\u00a0\u00bb css=\u00a0\u00bb.vc_custom_1771974864519{padding-top: 40px !important;padding-right: 40px !important;padding-bottom: 40px !important;padding-left: 40px !important;background-color: #875C9947 !important;}\u00a0\u00bb][vc_column width=\u00a0\u00bb1\/3&Prime; css=\u00a0\u00bb.vc_custom_1746659718452{padding-bottom: 40px !important;}\u00a0\u00bb][vc_column_text css=\u00a0\u00bb\u00a0\u00bb]<\/p>\n<h2 class=\"reverse\" style=\"line-height: 54px; text-align: center; color: #875c99;\"><strong>\u00c0 propos de l\u2019\u00e9tude<\/strong><\/h2>\n<p>[\/vc_column_text][vc_column_text css=\u00a0\u00bb\u00a0\u00bb]<\/p>\n<p style=\"text-align: center;\">J\u2019aime manger, pas gaspiller Canada travaille \u00e0 mieux comprendre la production de d\u00e9chets alimentaires au niveau des m\u00e9nages canadiens. L\u2019objectif de cette \u00e9tude est d\u2019examiner les facteurs qui influencent le gaspillage alimentaire des m\u00e9nages dans le contexte canadien actuel. Les r\u00e9sultats du sondage serviront \u00e0 guider l\u2019\u00e9laboration de futurs programmes et \u00e9valuer les changements dans le gaspillage alimentaire des m\u00e9nages au fil du temps et dans diff\u00e9rentes r\u00e9gions du Canada. Nous publierons les r\u00e9sultats de notre \u00e9tude nationale afin d\u2019aider toute personne contribuant \u00e0 la r\u00e9duction du gaspillage alimentaire des m\u00e9nages canadiens et de mieux faire conna\u00eetre le programme J\u2019aime manger, pas gaspiller au Canada et au-del\u00e0.<\/p>\n<p>[\/vc_column_text][vc_empty_space]<a itemprop=\"url\" href=\"https:\/\/lovefoodhatewaste.ca\/wp-content\/uploads\/2026\/03\/Letter-of-Information-and-Consent-FR.pdf\" target=\"_blank\" style=\"color: #ffffff;background-color: #875c99;border-color: #875c99;font-size: 18px;font-weight: 700\" class=\"edgtf-btn edgtf-btn-medium edgtf-btn-solid edgtf-btn-custom-hover-bg edgtf-btn-custom-border-hover edgtf-btn-custom-hover-color edgtf-btn-icon\" data-hover-color=\"#000000\" data-hover-bg-color=\"#ffce00\" data-hover-border-color=\"#ffce00\" >\n    <span class=\"edgtf-btn-text\">Lire la lettre d\u2019information<\/span>\n    <i class=\"edgtf-icon-simple-line-icon icon-arrow-right \" ><\/i><\/a>[\/vc_column][vc_column width=\u00a0\u00bb1\/3&Prime;][vc_column_text css=\u00a0\u00bb\u00a0\u00bb]<\/p>\n<h2 class=\"reverse\" style=\"line-height: 54px; text-align: center; color: #875c99;\"><strong>Conditions g\u00e9n\u00e9rales<\/strong><\/h2>\n<p>[\/vc_column_text][vc_column_text css=\u00a0\u00bb\u00a0\u00bb]<\/p>\n<ul data-path-to-node=\"18\">\n<li style=\"text-align: left;\"><strong>Admissibilit\u00e9<\/strong> : Vous devez vivre au Canada et avoir au moins 19 ans.<\/li>\n<li style=\"text-align: left;\"><strong>Date du tirage au sort<\/strong> : Nous s\u00e9lectionnerons les gagnantes et gagnants par tirage au sort en mai 2026 et les aviserons par courriel \u00e0 l\u2019adresse fournie dans le sondage.<\/li>\n<li style=\"text-align: left;\"><strong>Aucun achat requis<\/strong>. La participation au sondage est enti\u00e8rement volontaire et n\u2019est pas obligatoire pour acc\u00e9der aux ressources de J\u2019aime manger, pas gaspiller.<\/li>\n<\/ul>\n<p>[\/vc_column_text][vc_empty_space]<a itemprop=\"url\" href=\"https:\/\/lovefoodhatewaste.ca\/wp-content\/uploads\/2026\/03\/FoodMesh-2026-National-Survey-Terms-Conditions-FR.pdf\" target=\"_blank\" style=\"color: #ffffff;background-color: #875c99;border-color: #875c99;font-size: 18px;font-weight: 700\" class=\"edgtf-btn edgtf-btn-medium edgtf-btn-solid edgtf-btn-custom-hover-bg edgtf-btn-custom-border-hover edgtf-btn-custom-hover-color edgtf-btn-icon\" data-hover-color=\"#000000\" data-hover-bg-color=\"#ffce00\" data-hover-border-color=\"#ffce00\" >\n    <span class=\"edgtf-btn-text\">Lire l\u2019int\u00e9gralit\u00e9 des conditions g\u00e9n\u00e9rales<\/span>\n    <i class=\"edgtf-icon-simple-line-icon icon-arrow-right \" ><\/i><\/a>[\/vc_column][vc_column width=\u00a0\u00bb1\/3&Prime;][vc_column_text css=\u00a0\u00bb\u00a0\u00bb]<\/p>\n<h2 class=\"reverse\" style=\"line-height: 54px; text-align: center; color: #875c99;\"><strong>Confidentialit\u00e9<\/strong><\/h2>\n<p>[\/vc_column_text][vc_column_text css=\u00a0\u00bb\u00a0\u00bb]<\/p>\n<p style=\"text-align: center;\">Les informations obtenues dans le cadre de notre sondage seront utilis\u00e9es sous forme agr\u00e9g\u00e9e et anonymis\u00e9e.<\/p>\n<p>[\/vc_column_text][vc_empty_space]<a itemprop=\"url\" href=\"https:\/\/lovefoodhatewaste.ca\/fr\/politique-de-confidentialite\/\" target=\"_blank\" style=\"color: #ffffff;background-color: #875c99;border-color: #875c99;font-size: 18px;font-weight: 700\" class=\"edgtf-btn edgtf-btn-medium edgtf-btn-solid edgtf-btn-custom-hover-bg edgtf-btn-custom-border-hover edgtf-btn-custom-hover-color edgtf-btn-icon\" data-hover-color=\"#000000\" data-hover-bg-color=\"#ffce00\" data-hover-border-color=\"#ffce00\" >\n    <span class=\"edgtf-btn-text\">Lire notre politique de confidentialit\u00e9<\/span>\n    <i class=\"edgtf-icon-simple-line-icon icon-arrow-right \" ><\/i><\/a>[\/vc_column][\/vc_row][vc_row content_placement=\u00a0\u00bbmiddle\u00a0\u00bb content_text_aligment=\u00a0\u00bbcenter\u00a0\u00bb css=\u00a0\u00bb.vc_custom_1773289122198{padding-top: 40px !important;padding-right: 40px !important;padding-bottom: 40px !important;padding-left: 40px !important;background-color: #FFFFFF !important;}\u00a0\u00bb][vc_column css=\u00a0\u00bb.vc_custom_1771453701376{padding-top: 40px !important;padding-right: 40px !important;padding-bottom: 40px !important;padding-left: 40px !important;background-color: #FFFFFF !important;}\u00a0\u00bb][vc_column_text css=\u00a0\u00bb\u00a0\u00bb]<\/p>\n<h2 class=\"reverse\" style=\"line-height: 54px; text-align: center; color: #875c99;\"><strong>Nos commanditaires<\/strong><\/h2>\n<h2 class=\"reverse\" style=\"line-height: 54px; text-align: center; color: #875c99;\"><\/h2>\n<p>[\/vc_column_text][vc_column_text css=\u00a0\u00bb\u00a0\u00bb]<\/p>\n<p style=\"text-align: center;\">Cette \u00e9tude n&rsquo;aurait pas \u00e9t\u00e9 possible sans le soutien de nos sponsors :<\/p>\n<p>[\/vc_column_text][vc_row_inner css=\u00a0\u00bb.vc_custom_1773289333642{padding-right: 20px !important;padding-left: 20px !important;}\u00a0\u00bb][vc_column_inner width=\u00a0\u00bb1\/3&Prime; css=\u00a0\u00bb.vc_custom_1773289399010{margin-right: 10px !important;margin-left: 10px !important;padding-right: 20px !important;padding-left: 20px !important;}\u00a0\u00bb][vc_single_image image=\u00a0\u00bb23529&Prime; img_size=\u00a0\u00bblarge\u00a0\u00bb alignment=\u00a0\u00bbcenter\u00a0\u00bb css_animation=\u00a0\u00bbnone\u00a0\u00bb css=\u00a0\u00bb\u00a0\u00bb][\/vc_column_inner][vc_column_inner width=\u00a0\u00bb1\/3&Prime; css=\u00a0\u00bb.vc_custom_1773289411068{margin-right: 10px !important;margin-left: 10px !important;padding-right: 20px !important;padding-left: 20px !important;}\u00a0\u00bb][vc_single_image image=\u00a0\u00bb23527&Prime; img_size=\u00a0\u00bblarge\u00a0\u00bb alignment=\u00a0\u00bbcenter\u00a0\u00bb css_animation=\u00a0\u00bbnone\u00a0\u00bb css=\u00a0\u00bb\u00a0\u00bb][\/vc_column_inner][vc_column_inner width=\u00a0\u00bb1\/3&Prime; css=\u00a0\u00bb.vc_custom_1773289448541{margin-right: 10px !important;margin-left: 10px !important;padding-right: 20px !important;padding-left: 20px !important;}\u00a0\u00bb][vc_single_image image=\u00a0\u00bb23525&Prime; img_size=\u00a0\u00bblarge\u00a0\u00bb alignment=\u00a0\u00bbcenter\u00a0\u00bb css_animation=\u00a0\u00bbnone\u00a0\u00bb css=\u00a0\u00bb\u00a0\u00bb][\/vc_column_inner][\/vc_row_inner][\/vc_column][\/vc_row][vc_row content_placement=\u00a0\u00bbmiddle\u00a0\u00bb content_text_aligment=\u00a0\u00bbcenter\u00a0\u00bb css=\u00a0\u00bb.vc_custom_1775867492214{padding-top: 40px !important;padding-right: 40px !important;padding-bottom: 40px !important;padding-left: 40px !important;background-color: #FFFFFF !important;}\u00a0\u00bb][vc_column css=\u00a0\u00bb.vc_custom_1771453701376{padding-top: 40px !important;padding-right: 40px !important;padding-bottom: 40px !important;padding-left: 40px !important;background-color: #FFFFFF !important;}\u00a0\u00bb][vc_column_text css=\u00a0\u00bb\u00a0\u00bb]<\/p>\n<p style=\"text-align: center;\">Nous remercions sinc\u00e8rement nos commanditaires, qui ont offert des prix pour cette \u00e9tude.<\/p>\n<p>[\/vc_column_text][vc_row_inner][vc_column_inner width=\u00a0\u00bb1\/4&Prime;][vc_single_image image=\u00a0\u00bb23393&Prime; img_size=\u00a0\u00bbfull\u00a0\u00bb alignment=\u00a0\u00bbcenter\u00a0\u00bb css_animation=\u00a0\u00bbslideInUp\u00a0\u00bb css=\u00a0\u00bb\u00a0\u00bb][\/vc_column_inner][vc_column_inner width=\u00a0\u00bb1\/4&Prime;][vc_single_image image=\u00a0\u00bb23395&Prime; img_size=\u00a0\u00bbfull\u00a0\u00bb alignment=\u00a0\u00bbcenter\u00a0\u00bb css_animation=\u00a0\u00bbslideInUp\u00a0\u00bb css=\u00a0\u00bb\u00a0\u00bb][\/vc_column_inner][vc_column_inner width=\u00a0\u00bb1\/4&Prime;][vc_single_image image=\u00a0\u00bb23397&Prime; img_size=\u00a0\u00bbfull\u00a0\u00bb alignment=\u00a0\u00bbcenter\u00a0\u00bb css_animation=\u00a0\u00bbslideInUp\u00a0\u00bb css=\u00a0\u00bb\u00a0\u00bb][\/vc_column_inner][vc_column_inner width=\u00a0\u00bb1\/4&Prime;][vc_single_image image=\u00a0\u00bb23561&Prime; img_size=\u00a0\u00bbfull\u00a0\u00bb alignment=\u00a0\u00bbcenter\u00a0\u00bb css_animation=\u00a0\u00bbslideInUp\u00a0\u00bb css=\u00a0\u00bb\u00a0\u00bb][\/vc_column_inner][\/vc_row_inner][\/vc_column][\/vc_row][vc_row][vc_column][vc_column_text]<\/p>\n<p>[\/vc_column_text][\/vc_column][\/vc_row]<\/p>\n<\/div>","protected":false},"excerpt":{"rendered":"<p>[vc_row content_placement=\u00a0\u00bbmiddle\u00a0\u00bb parallax=\u00a0\u00bbcontent-moving\u00a0\u00bb parallax_image=\u00a0\u00bb23399&Prime; parallax_speed_bg=\u00a0\u00bb2.25&Prime; content_text_aligment=\u00a0\u00bbcenter\u00a0\u00bb css=\u00a0\u00bb.vc_custom_1771455456689{border-right-width: 40px !important;border-left-width: 40px !important;padding-top: 40px !important;padding-right: 40px !important;padding-left: 40px !important;}\u00a0\u00bb el_class=\u00a0\u00bbhome-vid\u00a0\u00bb][vc_column width=\u00a0\u00bb1\/6&Prime; css=\u00a0\u00bb.vc_custom_1746743407219{padding-top: 40px !important;padding-bottom: 40px !important;background-position: center !important;background-repeat: no-repeat !important;background-size: contain !important;}\u00a0\u00bb][\/vc_column][vc_column width=\u00a0\u00bb2\/3&Prime;][vc_column_text css=\u00a0\u00bb\u00a0\u00bb] \u00c9tude nationale sur l\u2019alimentation 2026 : partagez votre [&hellip;]<\/p>\n","protected":false},"author":117,"featured_media":0,"parent":0,"menu_order":0,"comment_status":"closed","ping_status":"closed","template":"full-width.php","meta":{"_acf_changed":false,"_eb_attr":"","wprm-recipe-roundup-name":"","wprm-recipe-roundup-description":"","footnotes":""},"tags":[],"class_list":["post-23518","page","type-page","status-publish","hentry"],"acf":[],"_links":{"self":[{"href":"https:\/\/lovefoodhatewaste.ca\/fr\/wp-json\/wp\/v2\/pages\/23518","targetHints":{"allow":["GET"]}}],"collection":[{"href":"https:\/\/lovefoodhatewaste.ca\/fr\/wp-json\/wp\/v2\/pages"}],"about":[{"href":"https:\/\/lovefoodhatewaste.ca\/fr\/wp-json\/wp\/v2\/types\/page"}],"author":[{"embeddable":true,"href":"https:\/\/lovefoodhatewaste.ca\/fr\/wp-json\/wp\/v2\/users\/117"}],"replies":[{"embeddable":true,"href":"https:\/\/lovefoodhatewaste.ca\/fr\/wp-json\/wp\/v2\/comments?post=23518"}],"version-history":[{"count":0,"href":"https:\/\/lovefoodhatewaste.ca\/fr\/wp-json\/wp\/v2\/pages\/23518\/revisions"}],"wp:attachment":[{"href":"https:\/\/lovefoodhatewaste.ca\/fr\/wp-json\/wp\/v2\/media?parent=23518"}],"wp:term":[{"taxonomy":"post_tag","embeddable":true,"href":"https:\/\/lovefoodhatewaste.ca\/fr\/wp-json\/wp\/v2\/tags?post=23518"}],"curies":[{"name":"wp","href":"https:\/\/api.w.org\/{rel}","templated":true}]}}